{"id":13,"date":"2025-03-24T11:33:01","date_gmt":"2025-03-24T10:33:01","guid":{"rendered":"https:\/\/modern-fluids.com\/?page_id=13"},"modified":"2025-05-02T13:00:50","modified_gmt":"2025-05-02T11:00:50","slug":"cookie-nyilatkozat","status":"publish","type":"page","link":"https:\/\/modern-fluids.com\/en\/cookie-nyilatkozat\/","title":{"rendered":"Cookie statement"},"content":{"rendered":"<div data-elementor-type=\"wp-page\" data-elementor-id=\"13\" class=\"elementor elementor-13\" data-elementor-post-type=\"page\">\n\t\t\t\t<div class=\"elementor-element elementor-element-39e1a36 e-flex e-con-boxed e-con e-parent\" data-id=\"39e1a36\" data-element_type=\"container\" data-settings=\"{&quot;background_background&quot;:&quot;classic&quot;}\">\n\t\t\t\t\t<div class=\"e-con-inner\">\n\t\t\t\t<div class=\"elementor-element elementor-element-faacf9a elementor-widget elementor-widget-text-editor\" data-id=\"faacf9a\" data-element_type=\"widget\" data-widget_type=\"text-editor.default\">\n\t\t\t\t\t\t\t\t\t<p><b>EFFECTIVE: 2 April 2025.<\/b><\/p><h3><b>1. WHAT ARE COOKIES AND HOW CAN YOU CHANGE THE SETTINGS?<\/b><\/h3><p><span style=\"font-weight: 400;\">Cookies are small text files that a website can use to make your user experience more effective.<\/span><\/p><p><span style=\"font-weight: 400;\">Some \"cookies\" are temporary and disappear when you close the browser, while there are also permanent versions that stay on your computer for a longer period of time. According to the law, we may store cookies on a visitor's device only if it is strictly necessary for the functioning of our website.<\/span><\/p><p><span style=\"font-weight: 400;\">We need the visitor's permission to use all other types of cookies. This website uses various cookies. Some cookies that appear on this website are placed by our third party service providers.<\/span><\/p><p><span style=\"font-weight: 400;\">Browsers give you the option to change your cookie settings. Most browsers automatically accept cookies by default, but this can be changed to prevent automatic acceptance once set.<\/span><\/p><p><span style=\"font-weight: 400;\">To find out more about changing your browser settings, check your browser instructions or help. To find out about cookie settings for the most popular browsers, see the links below:<\/span><\/p><p><a href=\"https:\/\/support.google.com\/accounts\/answer\/61416?hl=hu\"><span style=\"font-weight: 400;\">Google Chrome<\/span><\/a><\/p><p><a href=\"https:\/\/support.mozilla.org\/hu\/kb\/S%C3%BCtik%20kezel%C3%A9se\"><span style=\"font-weight: 400;\">Firefox<\/span><\/a><\/p><p><a href=\"https:\/\/windows.microsoft.com\/hu-hu\/internet-explorer\/delete-manage-cookies#ie=ie-11\"><span style=\"font-weight: 400;\">Microsoft Internet Explorer 11<\/span><\/a><\/p><p><a href=\"https:\/\/windows.microsoft.com\/hu-hu\/internet-explorer\/delete-manage-cookies#ie=ie-10\"><span style=\"font-weight: 400;\">Microsoft Internet Explorer 10<\/span><\/a><\/p><p><a href=\"https:\/\/windows.microsoft.com\/hu-hu\/windows-10\/edge-privacy-faq\"><span style=\"font-weight: 400;\">Microsoft Edge<\/span><\/a><\/p><p><a href=\"https:\/\/support.apple.com\/kb\/index?page=search&amp;q=cookies%20safari\"><span style=\"font-weight: 400;\">Safari<\/span><\/a><\/p><h3><b>2. WHERE IS INFORMATION AND CONSENT TO COOKIE PROCESSING GIVEN?<\/b><\/h3><p><span style=\"font-weight: 400;\">When you visit our website for the first time, a pop-up window will appear at the top of the screen and you will be able to choose which cookies you consent to.<\/span><\/p><p><span style=\"font-weight: 400;\">This information window also contains a link to this Privacy Statement.<\/span><\/p><h3><b>3. TYPES OF COOKIES<\/b><\/h3><p><span style=\"font-weight: 400;\">3.1. Essential cookies<\/span><\/p><p><span style=\"font-weight: 400;\">Essential cookies help make our website more usable by enabling basic functions such as site navigation and access to secure areas of the website.\u00a0<\/span><\/p><p><span style=\"font-weight: 400;\">The website cannot function properly without these cookies.<\/span><\/p><ul><li style=\"font-weight: 400;\" aria-level=\"1\"><span style=\"font-weight: 400;\">PHPSESSID Keeps the user session state between page requests until browser is closed<\/span><\/li><li style=\"font-weight: 400;\" aria-level=\"1\"><span style=\"font-weight: 400;\">CookieConsent Stores the user's cookie policy on the given domain. 1 year<\/span><\/li><\/ul><ul><li style=\"font-weight: 400;\" aria-level=\"1\"><span style=\"font-weight: 400;\">__cfduid The Cloudflare content server identifies web traffic. 1 year<\/span><\/li><li style=\"font-weight: 400;\" aria-level=\"1\"><span style=\"font-weight: 400;\">JSESSIONID Assigns a unique, anonymous identifier to each page open to improve the usability of the page until the browser is closed<\/span><\/li><li style=\"font-weight: 400;\" aria-level=\"1\"><span style=\"font-weight: 400;\">wp_woocommerce_session_ Keeps the contents of your shopping cart when navigating between pages until you close your browser<\/span><\/li><li style=\"font-weight: 400;\" aria-level=\"1\"><span style=\"font-weight: 400;\">woocommerce_items_in_cart Keeps the contents of the shopping cart when navigating between pages until the browser is closed<\/span><\/li><li style=\"font-weight: 400;\" aria-level=\"1\"><span style=\"font-weight: 400;\">wc_cart_hash_ Associates a unique identifier with each customer so that the system can link orders to the customer 1 day<\/span><\/li><\/ul><p><span style=\"font-weight: 400;\">3.2. Preferential cookies<\/span><\/p><p><span style=\"font-weight: 400;\">Preferential cookies allow us to remember information that changes the way a website behaves or looks, for example, your preferred language or the region you are in.<\/span><\/p><p><span style=\"font-weight: 400;\">3.3. Cookies for statistical purposes<\/span><\/p><p><span style=\"font-weight: 400;\">By collecting and reporting data in an anonymous form, statistical cookies help the website owner to understand how visitors interact with the website.<\/span><\/p><ul><li style=\"font-weight: 400;\" aria-level=\"1\"><span style=\"font-weight: 400;\">_ga Capture a unique identifier to generate anonymous statistical data on the use of the website 2 years<\/span><\/li><li style=\"font-weight: 400;\" aria-level=\"1\"><span style=\"font-weight: 400;\">_gid Captures a unique identifier to generate anonymous statistical data about the use of the website 2 years<\/span><\/li><li style=\"font-weight: 400;\" aria-level=\"1\"><span style=\"font-weight: 400;\">_gat Google Analytics uses Google Analytics to control the frequency of queries. until browser close<\/span><\/li><li style=\"font-weight: 400;\" aria-level=\"1\"><span style=\"font-weight: 400;\">collect Collects data for Google Analytics about the user's device and browsing habits, across different devices and marketing channels, until the browser is closed.<\/span><\/li><\/ul><p><span style=\"font-weight: 400;\">3.4. Cookies for marketing purposes<\/span><\/p><p><span style=\"font-weight: 400;\">We use personalised cookies to track visitors' website activity. The goal is to serve the most relevant ads to individual users, display content that matches their preferences and encourage them to be active.<\/span><\/p><ul><li style=\"font-weight: 400;\" aria-level=\"1\"><span style=\"font-weight: 400;\">ads\/ga-audiences Used by Google Adwords to target users whose browsing habits indicate that they are more likely to make a purchase until the browser is closed<\/span><\/li><li style=\"font-weight: 400;\" aria-level=\"1\"><span style=\"font-weight: 400;\">pref Captures a unique identifier, which Google uses to generate statistics about the videos the user has viewed on YouTube. 8 months<\/span><\/li><li style=\"font-weight: 400;\" aria-level=\"1\"><span style=\"font-weight: 400;\">fr Used by Facebook to target users whose browsing habits indicate that they are more likely to make a purchase 3 months<\/span><\/li><li style=\"font-weight: 400;\" aria-level=\"1\"><span style=\"font-weight: 400;\">tr Facebook uses it to target users whose browsing habits suggest they are more likely to make a purchase until you close your browser.<\/span><\/li><\/ul><h3><b>4. CHECKING AND DISABLING COOKIE SETTINGS<\/b><\/h3><p><span style=\"font-weight: 400;\">Modern browsers allow you to change the \"cookie settings\". Some browsers automatically accept \"cookies\" by default, but this setting can be changed to prevent automatic acceptance in the future.<\/span><\/p><p><span style=\"font-weight: 400;\">If you switch, the browser will offer you the option to \"set cookies\" each time you do so.<\/span><\/p><p><span style=\"font-weight: 400;\">The Data Controller will not remember any identifier or password even if \"cookies\" are enabled. The visitor can use the services in complete safety even if he accepts \"cookies\".<\/span><\/p><p><span style=\"font-weight: 400;\">Please note that since the purpose of \"cookies\" is to support and facilitate the usability and processes of the website, we cannot guarantee that a visitor will be able to use all the functions of the website to their full extent if \"cookies\" are disabled.<\/span><\/p><p><span style=\"font-weight: 400;\">The website may then function differently than intended in the browser.<\/span><\/p>\t\t\t\t\t\t\t\t<\/div>\n\t\t\t\t\t<\/div>\n\t\t\t\t<\/div>\n\t\t\t\t<\/div>","protected":false},"excerpt":{"rendered":"<p>HAT\u00c1LYOS: 2025. \u00c1prilis 2. 1. MIK AZOK A COOKIE-K (S\u00dcTIK), \u00c9S HOGYAN TUDOD M\u00d3DOS\u00cdTANI A BE\u00c1LL\u00cdT\u00c1SOKAT? A \u201ecookie\u201d-k (tov\u00e1bbiakban: \u201ecookie\u201d vagy \u201es\u00fcti\u201d) olyan kis sz\u00f6veges f\u00e1jlok, amelyeket egy weboldal felhaszn\u00e1lhat arra, hogy m\u00e9g hat\u00e9konyabb\u00e1 tegye a felhaszn\u00e1l\u00f3i \u00e9lm\u00e9nyt. N\u00e9h\u00e1ny \u201cs\u00fcti\u201d csak \u00e1tmeneti \u00e9s elt\u0171nik a b\u00f6ng\u00e9sz\u0151 bez\u00e1r\u00e1s\u00e1val, m\u00edg l\u00e9teznek tart\u00f3s v\u00e1ltozatok is, melyek huzamosabb ideig [&hellip;]<\/p>","protected":false},"author":1,"featured_media":0,"parent":0,"menu_order":0,"comment_status":"closed","ping_status":"closed","template":"elementor_header_footer","meta":{"footnotes":""},"class_list":["post-13","page","type-page","status-publish","hentry"],"yoast_head":"<!-- This site is optimized with the Yoast SEO Premium plugin v26.8 (Yoast SEO v26.8) - https:\/\/yoast.com\/product\/yoast-seo-premium-wordpress\/ -->\n<title>Cookie nyilatkozat - Modern Fluids<\/title>\n<meta name=\"robots\" content=\"noindex, follow\" \/>\n<meta property=\"og:locale\" content=\"en_GB\" \/>\n<meta property=\"og:type\" content=\"article\" \/>\n<meta property=\"og:title\" content=\"Cookie nyilatkozat\" \/>\n<meta property=\"og:description\" content=\"HAT\u00c1LYOS: 2025. \u00c1prilis 2. 1. MIK AZOK A COOKIE-K (S\u00dcTIK), \u00c9S HOGYAN TUDOD M\u00d3DOS\u00cdTANI A BE\u00c1LL\u00cdT\u00c1SOKAT? A \u201ecookie\u201d-k (tov\u00e1bbiakban: \u201ecookie\u201d vagy \u201es\u00fcti\u201d) olyan kis sz\u00f6veges f\u00e1jlok, amelyeket egy weboldal felhaszn\u00e1lhat arra, hogy m\u00e9g hat\u00e9konyabb\u00e1 tegye a felhaszn\u00e1l\u00f3i \u00e9lm\u00e9nyt. N\u00e9h\u00e1ny \u201cs\u00fcti\u201d csak \u00e1tmeneti \u00e9s elt\u0171nik a b\u00f6ng\u00e9sz\u0151 bez\u00e1r\u00e1s\u00e1val, m\u00edg l\u00e9teznek tart\u00f3s v\u00e1ltozatok is, melyek huzamosabb ideig [&hellip;]\" \/>\n<meta property=\"og:url\" content=\"https:\/\/modern-fluids.com\/en\/cookie-nyilatkozat\/\" \/>\n<meta property=\"og:site_name\" content=\"Modern Fluids\" \/>\n<meta property=\"article:modified_time\" content=\"2025-05-02T11:00:50+00:00\" \/>\n<meta name=\"twitter:card\" content=\"summary_large_image\" \/>\n<meta name=\"twitter:label1\" content=\"Estimated reading time\" \/>\n\t<meta name=\"twitter:data1\" content=\"4 minutes\" \/>\n<script type=\"application\/ld+json\" class=\"yoast-schema-graph\">{\"@context\":\"https:\/\/schema.org\",\"@graph\":[{\"@type\":\"WebPage\",\"@id\":\"https:\/\/modern-fluids.com\/cookie-nyilatkozat\/\",\"url\":\"https:\/\/modern-fluids.com\/cookie-nyilatkozat\/\",\"name\":\"Cookie nyilatkozat - Modern Fluids\",\"isPartOf\":{\"@id\":\"https:\/\/modern-fluids.com\/#website\"},\"datePublished\":\"2025-03-24T10:33:01+00:00\",\"dateModified\":\"2025-05-02T11:00:50+00:00\",\"breadcrumb\":{\"@id\":\"https:\/\/modern-fluids.com\/cookie-nyilatkozat\/#breadcrumb\"},\"inLanguage\":\"en-GB\",\"potentialAction\":[{\"@type\":\"ReadAction\",\"target\":[\"https:\/\/modern-fluids.com\/cookie-nyilatkozat\/\"]}]},{\"@type\":\"BreadcrumbList\",\"@id\":\"https:\/\/modern-fluids.com\/cookie-nyilatkozat\/#breadcrumb\",\"itemListElement\":[{\"@type\":\"ListItem\",\"position\":1,\"name\":\"Home\",\"item\":\"https:\/\/modern-fluids.com\/\"},{\"@type\":\"ListItem\",\"position\":2,\"name\":\"Cookie nyilatkozat\"}]},{\"@type\":\"WebSite\",\"@id\":\"https:\/\/modern-fluids.com\/#website\",\"url\":\"https:\/\/modern-fluids.com\/\",\"name\":\"Modern Fluids\",\"description\":\"\",\"potentialAction\":[{\"@type\":\"SearchAction\",\"target\":{\"@type\":\"EntryPoint\",\"urlTemplate\":\"https:\/\/modern-fluids.com\/?s={search_term_string}\"},\"query-input\":{\"@type\":\"PropertyValueSpecification\",\"valueRequired\":true,\"valueName\":\"search_term_string\"}}],\"inLanguage\":\"en-GB\"}]}<\/script>\n<!-- \/ Yoast SEO Premium plugin. -->","yoast_head_json":{"title":"Cookie nyilatkozat - Modern Fluids","robots":{"index":"noindex","follow":"follow"},"og_locale":"en_GB","og_type":"article","og_title":"Cookie nyilatkozat","og_description":"HAT\u00c1LYOS: 2025. \u00c1prilis 2. 1. MIK AZOK A COOKIE-K (S\u00dcTIK), \u00c9S HOGYAN TUDOD M\u00d3DOS\u00cdTANI A BE\u00c1LL\u00cdT\u00c1SOKAT? A \u201ecookie\u201d-k (tov\u00e1bbiakban: \u201ecookie\u201d vagy \u201es\u00fcti\u201d) olyan kis sz\u00f6veges f\u00e1jlok, amelyeket egy weboldal felhaszn\u00e1lhat arra, hogy m\u00e9g hat\u00e9konyabb\u00e1 tegye a felhaszn\u00e1l\u00f3i \u00e9lm\u00e9nyt. N\u00e9h\u00e1ny \u201cs\u00fcti\u201d csak \u00e1tmeneti \u00e9s elt\u0171nik a b\u00f6ng\u00e9sz\u0151 bez\u00e1r\u00e1s\u00e1val, m\u00edg l\u00e9teznek tart\u00f3s v\u00e1ltozatok is, melyek huzamosabb ideig [&hellip;]","og_url":"https:\/\/modern-fluids.com\/en\/cookie-nyilatkozat\/","og_site_name":"Modern Fluids","article_modified_time":"2025-05-02T11:00:50+00:00","twitter_card":"summary_large_image","twitter_misc":{"Estimated reading time":"4 minutes"},"schema":{"@context":"https:\/\/schema.org","@graph":[{"@type":"WebPage","@id":"https:\/\/modern-fluids.com\/cookie-nyilatkozat\/","url":"https:\/\/modern-fluids.com\/cookie-nyilatkozat\/","name":"Cookie nyilatkozat - Modern Fluids","isPartOf":{"@id":"https:\/\/modern-fluids.com\/#website"},"datePublished":"2025-03-24T10:33:01+00:00","dateModified":"2025-05-02T11:00:50+00:00","breadcrumb":{"@id":"https:\/\/modern-fluids.com\/cookie-nyilatkozat\/#breadcrumb"},"inLanguage":"en-GB","potentialAction":[{"@type":"ReadAction","target":["https:\/\/modern-fluids.com\/cookie-nyilatkozat\/"]}]},{"@type":"BreadcrumbList","@id":"https:\/\/modern-fluids.com\/cookie-nyilatkozat\/#breadcrumb","itemListElement":[{"@type":"ListItem","position":1,"name":"Home","item":"https:\/\/modern-fluids.com\/"},{"@type":"ListItem","position":2,"name":"Cookie nyilatkozat"}]},{"@type":"WebSite","@id":"https:\/\/modern-fluids.com\/#website","url":"https:\/\/modern-fluids.com\/","name":"Modern Fluids","description":"","potentialAction":[{"@type":"SearchAction","target":{"@type":"EntryPoint","urlTemplate":"https:\/\/modern-fluids.com\/?s={search_term_string}"},"query-input":{"@type":"PropertyValueSpecification","valueRequired":true,"valueName":"search_term_string"}}],"inLanguage":"en-GB"}]}},"_links":{"self":[{"href":"https:\/\/modern-fluids.com\/en\/wp-json\/wp\/v2\/pages\/13","targetHints":{"allow":["GET"]}}],"collection":[{"href":"https:\/\/modern-fluids.com\/en\/wp-json\/wp\/v2\/pages"}],"about":[{"href":"https:\/\/modern-fluids.com\/en\/wp-json\/wp\/v2\/types\/page"}],"author":[{"embeddable":true,"href":"https:\/\/modern-fluids.com\/en\/wp-json\/wp\/v2\/users\/1"}],"replies":[{"embeddable":true,"href":"https:\/\/modern-fluids.com\/en\/wp-json\/wp\/v2\/comments?post=13"}],"version-history":[{"count":4,"href":"https:\/\/modern-fluids.com\/en\/wp-json\/wp\/v2\/pages\/13\/revisions"}],"predecessor-version":[{"id":344,"href":"https:\/\/modern-fluids.com\/en\/wp-json\/wp\/v2\/pages\/13\/revisions\/344"}],"wp:attachment":[{"href":"https:\/\/modern-fluids.com\/en\/wp-json\/wp\/v2\/media?parent=13"}],"curies":[{"name":"wp","href":"https:\/\/api.w.org\/{rel}","templated":true}]}}