{"id":1512,"date":"2025-07-19T14:01:20","date_gmt":"2025-07-19T12:01:20","guid":{"rendered":"https:\/\/modern-fluids.com\/?page_id=1512"},"modified":"2025-07-19T14:04:15","modified_gmt":"2025-07-19T12:04:15","slug":"sikeres-jelentkezes","status":"publish","type":"page","link":"https:\/\/modern-fluids.com\/en\/sikeres-jelentkezes\/","title":{"rendered":"Sikeres jelentkez\u00e9s"},"content":{"rendered":"<div data-elementor-type=\"wp-page\" data-elementor-id=\"1512\" class=\"elementor elementor-1512\" data-elementor-post-type=\"page\">\n\t\t\t\t<div class=\"elementor-element elementor-element-9a02bcb e-flex e-con-boxed e-con e-parent\" data-id=\"9a02bcb\" data-element_type=\"container\" data-settings=\"{&quot;background_background&quot;:&quot;classic&quot;}\">\n\t\t\t\t\t<div class=\"e-con-inner\">\n\t\t<div class=\"elementor-element elementor-element-307227b e-con-full e-flex e-con e-child\" data-id=\"307227b\" data-element_type=\"container\">\n\t\t<div class=\"elementor-element elementor-element-94b4287 e-con-full e-flex e-con e-child\" data-id=\"94b4287\" data-element_type=\"container\">\n\t\t\t\t<div class=\"elementor-element elementor-element-4494a36 elementor-view-default elementor-widget elementor-widget-icon\" data-id=\"4494a36\" data-element_type=\"widget\" data-widget_type=\"icon.default\">\n\t\t\t\t\t\t\t<div class=\"elementor-icon-wrapper\">\n\t\t\t<div class=\"elementor-icon\">\n\t\t\t<svg aria-hidden=\"true\" class=\"e-font-icon-svg e-fas-check-circle\" viewbox=\"0 0 512 512\" xmlns=\"http:\/\/www.w3.org\/2000\/svg\"><path d=\"M504 256c0 136.967-111.033 248-248 248S8 392.967 8 256 119.033 8 256 8s248 111.033 248 248zM227.314 387.314l184-184c6.248-6.248 6.248-16.379 0-22.627l-22.627-22.627c-6.248-6.249-16.379-6.249-22.628 0L216 308.118l-70.059-70.059c-6.248-6.248-16.379-6.248-22.628 0l-22.627 22.627c-6.248 6.248-6.248 16.379 0 22.627l104 104c6.249 6.249 16.379 6.249 22.628.001z\"><\/path><\/svg>\t\t\t<\/div>\n\t\t<\/div>\n\t\t\t\t\t\t<\/div>\n\t\t\t\t<div class=\"elementor-element elementor-element-5ac3f1f elementor-widget elementor-widget-heading\" data-id=\"5ac3f1f\" data-element_type=\"widget\" data-widget_type=\"heading.default\">\n\t\t\t\t\t<h3 class=\"elementor-heading-title elementor-size-default\">Success  <font color=\"#FEBD29\">application form<\/font>!<\/h3>\t\t\t\t<\/div>\n\t\t\t\t<div class=\"elementor-element elementor-element-02f2e19 elementor-widget elementor-widget-text-editor\" data-id=\"02f2e19\" data-element_type=\"widget\" data-widget_type=\"text-editor.default\">\n\t\t\t\t\t\t\t\t\t<p>We will contact you soon at the contact details provided!<\/p>\t\t\t\t\t\t\t\t<\/div>\n\t\t\t\t<div class=\"elementor-element elementor-element-33647cb elementor-align-center elementor-widget elementor-widget-button\" data-id=\"33647cb\" data-element_type=\"widget\" data-widget_type=\"button.default\">\n\t\t\t\t\t\t\t\t\t\t<a class=\"elementor-button elementor-button-link elementor-size-sm\" href=\"https:\/\/modern-fluids.com\/en\">\n\t\t\t\t\t\t<span class=\"elementor-button-content-wrapper\">\n\t\t\t\t\t\t\t\t\t<span class=\"elementor-button-text\">Back to the main page<\/span>\n\t\t\t\t\t<\/span>\n\t\t\t\t\t<\/a>\n\t\t\t\t\t\t\t\t<\/div>\n\t\t\t\t<\/div>\n\t\t\t\t<\/div>\n\t\t\t\t\t<\/div>\n\t\t\t\t<\/div>\n\t\t\t\t<\/div>","protected":false},"excerpt":{"rendered":"<p>Sikeres jelentkez\u00e9s! Hamarosan jelentkez\u00fcnk a megadott el\u00e9rhet\u0151s\u00e9geiden! Vissza a f\u0151oldalra<\/p>","protected":false},"author":1,"featured_media":0,"parent":0,"menu_order":0,"comment_status":"closed","ping_status":"closed","template":"elementor_canvas","meta":{"footnotes":""},"class_list":["post-1512","page","type-page","status-publish","hentry"],"yoast_head":"<!-- This site is optimized with the Yoast SEO Premium plugin v26.8 (Yoast SEO v26.8) - https:\/\/yoast.com\/product\/yoast-seo-premium-wordpress\/ -->\n<title>Sikeres jelentkez\u00e9s - Modern Fluids<\/title>\n<meta name=\"robots\" content=\"index, follow, max-snippet:-1, max-image-preview:large, max-video-preview:-1\" \/>\n<link rel=\"canonical\" href=\"https:\/\/modern-fluids.com\/en\/sikeres-jelentkezes\/\" \/>\n<meta property=\"og:locale\" content=\"en_GB\" \/>\n<meta property=\"og:type\" content=\"article\" \/>\n<meta property=\"og:title\" content=\"Sikeres jelentkez\u00e9s\" \/>\n<meta property=\"og:description\" content=\"Sikeres jelentkez\u00e9s! Hamarosan jelentkez\u00fcnk a megadott el\u00e9rhet\u0151s\u00e9geiden! Vissza a f\u0151oldalra\" \/>\n<meta property=\"og:url\" content=\"https:\/\/modern-fluids.com\/en\/sikeres-jelentkezes\/\" \/>\n<meta property=\"og:site_name\" content=\"Modern Fluids\" \/>\n<meta property=\"article:modified_time\" content=\"2025-07-19T12:04:15+00:00\" \/>\n<meta name=\"twitter:card\" content=\"summary_large_image\" \/>\n<meta name=\"twitter:label1\" content=\"Estimated reading time\" \/>\n\t<meta name=\"twitter:data1\" content=\"1 minute\" \/>\n<script type=\"application\/ld+json\" class=\"yoast-schema-graph\">{\"@context\":\"https:\/\/schema.org\",\"@graph\":[{\"@type\":\"WebPage\",\"@id\":\"https:\/\/modern-fluids.com\/sikeres-jelentkezes\/\",\"url\":\"https:\/\/modern-fluids.com\/sikeres-jelentkezes\/\",\"name\":\"Sikeres jelentkez\u00e9s - Modern Fluids\",\"isPartOf\":{\"@id\":\"https:\/\/modern-fluids.com\/#website\"},\"datePublished\":\"2025-07-19T12:01:20+00:00\",\"dateModified\":\"2025-07-19T12:04:15+00:00\",\"breadcrumb\":{\"@id\":\"https:\/\/modern-fluids.com\/sikeres-jelentkezes\/#breadcrumb\"},\"inLanguage\":\"en-GB\",\"potentialAction\":[{\"@type\":\"ReadAction\",\"target\":[\"https:\/\/modern-fluids.com\/sikeres-jelentkezes\/\"]}]},{\"@type\":\"BreadcrumbList\",\"@id\":\"https:\/\/modern-fluids.com\/sikeres-jelentkezes\/#breadcrumb\",\"itemListElement\":[{\"@type\":\"ListItem\",\"position\":1,\"name\":\"Home\",\"item\":\"https:\/\/modern-fluids.com\/\"},{\"@type\":\"ListItem\",\"position\":2,\"name\":\"Sikeres jelentkez\u00e9s\"}]},{\"@type\":\"WebSite\",\"@id\":\"https:\/\/modern-fluids.com\/#website\",\"url\":\"https:\/\/modern-fluids.com\/\",\"name\":\"Modern Fluids\",\"description\":\"\",\"potentialAction\":[{\"@type\":\"SearchAction\",\"target\":{\"@type\":\"EntryPoint\",\"urlTemplate\":\"https:\/\/modern-fluids.com\/?s={search_term_string}\"},\"query-input\":{\"@type\":\"PropertyValueSpecification\",\"valueRequired\":true,\"valueName\":\"search_term_string\"}}],\"inLanguage\":\"en-GB\"}]}<\/script>\n<!-- \/ Yoast SEO Premium plugin. -->","yoast_head_json":{"title":"Sikeres jelentkez\u00e9s - Modern Fluids","robots":{"index":"index","follow":"follow","max-snippet":"max-snippet:-1","max-image-preview":"max-image-preview:large","max-video-preview":"max-video-preview:-1"},"canonical":"https:\/\/modern-fluids.com\/en\/sikeres-jelentkezes\/","og_locale":"en_GB","og_type":"article","og_title":"Sikeres jelentkez\u00e9s","og_description":"Sikeres jelentkez\u00e9s! Hamarosan jelentkez\u00fcnk a megadott el\u00e9rhet\u0151s\u00e9geiden! Vissza a f\u0151oldalra","og_url":"https:\/\/modern-fluids.com\/en\/sikeres-jelentkezes\/","og_site_name":"Modern Fluids","article_modified_time":"2025-07-19T12:04:15+00:00","twitter_card":"summary_large_image","twitter_misc":{"Estimated reading time":"1 minute"},"schema":{"@context":"https:\/\/schema.org","@graph":[{"@type":"WebPage","@id":"https:\/\/modern-fluids.com\/sikeres-jelentkezes\/","url":"https:\/\/modern-fluids.com\/sikeres-jelentkezes\/","name":"Sikeres jelentkez\u00e9s - Modern Fluids","isPartOf":{"@id":"https:\/\/modern-fluids.com\/#website"},"datePublished":"2025-07-19T12:01:20+00:00","dateModified":"2025-07-19T12:04:15+00:00","breadcrumb":{"@id":"https:\/\/modern-fluids.com\/sikeres-jelentkezes\/#breadcrumb"},"inLanguage":"en-GB","potentialAction":[{"@type":"ReadAction","target":["https:\/\/modern-fluids.com\/sikeres-jelentkezes\/"]}]},{"@type":"BreadcrumbList","@id":"https:\/\/modern-fluids.com\/sikeres-jelentkezes\/#breadcrumb","itemListElement":[{"@type":"ListItem","position":1,"name":"Home","item":"https:\/\/modern-fluids.com\/"},{"@type":"ListItem","position":2,"name":"Sikeres jelentkez\u00e9s"}]},{"@type":"WebSite","@id":"https:\/\/modern-fluids.com\/#website","url":"https:\/\/modern-fluids.com\/","name":"Modern Fluids","description":"","potentialAction":[{"@type":"SearchAction","target":{"@type":"EntryPoint","urlTemplate":"https:\/\/modern-fluids.com\/?s={search_term_string}"},"query-input":{"@type":"PropertyValueSpecification","valueRequired":true,"valueName":"search_term_string"}}],"inLanguage":"en-GB"}]}},"_links":{"self":[{"href":"https:\/\/modern-fluids.com\/en\/wp-json\/wp\/v2\/pages\/1512","targetHints":{"allow":["GET"]}}],"collection":[{"href":"https:\/\/modern-fluids.com\/en\/wp-json\/wp\/v2\/pages"}],"about":[{"href":"https:\/\/modern-fluids.com\/en\/wp-json\/wp\/v2\/types\/page"}],"author":[{"embeddable":true,"href":"https:\/\/modern-fluids.com\/en\/wp-json\/wp\/v2\/users\/1"}],"replies":[{"embeddable":true,"href":"https:\/\/modern-fluids.com\/en\/wp-json\/wp\/v2\/comments?post=1512"}],"version-history":[{"count":4,"href":"https:\/\/modern-fluids.com\/en\/wp-json\/wp\/v2\/pages\/1512\/revisions"}],"predecessor-version":[{"id":1520,"href":"https:\/\/modern-fluids.com\/en\/wp-json\/wp\/v2\/pages\/1512\/revisions\/1520"}],"wp:attachment":[{"href":"https:\/\/modern-fluids.com\/en\/wp-json\/wp\/v2\/media?parent=1512"}],"curies":[{"name":"wp","href":"https:\/\/api.w.org\/{rel}","templated":true}]}}