{"id":246,"date":"2025-04-03T16:29:19","date_gmt":"2025-04-03T14:29:19","guid":{"rendered":"https:\/\/modern-fluids.com\/?page_id=246"},"modified":"2025-04-10T16:49:40","modified_gmt":"2025-04-10T14:49:40","slug":"rolunk","status":"publish","type":"page","link":"https:\/\/modern-fluids.com\/en\/rolunk\/","title":{"rendered":"About us"},"content":{"rendered":"<div data-elementor-type=\"wp-page\" data-elementor-id=\"246\" class=\"elementor elementor-246\" data-elementor-post-type=\"page\">\n\t\t\t\t<div class=\"elementor-element elementor-element-04a2572 e-flex e-con-boxed e-con e-parent\" data-id=\"04a2572\" data-element_type=\"container\">\n\t\t\t\t\t<div class=\"e-con-inner\">\n\t\t\t\t<div class=\"elementor-element elementor-element-8a0aff8 elementor-widget elementor-widget-text-editor\" data-id=\"8a0aff8\" data-element_type=\"widget\" data-widget_type=\"text-editor.default\">\n\t\t\t\t\t\t\t\t\t<h2><b>MF Modern Fluids Ltd - History, Goals and Vision<\/b><\/h2><p><span style=\"font-weight: 400;\">A <\/span><b>MF Modern Fluids Ltd.<\/b><span style=\"font-weight: 400;\"> not your average industrial distributor. Our company was created with a clear purpose: <\/span><b>to provide industrial companies with the best quality tools and fluids that increase efficiency, reduce costs and provide a reliable long-term solution.<\/b><\/p><h3><b>Where did we start?<\/b><\/h3><p><span style=\"font-weight: 400;\">Our business was born with the realisation that the Hungarian industrial market is full of <\/span><b>with outdated, mediocre products<\/b><span style=\"font-weight: 400;\">, and manufacturers and factories are often forced to compromise on quality and availability. We, on the other hand, said: <\/span><b>why not have the best industrial technology available at home?<\/b><\/p><p><span style=\"font-weight: 400;\">That's why we started the <\/span><b>Exclusive Hungarian distribution of Freddy industrial vacuum cleaners<\/b><span style=\"font-weight: 400;\">, and then continuously expanded our portfolio with premium lubricants (Hangsterfers, Pennine, ExxonMobil, etc.), innovations for CNC machines (Insight KB Clear Screen) and precision mixing pumps (Vavve, Mixtron).<\/span><\/p><h3><b>Why we do it<\/b><\/h3><p><span style=\"font-weight: 400;\">Our goal <\/span><b>not just sell, but grow with our industry partners<\/b><span style=\"font-weight: 400;\">. We do not want to be one of many traders - <\/span><b>we are consultants, we are partners and we are obsessed with industrial efficiency<\/b><span style=\"font-weight: 400;\">.<\/span><\/p><p><span style=\"font-weight: 400;\">For all our customers, we offer solutions that <\/span><b>not only work well today, but also create value in the long term<\/b><span style=\"font-weight: 400;\">. When you work with us, you not only get a product, you get <\/span><b>expertise, support and long-term reliability<\/b><span style=\"font-weight: 400;\">.<\/span><\/p><h3><b>Our vision<\/b><\/h3><p><span style=\"font-weight: 400;\">In the future <\/span><b>MF Modern Fluids Ltd. aims to be one of the most respected industrial partners in Hungary and Central Europe<\/b><span style=\"font-weight: 400;\">.<\/span><\/p><ul><li style=\"font-weight: 400;\" aria-level=\"1\"><b>Through innovation and the introduction of new technologies<\/b><span style=\"font-weight: 400;\"> we ensure that our customers always get the latest solutions.<\/span><\/li><li style=\"font-weight: 400;\" aria-level=\"1\"><b>Sustainable, environmentally friendly industrial solutions<\/b><span style=\"font-weight: 400;\"> are also increasingly integrated into our offer.<\/span><\/li><li style=\"font-weight: 400;\" aria-level=\"1\"><b>Collaborating with the best international brands<\/b><span style=\"font-weight: 400;\">to ensure that we always provide our customers with the most reliable products.<\/span><\/li><\/ul><p><span style=\"font-weight: 400;\">Our philosophy is simple: <\/span><b>we only market what we would use ourselves.<\/b><\/p>\t\t\t\t\t\t\t\t<\/div>\n\t\t\t\t\t<\/div>\n\t\t\t\t<\/div>\n\t\t\t\t<\/div>","protected":false},"excerpt":{"rendered":"<p>MF Modern Fluids Kft. \u2013 T\u00f6rt\u00e9net, C\u00e9lok \u00e9s V\u00edzi\u00f3 A MF Modern Fluids Kft. nem egy \u00e1tlagos ipari forgalmaz\u00f3. C\u00e9g\u00fcnk egy vil\u00e1gos c\u00e9llal j\u00f6tt l\u00e9tre: ipari v\u00e1llalatok sz\u00e1m\u00e1ra biztos\u00edtani a legjobb min\u0151s\u00e9g\u0171 eszk\u00f6z\u00f6ket \u00e9s folyad\u00e9kokat, amelyek n\u00f6velik a hat\u00e9konys\u00e1got, cs\u00f6kkentik a k\u00f6lts\u00e9geket, \u00e9s hossz\u00fa t\u00e1von megb\u00edzhat\u00f3 megold\u00e1st ny\u00fajtanak. Honnan indultunk? A v\u00e1llalkoz\u00e1sunk azzal a felismer\u00e9ssel [&hellip;]<\/p>","protected":false},"author":1,"featured_media":0,"parent":0,"menu_order":0,"comment_status":"closed","ping_status":"closed","template":"elementor_header_footer","meta":{"footnotes":""},"class_list":["post-246","page","type-page","status-publish","hentry"],"yoast_head":"<!-- This site is optimized with the Yoast SEO Premium plugin v26.8 (Yoast SEO v26.8) - https:\/\/yoast.com\/product\/yoast-seo-premium-wordpress\/ -->\n<title>R\u00f3lunk - Modern Fluids<\/title>\n<meta name=\"robots\" content=\"index, follow, max-snippet:-1, max-image-preview:large, max-video-preview:-1\" \/>\n<link rel=\"canonical\" href=\"https:\/\/modern-fluids.com\/en\/rolunk\/\" \/>\n<meta property=\"og:locale\" content=\"en_GB\" \/>\n<meta property=\"og:type\" content=\"article\" \/>\n<meta property=\"og:title\" content=\"R\u00f3lunk\" \/>\n<meta property=\"og:description\" content=\"MF Modern Fluids Kft. \u2013 T\u00f6rt\u00e9net, C\u00e9lok \u00e9s V\u00edzi\u00f3 A MF Modern Fluids Kft. nem egy \u00e1tlagos ipari forgalmaz\u00f3. C\u00e9g\u00fcnk egy vil\u00e1gos c\u00e9llal j\u00f6tt l\u00e9tre: ipari v\u00e1llalatok sz\u00e1m\u00e1ra biztos\u00edtani a legjobb min\u0151s\u00e9g\u0171 eszk\u00f6z\u00f6ket \u00e9s folyad\u00e9kokat, amelyek n\u00f6velik a hat\u00e9konys\u00e1got, cs\u00f6kkentik a k\u00f6lts\u00e9geket, \u00e9s hossz\u00fa t\u00e1von megb\u00edzhat\u00f3 megold\u00e1st ny\u00fajtanak. Honnan indultunk? A v\u00e1llalkoz\u00e1sunk azzal a felismer\u00e9ssel [&hellip;]\" \/>\n<meta property=\"og:url\" content=\"https:\/\/modern-fluids.com\/en\/rolunk\/\" \/>\n<meta property=\"og:site_name\" content=\"Modern Fluids\" \/>\n<meta property=\"article:modified_time\" content=\"2025-04-10T14:49:40+00:00\" \/>\n<meta name=\"twitter:card\" content=\"summary_large_image\" \/>\n<meta name=\"twitter:label1\" content=\"Estimated reading time\" \/>\n\t<meta name=\"twitter:data1\" content=\"2 minutes\" \/>\n<script type=\"application\/ld+json\" class=\"yoast-schema-graph\">{\"@context\":\"https:\/\/schema.org\",\"@graph\":[{\"@type\":\"WebPage\",\"@id\":\"https:\/\/modern-fluids.com\/rolunk\/\",\"url\":\"https:\/\/modern-fluids.com\/rolunk\/\",\"name\":\"R\u00f3lunk - Modern Fluids\",\"isPartOf\":{\"@id\":\"https:\/\/modern-fluids.com\/#website\"},\"datePublished\":\"2025-04-03T14:29:19+00:00\",\"dateModified\":\"2025-04-10T14:49:40+00:00\",\"breadcrumb\":{\"@id\":\"https:\/\/modern-fluids.com\/rolunk\/#breadcrumb\"},\"inLanguage\":\"en-GB\",\"potentialAction\":[{\"@type\":\"ReadAction\",\"target\":[\"https:\/\/modern-fluids.com\/rolunk\/\"]}]},{\"@type\":\"BreadcrumbList\",\"@id\":\"https:\/\/modern-fluids.com\/rolunk\/#breadcrumb\",\"itemListElement\":[{\"@type\":\"ListItem\",\"position\":1,\"name\":\"Home\",\"item\":\"https:\/\/modern-fluids.com\/\"},{\"@type\":\"ListItem\",\"position\":2,\"name\":\"R\u00f3lunk\"}]},{\"@type\":\"WebSite\",\"@id\":\"https:\/\/modern-fluids.com\/#website\",\"url\":\"https:\/\/modern-fluids.com\/\",\"name\":\"Modern Fluids\",\"description\":\"\",\"potentialAction\":[{\"@type\":\"SearchAction\",\"target\":{\"@type\":\"EntryPoint\",\"urlTemplate\":\"https:\/\/modern-fluids.com\/?s={search_term_string}\"},\"query-input\":{\"@type\":\"PropertyValueSpecification\",\"valueRequired\":true,\"valueName\":\"search_term_string\"}}],\"inLanguage\":\"en-GB\"}]}<\/script>\n<!-- \/ Yoast SEO Premium plugin. -->","yoast_head_json":{"title":"R\u00f3lunk - Modern Fluids","robots":{"index":"index","follow":"follow","max-snippet":"max-snippet:-1","max-image-preview":"max-image-preview:large","max-video-preview":"max-video-preview:-1"},"canonical":"https:\/\/modern-fluids.com\/en\/rolunk\/","og_locale":"en_GB","og_type":"article","og_title":"R\u00f3lunk","og_description":"MF Modern Fluids Kft. \u2013 T\u00f6rt\u00e9net, C\u00e9lok \u00e9s V\u00edzi\u00f3 A MF Modern Fluids Kft. nem egy \u00e1tlagos ipari forgalmaz\u00f3. C\u00e9g\u00fcnk egy vil\u00e1gos c\u00e9llal j\u00f6tt l\u00e9tre: ipari v\u00e1llalatok sz\u00e1m\u00e1ra biztos\u00edtani a legjobb min\u0151s\u00e9g\u0171 eszk\u00f6z\u00f6ket \u00e9s folyad\u00e9kokat, amelyek n\u00f6velik a hat\u00e9konys\u00e1got, cs\u00f6kkentik a k\u00f6lts\u00e9geket, \u00e9s hossz\u00fa t\u00e1von megb\u00edzhat\u00f3 megold\u00e1st ny\u00fajtanak. Honnan indultunk? A v\u00e1llalkoz\u00e1sunk azzal a felismer\u00e9ssel [&hellip;]","og_url":"https:\/\/modern-fluids.com\/en\/rolunk\/","og_site_name":"Modern Fluids","article_modified_time":"2025-04-10T14:49:40+00:00","twitter_card":"summary_large_image","twitter_misc":{"Estimated reading time":"2 minutes"},"schema":{"@context":"https:\/\/schema.org","@graph":[{"@type":"WebPage","@id":"https:\/\/modern-fluids.com\/rolunk\/","url":"https:\/\/modern-fluids.com\/rolunk\/","name":"R\u00f3lunk - Modern Fluids","isPartOf":{"@id":"https:\/\/modern-fluids.com\/#website"},"datePublished":"2025-04-03T14:29:19+00:00","dateModified":"2025-04-10T14:49:40+00:00","breadcrumb":{"@id":"https:\/\/modern-fluids.com\/rolunk\/#breadcrumb"},"inLanguage":"en-GB","potentialAction":[{"@type":"ReadAction","target":["https:\/\/modern-fluids.com\/rolunk\/"]}]},{"@type":"BreadcrumbList","@id":"https:\/\/modern-fluids.com\/rolunk\/#breadcrumb","itemListElement":[{"@type":"ListItem","position":1,"name":"Home","item":"https:\/\/modern-fluids.com\/"},{"@type":"ListItem","position":2,"name":"R\u00f3lunk"}]},{"@type":"WebSite","@id":"https:\/\/modern-fluids.com\/#website","url":"https:\/\/modern-fluids.com\/","name":"Modern Fluids","description":"","potentialAction":[{"@type":"SearchAction","target":{"@type":"EntryPoint","urlTemplate":"https:\/\/modern-fluids.com\/?s={search_term_string}"},"query-input":{"@type":"PropertyValueSpecification","valueRequired":true,"valueName":"search_term_string"}}],"inLanguage":"en-GB"}]}},"_links":{"self":[{"href":"https:\/\/modern-fluids.com\/en\/wp-json\/wp\/v2\/pages\/246","targetHints":{"allow":["GET"]}}],"collection":[{"href":"https:\/\/modern-fluids.com\/en\/wp-json\/wp\/v2\/pages"}],"about":[{"href":"https:\/\/modern-fluids.com\/en\/wp-json\/wp\/v2\/types\/page"}],"author":[{"embeddable":true,"href":"https:\/\/modern-fluids.com\/en\/wp-json\/wp\/v2\/users\/1"}],"replies":[{"embeddable":true,"href":"https:\/\/modern-fluids.com\/en\/wp-json\/wp\/v2\/comments?post=246"}],"version-history":[{"count":10,"href":"https:\/\/modern-fluids.com\/en\/wp-json\/wp\/v2\/pages\/246\/revisions"}],"predecessor-version":[{"id":616,"href":"https:\/\/modern-fluids.com\/en\/wp-json\/wp\/v2\/pages\/246\/revisions\/616"}],"wp:attachment":[{"href":"https:\/\/modern-fluids.com\/en\/wp-json\/wp\/v2\/media?parent=246"}],"curies":[{"name":"wp","href":"https:\/\/api.w.org\/{rel}","templated":true}]}}