{"id":3,"date":"2025-03-18T11:33:41","date_gmt":"2025-03-18T10:33:41","guid":{"rendered":"https:\/\/modern-fluids.com\/?page_id=3"},"modified":"2025-05-02T12:57:30","modified_gmt":"2025-05-02T10:57:30","slug":"adatkezelesi-tajekoztato","status":"publish","type":"page","link":"https:\/\/modern-fluids.com\/en\/adatkezelesi-tajekoztato\/","title":{"rendered":"Privacy notice"},"content":{"rendered":"<div data-elementor-type=\"wp-page\" data-elementor-id=\"3\" class=\"elementor elementor-3\" data-elementor-post-type=\"page\">\n\t\t\t\t<div class=\"elementor-element elementor-element-dbc71cc e-flex e-con-boxed e-con e-parent\" data-id=\"dbc71cc\" data-element_type=\"container\" data-settings=\"{&quot;background_background&quot;:&quot;classic&quot;}\">\n\t\t\t\t\t<div class=\"e-con-inner\">\n\t\t\t\t<div class=\"elementor-element elementor-element-5727030 elementor-widget elementor-widget-text-editor\" data-id=\"5727030\" data-element_type=\"widget\" data-widget_type=\"text-editor.default\">\n\t\t\t\t\t\t\t\t\t<p><b>1, INTRODUCTION<\/b><\/p>\n<p><span style=\"font-weight: 400;\">It is very important to us that we comply with current data protection regulations and laws, so we will discuss in detail below the data protection steps and data collection processes of the modern-fluids.com site and MF Modern Fluids Ltd.<\/span><\/p>\n<p><span style=\"font-weight: 400;\">Contact details:<\/span><\/p>\n<p><span style=\"font-weight: 400;\">Full legal name: MF Modern Fluids Kft.<\/span><\/p>\n<p><span style=\"font-weight: 400;\">E-mail address: office@modern-fluids.com<\/span><\/p>\n<p><span style=\"font-weight: 400;\">Postal address: 3324 fels\u0151t\u00e1rk\u00e1ny Berva Ipartelep Hrsz. 2481\/A\/1<\/span><\/p>\n<p><b>2, WHAT PERSONAL DATA DO WE PROCESS AND WHY?<\/b><\/p>\n<p><span style=\"font-weight: 400;\">Personal data are those that clearly allow an individual to be identified accurately.<\/span><\/p>\n<p><span style=\"font-weight: 400;\">On page xy, we process the following personal data, specifying the legal basis:<\/span><\/p>\n<p><b>COMMUNICATION DATA<\/b><\/p>\n<p><span style=\"font-weight: 400;\">This includes any message you send to us via the website, email, social media or any other form of communication.<\/span><\/p>\n<p><span style=\"font-weight: 400;\">This data is processed and retained in order to fulfil orders and to provide a basis for a decision in the event of legal claims.<\/span><\/p>\n<p><span style=\"font-weight: 400;\">Our legal basis for processing this data is the user's verifiable interest in our activities, as evidenced by the messages sent to us.<\/span><\/p>\n<p><b>CUSTOMER DATA<\/b><\/p>\n<p><span style=\"font-weight: 400;\">This includes all information related to the purchase of products and services, such as the customer's name, shipping and billing address, email address, phone number, and product details purchased.<\/span><\/p>\n<p><span style=\"font-weight: 400;\">This data is processed to ensure the successful fulfilment of orders and to keep a legally correct record of purchases.<\/span><\/p>\n<p><span style=\"font-weight: 400;\">The legal basis for storing the data is the performance of the contract between the customer and modern-fluids.com.<\/span><\/p>\n<p><b>USER DATA<\/b><\/p>\n<p><span style=\"font-weight: 400;\">This includes data that is generated when you use the website to enable the technical operation of the site, to maintain the security of the site, to keep a record of user activity and to ensure that you always have access to the most relevant content.<\/span><\/p>\n<p><span style=\"font-weight: 400;\">The legal basis for the processing of data is the clear interest of the user in our activities, which is necessary to ensure the technical functioning of the site and the storage of these data.<\/span><\/p>\n<p><b>TECHNICAL DATA<\/b><\/p>\n<p><span style=\"font-weight: 400;\">This includes information generated when you use the site, such as your IP address, login information, browser information, time spent on each page, page views and navigation paths, the number and time of visits to the site, time zones, and the device you are using to view the site.<\/span><\/p>\n<p><span style=\"font-weight: 400;\">The data source is our analytics software.<\/span><\/p>\n<p><span style=\"font-weight: 400;\">We process this data to analyse users' habits on the site, to keep our site secure and to understand the usefulness of our marketing decisions.<\/span><\/p>\n<p><span style=\"font-weight: 400;\">The legal basis for processing the data is the user's clear interest in our activities, which allows us to process this data in accordance with security requirements and use it to increase business for more effective operations.<\/span><\/p>\n<p><b>MARKETING DATA<\/b><\/p>\n<p><span style=\"font-weight: 400;\">Which includes the visitor's preferences, what marketing content they like to receive from us. We process this information to enable participation in sweepstakes and to send advertising related to our products\/services in which the user has expressed an interest.<\/span><\/p>\n<p><span style=\"font-weight: 400;\">The legal basis for processing the data is the user's clear interest in our activities, which allows us to process this data in accordance with security requirements and use it to increase business for more effective operations.<\/span><\/p>\n<p><span style=\"font-weight: 400;\">From time to time, we may use the information collected for purposes such as providing targeted, relevant ads on the Facebook\u2122 platform and various dynamic advertising platforms, and to measure the effectiveness of the ads.<\/span><\/p>\n<p><span style=\"font-weight: 400;\">The legal basis for processing the data is the user's clear interest in our activities, which allows us to process this data in accordance with security requirements and use it to increase business for more effective operations.<\/span><\/p>\n<p><span style=\"font-weight: 400;\">We do not collect sensitive data such as ethnicity, religious beliefs, sexuality and orientation, political opinions and trade union membership, or health background, genetic or biometric information.<\/span><\/p>\n<p><b>3, HOW DO WE COLLECT DATA?<\/b><\/p>\n<p><span style=\"font-weight: 400;\">We may collect personal information in ways that the user provides directly to us (for example, by placing an order or sending a message).<\/span><\/p>\n<p><span style=\"font-weight: 400;\">Furthermore, certain data is collected automatically when you use the site, for example. \"cookies\" and similar technologies. These are only activated with the user's consent.<\/span><\/p>\n<p><span style=\"font-weight: 400;\">For more information, please see our Cookie Statement.<\/span><\/p>\n<p><span style=\"font-weight: 400;\">We receive certain information from external partners, such as analytics providers like Google (non-EU partner), advertising networks like Facebook\u2122 (non-EU partner), and payment gateway partners like PayPal (non-EU partner) and Barion.<\/span><\/p>\n<p><b>4, OUR PRACTICAL STEPS ON DATA PROTECTION<\/b><\/p>\n<p><span style=\"font-weight: 400;\">Modern-fluids.com attaches the utmost importance to protecting the privacy of its users and complying with applicable regulations. Therefore, after conducting a privacy impact assessment of the site, we have compiled a list of the data collected, its necessity and legal basis, and its legal compliance.<\/span><\/p>\n<p><span style=\"font-weight: 400;\">In order to protect the data entered on the forms and generated on the site, we use SSL certification throughout the website (Let's Encrypt Authority X3 certification).<\/span><\/p>\n<p><span style=\"font-weight: 400;\">To protect the site against attack, we use premium security software (iThemes Security Pro) to protect your data from. \"brute force\" and virus attacks against the stored data.<\/span><\/p>\n<p><span style=\"font-weight: 400;\">The purchase and user data are stored in the site's databases in encrypted form (pseudonymised), so they cannot be read by third parties.<\/span><\/p>\n<p><span style=\"font-weight: 400;\">In this privacy statement, we provide users with forms to request information about the processing of their personal data, to modify or delete their personal data.<\/span><\/p>\n<p><span style=\"font-weight: 400;\">From time to time, we need to provide data to our service partners (such as hosting providers, courier companies, mailing software) in order to run our business.\u00a0<\/span><\/p>\n<p><span style=\"font-weight: 400;\">In such cases, we will always choose to comply with the GDPR regulation and, in the case of a US-based partner, participate in the EU-US Privacy Shield initiative and sign a data management contract with them, ensuring responsible data handling.<\/span><\/p>\n<p><b>5, MARKETING COMMUNICATIONS<\/b><\/p>\n<p><span style=\"font-weight: 400;\">Marketing communication is essential to the business. The legal basis for the processing of data in this context is the expression of interest in our services or the explicit consent of users.<\/span><\/p>\n<p><span style=\"font-weight: 400;\">Under the European Union's Privacy and Electronic Communications Regulations (PECR), we send marketing messages to our users if they have made a purchase from us or have expressly consented to receive marketing messages.<\/span><\/p>\n<p><span style=\"font-weight: 400;\">In all cases, we will provide a prominent means of opting out and unsubscribing from messages. You will find an unsubscribe link at the bottom of each email, or you can request to be removed from the database by emailing office@modern-fluids.com.<\/span><\/p>\n<p><span style=\"font-weight: 400;\">We may also send you messages if you unsubscribe from marketing communications, but only in relation to the fulfilment of orders.<\/span><\/p>\n<p><b>6, NOTE ON PERSONAL DATA<\/b><\/p>\n<p><span style=\"font-weight: 400;\">From time to time, it is necessary to share certain personal information with certain partners in order to maintain normal business operations:<\/span><\/p>\n<p><span style=\"font-weight: 400;\">-IT service providers and service providers that troubleshoot and maintain computer systems<\/span><\/p>\n<p><span style=\"font-weight: 400;\">-Specialist partners such as lawyers, accountants, bankers, insurers<\/span><\/p>\n<p><span style=\"font-weight: 400;\">-Governmental bodies that ask for reports on our activities<\/span><\/p>\n<p><span style=\"font-weight: 400;\">-Payment service providers that securely handle your credit card data<\/span><\/p>\n<p><span style=\"font-weight: 400;\">-Delivery services that fulfil incoming orders to the specified delivery address<\/span><\/p>\n<p><span style=\"font-weight: 400;\">International data transfers<\/span><\/p>\n<p><span style=\"font-weight: 400;\">We may need to share user data with partners outside the European Economic Area (EEA) from time to time in order to maintain our business.<\/span><\/p>\n<p><span style=\"font-weight: 400;\">In many cases, countries outside the EEA do not provide the same level of protection for data, and European laws prohibit the export of data unless the right conditions are met.<\/span><\/p>\n<p><span style=\"font-weight: 400;\">Whenever personal data is transferred outside the EEA, we will take the following steps, in addition to those discussed in section 4, to ensure that the data is handled securely:<\/span><\/p>\n<p><span style=\"font-weight: 400;\">-We only transfer data to countries that the European Commission considers appropriate from a data security perspective.<\/span><\/p>\n<p><span style=\"font-weight: 400;\">-We only use US-based services that are part of the EU-US Privacy Shield data security initiative.<\/span><\/p>\n<p><span style=\"font-weight: 400;\">If the above conditions are not met, we will ask for the explicit consent of the users to transfer the data. This consent may be withdrawn at any time.<\/span><\/p>\n<p><span style=\"font-weight: 400;\">Links to external sites<\/span><\/p>\n<p><span style=\"font-weight: 400;\">This site may occasionally contain links to external sites, or may contain code snippets embedded in the site to provide external services.<\/span><\/p>\n<p><span style=\"font-weight: 400;\">Clicking on these links or using embedded solutions may allow external partners to collect data about users.<\/span><\/p>\n<p><span style=\"font-weight: 400;\">While we do our best to screen our partners properly, we have no control over their privacy practices and are not responsible for their privacy practices.<\/span><\/p>\n<p><b>7, DURATION OF PROCESSING<\/b><\/p>\n<p><span style=\"font-weight: 400;\">We will only ever store users' data for as long as we are required to do so by our legal\/accounting\/data reporting obligations or as necessary for the operation of the service.<\/span><\/p>\n<p><span style=\"font-weight: 400;\">When deciding on the length of storage, we take into account the volume, nature and sensitivity of the data and the potential impact of a data leak in the event of a data breach.<\/span><\/p>\n<p><span style=\"font-weight: 400;\">For tax reasons, we need to keep your customers' billing and purchase details for at least 8 years to comply with our legal obligations.<\/span><\/p>\n<p><span style=\"font-weight: 400;\">In certain circumstances, we may use the data in an anonymised form for statistical purposes, in which case we will store the data for an unlimited period without any information.<\/span><\/p>\n<p><b>8, VISITOR RIGHTS<\/b><\/p>\n<p><span style=\"font-weight: 400;\">As a citizen of the European Union, the General Data Protection Regulation (GDPR) gives users of this site the following rights:<\/span><\/p>\n<p><span style=\"font-weight: 400;\">a, Access to personal data<\/span><\/p>\n<p><span style=\"font-weight: 400;\">Users of the site have the right to request a copy of the personal data held by xy. The request will normally be fulfilled free of charge within 14 days of the request.<\/span><\/p>\n<p><span style=\"font-weight: 400;\">In the event of repeated, abusive, unjustified requests for data, xy may charge a moderate amount to provide the data and may require additional time to provide the data.<\/span><\/p>\n<p><span style=\"font-weight: 400;\">In addition, xy requests proof of identity before releasing the data to prevent misuse. To request personal data, please use the contact form below:<\/span><\/p>\n<p><span style=\"font-weight: 400;\">Data request \/ Data deletion \/ Data restriction<\/span><\/p>\n<p><b>INSERT CONTACT SURFACE<\/b><\/p>\n<p><span style=\"font-weight: 400;\">b, Changes to personal data<\/span><\/p>\n<p><span style=\"font-weight: 400;\">If personal data have been modified or incorrectly provided, users have the right to request that the data be amended. To amend personal data, please contact us at office@modern-fluids.com.<\/span><\/p>\n<p><b>c, Requesting the erasure of personal data<\/b><\/p>\n<p><span style=\"font-weight: 400;\">Users have the right to request the deletion of all their personal data. The request will be granted free of charge within 14 days of the request. After deletion of personal data, the user account will no longer be available and any purchased materials will no longer be available, as the personal data associated with the user account is essential to access the service.<\/span><\/p>\n<p><span style=\"font-weight: 400;\">xy requests proof of identity before deleting personal data to prevent misuse. To delete personal data, please use the contact form above.<\/span><\/p>\n<p><b>d, Request restriction of processing of personal data<\/b><\/p>\n<p><span style=\"font-weight: 400;\">Users have the right to restrict the provision of their data to third parties (service partners) upon request. When submitting the request, the service partners to be restricted may be identified.<\/span><\/p>\n<p><span style=\"font-weight: 400;\">It is important to note that cooperation with certain service providers is essential for the operation of the site (e.g. Barion as a payment service provider), so in case of their limitation, the services of the site will be unavailable to the user.<\/span><\/p>\n<p><span style=\"font-weight: 400;\">xy requests proof of identity before restricting the transfer of personal data to prevent misuse. To restrict the transfer of personal data, please use the contact form above:<\/span><\/p>\n<p><span style=\"font-weight: 400;\">The official data protection authority in Hungary is the National Authority for Data Protection and Freedom of Information (NAIH). Users can find out more about their data protection rights on the NAIH website.<\/span><\/p>\n<p><span style=\"font-weight: 400;\">National Authority for Data Protection and Freedom of Information,<\/span><\/p>\n<p><span style=\"font-weight: 400;\">1125 Budapest, Szil\u00e1gyi Erzs\u00e9bet fasor 22\/C., Postal address: 1530 Budapest, Pf.: 5,<\/span><\/p>\n<p><span style=\"font-weight: 400;\">Phone: 06.1.391.1400,<\/span><\/p>\n<p><span style=\"font-weight: 400;\">Fax: 06.1.391.1410,<\/span><\/p>\n<p><span style=\"font-weight: 400;\">E-mail: ugyfelszolgalat@naih.hu<\/span><\/p>\n<p><span style=\"font-weight: 400;\">Website: https:\/\/www.naih.hu<\/span><\/p>\n<p><b>9, ANONYMISED DATA AND \"COOKIES\"<\/b><\/p>\n<p><span style=\"font-weight: 400;\">On page xy, in e-mail messages and advertisements, you use so-called. \"cookies\" and similar technologies such as tracking codes, re-marketing tags, pixels, which are triggered after the user's consent.<\/span><\/p>\n<p><span style=\"font-weight: 400;\">These technologies help us better understand user behaviour and interests, helping us to operate more efficiently and effectively.<\/span><\/p>\n<p><span style=\"font-weight: 400;\">Our aim is to make the website as user-friendly and personal as possible. If the user wishes to opt-out of the collection of non-personal data by these technologies, they can do so in the following ways:<\/span><\/p>\n<p><span style=\"font-weight: 400;\">-you can disable the loading of cookies by using the cookie warnings on the website<\/span><\/p>\n<p><span style=\"font-weight: 400;\">-by disabling \"cookies\" in your browser<\/span><\/p>\n<p><span style=\"font-weight: 400;\">For more information about other cookies and tracking codes on modern-fluids.com, please see our Cookie Statement.<\/span><\/p>\n<p><br \/><br \/><\/p>\t\t\t\t\t\t\t\t<\/div>\n\t\t\t\t\t<\/div>\n\t\t\t\t<\/div>\n\t\t\t\t<\/div>","protected":false},"excerpt":{"rendered":"<p>1, BEVEZET\u0150 Sz\u00e1munkra nagyon fontos, hogy betartsuk az aktu\u00e1lisan \u00e9rv\u00e9nyes adatv\u00e9delmi szab\u00e1lyoz\u00e1st \u00e9s t\u00f6rv\u00e9nyeket, \u00edgy az al\u00e1bbiakban r\u00e9szletesen t\u00e1rgyaljuk bemutatjuk az modern-fluids.com oldal \u00e9s MF Modern Fluids kft. adatv\u00e9delemre ir\u00e1nyul\u00f3 l\u00e9p\u00e9seit, \u00e9s az adatgy\u0171jt\u00e9ssel kapcsolatos folyamatait. Kapcsolati adatok: Teljes jogi n\u00e9v: MF Modern Fluids Kft. E-mail c\u00edm: office@modern-fluids.com Postai c\u00edm: 3324 fels\u0151t\u00e1rk\u00e1ny Berva Ipartelep Hrsz. [&hellip;]<\/p>","protected":false},"author":1,"featured_media":0,"parent":0,"menu_order":0,"comment_status":"closed","ping_status":"open","template":"elementor_header_footer","meta":{"footnotes":""},"class_list":["post-3","page","type-page","status-publish","hentry"],"yoast_head":"<!-- This site is optimized with the Yoast SEO Premium plugin v26.8 (Yoast SEO v26.8) - https:\/\/yoast.com\/product\/yoast-seo-premium-wordpress\/ -->\n<title>Adatkezel\u00e9si t\u00e1j\u00e9koztat\u00f3 - Modern Fluids<\/title>\n<meta name=\"robots\" content=\"noindex, follow\" \/>\n<meta property=\"og:locale\" content=\"en_GB\" \/>\n<meta property=\"og:type\" content=\"article\" \/>\n<meta property=\"og:title\" content=\"Adatkezel\u00e9si t\u00e1j\u00e9koztat\u00f3\" \/>\n<meta property=\"og:description\" content=\"1, BEVEZET\u0150 Sz\u00e1munkra nagyon fontos, hogy betartsuk az aktu\u00e1lisan \u00e9rv\u00e9nyes adatv\u00e9delmi szab\u00e1lyoz\u00e1st \u00e9s t\u00f6rv\u00e9nyeket, \u00edgy az al\u00e1bbiakban r\u00e9szletesen t\u00e1rgyaljuk bemutatjuk az modern-fluids.com oldal \u00e9s MF Modern Fluids kft. adatv\u00e9delemre ir\u00e1nyul\u00f3 l\u00e9p\u00e9seit, \u00e9s az adatgy\u0171jt\u00e9ssel kapcsolatos folyamatait. Kapcsolati adatok: Teljes jogi n\u00e9v: MF Modern Fluids Kft. E-mail c\u00edm: office@modern-fluids.com Postai c\u00edm: 3324 fels\u0151t\u00e1rk\u00e1ny Berva Ipartelep Hrsz. [&hellip;]\" \/>\n<meta property=\"og:url\" content=\"https:\/\/modern-fluids.com\/en\/adatkezelesi-tajekoztato\/\" \/>\n<meta property=\"og:site_name\" content=\"Modern Fluids\" \/>\n<meta property=\"article:modified_time\" content=\"2025-05-02T10:57:30+00:00\" \/>\n<meta name=\"twitter:card\" content=\"summary_large_image\" \/>\n<meta name=\"twitter:label1\" content=\"Estimated reading time\" \/>\n\t<meta name=\"twitter:data1\" content=\"10 minutes\" \/>\n<script type=\"application\/ld+json\" class=\"yoast-schema-graph\">{\"@context\":\"https:\/\/schema.org\",\"@graph\":[{\"@type\":\"WebPage\",\"@id\":\"https:\/\/modern-fluids.com\/adatkezelesi-tajekoztato\/\",\"url\":\"https:\/\/modern-fluids.com\/adatkezelesi-tajekoztato\/\",\"name\":\"Adatkezel\u00e9si t\u00e1j\u00e9koztat\u00f3 - Modern Fluids\",\"isPartOf\":{\"@id\":\"https:\/\/modern-fluids.com\/#website\"},\"datePublished\":\"2025-03-18T10:33:41+00:00\",\"dateModified\":\"2025-05-02T10:57:30+00:00\",\"breadcrumb\":{\"@id\":\"https:\/\/modern-fluids.com\/adatkezelesi-tajekoztato\/#breadcrumb\"},\"inLanguage\":\"en-GB\",\"potentialAction\":[{\"@type\":\"ReadAction\",\"target\":[\"https:\/\/modern-fluids.com\/adatkezelesi-tajekoztato\/\"]}]},{\"@type\":\"BreadcrumbList\",\"@id\":\"https:\/\/modern-fluids.com\/adatkezelesi-tajekoztato\/#breadcrumb\",\"itemListElement\":[{\"@type\":\"ListItem\",\"position\":1,\"name\":\"Home\",\"item\":\"https:\/\/modern-fluids.com\/\"},{\"@type\":\"ListItem\",\"position\":2,\"name\":\"Adatkezel\u00e9si t\u00e1j\u00e9koztat\u00f3\"}]},{\"@type\":\"WebSite\",\"@id\":\"https:\/\/modern-fluids.com\/#website\",\"url\":\"https:\/\/modern-fluids.com\/\",\"name\":\"Modern Fluids\",\"description\":\"\",\"potentialAction\":[{\"@type\":\"SearchAction\",\"target\":{\"@type\":\"EntryPoint\",\"urlTemplate\":\"https:\/\/modern-fluids.com\/?s={search_term_string}\"},\"query-input\":{\"@type\":\"PropertyValueSpecification\",\"valueRequired\":true,\"valueName\":\"search_term_string\"}}],\"inLanguage\":\"en-GB\"}]}<\/script>\n<!-- \/ Yoast SEO Premium plugin. -->","yoast_head_json":{"title":"Adatkezel\u00e9si t\u00e1j\u00e9koztat\u00f3 - Modern Fluids","robots":{"index":"noindex","follow":"follow"},"og_locale":"en_GB","og_type":"article","og_title":"Adatkezel\u00e9si t\u00e1j\u00e9koztat\u00f3","og_description":"1, BEVEZET\u0150 Sz\u00e1munkra nagyon fontos, hogy betartsuk az aktu\u00e1lisan \u00e9rv\u00e9nyes adatv\u00e9delmi szab\u00e1lyoz\u00e1st \u00e9s t\u00f6rv\u00e9nyeket, \u00edgy az al\u00e1bbiakban r\u00e9szletesen t\u00e1rgyaljuk bemutatjuk az modern-fluids.com oldal \u00e9s MF Modern Fluids kft. adatv\u00e9delemre ir\u00e1nyul\u00f3 l\u00e9p\u00e9seit, \u00e9s az adatgy\u0171jt\u00e9ssel kapcsolatos folyamatait. Kapcsolati adatok: Teljes jogi n\u00e9v: MF Modern Fluids Kft. E-mail c\u00edm: office@modern-fluids.com Postai c\u00edm: 3324 fels\u0151t\u00e1rk\u00e1ny Berva Ipartelep Hrsz. [&hellip;]","og_url":"https:\/\/modern-fluids.com\/en\/adatkezelesi-tajekoztato\/","og_site_name":"Modern Fluids","article_modified_time":"2025-05-02T10:57:30+00:00","twitter_card":"summary_large_image","twitter_misc":{"Estimated reading time":"10 minutes"},"schema":{"@context":"https:\/\/schema.org","@graph":[{"@type":"WebPage","@id":"https:\/\/modern-fluids.com\/adatkezelesi-tajekoztato\/","url":"https:\/\/modern-fluids.com\/adatkezelesi-tajekoztato\/","name":"Adatkezel\u00e9si t\u00e1j\u00e9koztat\u00f3 - Modern Fluids","isPartOf":{"@id":"https:\/\/modern-fluids.com\/#website"},"datePublished":"2025-03-18T10:33:41+00:00","dateModified":"2025-05-02T10:57:30+00:00","breadcrumb":{"@id":"https:\/\/modern-fluids.com\/adatkezelesi-tajekoztato\/#breadcrumb"},"inLanguage":"en-GB","potentialAction":[{"@type":"ReadAction","target":["https:\/\/modern-fluids.com\/adatkezelesi-tajekoztato\/"]}]},{"@type":"BreadcrumbList","@id":"https:\/\/modern-fluids.com\/adatkezelesi-tajekoztato\/#breadcrumb","itemListElement":[{"@type":"ListItem","position":1,"name":"Home","item":"https:\/\/modern-fluids.com\/"},{"@type":"ListItem","position":2,"name":"Adatkezel\u00e9si t\u00e1j\u00e9koztat\u00f3"}]},{"@type":"WebSite","@id":"https:\/\/modern-fluids.com\/#website","url":"https:\/\/modern-fluids.com\/","name":"Modern Fluids","description":"","potentialAction":[{"@type":"SearchAction","target":{"@type":"EntryPoint","urlTemplate":"https:\/\/modern-fluids.com\/?s={search_term_string}"},"query-input":{"@type":"PropertyValueSpecification","valueRequired":true,"valueName":"search_term_string"}}],"inLanguage":"en-GB"}]}},"_links":{"self":[{"href":"https:\/\/modern-fluids.com\/en\/wp-json\/wp\/v2\/pages\/3","targetHints":{"allow":["GET"]}}],"collection":[{"href":"https:\/\/modern-fluids.com\/en\/wp-json\/wp\/v2\/pages"}],"about":[{"href":"https:\/\/modern-fluids.com\/en\/wp-json\/wp\/v2\/types\/page"}],"author":[{"embeddable":true,"href":"https:\/\/modern-fluids.com\/en\/wp-json\/wp\/v2\/users\/1"}],"replies":[{"embeddable":true,"href":"https:\/\/modern-fluids.com\/en\/wp-json\/wp\/v2\/comments?post=3"}],"version-history":[{"count":4,"href":"https:\/\/modern-fluids.com\/en\/wp-json\/wp\/v2\/pages\/3\/revisions"}],"predecessor-version":[{"id":340,"href":"https:\/\/modern-fluids.com\/en\/wp-json\/wp\/v2\/pages\/3\/revisions\/340"}],"wp:attachment":[{"href":"https:\/\/modern-fluids.com\/en\/wp-json\/wp\/v2\/media?parent=3"}],"curies":[{"name":"wp","href":"https:\/\/api.w.org\/{rel}","templated":true}]}}