{"id":1060,"date":"2025-05-05T15:05:05","date_gmt":"2025-05-05T13:05:05","guid":{"rendered":"https:\/\/modern-fluids.com\/?post_type=product&#038;p=1060"},"modified":"2025-06-16T14:12:53","modified_gmt":"2025-06-16T12:12:53","slug":"way-oil","status":"publish","type":"product","link":"https:\/\/modern-fluids.com\/en\/product\/way-oil\/","title":{"rendered":"Way Oil 1,2,3,4,7 (sledging oil)"},"content":{"rendered":"","protected":false},"excerpt":{"rendered":"<p>Hangsterfer's Slideway Oils - High Performance Slideway Lubricating Oils<br \/>\nHangsterfer's Slideway lubricating oils are designed to provide superior machine tool performance while preventing coolant degradation due to foreign oil contamination.<\/p>\n<p>Maximum traction and coolant compatibility<br \/>\nIt provides excellent grip on the wires, preventing stick-slip (friction fluctuation between grip and slip).<br \/>\nIt quickly and completely leaches out of water-miscible coolants, improving cutting performance and extending coolant life.<br \/>\nMinimal water solubility - less likely to wash off wires prematurely, ensuring longer lubrication efficiency.<br \/>\nPremium quality and compliance with international standards<br \/>\nIt is made with high quality additives under strict quality control.<br \/>\nMeets or exceeds international standards for pipeline lubricating oils.<br \/>\nAvailable in five different viscosities to meet ISO lubricant viscosity requirements.<br \/>\nAll Hangsterfer's Slideway Oil meets or exceeds the Cincinnati Machine P-47 specification.<br \/>\nHangsterfer's Slideway Oils guarantee precision machine movements, reduce wear and contribute to longer life for both machine tools and coolants.<\/p>","protected":false},"featured_media":861,"comment_status":"open","ping_status":"closed","template":"","meta":[],"product_brand":[77],"product_cat":[78,91],"product_tag":[],"class_list":{"0":"post-1060","1":"product","2":"type-product","3":"status-publish","4":"has-post-thumbnail","6":"product_brand-hangsterfers-laboratories-inc","7":"product_cat-hangsterfers","8":"product_cat-vezetekkeno-olajok","9":"pa_kiszereles-19l","10":"pa_kiszereles-209l","11":"pa_kiszereles-1045l","13":"first","14":"instock","15":"taxable","16":"shipping-taxable","17":"purchasable","18":"product-type-variable"},"yoast_head":"<!-- This site is optimized with the Yoast SEO Premium plugin v26.8 (Yoast SEO v26.8) - https:\/\/yoast.com\/product\/yoast-seo-premium-wordpress\/ -->\n<title>Way Oil 1,2,3,4,7 (sz\u00e1nken\u0151 olaj) - Modern Fluids<\/title>\n<meta name=\"robots\" content=\"index, follow, max-snippet:-1, max-image-preview:large, max-video-preview:-1\" \/>\n<link rel=\"canonical\" href=\"https:\/\/modern-fluids.com\/en\/product\/way-oil\/\" \/>\n<meta property=\"og:locale\" content=\"en_GB\" \/>\n<meta property=\"og:type\" content=\"article\" \/>\n<meta property=\"og:title\" content=\"Way Oil 1,2,3,4,7 (sz\u00e1nken\u0151 olaj)\" \/>\n<meta property=\"og:description\" content=\"Hangsterfer\u2019s Slideway Olajok \u2013 Kiemelked\u0151 teljes\u00edtm\u00e9ny\u0171 vezet\u00e9kken\u0151 olajok A Hangsterfer\u2019s Slideway ken\u0151olajok \u00fagy lettek kifejlesztve, hogy kiv\u00e1l\u00f3 szersz\u00e1mg\u00e9p teljes\u00edtm\u00e9nyt biztos\u00edtsanak, mik\u00f6zben megel\u0151zik a h\u0171t\u0151folyad\u00e9k leboml\u00e1s\u00e1t az idegen olajszennyez\u0151d\u00e9s miatt.  Maxim\u00e1lis tapad\u00e1s \u00e9s h\u0171t\u0151folyad\u00e9k kompatibilit\u00e1s Kiemelked\u0151 tapad\u00e1st biztos\u00edt a vezet\u00e9keken, megakad\u00e1lyozva a stick-slip jelens\u00e9get (tapad\u00e1s \u00e9s cs\u00fasz\u00e1s k\u00f6z\u00f6tti s\u00farl\u00f3d\u00e1si ingadoz\u00e1s). Gyorsan \u00e9s teljes m\u00e9rt\u00e9kben kiv\u00e1lik a v\u00edzzel keverhet\u0151 h\u0171t\u0151folyad\u00e9kokb\u00f3l, \u00edgy jav\u00edtja a v\u00e1g\u00e1si teljes\u00edtm\u00e9nyt \u00e9s meghosszabb\u00edtja a h\u0171t\u0151folyad\u00e9k \u00e9lettartam\u00e1t. Minim\u00e1lis v\u00edzold\u00e9konys\u00e1g \u2013 kev\u00e9sb\u00e9 val\u00f3sz\u00edn\u0171, hogy id\u0151 el\u0151tt lemos\u00f3dik a vezet\u00e9kekr\u0151l, \u00edgy hosszabb ken\u00e9si hat\u00e9konys\u00e1got biztos\u00edt. Pr\u00e9mium min\u0151s\u00e9g \u00e9s nemzetk\u00f6zi szabv\u00e1nyoknak val\u00f3 megfelel\u00e9s Kiv\u00e1l\u00f3 min\u0151s\u00e9g\u0171 adal\u00e9kanyagokkal k\u00e9sz\u00fcl, szigor\u00fa min\u0151s\u00e9gellen\u0151rz\u00e9s mellett. Megfelel vagy t\u00falteljes\u00edti a vezet\u00e9kken\u0151 olajokra vonatkoz\u00f3 nemzetk\u00f6zi el\u0151\u00edr\u00e1sokat. \u00d6t k\u00fcl\u00f6nb\u00f6z\u0151 viszkozit\u00e1sban \u00e9rhet\u0151 el, amelyek megfelelnek az ISO szabv\u00e1ny szerinti ken\u0151anyag-viszkozit\u00e1si k\u00f6vetelm\u00e9nyeknek. Minden Hangsterfer\u2019s Slideway Olaj megfelel vagy meghaladja a Cincinnati Machine P-47 specifik\u00e1ci\u00f3t. A Hangsterfer\u2019s Slideway Olajok garant\u00e1lj\u00e1k a prec\u00edzi\u00f3s g\u00e9pmozg\u00e1sokat, cs\u00f6kkentik a kop\u00e1st \u00e9s hozz\u00e1j\u00e1rulnak a hosszabb \u00e9lettartamhoz mind a szersz\u00e1mg\u00e9pek, mind a h\u0171t\u0151folyad\u00e9kok eset\u00e9ben.\" \/>\n<meta property=\"og:url\" content=\"https:\/\/modern-fluids.com\/en\/product\/way-oil\/\" \/>\n<meta property=\"og:site_name\" content=\"Modern Fluids\" \/>\n<meta property=\"article:modified_time\" content=\"2025-06-16T12:12:53+00:00\" \/>\n<meta property=\"og:image\" content=\"https:\/\/modern-fluids.com\/wp-content\/uploads\/2025\/04\/HANGSTERFERS-HORDO.jpg\" \/>\n\t<meta property=\"og:image:width\" content=\"1000\" \/>\n\t<meta property=\"og:image:height\" content=\"1000\" \/>\n\t<meta property=\"og:image:type\" content=\"image\/jpeg\" \/>\n<meta name=\"twitter:card\" content=\"summary_large_image\" \/>\n<meta name=\"twitter:label1\" content=\"Estimated reading time\" \/>\n\t<meta name=\"twitter:data1\" content=\"1 minute\" \/>\n<script type=\"application\/ld+json\" class=\"yoast-schema-graph\">{\"@context\":\"https:\/\/schema.org\",\"@graph\":[{\"@type\":\"WebPage\",\"@id\":\"https:\/\/modern-fluids.com\/termek\/way-oil\/\",\"url\":\"https:\/\/modern-fluids.com\/termek\/way-oil\/\",\"name\":\"Way Oil 1,2,3,4,7 (sz\u00e1nken\u0151 olaj) - Modern Fluids\",\"isPartOf\":{\"@id\":\"https:\/\/modern-fluids.com\/#website\"},\"primaryImageOfPage\":{\"@id\":\"https:\/\/modern-fluids.com\/termek\/way-oil\/#primaryimage\"},\"image\":{\"@id\":\"https:\/\/modern-fluids.com\/termek\/way-oil\/#primaryimage\"},\"thumbnailUrl\":\"https:\/\/modern-fluids.com\/wp-content\/uploads\/2025\/04\/HANGSTERFERS-HORDO.jpg\",\"datePublished\":\"2025-05-05T13:05:05+00:00\",\"dateModified\":\"2025-06-16T12:12:53+00:00\",\"breadcrumb\":{\"@id\":\"https:\/\/modern-fluids.com\/termek\/way-oil\/#breadcrumb\"},\"inLanguage\":\"en-GB\",\"potentialAction\":[{\"@type\":\"ReadAction\",\"target\":[\"https:\/\/modern-fluids.com\/termek\/way-oil\/\"]}]},{\"@type\":\"ImageObject\",\"inLanguage\":\"en-GB\",\"@id\":\"https:\/\/modern-fluids.com\/termek\/way-oil\/#primaryimage\",\"url\":\"https:\/\/modern-fluids.com\/wp-content\/uploads\/2025\/04\/HANGSTERFERS-HORDO.jpg\",\"contentUrl\":\"https:\/\/modern-fluids.com\/wp-content\/uploads\/2025\/04\/HANGSTERFERS-HORDO.jpg\",\"width\":1000,\"height\":1000},{\"@type\":\"BreadcrumbList\",\"@id\":\"https:\/\/modern-fluids.com\/termek\/way-oil\/#breadcrumb\",\"itemListElement\":[{\"@type\":\"ListItem\",\"position\":1,\"name\":\"Home\",\"item\":\"https:\/\/modern-fluids.com\/\"},{\"@type\":\"ListItem\",\"position\":2,\"name\":\"Shop\",\"item\":\"https:\/\/modern-fluids.com\/uzlet\/\"},{\"@type\":\"ListItem\",\"position\":3,\"name\":\"Way Oil 1,2,3,4,7 (sz\u00e1nken\u0151 olaj)\"}]},{\"@type\":\"WebSite\",\"@id\":\"https:\/\/modern-fluids.com\/#website\",\"url\":\"https:\/\/modern-fluids.com\/\",\"name\":\"Modern Fluids\",\"description\":\"\",\"potentialAction\":[{\"@type\":\"SearchAction\",\"target\":{\"@type\":\"EntryPoint\",\"urlTemplate\":\"https:\/\/modern-fluids.com\/?s={search_term_string}\"},\"query-input\":{\"@type\":\"PropertyValueSpecification\",\"valueRequired\":true,\"valueName\":\"search_term_string\"}}],\"inLanguage\":\"en-GB\"}]}<\/script>\n<!-- \/ Yoast SEO Premium plugin. -->","yoast_head_json":{"title":"Way Oil 1,2,3,4,7 (sz\u00e1nken\u0151 olaj) - Modern Fluids","robots":{"index":"index","follow":"follow","max-snippet":"max-snippet:-1","max-image-preview":"max-image-preview:large","max-video-preview":"max-video-preview:-1"},"canonical":"https:\/\/modern-fluids.com\/en\/product\/way-oil\/","og_locale":"en_GB","og_type":"article","og_title":"Way Oil 1,2,3,4,7 (sz\u00e1nken\u0151 olaj)","og_description":"Hangsterfer\u2019s Slideway Olajok \u2013 Kiemelked\u0151 teljes\u00edtm\u00e9ny\u0171 vezet\u00e9kken\u0151 olajok A Hangsterfer\u2019s Slideway ken\u0151olajok \u00fagy lettek kifejlesztve, hogy kiv\u00e1l\u00f3 szersz\u00e1mg\u00e9p teljes\u00edtm\u00e9nyt biztos\u00edtsanak, mik\u00f6zben megel\u0151zik a h\u0171t\u0151folyad\u00e9k leboml\u00e1s\u00e1t az idegen olajszennyez\u0151d\u00e9s miatt.  Maxim\u00e1lis tapad\u00e1s \u00e9s h\u0171t\u0151folyad\u00e9k kompatibilit\u00e1s Kiemelked\u0151 tapad\u00e1st biztos\u00edt a vezet\u00e9keken, megakad\u00e1lyozva a stick-slip jelens\u00e9get (tapad\u00e1s \u00e9s cs\u00fasz\u00e1s k\u00f6z\u00f6tti s\u00farl\u00f3d\u00e1si ingadoz\u00e1s). Gyorsan \u00e9s teljes m\u00e9rt\u00e9kben kiv\u00e1lik a v\u00edzzel keverhet\u0151 h\u0171t\u0151folyad\u00e9kokb\u00f3l, \u00edgy jav\u00edtja a v\u00e1g\u00e1si teljes\u00edtm\u00e9nyt \u00e9s meghosszabb\u00edtja a h\u0171t\u0151folyad\u00e9k \u00e9lettartam\u00e1t. Minim\u00e1lis v\u00edzold\u00e9konys\u00e1g \u2013 kev\u00e9sb\u00e9 val\u00f3sz\u00edn\u0171, hogy id\u0151 el\u0151tt lemos\u00f3dik a vezet\u00e9kekr\u0151l, \u00edgy hosszabb ken\u00e9si hat\u00e9konys\u00e1got biztos\u00edt. Pr\u00e9mium min\u0151s\u00e9g \u00e9s nemzetk\u00f6zi szabv\u00e1nyoknak val\u00f3 megfelel\u00e9s Kiv\u00e1l\u00f3 min\u0151s\u00e9g\u0171 adal\u00e9kanyagokkal k\u00e9sz\u00fcl, szigor\u00fa min\u0151s\u00e9gellen\u0151rz\u00e9s mellett. Megfelel vagy t\u00falteljes\u00edti a vezet\u00e9kken\u0151 olajokra vonatkoz\u00f3 nemzetk\u00f6zi el\u0151\u00edr\u00e1sokat. \u00d6t k\u00fcl\u00f6nb\u00f6z\u0151 viszkozit\u00e1sban \u00e9rhet\u0151 el, amelyek megfelelnek az ISO szabv\u00e1ny szerinti ken\u0151anyag-viszkozit\u00e1si k\u00f6vetelm\u00e9nyeknek. Minden Hangsterfer\u2019s Slideway Olaj megfelel vagy meghaladja a Cincinnati Machine P-47 specifik\u00e1ci\u00f3t. A Hangsterfer\u2019s Slideway Olajok garant\u00e1lj\u00e1k a prec\u00edzi\u00f3s g\u00e9pmozg\u00e1sokat, cs\u00f6kkentik a kop\u00e1st \u00e9s hozz\u00e1j\u00e1rulnak a hosszabb \u00e9lettartamhoz mind a szersz\u00e1mg\u00e9pek, mind a h\u0171t\u0151folyad\u00e9kok eset\u00e9ben.","og_url":"https:\/\/modern-fluids.com\/en\/product\/way-oil\/","og_site_name":"Modern Fluids","article_modified_time":"2025-06-16T12:12:53+00:00","og_image":[{"width":1000,"height":1000,"url":"https:\/\/modern-fluids.com\/wp-content\/uploads\/2025\/04\/HANGSTERFERS-HORDO.jpg","type":"image\/jpeg"}],"twitter_card":"summary_large_image","twitter_misc":{"Estimated reading time":"1 minute"},"schema":{"@context":"https:\/\/schema.org","@graph":[{"@type":"WebPage","@id":"https:\/\/modern-fluids.com\/termek\/way-oil\/","url":"https:\/\/modern-fluids.com\/termek\/way-oil\/","name":"Way Oil 1,2,3,4,7 (sz\u00e1nken\u0151 olaj) - Modern Fluids","isPartOf":{"@id":"https:\/\/modern-fluids.com\/#website"},"primaryImageOfPage":{"@id":"https:\/\/modern-fluids.com\/termek\/way-oil\/#primaryimage"},"image":{"@id":"https:\/\/modern-fluids.com\/termek\/way-oil\/#primaryimage"},"thumbnailUrl":"https:\/\/modern-fluids.com\/wp-content\/uploads\/2025\/04\/HANGSTERFERS-HORDO.jpg","datePublished":"2025-05-05T13:05:05+00:00","dateModified":"2025-06-16T12:12:53+00:00","breadcrumb":{"@id":"https:\/\/modern-fluids.com\/termek\/way-oil\/#breadcrumb"},"inLanguage":"en-GB","potentialAction":[{"@type":"ReadAction","target":["https:\/\/modern-fluids.com\/termek\/way-oil\/"]}]},{"@type":"ImageObject","inLanguage":"en-GB","@id":"https:\/\/modern-fluids.com\/termek\/way-oil\/#primaryimage","url":"https:\/\/modern-fluids.com\/wp-content\/uploads\/2025\/04\/HANGSTERFERS-HORDO.jpg","contentUrl":"https:\/\/modern-fluids.com\/wp-content\/uploads\/2025\/04\/HANGSTERFERS-HORDO.jpg","width":1000,"height":1000},{"@type":"BreadcrumbList","@id":"https:\/\/modern-fluids.com\/termek\/way-oil\/#breadcrumb","itemListElement":[{"@type":"ListItem","position":1,"name":"Home","item":"https:\/\/modern-fluids.com\/"},{"@type":"ListItem","position":2,"name":"Shop","item":"https:\/\/modern-fluids.com\/uzlet\/"},{"@type":"ListItem","position":3,"name":"Way Oil 1,2,3,4,7 (sz\u00e1nken\u0151 olaj)"}]},{"@type":"WebSite","@id":"https:\/\/modern-fluids.com\/#website","url":"https:\/\/modern-fluids.com\/","name":"Modern Fluids","description":"","potentialAction":[{"@type":"SearchAction","target":{"@type":"EntryPoint","urlTemplate":"https:\/\/modern-fluids.com\/?s={search_term_string}"},"query-input":{"@type":"PropertyValueSpecification","valueRequired":true,"valueName":"search_term_string"}}],"inLanguage":"en-GB"}]}},"_links":{"self":[{"href":"https:\/\/modern-fluids.com\/en\/wp-json\/wp\/v2\/product\/1060","targetHints":{"allow":["GET"]}}],"collection":[{"href":"https:\/\/modern-fluids.com\/en\/wp-json\/wp\/v2\/product"}],"about":[{"href":"https:\/\/modern-fluids.com\/en\/wp-json\/wp\/v2\/types\/product"}],"replies":[{"embeddable":true,"href":"https:\/\/modern-fluids.com\/en\/wp-json\/wp\/v2\/comments?post=1060"}],"wp:featuredmedia":[{"embeddable":true,"href":"https:\/\/modern-fluids.com\/en\/wp-json\/wp\/v2\/media\/861"}],"wp:attachment":[{"href":"https:\/\/modern-fluids.com\/en\/wp-json\/wp\/v2\/media?parent=1060"}],"wp:term":[{"taxonomy":"product_brand","embeddable":true,"href":"https:\/\/modern-fluids.com\/en\/wp-json\/wp\/v2\/product_brand?post=1060"},{"taxonomy":"product_cat","embeddable":true,"href":"https:\/\/modern-fluids.com\/en\/wp-json\/wp\/v2\/product_cat?post=1060"},{"taxonomy":"product_tag","embeddable":true,"href":"https:\/\/modern-fluids.com\/en\/wp-json\/wp\/v2\/product_tag?post=1060"}],"curies":[{"name":"wp","href":"https:\/\/api.w.org\/{rel}","templated":true}]}}