{"id":1305,"date":"2025-06-09T16:29:11","date_gmt":"2025-06-09T14:29:11","guid":{"rendered":"https:\/\/modern-fluids.com\/termek\/karmento-talca-leveheto-raccsal\/"},"modified":"2025-06-16T14:06:22","modified_gmt":"2025-06-16T12:06:22","slug":"karmento-talca-leveheto-raccsal","status":"publish","type":"product","link":"https:\/\/modern-fluids.com\/en\/product\/karmento-talca-leveheto-raccsal\/","title":{"rendered":"Rescue tray (with removable grid)"},"content":{"rendered":"","protected":false},"excerpt":{"rendered":"<p>Drum dump pallet with removable platform. Made of polyethylene. Multiple spill pallets can be easily assembled to create a larger platform.<\/p>","protected":false},"featured_media":1254,"comment_status":"closed","ping_status":"closed","template":"","meta":[],"product_brand":[113],"product_cat":[112],"product_tag":[],"class_list":{"0":"post-1305","1":"product","2":"type-product","3":"status-publish","4":"has-post-thumbnail","6":"product_brand-kabi","7":"product_cat-kabi","9":"first","10":"instock","11":"taxable","12":"shipping-taxable","13":"purchasable","14":"product-type-simple"},"yoast_head":"<!-- This site is optimized with the Yoast SEO Premium plugin v26.8 (Yoast SEO v26.8) - https:\/\/yoast.com\/product\/yoast-seo-premium-wordpress\/ -->\n<title>K\u00e1rment\u0151 t\u00e1lca (levehet\u0151 r\u00e1ccsal) - Modern Fluids<\/title>\n<meta name=\"robots\" content=\"index, follow, max-snippet:-1, max-image-preview:large, max-video-preview:-1\" \/>\n<link rel=\"canonical\" href=\"https:\/\/modern-fluids.com\/en\/product\/karmento-talca-leveheto-raccsal\/\" \/>\n<meta property=\"og:locale\" content=\"en_GB\" \/>\n<meta property=\"og:type\" content=\"article\" \/>\n<meta property=\"og:title\" content=\"K\u00e1rment\u0151 t\u00e1lca (levehet\u0151 r\u00e1ccsal)\" \/>\n<meta property=\"og:description\" content=\"Dobos ki\u00f6nt\u0151 raklap elt\u00e1vol\u00edthat\u00f3 platformmal. Polietil\u00e9nb\u0151l k\u00e9sz\u00fclt. T\u00f6bb ki\u00f6ml\u0151 raklap k\u00f6nnyen \u00f6sszeszerelhet\u0151, hogy nagyobb platformot hozzon l\u00e9tre.\" \/>\n<meta property=\"og:url\" content=\"https:\/\/modern-fluids.com\/en\/product\/karmento-talca-leveheto-raccsal\/\" \/>\n<meta property=\"og:site_name\" content=\"Modern Fluids\" \/>\n<meta property=\"article:modified_time\" content=\"2025-06-16T12:06:22+00:00\" \/>\n<meta property=\"og:image\" content=\"https:\/\/modern-fluids.com\/wp-content\/uploads\/2025\/06\/Drum-spill-pallet-w_removable-platform-3.jpg\" \/>\n\t<meta property=\"og:image:width\" content=\"1520\" \/>\n\t<meta property=\"og:image:height\" content=\"1520\" \/>\n\t<meta property=\"og:image:type\" content=\"image\/jpeg\" \/>\n<meta name=\"twitter:card\" content=\"summary_large_image\" \/>\n<script type=\"application\/ld+json\" class=\"yoast-schema-graph\">{\"@context\":\"https:\/\/schema.org\",\"@graph\":[{\"@type\":\"WebPage\",\"@id\":\"https:\/\/modern-fluids.com\/termek\/karmento-talca-leveheto-raccsal\/\",\"url\":\"https:\/\/modern-fluids.com\/termek\/karmento-talca-leveheto-raccsal\/\",\"name\":\"K\u00e1rment\u0151 t\u00e1lca (levehet\u0151 r\u00e1ccsal) - Modern Fluids\",\"isPartOf\":{\"@id\":\"https:\/\/modern-fluids.com\/#website\"},\"primaryImageOfPage\":{\"@id\":\"https:\/\/modern-fluids.com\/termek\/karmento-talca-leveheto-raccsal\/#primaryimage\"},\"image\":{\"@id\":\"https:\/\/modern-fluids.com\/termek\/karmento-talca-leveheto-raccsal\/#primaryimage\"},\"thumbnailUrl\":\"https:\/\/modern-fluids.com\/wp-content\/uploads\/2025\/06\/Drum-spill-pallet-w_removable-platform-3.jpg\",\"datePublished\":\"2025-06-09T14:29:11+00:00\",\"dateModified\":\"2025-06-16T12:06:22+00:00\",\"breadcrumb\":{\"@id\":\"https:\/\/modern-fluids.com\/termek\/karmento-talca-leveheto-raccsal\/#breadcrumb\"},\"inLanguage\":\"en-GB\",\"potentialAction\":[{\"@type\":\"ReadAction\",\"target\":[\"https:\/\/modern-fluids.com\/termek\/karmento-talca-leveheto-raccsal\/\"]}]},{\"@type\":\"ImageObject\",\"inLanguage\":\"en-GB\",\"@id\":\"https:\/\/modern-fluids.com\/termek\/karmento-talca-leveheto-raccsal\/#primaryimage\",\"url\":\"https:\/\/modern-fluids.com\/wp-content\/uploads\/2025\/06\/Drum-spill-pallet-w_removable-platform-3.jpg\",\"contentUrl\":\"https:\/\/modern-fluids.com\/wp-content\/uploads\/2025\/06\/Drum-spill-pallet-w_removable-platform-3.jpg\",\"width\":1520,\"height\":1520},{\"@type\":\"BreadcrumbList\",\"@id\":\"https:\/\/modern-fluids.com\/termek\/karmento-talca-leveheto-raccsal\/#breadcrumb\",\"itemListElement\":[{\"@type\":\"ListItem\",\"position\":1,\"name\":\"Home\",\"item\":\"https:\/\/modern-fluids.com\/\"},{\"@type\":\"ListItem\",\"position\":2,\"name\":\"Shop\",\"item\":\"https:\/\/modern-fluids.com\/uzlet\/\"},{\"@type\":\"ListItem\",\"position\":3,\"name\":\"K\u00e1rment\u0151 t\u00e1lca (levehet\u0151 r\u00e1ccsal)\"}]},{\"@type\":\"WebSite\",\"@id\":\"https:\/\/modern-fluids.com\/#website\",\"url\":\"https:\/\/modern-fluids.com\/\",\"name\":\"Modern Fluids\",\"description\":\"\",\"potentialAction\":[{\"@type\":\"SearchAction\",\"target\":{\"@type\":\"EntryPoint\",\"urlTemplate\":\"https:\/\/modern-fluids.com\/?s={search_term_string}\"},\"query-input\":{\"@type\":\"PropertyValueSpecification\",\"valueRequired\":true,\"valueName\":\"search_term_string\"}}],\"inLanguage\":\"en-GB\"}]}<\/script>\n<!-- \/ Yoast SEO Premium plugin. -->","yoast_head_json":{"title":"K\u00e1rment\u0151 t\u00e1lca (levehet\u0151 r\u00e1ccsal) - Modern Fluids","robots":{"index":"index","follow":"follow","max-snippet":"max-snippet:-1","max-image-preview":"max-image-preview:large","max-video-preview":"max-video-preview:-1"},"canonical":"https:\/\/modern-fluids.com\/en\/product\/karmento-talca-leveheto-raccsal\/","og_locale":"en_GB","og_type":"article","og_title":"K\u00e1rment\u0151 t\u00e1lca (levehet\u0151 r\u00e1ccsal)","og_description":"Dobos ki\u00f6nt\u0151 raklap elt\u00e1vol\u00edthat\u00f3 platformmal. Polietil\u00e9nb\u0151l k\u00e9sz\u00fclt. T\u00f6bb ki\u00f6ml\u0151 raklap k\u00f6nnyen \u00f6sszeszerelhet\u0151, hogy nagyobb platformot hozzon l\u00e9tre.","og_url":"https:\/\/modern-fluids.com\/en\/product\/karmento-talca-leveheto-raccsal\/","og_site_name":"Modern Fluids","article_modified_time":"2025-06-16T12:06:22+00:00","og_image":[{"width":1520,"height":1520,"url":"https:\/\/modern-fluids.com\/wp-content\/uploads\/2025\/06\/Drum-spill-pallet-w_removable-platform-3.jpg","type":"image\/jpeg"}],"twitter_card":"summary_large_image","schema":{"@context":"https:\/\/schema.org","@graph":[{"@type":"WebPage","@id":"https:\/\/modern-fluids.com\/termek\/karmento-talca-leveheto-raccsal\/","url":"https:\/\/modern-fluids.com\/termek\/karmento-talca-leveheto-raccsal\/","name":"K\u00e1rment\u0151 t\u00e1lca (levehet\u0151 r\u00e1ccsal) - Modern Fluids","isPartOf":{"@id":"https:\/\/modern-fluids.com\/#website"},"primaryImageOfPage":{"@id":"https:\/\/modern-fluids.com\/termek\/karmento-talca-leveheto-raccsal\/#primaryimage"},"image":{"@id":"https:\/\/modern-fluids.com\/termek\/karmento-talca-leveheto-raccsal\/#primaryimage"},"thumbnailUrl":"https:\/\/modern-fluids.com\/wp-content\/uploads\/2025\/06\/Drum-spill-pallet-w_removable-platform-3.jpg","datePublished":"2025-06-09T14:29:11+00:00","dateModified":"2025-06-16T12:06:22+00:00","breadcrumb":{"@id":"https:\/\/modern-fluids.com\/termek\/karmento-talca-leveheto-raccsal\/#breadcrumb"},"inLanguage":"en-GB","potentialAction":[{"@type":"ReadAction","target":["https:\/\/modern-fluids.com\/termek\/karmento-talca-leveheto-raccsal\/"]}]},{"@type":"ImageObject","inLanguage":"en-GB","@id":"https:\/\/modern-fluids.com\/termek\/karmento-talca-leveheto-raccsal\/#primaryimage","url":"https:\/\/modern-fluids.com\/wp-content\/uploads\/2025\/06\/Drum-spill-pallet-w_removable-platform-3.jpg","contentUrl":"https:\/\/modern-fluids.com\/wp-content\/uploads\/2025\/06\/Drum-spill-pallet-w_removable-platform-3.jpg","width":1520,"height":1520},{"@type":"BreadcrumbList","@id":"https:\/\/modern-fluids.com\/termek\/karmento-talca-leveheto-raccsal\/#breadcrumb","itemListElement":[{"@type":"ListItem","position":1,"name":"Home","item":"https:\/\/modern-fluids.com\/"},{"@type":"ListItem","position":2,"name":"Shop","item":"https:\/\/modern-fluids.com\/uzlet\/"},{"@type":"ListItem","position":3,"name":"K\u00e1rment\u0151 t\u00e1lca (levehet\u0151 r\u00e1ccsal)"}]},{"@type":"WebSite","@id":"https:\/\/modern-fluids.com\/#website","url":"https:\/\/modern-fluids.com\/","name":"Modern Fluids","description":"","potentialAction":[{"@type":"SearchAction","target":{"@type":"EntryPoint","urlTemplate":"https:\/\/modern-fluids.com\/?s={search_term_string}"},"query-input":{"@type":"PropertyValueSpecification","valueRequired":true,"valueName":"search_term_string"}}],"inLanguage":"en-GB"}]}},"_links":{"self":[{"href":"https:\/\/modern-fluids.com\/en\/wp-json\/wp\/v2\/product\/1305","targetHints":{"allow":["GET"]}}],"collection":[{"href":"https:\/\/modern-fluids.com\/en\/wp-json\/wp\/v2\/product"}],"about":[{"href":"https:\/\/modern-fluids.com\/en\/wp-json\/wp\/v2\/types\/product"}],"replies":[{"embeddable":true,"href":"https:\/\/modern-fluids.com\/en\/wp-json\/wp\/v2\/comments?post=1305"}],"wp:featuredmedia":[{"embeddable":true,"href":"https:\/\/modern-fluids.com\/en\/wp-json\/wp\/v2\/media\/1254"}],"wp:attachment":[{"href":"https:\/\/modern-fluids.com\/en\/wp-json\/wp\/v2\/media?parent=1305"}],"wp:term":[{"taxonomy":"product_brand","embeddable":true,"href":"https:\/\/modern-fluids.com\/en\/wp-json\/wp\/v2\/product_brand?post=1305"},{"taxonomy":"product_cat","embeddable":true,"href":"https:\/\/modern-fluids.com\/en\/wp-json\/wp\/v2\/product_cat?post=1305"},{"taxonomy":"product_tag","embeddable":true,"href":"https:\/\/modern-fluids.com\/en\/wp-json\/wp\/v2\/product_tag?post=1305"}],"curies":[{"name":"wp","href":"https:\/\/api.w.org\/{rel}","templated":true}]}}