{"id":1306,"date":"2025-06-09T16:29:11","date_gmt":"2025-06-09T14:29:11","guid":{"rendered":"https:\/\/modern-fluids.com\/termek\/kabi-hordopumpa\/"},"modified":"2025-06-16T14:06:28","modified_gmt":"2025-06-16T12:06:28","slug":"kabi-hordopumpa","status":"publish","type":"product","link":"https:\/\/modern-fluids.com\/en\/product\/kabi-hordopumpa\/","title":{"rendered":"KABI Carrying pump"},"content":{"rendered":"","protected":false},"excerpt":{"rendered":"<p>Popular pump design for professional use, the pump body is made of powder coated steel and the top and bottom are made of cast aluminium for maximum strength. 2\u2033R connection for steel drums from 50 to 208 litres. Pump handle in steel with rubber grip. Supplied with curved spout and telescopic steel suction hose.<\/p>","protected":false},"featured_media":1256,"comment_status":"closed","ping_status":"closed","template":"","meta":[],"product_brand":[113],"product_cat":[112],"product_tag":[],"class_list":{"0":"post-1306","1":"product","2":"type-product","3":"status-publish","4":"has-post-thumbnail","6":"product_brand-kabi","7":"product_cat-kabi","9":"first","10":"instock","11":"taxable","12":"shipping-taxable","13":"purchasable","14":"product-type-simple"},"yoast_head":"<!-- This site is optimized with the Yoast SEO Premium plugin v26.8 (Yoast SEO v26.8) - https:\/\/yoast.com\/product\/yoast-seo-premium-wordpress\/ -->\n<title>KABI Hord\u00f3pumpa - Modern Fluids<\/title>\n<meta name=\"robots\" content=\"index, follow, max-snippet:-1, max-image-preview:large, max-video-preview:-1\" \/>\n<link rel=\"canonical\" href=\"https:\/\/modern-fluids.com\/en\/product\/kabi-hordopumpa\/\" \/>\n<meta property=\"og:locale\" content=\"en_GB\" \/>\n<meta property=\"og:type\" content=\"article\" \/>\n<meta property=\"og:title\" content=\"KABI Hord\u00f3pumpa\" \/>\n<meta property=\"og:description\" content=\"N\u00e9pszer\u0171 szivatty\u00fa kialak\u00edt\u00e1s professzion\u00e1lis haszn\u00e1latra, a szivatty\u00fatest porsz\u00f3rt ac\u00e9lb\u00f3l, a fels\u0151 \u00e9s als\u00f3 r\u00e9sz pedig \u00f6nt\u00f6tt alum\u00edniumb\u00f3l k\u00e9sz\u00fclt a maxim\u00e1lis szil\u00e1rds\u00e1g \u00e9rdek\u00e9ben. 2\u2033R csatlakoz\u00f3 50 - 208 literes ac\u00e9lhord\u00f3khoz. Szivatty\u00fa foganty\u00fa ac\u00e9lb\u00f3l, gumi markolattal. \u00cdvelt kifoly\u00f3val \u00e9s teleszk\u00f3pos ac\u00e9l sz\u00edv\u00f3cs\u0151vel sz\u00e1ll\u00edtjuk.\" \/>\n<meta property=\"og:url\" content=\"https:\/\/modern-fluids.com\/en\/product\/kabi-hordopumpa\/\" \/>\n<meta property=\"og:site_name\" content=\"Modern Fluids\" \/>\n<meta property=\"article:modified_time\" content=\"2025-06-16T12:06:28+00:00\" \/>\n<meta property=\"og:image\" content=\"https:\/\/modern-fluids.com\/wp-content\/uploads\/2025\/06\/KABI-Lever-Action-Barrel-Pump.jpg\" \/>\n\t<meta property=\"og:image:width\" content=\"2048\" \/>\n\t<meta property=\"og:image:height\" content=\"2048\" \/>\n\t<meta property=\"og:image:type\" content=\"image\/jpeg\" \/>\n<meta name=\"twitter:card\" content=\"summary_large_image\" \/>\n<script type=\"application\/ld+json\" class=\"yoast-schema-graph\">{\"@context\":\"https:\/\/schema.org\",\"@graph\":[{\"@type\":\"WebPage\",\"@id\":\"https:\/\/modern-fluids.com\/termek\/kabi-hordopumpa\/\",\"url\":\"https:\/\/modern-fluids.com\/termek\/kabi-hordopumpa\/\",\"name\":\"KABI Hord\u00f3pumpa - Modern Fluids\",\"isPartOf\":{\"@id\":\"https:\/\/modern-fluids.com\/#website\"},\"primaryImageOfPage\":{\"@id\":\"https:\/\/modern-fluids.com\/termek\/kabi-hordopumpa\/#primaryimage\"},\"image\":{\"@id\":\"https:\/\/modern-fluids.com\/termek\/kabi-hordopumpa\/#primaryimage\"},\"thumbnailUrl\":\"https:\/\/modern-fluids.com\/wp-content\/uploads\/2025\/06\/KABI-Lever-Action-Barrel-Pump.jpg\",\"datePublished\":\"2025-06-09T14:29:11+00:00\",\"dateModified\":\"2025-06-16T12:06:28+00:00\",\"breadcrumb\":{\"@id\":\"https:\/\/modern-fluids.com\/termek\/kabi-hordopumpa\/#breadcrumb\"},\"inLanguage\":\"en-GB\",\"potentialAction\":[{\"@type\":\"ReadAction\",\"target\":[\"https:\/\/modern-fluids.com\/termek\/kabi-hordopumpa\/\"]}]},{\"@type\":\"ImageObject\",\"inLanguage\":\"en-GB\",\"@id\":\"https:\/\/modern-fluids.com\/termek\/kabi-hordopumpa\/#primaryimage\",\"url\":\"https:\/\/modern-fluids.com\/wp-content\/uploads\/2025\/06\/KABI-Lever-Action-Barrel-Pump.jpg\",\"contentUrl\":\"https:\/\/modern-fluids.com\/wp-content\/uploads\/2025\/06\/KABI-Lever-Action-Barrel-Pump.jpg\",\"width\":2048,\"height\":2048},{\"@type\":\"BreadcrumbList\",\"@id\":\"https:\/\/modern-fluids.com\/termek\/kabi-hordopumpa\/#breadcrumb\",\"itemListElement\":[{\"@type\":\"ListItem\",\"position\":1,\"name\":\"Home\",\"item\":\"https:\/\/modern-fluids.com\/\"},{\"@type\":\"ListItem\",\"position\":2,\"name\":\"Shop\",\"item\":\"https:\/\/modern-fluids.com\/uzlet\/\"},{\"@type\":\"ListItem\",\"position\":3,\"name\":\"KABI Hord\u00f3pumpa\"}]},{\"@type\":\"WebSite\",\"@id\":\"https:\/\/modern-fluids.com\/#website\",\"url\":\"https:\/\/modern-fluids.com\/\",\"name\":\"Modern Fluids\",\"description\":\"\",\"potentialAction\":[{\"@type\":\"SearchAction\",\"target\":{\"@type\":\"EntryPoint\",\"urlTemplate\":\"https:\/\/modern-fluids.com\/?s={search_term_string}\"},\"query-input\":{\"@type\":\"PropertyValueSpecification\",\"valueRequired\":true,\"valueName\":\"search_term_string\"}}],\"inLanguage\":\"en-GB\"}]}<\/script>\n<!-- \/ Yoast SEO Premium plugin. -->","yoast_head_json":{"title":"KABI Hord\u00f3pumpa - Modern Fluids","robots":{"index":"index","follow":"follow","max-snippet":"max-snippet:-1","max-image-preview":"max-image-preview:large","max-video-preview":"max-video-preview:-1"},"canonical":"https:\/\/modern-fluids.com\/en\/product\/kabi-hordopumpa\/","og_locale":"en_GB","og_type":"article","og_title":"KABI Hord\u00f3pumpa","og_description":"N\u00e9pszer\u0171 szivatty\u00fa kialak\u00edt\u00e1s professzion\u00e1lis haszn\u00e1latra, a szivatty\u00fatest porsz\u00f3rt ac\u00e9lb\u00f3l, a fels\u0151 \u00e9s als\u00f3 r\u00e9sz pedig \u00f6nt\u00f6tt alum\u00edniumb\u00f3l k\u00e9sz\u00fclt a maxim\u00e1lis szil\u00e1rds\u00e1g \u00e9rdek\u00e9ben. 2\u2033R csatlakoz\u00f3 50 - 208 literes ac\u00e9lhord\u00f3khoz. Szivatty\u00fa foganty\u00fa ac\u00e9lb\u00f3l, gumi markolattal. \u00cdvelt kifoly\u00f3val \u00e9s teleszk\u00f3pos ac\u00e9l sz\u00edv\u00f3cs\u0151vel sz\u00e1ll\u00edtjuk.","og_url":"https:\/\/modern-fluids.com\/en\/product\/kabi-hordopumpa\/","og_site_name":"Modern Fluids","article_modified_time":"2025-06-16T12:06:28+00:00","og_image":[{"width":2048,"height":2048,"url":"https:\/\/modern-fluids.com\/wp-content\/uploads\/2025\/06\/KABI-Lever-Action-Barrel-Pump.jpg","type":"image\/jpeg"}],"twitter_card":"summary_large_image","schema":{"@context":"https:\/\/schema.org","@graph":[{"@type":"WebPage","@id":"https:\/\/modern-fluids.com\/termek\/kabi-hordopumpa\/","url":"https:\/\/modern-fluids.com\/termek\/kabi-hordopumpa\/","name":"KABI Hord\u00f3pumpa - Modern Fluids","isPartOf":{"@id":"https:\/\/modern-fluids.com\/#website"},"primaryImageOfPage":{"@id":"https:\/\/modern-fluids.com\/termek\/kabi-hordopumpa\/#primaryimage"},"image":{"@id":"https:\/\/modern-fluids.com\/termek\/kabi-hordopumpa\/#primaryimage"},"thumbnailUrl":"https:\/\/modern-fluids.com\/wp-content\/uploads\/2025\/06\/KABI-Lever-Action-Barrel-Pump.jpg","datePublished":"2025-06-09T14:29:11+00:00","dateModified":"2025-06-16T12:06:28+00:00","breadcrumb":{"@id":"https:\/\/modern-fluids.com\/termek\/kabi-hordopumpa\/#breadcrumb"},"inLanguage":"en-GB","potentialAction":[{"@type":"ReadAction","target":["https:\/\/modern-fluids.com\/termek\/kabi-hordopumpa\/"]}]},{"@type":"ImageObject","inLanguage":"en-GB","@id":"https:\/\/modern-fluids.com\/termek\/kabi-hordopumpa\/#primaryimage","url":"https:\/\/modern-fluids.com\/wp-content\/uploads\/2025\/06\/KABI-Lever-Action-Barrel-Pump.jpg","contentUrl":"https:\/\/modern-fluids.com\/wp-content\/uploads\/2025\/06\/KABI-Lever-Action-Barrel-Pump.jpg","width":2048,"height":2048},{"@type":"BreadcrumbList","@id":"https:\/\/modern-fluids.com\/termek\/kabi-hordopumpa\/#breadcrumb","itemListElement":[{"@type":"ListItem","position":1,"name":"Home","item":"https:\/\/modern-fluids.com\/"},{"@type":"ListItem","position":2,"name":"Shop","item":"https:\/\/modern-fluids.com\/uzlet\/"},{"@type":"ListItem","position":3,"name":"KABI Hord\u00f3pumpa"}]},{"@type":"WebSite","@id":"https:\/\/modern-fluids.com\/#website","url":"https:\/\/modern-fluids.com\/","name":"Modern Fluids","description":"","potentialAction":[{"@type":"SearchAction","target":{"@type":"EntryPoint","urlTemplate":"https:\/\/modern-fluids.com\/?s={search_term_string}"},"query-input":{"@type":"PropertyValueSpecification","valueRequired":true,"valueName":"search_term_string"}}],"inLanguage":"en-GB"}]}},"_links":{"self":[{"href":"https:\/\/modern-fluids.com\/en\/wp-json\/wp\/v2\/product\/1306","targetHints":{"allow":["GET"]}}],"collection":[{"href":"https:\/\/modern-fluids.com\/en\/wp-json\/wp\/v2\/product"}],"about":[{"href":"https:\/\/modern-fluids.com\/en\/wp-json\/wp\/v2\/types\/product"}],"replies":[{"embeddable":true,"href":"https:\/\/modern-fluids.com\/en\/wp-json\/wp\/v2\/comments?post=1306"}],"wp:featuredmedia":[{"embeddable":true,"href":"https:\/\/modern-fluids.com\/en\/wp-json\/wp\/v2\/media\/1256"}],"wp:attachment":[{"href":"https:\/\/modern-fluids.com\/en\/wp-json\/wp\/v2\/media?parent=1306"}],"wp:term":[{"taxonomy":"product_brand","embeddable":true,"href":"https:\/\/modern-fluids.com\/en\/wp-json\/wp\/v2\/product_brand?post=1306"},{"taxonomy":"product_cat","embeddable":true,"href":"https:\/\/modern-fluids.com\/en\/wp-json\/wp\/v2\/product_cat?post=1306"},{"taxonomy":"product_tag","embeddable":true,"href":"https:\/\/modern-fluids.com\/en\/wp-json\/wp\/v2\/product_tag?post=1306"}],"curies":[{"name":"wp","href":"https:\/\/api.w.org\/{rel}","templated":true}]}}