{"id":1307,"date":"2025-06-09T16:29:11","date_gmt":"2025-06-09T14:29:11","guid":{"rendered":"https:\/\/modern-fluids.com\/termek\/kabi-hordopumpa-tekeros\/"},"modified":"2025-06-16T14:06:32","modified_gmt":"2025-06-16T12:06:32","slug":"kabi-hordopumpa-tekeros","status":"publish","type":"product","link":"https:\/\/modern-fluids.com\/en\/product\/kabi-hordopumpa-tekeros\/","title":{"rendered":"KABI Tractor pump (artificial power)"},"content":{"rendered":"","protected":false},"excerpt":{"rendered":"<p>The KABI Classic rotary lobe pump is the most commonly used oil pump, as it is suitable for handling both dense and dilute liquid oils. The pump is made of steel with suction and discharge pipes in a compact but easy to sell package. The pump is NOT suitable for water-based media, antifreeze, solvents, acids, petrol, etc.<\/p>","protected":false},"featured_media":1257,"comment_status":"closed","ping_status":"closed","template":"","meta":[],"product_brand":[113],"product_cat":[112],"product_tag":[],"class_list":{"0":"post-1307","1":"product","2":"type-product","3":"status-publish","4":"has-post-thumbnail","6":"product_brand-kabi","7":"product_cat-kabi","9":"first","10":"instock","11":"taxable","12":"shipping-taxable","13":"purchasable","14":"product-type-simple"},"yoast_head":"<!-- This site is optimized with the Yoast SEO Premium plugin v26.8 (Yoast SEO v26.8) - https:\/\/yoast.com\/product\/yoast-seo-premium-wordpress\/ -->\n<title>KABI H\u00f3rd\u00f3pumpa (teker\u0151s) - Modern Fluids<\/title>\n<meta name=\"robots\" content=\"index, follow, max-snippet:-1, max-image-preview:large, max-video-preview:-1\" \/>\n<link rel=\"canonical\" href=\"https:\/\/modern-fluids.com\/en\/product\/kabi-hordopumpa-tekeros\/\" \/>\n<meta property=\"og:locale\" content=\"en_GB\" \/>\n<meta property=\"og:type\" content=\"article\" \/>\n<meta property=\"og:title\" content=\"KABI H\u00f3rd\u00f3pumpa (teker\u0151s)\" \/>\n<meta property=\"og:description\" content=\"A KABI Classic forg\u00f3szivatty\u00fa a leggyakrabban haszn\u00e1lt olajszivatty\u00fa, mivel mind a s\u0171r\u0171, mind a h\u00edg foly\u00e9kony olajok kezel\u00e9s\u00e9re alkalmas. A szivatty\u00fa kompakt, de j\u00f3l eladhat\u00f3 csomagol\u00e1sban, sz\u00edv\u00f3- \u00e9s nyom\u00f3cs\u0151vel ac\u00e9lb\u00f3l k\u00e9sz\u00fcl. A szivatty\u00fa NEM haszn\u00e1lhat\u00f3 v\u00edzb\u00e1zis\u00fa k\u00f6zegekhez, fagy\u00e1ll\u00f3hoz, old\u00f3szerekhez, savakhoz, benzinhez stb.\" \/>\n<meta property=\"og:url\" content=\"https:\/\/modern-fluids.com\/en\/product\/kabi-hordopumpa-tekeros\/\" \/>\n<meta property=\"og:site_name\" content=\"Modern Fluids\" \/>\n<meta property=\"article:modified_time\" content=\"2025-06-16T12:06:32+00:00\" \/>\n<meta property=\"og:image\" content=\"https:\/\/modern-fluids.com\/wp-content\/uploads\/2025\/06\/KABI-Rotation-Pump-CLASSIC.jpg\" \/>\n\t<meta property=\"og:image:width\" content=\"2048\" \/>\n\t<meta property=\"og:image:height\" content=\"2048\" \/>\n\t<meta property=\"og:image:type\" content=\"image\/jpeg\" \/>\n<meta name=\"twitter:card\" content=\"summary_large_image\" \/>\n<script type=\"application\/ld+json\" class=\"yoast-schema-graph\">{\"@context\":\"https:\/\/schema.org\",\"@graph\":[{\"@type\":\"WebPage\",\"@id\":\"https:\/\/modern-fluids.com\/termek\/kabi-hordopumpa-tekeros\/\",\"url\":\"https:\/\/modern-fluids.com\/termek\/kabi-hordopumpa-tekeros\/\",\"name\":\"KABI H\u00f3rd\u00f3pumpa (teker\u0151s) - Modern Fluids\",\"isPartOf\":{\"@id\":\"https:\/\/modern-fluids.com\/#website\"},\"primaryImageOfPage\":{\"@id\":\"https:\/\/modern-fluids.com\/termek\/kabi-hordopumpa-tekeros\/#primaryimage\"},\"image\":{\"@id\":\"https:\/\/modern-fluids.com\/termek\/kabi-hordopumpa-tekeros\/#primaryimage\"},\"thumbnailUrl\":\"https:\/\/modern-fluids.com\/wp-content\/uploads\/2025\/06\/KABI-Rotation-Pump-CLASSIC.jpg\",\"datePublished\":\"2025-06-09T14:29:11+00:00\",\"dateModified\":\"2025-06-16T12:06:32+00:00\",\"breadcrumb\":{\"@id\":\"https:\/\/modern-fluids.com\/termek\/kabi-hordopumpa-tekeros\/#breadcrumb\"},\"inLanguage\":\"en-GB\",\"potentialAction\":[{\"@type\":\"ReadAction\",\"target\":[\"https:\/\/modern-fluids.com\/termek\/kabi-hordopumpa-tekeros\/\"]}]},{\"@type\":\"ImageObject\",\"inLanguage\":\"en-GB\",\"@id\":\"https:\/\/modern-fluids.com\/termek\/kabi-hordopumpa-tekeros\/#primaryimage\",\"url\":\"https:\/\/modern-fluids.com\/wp-content\/uploads\/2025\/06\/KABI-Rotation-Pump-CLASSIC.jpg\",\"contentUrl\":\"https:\/\/modern-fluids.com\/wp-content\/uploads\/2025\/06\/KABI-Rotation-Pump-CLASSIC.jpg\",\"width\":2048,\"height\":2048},{\"@type\":\"BreadcrumbList\",\"@id\":\"https:\/\/modern-fluids.com\/termek\/kabi-hordopumpa-tekeros\/#breadcrumb\",\"itemListElement\":[{\"@type\":\"ListItem\",\"position\":1,\"name\":\"Home\",\"item\":\"https:\/\/modern-fluids.com\/\"},{\"@type\":\"ListItem\",\"position\":2,\"name\":\"Shop\",\"item\":\"https:\/\/modern-fluids.com\/uzlet\/\"},{\"@type\":\"ListItem\",\"position\":3,\"name\":\"KABI H\u00f3rd\u00f3pumpa (teker\u0151s)\"}]},{\"@type\":\"WebSite\",\"@id\":\"https:\/\/modern-fluids.com\/#website\",\"url\":\"https:\/\/modern-fluids.com\/\",\"name\":\"Modern Fluids\",\"description\":\"\",\"potentialAction\":[{\"@type\":\"SearchAction\",\"target\":{\"@type\":\"EntryPoint\",\"urlTemplate\":\"https:\/\/modern-fluids.com\/?s={search_term_string}\"},\"query-input\":{\"@type\":\"PropertyValueSpecification\",\"valueRequired\":true,\"valueName\":\"search_term_string\"}}],\"inLanguage\":\"en-GB\"}]}<\/script>\n<!-- \/ Yoast SEO Premium plugin. -->","yoast_head_json":{"title":"KABI H\u00f3rd\u00f3pumpa (teker\u0151s) - Modern Fluids","robots":{"index":"index","follow":"follow","max-snippet":"max-snippet:-1","max-image-preview":"max-image-preview:large","max-video-preview":"max-video-preview:-1"},"canonical":"https:\/\/modern-fluids.com\/en\/product\/kabi-hordopumpa-tekeros\/","og_locale":"en_GB","og_type":"article","og_title":"KABI H\u00f3rd\u00f3pumpa (teker\u0151s)","og_description":"A KABI Classic forg\u00f3szivatty\u00fa a leggyakrabban haszn\u00e1lt olajszivatty\u00fa, mivel mind a s\u0171r\u0171, mind a h\u00edg foly\u00e9kony olajok kezel\u00e9s\u00e9re alkalmas. A szivatty\u00fa kompakt, de j\u00f3l eladhat\u00f3 csomagol\u00e1sban, sz\u00edv\u00f3- \u00e9s nyom\u00f3cs\u0151vel ac\u00e9lb\u00f3l k\u00e9sz\u00fcl. A szivatty\u00fa NEM haszn\u00e1lhat\u00f3 v\u00edzb\u00e1zis\u00fa k\u00f6zegekhez, fagy\u00e1ll\u00f3hoz, old\u00f3szerekhez, savakhoz, benzinhez stb.","og_url":"https:\/\/modern-fluids.com\/en\/product\/kabi-hordopumpa-tekeros\/","og_site_name":"Modern Fluids","article_modified_time":"2025-06-16T12:06:32+00:00","og_image":[{"width":2048,"height":2048,"url":"https:\/\/modern-fluids.com\/wp-content\/uploads\/2025\/06\/KABI-Rotation-Pump-CLASSIC.jpg","type":"image\/jpeg"}],"twitter_card":"summary_large_image","schema":{"@context":"https:\/\/schema.org","@graph":[{"@type":"WebPage","@id":"https:\/\/modern-fluids.com\/termek\/kabi-hordopumpa-tekeros\/","url":"https:\/\/modern-fluids.com\/termek\/kabi-hordopumpa-tekeros\/","name":"KABI H\u00f3rd\u00f3pumpa (teker\u0151s) - Modern Fluids","isPartOf":{"@id":"https:\/\/modern-fluids.com\/#website"},"primaryImageOfPage":{"@id":"https:\/\/modern-fluids.com\/termek\/kabi-hordopumpa-tekeros\/#primaryimage"},"image":{"@id":"https:\/\/modern-fluids.com\/termek\/kabi-hordopumpa-tekeros\/#primaryimage"},"thumbnailUrl":"https:\/\/modern-fluids.com\/wp-content\/uploads\/2025\/06\/KABI-Rotation-Pump-CLASSIC.jpg","datePublished":"2025-06-09T14:29:11+00:00","dateModified":"2025-06-16T12:06:32+00:00","breadcrumb":{"@id":"https:\/\/modern-fluids.com\/termek\/kabi-hordopumpa-tekeros\/#breadcrumb"},"inLanguage":"en-GB","potentialAction":[{"@type":"ReadAction","target":["https:\/\/modern-fluids.com\/termek\/kabi-hordopumpa-tekeros\/"]}]},{"@type":"ImageObject","inLanguage":"en-GB","@id":"https:\/\/modern-fluids.com\/termek\/kabi-hordopumpa-tekeros\/#primaryimage","url":"https:\/\/modern-fluids.com\/wp-content\/uploads\/2025\/06\/KABI-Rotation-Pump-CLASSIC.jpg","contentUrl":"https:\/\/modern-fluids.com\/wp-content\/uploads\/2025\/06\/KABI-Rotation-Pump-CLASSIC.jpg","width":2048,"height":2048},{"@type":"BreadcrumbList","@id":"https:\/\/modern-fluids.com\/termek\/kabi-hordopumpa-tekeros\/#breadcrumb","itemListElement":[{"@type":"ListItem","position":1,"name":"Home","item":"https:\/\/modern-fluids.com\/"},{"@type":"ListItem","position":2,"name":"Shop","item":"https:\/\/modern-fluids.com\/uzlet\/"},{"@type":"ListItem","position":3,"name":"KABI H\u00f3rd\u00f3pumpa (teker\u0151s)"}]},{"@type":"WebSite","@id":"https:\/\/modern-fluids.com\/#website","url":"https:\/\/modern-fluids.com\/","name":"Modern Fluids","description":"","potentialAction":[{"@type":"SearchAction","target":{"@type":"EntryPoint","urlTemplate":"https:\/\/modern-fluids.com\/?s={search_term_string}"},"query-input":{"@type":"PropertyValueSpecification","valueRequired":true,"valueName":"search_term_string"}}],"inLanguage":"en-GB"}]}},"_links":{"self":[{"href":"https:\/\/modern-fluids.com\/en\/wp-json\/wp\/v2\/product\/1307","targetHints":{"allow":["GET"]}}],"collection":[{"href":"https:\/\/modern-fluids.com\/en\/wp-json\/wp\/v2\/product"}],"about":[{"href":"https:\/\/modern-fluids.com\/en\/wp-json\/wp\/v2\/types\/product"}],"replies":[{"embeddable":true,"href":"https:\/\/modern-fluids.com\/en\/wp-json\/wp\/v2\/comments?post=1307"}],"wp:featuredmedia":[{"embeddable":true,"href":"https:\/\/modern-fluids.com\/en\/wp-json\/wp\/v2\/media\/1257"}],"wp:attachment":[{"href":"https:\/\/modern-fluids.com\/en\/wp-json\/wp\/v2\/media?parent=1307"}],"wp:term":[{"taxonomy":"product_brand","embeddable":true,"href":"https:\/\/modern-fluids.com\/en\/wp-json\/wp\/v2\/product_brand?post=1307"},{"taxonomy":"product_cat","embeddable":true,"href":"https:\/\/modern-fluids.com\/en\/wp-json\/wp\/v2\/product_cat?post=1307"},{"taxonomy":"product_tag","embeddable":true,"href":"https:\/\/modern-fluids.com\/en\/wp-json\/wp\/v2\/product_tag?post=1307"}],"curies":[{"name":"wp","href":"https:\/\/api.w.org\/{rel}","templated":true}]}}