{"id":1310,"date":"2025-06-09T16:29:11","date_gmt":"2025-06-09T14:29:11","guid":{"rendered":"https:\/\/modern-fluids.com\/termek\/kabi-mobil-olajkezelo-rendszer-205-l\/"},"modified":"2025-06-16T14:06:30","modified_gmt":"2025-06-16T12:06:30","slug":"kabi-mobil-olajkezelo-rendszer-205-l","status":"publish","type":"product","link":"https:\/\/modern-fluids.com\/en\/product\/kabi-mobil-olajkezelo-rendszer-205-l\/","title":{"rendered":"KABI mobile oil treatment system 205 l"},"content":{"rendered":"","protected":false},"excerpt":{"rendered":"<p>KABI mobile oil system for 200 litre drums.<br \/>\nSuitable for lubricating oil up to SAE 130.<br \/>\nThe pump MUST be equipped with a mist eliminator, water separator and FRL control unit (60286).<\/p>","protected":false},"featured_media":1258,"comment_status":"closed","ping_status":"open","template":"","meta":[],"product_brand":[113],"product_cat":[112],"product_tag":[],"class_list":{"0":"post-1310","1":"product","2":"type-product","3":"status-publish","4":"has-post-thumbnail","6":"product_brand-kabi","7":"product_cat-kabi","9":"first","10":"instock","11":"taxable","12":"shipping-taxable","13":"purchasable","14":"product-type-simple"},"yoast_head":"<!-- This site is optimized with the Yoast SEO Premium plugin v26.8 (Yoast SEO v26.8) - https:\/\/yoast.com\/product\/yoast-seo-premium-wordpress\/ -->\n<title>KABI mobil olajkezel\u0151 rendszer 205\u202fl - Modern Fluids<\/title>\n<meta name=\"robots\" content=\"index, follow, max-snippet:-1, max-image-preview:large, max-video-preview:-1\" \/>\n<link rel=\"canonical\" href=\"https:\/\/modern-fluids.com\/en\/product\/kabi-mobil-olajkezelo-rendszer-205-l\/\" \/>\n<meta property=\"og:locale\" content=\"en_GB\" \/>\n<meta property=\"og:type\" content=\"article\" \/>\n<meta property=\"og:title\" content=\"KABI mobil olajkezel\u0151 rendszer 205\u202fl\" \/>\n<meta property=\"og:description\" content=\"KABI mobil olajrendszer 200 literes hord\u00f3khoz. Alkalmas ken\u0151olajhoz SAE 130-ig. A szivatty\u00fat K\u00d6TELEZ\u0150 felszerelni k\u00f6dken\u00e9ssel, v\u00edzlev\u00e1laszt\u00f3val \u00e9s FRL szab\u00e1lyoz\u00f3egys\u00e9ggel (60286).\" \/>\n<meta property=\"og:url\" content=\"https:\/\/modern-fluids.com\/en\/product\/kabi-mobil-olajkezelo-rendszer-205-l\/\" \/>\n<meta property=\"og:site_name\" content=\"Modern Fluids\" \/>\n<meta property=\"article:modified_time\" content=\"2025-06-16T12:06:30+00:00\" \/>\n<meta property=\"og:image\" content=\"https:\/\/modern-fluids.com\/wp-content\/uploads\/2025\/06\/KABI-Stationary-Oil-System-for-180-205-l.jpg\" \/>\n\t<meta property=\"og:image:width\" content=\"1600\" \/>\n\t<meta property=\"og:image:height\" content=\"1600\" \/>\n\t<meta property=\"og:image:type\" content=\"image\/jpeg\" \/>\n<meta name=\"twitter:card\" content=\"summary_large_image\" \/>\n<script type=\"application\/ld+json\" class=\"yoast-schema-graph\">{\"@context\":\"https:\/\/schema.org\",\"@graph\":[{\"@type\":\"WebPage\",\"@id\":\"https:\/\/modern-fluids.com\/termek\/kabi-mobil-olajkezelo-rendszer-205-l\/\",\"url\":\"https:\/\/modern-fluids.com\/termek\/kabi-mobil-olajkezelo-rendszer-205-l\/\",\"name\":\"KABI mobil olajkezel\u0151 rendszer 205\u202fl - Modern Fluids\",\"isPartOf\":{\"@id\":\"https:\/\/modern-fluids.com\/#website\"},\"primaryImageOfPage\":{\"@id\":\"https:\/\/modern-fluids.com\/termek\/kabi-mobil-olajkezelo-rendszer-205-l\/#primaryimage\"},\"image\":{\"@id\":\"https:\/\/modern-fluids.com\/termek\/kabi-mobil-olajkezelo-rendszer-205-l\/#primaryimage\"},\"thumbnailUrl\":\"https:\/\/modern-fluids.com\/wp-content\/uploads\/2025\/06\/KABI-Stationary-Oil-System-for-180-205-l.jpg\",\"datePublished\":\"2025-06-09T14:29:11+00:00\",\"dateModified\":\"2025-06-16T12:06:30+00:00\",\"breadcrumb\":{\"@id\":\"https:\/\/modern-fluids.com\/termek\/kabi-mobil-olajkezelo-rendszer-205-l\/#breadcrumb\"},\"inLanguage\":\"en-GB\",\"potentialAction\":[{\"@type\":\"ReadAction\",\"target\":[\"https:\/\/modern-fluids.com\/termek\/kabi-mobil-olajkezelo-rendszer-205-l\/\"]}]},{\"@type\":\"ImageObject\",\"inLanguage\":\"en-GB\",\"@id\":\"https:\/\/modern-fluids.com\/termek\/kabi-mobil-olajkezelo-rendszer-205-l\/#primaryimage\",\"url\":\"https:\/\/modern-fluids.com\/wp-content\/uploads\/2025\/06\/KABI-Stationary-Oil-System-for-180-205-l.jpg\",\"contentUrl\":\"https:\/\/modern-fluids.com\/wp-content\/uploads\/2025\/06\/KABI-Stationary-Oil-System-for-180-205-l.jpg\",\"width\":1600,\"height\":1600},{\"@type\":\"BreadcrumbList\",\"@id\":\"https:\/\/modern-fluids.com\/termek\/kabi-mobil-olajkezelo-rendszer-205-l\/#breadcrumb\",\"itemListElement\":[{\"@type\":\"ListItem\",\"position\":1,\"name\":\"Home\",\"item\":\"https:\/\/modern-fluids.com\/\"},{\"@type\":\"ListItem\",\"position\":2,\"name\":\"Shop\",\"item\":\"https:\/\/modern-fluids.com\/uzlet\/\"},{\"@type\":\"ListItem\",\"position\":3,\"name\":\"KABI mobil olajkezel\u0151 rendszer 205\u202fl\"}]},{\"@type\":\"WebSite\",\"@id\":\"https:\/\/modern-fluids.com\/#website\",\"url\":\"https:\/\/modern-fluids.com\/\",\"name\":\"Modern Fluids\",\"description\":\"\",\"potentialAction\":[{\"@type\":\"SearchAction\",\"target\":{\"@type\":\"EntryPoint\",\"urlTemplate\":\"https:\/\/modern-fluids.com\/?s={search_term_string}\"},\"query-input\":{\"@type\":\"PropertyValueSpecification\",\"valueRequired\":true,\"valueName\":\"search_term_string\"}}],\"inLanguage\":\"en-GB\"}]}<\/script>\n<!-- \/ Yoast SEO Premium plugin. -->","yoast_head_json":{"title":"KABI mobil olajkezel\u0151 rendszer 205\u202fl - Modern Fluids","robots":{"index":"index","follow":"follow","max-snippet":"max-snippet:-1","max-image-preview":"max-image-preview:large","max-video-preview":"max-video-preview:-1"},"canonical":"https:\/\/modern-fluids.com\/en\/product\/kabi-mobil-olajkezelo-rendszer-205-l\/","og_locale":"en_GB","og_type":"article","og_title":"KABI mobil olajkezel\u0151 rendszer 205\u202fl","og_description":"KABI mobil olajrendszer 200 literes hord\u00f3khoz. Alkalmas ken\u0151olajhoz SAE 130-ig. A szivatty\u00fat K\u00d6TELEZ\u0150 felszerelni k\u00f6dken\u00e9ssel, v\u00edzlev\u00e1laszt\u00f3val \u00e9s FRL szab\u00e1lyoz\u00f3egys\u00e9ggel (60286).","og_url":"https:\/\/modern-fluids.com\/en\/product\/kabi-mobil-olajkezelo-rendszer-205-l\/","og_site_name":"Modern Fluids","article_modified_time":"2025-06-16T12:06:30+00:00","og_image":[{"width":1600,"height":1600,"url":"https:\/\/modern-fluids.com\/wp-content\/uploads\/2025\/06\/KABI-Stationary-Oil-System-for-180-205-l.jpg","type":"image\/jpeg"}],"twitter_card":"summary_large_image","schema":{"@context":"https:\/\/schema.org","@graph":[{"@type":"WebPage","@id":"https:\/\/modern-fluids.com\/termek\/kabi-mobil-olajkezelo-rendszer-205-l\/","url":"https:\/\/modern-fluids.com\/termek\/kabi-mobil-olajkezelo-rendszer-205-l\/","name":"KABI mobil olajkezel\u0151 rendszer 205\u202fl - Modern Fluids","isPartOf":{"@id":"https:\/\/modern-fluids.com\/#website"},"primaryImageOfPage":{"@id":"https:\/\/modern-fluids.com\/termek\/kabi-mobil-olajkezelo-rendszer-205-l\/#primaryimage"},"image":{"@id":"https:\/\/modern-fluids.com\/termek\/kabi-mobil-olajkezelo-rendszer-205-l\/#primaryimage"},"thumbnailUrl":"https:\/\/modern-fluids.com\/wp-content\/uploads\/2025\/06\/KABI-Stationary-Oil-System-for-180-205-l.jpg","datePublished":"2025-06-09T14:29:11+00:00","dateModified":"2025-06-16T12:06:30+00:00","breadcrumb":{"@id":"https:\/\/modern-fluids.com\/termek\/kabi-mobil-olajkezelo-rendszer-205-l\/#breadcrumb"},"inLanguage":"en-GB","potentialAction":[{"@type":"ReadAction","target":["https:\/\/modern-fluids.com\/termek\/kabi-mobil-olajkezelo-rendszer-205-l\/"]}]},{"@type":"ImageObject","inLanguage":"en-GB","@id":"https:\/\/modern-fluids.com\/termek\/kabi-mobil-olajkezelo-rendszer-205-l\/#primaryimage","url":"https:\/\/modern-fluids.com\/wp-content\/uploads\/2025\/06\/KABI-Stationary-Oil-System-for-180-205-l.jpg","contentUrl":"https:\/\/modern-fluids.com\/wp-content\/uploads\/2025\/06\/KABI-Stationary-Oil-System-for-180-205-l.jpg","width":1600,"height":1600},{"@type":"BreadcrumbList","@id":"https:\/\/modern-fluids.com\/termek\/kabi-mobil-olajkezelo-rendszer-205-l\/#breadcrumb","itemListElement":[{"@type":"ListItem","position":1,"name":"Home","item":"https:\/\/modern-fluids.com\/"},{"@type":"ListItem","position":2,"name":"Shop","item":"https:\/\/modern-fluids.com\/uzlet\/"},{"@type":"ListItem","position":3,"name":"KABI mobil olajkezel\u0151 rendszer 205\u202fl"}]},{"@type":"WebSite","@id":"https:\/\/modern-fluids.com\/#website","url":"https:\/\/modern-fluids.com\/","name":"Modern Fluids","description":"","potentialAction":[{"@type":"SearchAction","target":{"@type":"EntryPoint","urlTemplate":"https:\/\/modern-fluids.com\/?s={search_term_string}"},"query-input":{"@type":"PropertyValueSpecification","valueRequired":true,"valueName":"search_term_string"}}],"inLanguage":"en-GB"}]}},"_links":{"self":[{"href":"https:\/\/modern-fluids.com\/en\/wp-json\/wp\/v2\/product\/1310","targetHints":{"allow":["GET"]}}],"collection":[{"href":"https:\/\/modern-fluids.com\/en\/wp-json\/wp\/v2\/product"}],"about":[{"href":"https:\/\/modern-fluids.com\/en\/wp-json\/wp\/v2\/types\/product"}],"replies":[{"embeddable":true,"href":"https:\/\/modern-fluids.com\/en\/wp-json\/wp\/v2\/comments?post=1310"}],"wp:featuredmedia":[{"embeddable":true,"href":"https:\/\/modern-fluids.com\/en\/wp-json\/wp\/v2\/media\/1258"}],"wp:attachment":[{"href":"https:\/\/modern-fluids.com\/en\/wp-json\/wp\/v2\/media?parent=1310"}],"wp:term":[{"taxonomy":"product_brand","embeddable":true,"href":"https:\/\/modern-fluids.com\/en\/wp-json\/wp\/v2\/product_brand?post=1310"},{"taxonomy":"product_cat","embeddable":true,"href":"https:\/\/modern-fluids.com\/en\/wp-json\/wp\/v2\/product_cat?post=1310"},{"taxonomy":"product_tag","embeddable":true,"href":"https:\/\/modern-fluids.com\/en\/wp-json\/wp\/v2\/product_tag?post=1310"}],"curies":[{"name":"wp","href":"https:\/\/api.w.org\/{rel}","templated":true}]}}