{"id":1315,"date":"2025-06-09T16:29:11","date_gmt":"2025-06-09T14:29:11","guid":{"rendered":"https:\/\/modern-fluids.com\/termek\/kabi-hd-attolto-szivattyu\/"},"modified":"2025-06-16T14:06:27","modified_gmt":"2025-06-16T12:06:27","slug":"kabi-hd-attolto-szivattyu","status":"publish","type":"product","link":"https:\/\/modern-fluids.com\/en\/product\/kabi-hd-attolto-szivattyu\/","title":{"rendered":"KABI HD transfer pump"},"content":{"rendered":"","protected":false},"excerpt":{"rendered":"<p>A versatile pump designed for downward operation that discharges liquid when the handle is depressed. This design increases ease of use and reduces fatigue, especially when pumping heavy liquids. It also minimises the pull-out load on the pump plug.<br \/>\nThe pump can be mounted on the KABI oil treatment auxiliary cover. Includes 3 adapters.<br \/>\nThe pump can be used directly for 20\/25 litre tanks with DIN61 or DIN71 (M) thread.<\/p>","protected":false},"featured_media":1264,"comment_status":"closed","ping_status":"open","template":"","meta":[],"product_brand":[113],"product_cat":[112],"product_tag":[],"class_list":{"0":"post-1315","1":"product","2":"type-product","3":"status-publish","4":"has-post-thumbnail","6":"product_brand-kabi","7":"product_cat-kabi","9":"first","10":"instock","11":"taxable","12":"shipping-taxable","13":"purchasable","14":"product-type-simple"},"yoast_head":"<!-- This site is optimized with the Yoast SEO Premium plugin v26.8 (Yoast SEO v26.8) - https:\/\/yoast.com\/product\/yoast-seo-premium-wordpress\/ -->\n<title>KABI HD \u00e1tt\u00f6lt\u0151 szivatty\u00fa - Modern Fluids<\/title>\n<meta name=\"robots\" content=\"index, follow, max-snippet:-1, max-image-preview:large, max-video-preview:-1\" \/>\n<link rel=\"canonical\" href=\"https:\/\/modern-fluids.com\/en\/product\/kabi-hd-attolto-szivattyu\/\" \/>\n<meta property=\"og:locale\" content=\"en_GB\" \/>\n<meta property=\"og:type\" content=\"article\" \/>\n<meta property=\"og:title\" content=\"KABI HD \u00e1tt\u00f6lt\u0151 szivatty\u00fa\" \/>\n<meta property=\"og:description\" content=\"Sokoldal\u00fa, lefel\u00e9 ir\u00e1nyul\u00f3 m\u0171k\u00f6d\u00e9sre tervezett szivatty\u00fa, amely a foganty\u00fa lenyom\u00e1sakor folyad\u00e9kot bocs\u00e1t ki. Ez a kialak\u00edt\u00e1s n\u00f6veli a k\u00f6nny\u0171 haszn\u00e1latot \u00e9s cs\u00f6kkenti a f\u00e1radts\u00e1got, k\u00fcl\u00f6n\u00f6sen neh\u00e9z folyad\u00e9kok szivatty\u00faz\u00e1sakor. Ezenk\u00edv\u00fcl minimaliz\u00e1lja a szivatty\u00fa dug\u00f3j\u00e1nak kih\u00faz\u00e1si terhel\u00e9s\u00e9t. A szivatty\u00fa felszerelhet\u0151 a KABI olajkezel\u0151 seg\u00e9dfed\u00e9lre. 3 adaptert tartalmaz. A szivatty\u00fa k\u00f6zvetlen\u00fcl haszn\u00e1lhat\u00f3 20\/25 literes, DIN61 vagy DIN71 (M) menettel rendelkez\u0151 tart\u00e1lyokhoz.\" \/>\n<meta property=\"og:url\" content=\"https:\/\/modern-fluids.com\/en\/product\/kabi-hd-attolto-szivattyu\/\" \/>\n<meta property=\"og:site_name\" content=\"Modern Fluids\" \/>\n<meta property=\"article:modified_time\" content=\"2025-06-16T12:06:27+00:00\" \/>\n<meta property=\"og:image\" content=\"https:\/\/modern-fluids.com\/wp-content\/uploads\/2025\/06\/KABI-HD-transfer-pump.jpg\" \/>\n\t<meta property=\"og:image:width\" content=\"2048\" \/>\n\t<meta property=\"og:image:height\" content=\"2048\" \/>\n\t<meta property=\"og:image:type\" content=\"image\/jpeg\" \/>\n<meta name=\"twitter:card\" content=\"summary_large_image\" \/>\n<script type=\"application\/ld+json\" class=\"yoast-schema-graph\">{\"@context\":\"https:\/\/schema.org\",\"@graph\":[{\"@type\":\"WebPage\",\"@id\":\"https:\/\/modern-fluids.com\/termek\/kabi-hd-attolto-szivattyu\/\",\"url\":\"https:\/\/modern-fluids.com\/termek\/kabi-hd-attolto-szivattyu\/\",\"name\":\"KABI HD \u00e1tt\u00f6lt\u0151 szivatty\u00fa - Modern Fluids\",\"isPartOf\":{\"@id\":\"https:\/\/modern-fluids.com\/#website\"},\"primaryImageOfPage\":{\"@id\":\"https:\/\/modern-fluids.com\/termek\/kabi-hd-attolto-szivattyu\/#primaryimage\"},\"image\":{\"@id\":\"https:\/\/modern-fluids.com\/termek\/kabi-hd-attolto-szivattyu\/#primaryimage\"},\"thumbnailUrl\":\"https:\/\/modern-fluids.com\/wp-content\/uploads\/2025\/06\/KABI-HD-transfer-pump.jpg\",\"datePublished\":\"2025-06-09T14:29:11+00:00\",\"dateModified\":\"2025-06-16T12:06:27+00:00\",\"breadcrumb\":{\"@id\":\"https:\/\/modern-fluids.com\/termek\/kabi-hd-attolto-szivattyu\/#breadcrumb\"},\"inLanguage\":\"en-GB\",\"potentialAction\":[{\"@type\":\"ReadAction\",\"target\":[\"https:\/\/modern-fluids.com\/termek\/kabi-hd-attolto-szivattyu\/\"]}]},{\"@type\":\"ImageObject\",\"inLanguage\":\"en-GB\",\"@id\":\"https:\/\/modern-fluids.com\/termek\/kabi-hd-attolto-szivattyu\/#primaryimage\",\"url\":\"https:\/\/modern-fluids.com\/wp-content\/uploads\/2025\/06\/KABI-HD-transfer-pump.jpg\",\"contentUrl\":\"https:\/\/modern-fluids.com\/wp-content\/uploads\/2025\/06\/KABI-HD-transfer-pump.jpg\",\"width\":2048,\"height\":2048},{\"@type\":\"BreadcrumbList\",\"@id\":\"https:\/\/modern-fluids.com\/termek\/kabi-hd-attolto-szivattyu\/#breadcrumb\",\"itemListElement\":[{\"@type\":\"ListItem\",\"position\":1,\"name\":\"Home\",\"item\":\"https:\/\/modern-fluids.com\/\"},{\"@type\":\"ListItem\",\"position\":2,\"name\":\"Shop\",\"item\":\"https:\/\/modern-fluids.com\/uzlet\/\"},{\"@type\":\"ListItem\",\"position\":3,\"name\":\"KABI HD \u00e1tt\u00f6lt\u0151 szivatty\u00fa\"}]},{\"@type\":\"WebSite\",\"@id\":\"https:\/\/modern-fluids.com\/#website\",\"url\":\"https:\/\/modern-fluids.com\/\",\"name\":\"Modern Fluids\",\"description\":\"\",\"potentialAction\":[{\"@type\":\"SearchAction\",\"target\":{\"@type\":\"EntryPoint\",\"urlTemplate\":\"https:\/\/modern-fluids.com\/?s={search_term_string}\"},\"query-input\":{\"@type\":\"PropertyValueSpecification\",\"valueRequired\":true,\"valueName\":\"search_term_string\"}}],\"inLanguage\":\"en-GB\"}]}<\/script>\n<!-- \/ Yoast SEO Premium plugin. -->","yoast_head_json":{"title":"KABI HD \u00e1tt\u00f6lt\u0151 szivatty\u00fa - Modern Fluids","robots":{"index":"index","follow":"follow","max-snippet":"max-snippet:-1","max-image-preview":"max-image-preview:large","max-video-preview":"max-video-preview:-1"},"canonical":"https:\/\/modern-fluids.com\/en\/product\/kabi-hd-attolto-szivattyu\/","og_locale":"en_GB","og_type":"article","og_title":"KABI HD \u00e1tt\u00f6lt\u0151 szivatty\u00fa","og_description":"Sokoldal\u00fa, lefel\u00e9 ir\u00e1nyul\u00f3 m\u0171k\u00f6d\u00e9sre tervezett szivatty\u00fa, amely a foganty\u00fa lenyom\u00e1sakor folyad\u00e9kot bocs\u00e1t ki. Ez a kialak\u00edt\u00e1s n\u00f6veli a k\u00f6nny\u0171 haszn\u00e1latot \u00e9s cs\u00f6kkenti a f\u00e1radts\u00e1got, k\u00fcl\u00f6n\u00f6sen neh\u00e9z folyad\u00e9kok szivatty\u00faz\u00e1sakor. Ezenk\u00edv\u00fcl minimaliz\u00e1lja a szivatty\u00fa dug\u00f3j\u00e1nak kih\u00faz\u00e1si terhel\u00e9s\u00e9t. A szivatty\u00fa felszerelhet\u0151 a KABI olajkezel\u0151 seg\u00e9dfed\u00e9lre. 3 adaptert tartalmaz. A szivatty\u00fa k\u00f6zvetlen\u00fcl haszn\u00e1lhat\u00f3 20\/25 literes, DIN61 vagy DIN71 (M) menettel rendelkez\u0151 tart\u00e1lyokhoz.","og_url":"https:\/\/modern-fluids.com\/en\/product\/kabi-hd-attolto-szivattyu\/","og_site_name":"Modern Fluids","article_modified_time":"2025-06-16T12:06:27+00:00","og_image":[{"width":2048,"height":2048,"url":"https:\/\/modern-fluids.com\/wp-content\/uploads\/2025\/06\/KABI-HD-transfer-pump.jpg","type":"image\/jpeg"}],"twitter_card":"summary_large_image","schema":{"@context":"https:\/\/schema.org","@graph":[{"@type":"WebPage","@id":"https:\/\/modern-fluids.com\/termek\/kabi-hd-attolto-szivattyu\/","url":"https:\/\/modern-fluids.com\/termek\/kabi-hd-attolto-szivattyu\/","name":"KABI HD \u00e1tt\u00f6lt\u0151 szivatty\u00fa - Modern Fluids","isPartOf":{"@id":"https:\/\/modern-fluids.com\/#website"},"primaryImageOfPage":{"@id":"https:\/\/modern-fluids.com\/termek\/kabi-hd-attolto-szivattyu\/#primaryimage"},"image":{"@id":"https:\/\/modern-fluids.com\/termek\/kabi-hd-attolto-szivattyu\/#primaryimage"},"thumbnailUrl":"https:\/\/modern-fluids.com\/wp-content\/uploads\/2025\/06\/KABI-HD-transfer-pump.jpg","datePublished":"2025-06-09T14:29:11+00:00","dateModified":"2025-06-16T12:06:27+00:00","breadcrumb":{"@id":"https:\/\/modern-fluids.com\/termek\/kabi-hd-attolto-szivattyu\/#breadcrumb"},"inLanguage":"en-GB","potentialAction":[{"@type":"ReadAction","target":["https:\/\/modern-fluids.com\/termek\/kabi-hd-attolto-szivattyu\/"]}]},{"@type":"ImageObject","inLanguage":"en-GB","@id":"https:\/\/modern-fluids.com\/termek\/kabi-hd-attolto-szivattyu\/#primaryimage","url":"https:\/\/modern-fluids.com\/wp-content\/uploads\/2025\/06\/KABI-HD-transfer-pump.jpg","contentUrl":"https:\/\/modern-fluids.com\/wp-content\/uploads\/2025\/06\/KABI-HD-transfer-pump.jpg","width":2048,"height":2048},{"@type":"BreadcrumbList","@id":"https:\/\/modern-fluids.com\/termek\/kabi-hd-attolto-szivattyu\/#breadcrumb","itemListElement":[{"@type":"ListItem","position":1,"name":"Home","item":"https:\/\/modern-fluids.com\/"},{"@type":"ListItem","position":2,"name":"Shop","item":"https:\/\/modern-fluids.com\/uzlet\/"},{"@type":"ListItem","position":3,"name":"KABI HD \u00e1tt\u00f6lt\u0151 szivatty\u00fa"}]},{"@type":"WebSite","@id":"https:\/\/modern-fluids.com\/#website","url":"https:\/\/modern-fluids.com\/","name":"Modern Fluids","description":"","potentialAction":[{"@type":"SearchAction","target":{"@type":"EntryPoint","urlTemplate":"https:\/\/modern-fluids.com\/?s={search_term_string}"},"query-input":{"@type":"PropertyValueSpecification","valueRequired":true,"valueName":"search_term_string"}}],"inLanguage":"en-GB"}]}},"_links":{"self":[{"href":"https:\/\/modern-fluids.com\/en\/wp-json\/wp\/v2\/product\/1315","targetHints":{"allow":["GET"]}}],"collection":[{"href":"https:\/\/modern-fluids.com\/en\/wp-json\/wp\/v2\/product"}],"about":[{"href":"https:\/\/modern-fluids.com\/en\/wp-json\/wp\/v2\/types\/product"}],"replies":[{"embeddable":true,"href":"https:\/\/modern-fluids.com\/en\/wp-json\/wp\/v2\/comments?post=1315"}],"wp:featuredmedia":[{"embeddable":true,"href":"https:\/\/modern-fluids.com\/en\/wp-json\/wp\/v2\/media\/1264"}],"wp:attachment":[{"href":"https:\/\/modern-fluids.com\/en\/wp-json\/wp\/v2\/media?parent=1315"}],"wp:term":[{"taxonomy":"product_brand","embeddable":true,"href":"https:\/\/modern-fluids.com\/en\/wp-json\/wp\/v2\/product_brand?post=1315"},{"taxonomy":"product_cat","embeddable":true,"href":"https:\/\/modern-fluids.com\/en\/wp-json\/wp\/v2\/product_cat?post=1315"},{"taxonomy":"product_tag","embeddable":true,"href":"https:\/\/modern-fluids.com\/en\/wp-json\/wp\/v2\/product_tag?post=1315"}],"curies":[{"name":"wp","href":"https:\/\/api.w.org\/{rel}","templated":true}]}}