{"id":1328,"date":"2025-06-09T16:29:30","date_gmt":"2025-06-09T14:29:30","guid":{"rendered":"https:\/\/modern-fluids.com\/termek\/kabi-nyomasos-permetezo-10-l-viton-tomitessel-ph-2-8\/"},"modified":"2025-06-16T14:06:06","modified_gmt":"2025-06-16T12:06:06","slug":"kabi-nyomasos-permetezo-10-l-viton-tomitessel-ph-2-8","status":"publish","type":"product","link":"https:\/\/modern-fluids.com\/en\/product\/kabi-nyomasos-permetezo-10-l-viton-tomitessel-ph-2-8\/","title":{"rendered":"KABI Pressure Sprayer 1.0 l with VITON\u00ae seal - pH 2-8"},"content":{"rendered":"","protected":false},"excerpt":{"rendered":"<p>KABI VITON\u00ae compression sprayer for spraying.<br \/>\nWith adjustable nozzle, safety valve, VITON\u00ae seals. Suitable for spraying aggressive liquids.<br \/>\nParticularly suitable for oily and acidic liquids with a pH between 2 and 8 (pH is for information only).<br \/>\nIntegrated dosage scale embossed on the bottle, including special markings for 2%, 5% and 10% mixing ratios.<br \/>\nConvenient anti-slip grooves on the bottle neck, making it easier to screw the nozzle on and off.<\/p>","protected":false},"featured_media":1284,"comment_status":"closed","ping_status":"open","template":"","meta":[],"product_brand":[113],"product_cat":[112],"product_tag":[],"class_list":{"0":"post-1328","1":"product","2":"type-product","3":"status-publish","4":"has-post-thumbnail","6":"product_brand-kabi","7":"product_cat-kabi","9":"first","10":"instock","11":"taxable","12":"shipping-taxable","13":"purchasable","14":"product-type-simple"},"yoast_head":"<!-- This site is optimized with the Yoast SEO Premium plugin v26.8 (Yoast SEO v26.8) - https:\/\/yoast.com\/product\/yoast-seo-premium-wordpress\/ -->\n<title>KABI nyom\u00e1sos permetez\u0151 1,0\u202fl VITON\u00ae t\u00f6m\u00edt\u00e9ssel \u2013 pH 2\u20138 - Modern Fluids<\/title>\n<meta name=\"robots\" content=\"index, follow, max-snippet:-1, max-image-preview:large, max-video-preview:-1\" \/>\n<link rel=\"canonical\" href=\"https:\/\/modern-fluids.com\/en\/product\/kabi-nyomasos-permetezo-10-l-viton-tomitessel-ph-2-8\/\" \/>\n<meta property=\"og:locale\" content=\"en_GB\" \/>\n<meta property=\"og:type\" content=\"article\" \/>\n<meta property=\"og:title\" content=\"KABI nyom\u00e1sos permetez\u0151 1,0\u202fl VITON\u00ae t\u00f6m\u00edt\u00e9ssel \u2013 pH 2\u20138\" \/>\n<meta property=\"og:description\" content=\"KABI VITON\u00ae kompresszi\u00f3s permetez\u0151g\u00e9p porlaszt\u00e1shoz. \u00c1ll\u00edthat\u00f3 f\u00fav\u00f3k\u00e1val, biztons\u00e1gi szeleppel, VITON\u00ae t\u00f6m\u00edt\u00e9sekkel. Alkalmas agressz\u00edv folyad\u00e9kok porlaszt\u00e1s\u00e1ra. K\u00fcl\u00f6n\u00f6sen alkalmas olajos \u00e9s savas alap\u00fa folyad\u00e9kokhoz, amelyek pH-\u00e9rt\u00e9ke 2-8 k\u00f6z\u00f6tt van (a pH-\u00e9rt\u00e9k t\u00e1j\u00e9koztat\u00f3 jelleg\u0171). A flakonba dombornyomott integr\u00e1lt adagol\u00e1si sk\u00e1la, bele\u00e9rtve a 2%, 5% \u00e9s 10% kever\u00e9si ar\u00e1nyok speci\u00e1lis jel\u00f6l\u00e9seit. K\u00e9nyelmes cs\u00fasz\u00e1sg\u00e1tl\u00f3 hornyok a palacknyakon, megk\u00f6nny\u00edti a sz\u00f3r\u00f3fej fel- \u00e9s lecsavaroz\u00e1s\u00e1t.\" \/>\n<meta property=\"og:url\" content=\"https:\/\/modern-fluids.com\/en\/product\/kabi-nyomasos-permetezo-10-l-viton-tomitessel-ph-2-8\/\" \/>\n<meta property=\"og:site_name\" content=\"Modern Fluids\" \/>\n<meta property=\"article:modified_time\" content=\"2025-06-16T12:06:06+00:00\" \/>\n<meta property=\"og:image\" content=\"https:\/\/modern-fluids.com\/wp-content\/uploads\/2025\/06\/KABI-Compression-sprayer-1.0-L-VITON\u00ae-\u2013-pH-2-8-.jpg\" \/>\n\t<meta property=\"og:image:width\" content=\"2048\" \/>\n\t<meta property=\"og:image:height\" content=\"2048\" \/>\n\t<meta property=\"og:image:type\" content=\"image\/jpeg\" \/>\n<meta name=\"twitter:card\" content=\"summary_large_image\" \/>\n<script type=\"application\/ld+json\" class=\"yoast-schema-graph\">{\"@context\":\"https:\/\/schema.org\",\"@graph\":[{\"@type\":\"WebPage\",\"@id\":\"https:\/\/modern-fluids.com\/termek\/kabi-nyomasos-permetezo-10-l-viton-tomitessel-ph-2-8\/\",\"url\":\"https:\/\/modern-fluids.com\/termek\/kabi-nyomasos-permetezo-10-l-viton-tomitessel-ph-2-8\/\",\"name\":\"KABI nyom\u00e1sos permetez\u0151 1,0\u202fl VITON\u00ae t\u00f6m\u00edt\u00e9ssel \u2013 pH 2\u20138 - Modern Fluids\",\"isPartOf\":{\"@id\":\"https:\/\/modern-fluids.com\/#website\"},\"primaryImageOfPage\":{\"@id\":\"https:\/\/modern-fluids.com\/termek\/kabi-nyomasos-permetezo-10-l-viton-tomitessel-ph-2-8\/#primaryimage\"},\"image\":{\"@id\":\"https:\/\/modern-fluids.com\/termek\/kabi-nyomasos-permetezo-10-l-viton-tomitessel-ph-2-8\/#primaryimage\"},\"thumbnailUrl\":\"https:\/\/modern-fluids.com\/wp-content\/uploads\/2025\/06\/KABI-Compression-sprayer-1.0-L-VITON\u00ae-\u2013-pH-2-8-.jpg\",\"datePublished\":\"2025-06-09T14:29:30+00:00\",\"dateModified\":\"2025-06-16T12:06:06+00:00\",\"breadcrumb\":{\"@id\":\"https:\/\/modern-fluids.com\/termek\/kabi-nyomasos-permetezo-10-l-viton-tomitessel-ph-2-8\/#breadcrumb\"},\"inLanguage\":\"en-GB\",\"potentialAction\":[{\"@type\":\"ReadAction\",\"target\":[\"https:\/\/modern-fluids.com\/termek\/kabi-nyomasos-permetezo-10-l-viton-tomitessel-ph-2-8\/\"]}]},{\"@type\":\"ImageObject\",\"inLanguage\":\"en-GB\",\"@id\":\"https:\/\/modern-fluids.com\/termek\/kabi-nyomasos-permetezo-10-l-viton-tomitessel-ph-2-8\/#primaryimage\",\"url\":\"https:\/\/modern-fluids.com\/wp-content\/uploads\/2025\/06\/KABI-Compression-sprayer-1.0-L-VITON\u00ae-\u2013-pH-2-8-.jpg\",\"contentUrl\":\"https:\/\/modern-fluids.com\/wp-content\/uploads\/2025\/06\/KABI-Compression-sprayer-1.0-L-VITON\u00ae-\u2013-pH-2-8-.jpg\",\"width\":2048,\"height\":2048},{\"@type\":\"BreadcrumbList\",\"@id\":\"https:\/\/modern-fluids.com\/termek\/kabi-nyomasos-permetezo-10-l-viton-tomitessel-ph-2-8\/#breadcrumb\",\"itemListElement\":[{\"@type\":\"ListItem\",\"position\":1,\"name\":\"Home\",\"item\":\"https:\/\/modern-fluids.com\/\"},{\"@type\":\"ListItem\",\"position\":2,\"name\":\"Shop\",\"item\":\"https:\/\/modern-fluids.com\/uzlet\/\"},{\"@type\":\"ListItem\",\"position\":3,\"name\":\"KABI nyom\u00e1sos permetez\u0151 1,0\u202fl VITON\u00ae t\u00f6m\u00edt\u00e9ssel \u2013 pH 2\u20138\"}]},{\"@type\":\"WebSite\",\"@id\":\"https:\/\/modern-fluids.com\/#website\",\"url\":\"https:\/\/modern-fluids.com\/\",\"name\":\"Modern Fluids\",\"description\":\"\",\"potentialAction\":[{\"@type\":\"SearchAction\",\"target\":{\"@type\":\"EntryPoint\",\"urlTemplate\":\"https:\/\/modern-fluids.com\/?s={search_term_string}\"},\"query-input\":{\"@type\":\"PropertyValueSpecification\",\"valueRequired\":true,\"valueName\":\"search_term_string\"}}],\"inLanguage\":\"en-GB\"}]}<\/script>\n<!-- \/ Yoast SEO Premium plugin. -->","yoast_head_json":{"title":"KABI nyom\u00e1sos permetez\u0151 1,0\u202fl VITON\u00ae t\u00f6m\u00edt\u00e9ssel \u2013 pH 2\u20138 - Modern Fluids","robots":{"index":"index","follow":"follow","max-snippet":"max-snippet:-1","max-image-preview":"max-image-preview:large","max-video-preview":"max-video-preview:-1"},"canonical":"https:\/\/modern-fluids.com\/en\/product\/kabi-nyomasos-permetezo-10-l-viton-tomitessel-ph-2-8\/","og_locale":"en_GB","og_type":"article","og_title":"KABI nyom\u00e1sos permetez\u0151 1,0\u202fl VITON\u00ae t\u00f6m\u00edt\u00e9ssel \u2013 pH 2\u20138","og_description":"KABI VITON\u00ae kompresszi\u00f3s permetez\u0151g\u00e9p porlaszt\u00e1shoz. \u00c1ll\u00edthat\u00f3 f\u00fav\u00f3k\u00e1val, biztons\u00e1gi szeleppel, VITON\u00ae t\u00f6m\u00edt\u00e9sekkel. Alkalmas agressz\u00edv folyad\u00e9kok porlaszt\u00e1s\u00e1ra. K\u00fcl\u00f6n\u00f6sen alkalmas olajos \u00e9s savas alap\u00fa folyad\u00e9kokhoz, amelyek pH-\u00e9rt\u00e9ke 2-8 k\u00f6z\u00f6tt van (a pH-\u00e9rt\u00e9k t\u00e1j\u00e9koztat\u00f3 jelleg\u0171). A flakonba dombornyomott integr\u00e1lt adagol\u00e1si sk\u00e1la, bele\u00e9rtve a 2%, 5% \u00e9s 10% kever\u00e9si ar\u00e1nyok speci\u00e1lis jel\u00f6l\u00e9seit. K\u00e9nyelmes cs\u00fasz\u00e1sg\u00e1tl\u00f3 hornyok a palacknyakon, megk\u00f6nny\u00edti a sz\u00f3r\u00f3fej fel- \u00e9s lecsavaroz\u00e1s\u00e1t.","og_url":"https:\/\/modern-fluids.com\/en\/product\/kabi-nyomasos-permetezo-10-l-viton-tomitessel-ph-2-8\/","og_site_name":"Modern Fluids","article_modified_time":"2025-06-16T12:06:06+00:00","og_image":[{"width":2048,"height":2048,"url":"https:\/\/modern-fluids.com\/wp-content\/uploads\/2025\/06\/KABI-Compression-sprayer-1.0-L-VITON\u00ae-\u2013-pH-2-8-.jpg","type":"image\/jpeg"}],"twitter_card":"summary_large_image","schema":{"@context":"https:\/\/schema.org","@graph":[{"@type":"WebPage","@id":"https:\/\/modern-fluids.com\/termek\/kabi-nyomasos-permetezo-10-l-viton-tomitessel-ph-2-8\/","url":"https:\/\/modern-fluids.com\/termek\/kabi-nyomasos-permetezo-10-l-viton-tomitessel-ph-2-8\/","name":"KABI nyom\u00e1sos permetez\u0151 1,0\u202fl VITON\u00ae t\u00f6m\u00edt\u00e9ssel \u2013 pH 2\u20138 - Modern Fluids","isPartOf":{"@id":"https:\/\/modern-fluids.com\/#website"},"primaryImageOfPage":{"@id":"https:\/\/modern-fluids.com\/termek\/kabi-nyomasos-permetezo-10-l-viton-tomitessel-ph-2-8\/#primaryimage"},"image":{"@id":"https:\/\/modern-fluids.com\/termek\/kabi-nyomasos-permetezo-10-l-viton-tomitessel-ph-2-8\/#primaryimage"},"thumbnailUrl":"https:\/\/modern-fluids.com\/wp-content\/uploads\/2025\/06\/KABI-Compression-sprayer-1.0-L-VITON\u00ae-\u2013-pH-2-8-.jpg","datePublished":"2025-06-09T14:29:30+00:00","dateModified":"2025-06-16T12:06:06+00:00","breadcrumb":{"@id":"https:\/\/modern-fluids.com\/termek\/kabi-nyomasos-permetezo-10-l-viton-tomitessel-ph-2-8\/#breadcrumb"},"inLanguage":"en-GB","potentialAction":[{"@type":"ReadAction","target":["https:\/\/modern-fluids.com\/termek\/kabi-nyomasos-permetezo-10-l-viton-tomitessel-ph-2-8\/"]}]},{"@type":"ImageObject","inLanguage":"en-GB","@id":"https:\/\/modern-fluids.com\/termek\/kabi-nyomasos-permetezo-10-l-viton-tomitessel-ph-2-8\/#primaryimage","url":"https:\/\/modern-fluids.com\/wp-content\/uploads\/2025\/06\/KABI-Compression-sprayer-1.0-L-VITON\u00ae-\u2013-pH-2-8-.jpg","contentUrl":"https:\/\/modern-fluids.com\/wp-content\/uploads\/2025\/06\/KABI-Compression-sprayer-1.0-L-VITON\u00ae-\u2013-pH-2-8-.jpg","width":2048,"height":2048},{"@type":"BreadcrumbList","@id":"https:\/\/modern-fluids.com\/termek\/kabi-nyomasos-permetezo-10-l-viton-tomitessel-ph-2-8\/#breadcrumb","itemListElement":[{"@type":"ListItem","position":1,"name":"Home","item":"https:\/\/modern-fluids.com\/"},{"@type":"ListItem","position":2,"name":"Shop","item":"https:\/\/modern-fluids.com\/uzlet\/"},{"@type":"ListItem","position":3,"name":"KABI nyom\u00e1sos permetez\u0151 1,0\u202fl VITON\u00ae t\u00f6m\u00edt\u00e9ssel \u2013 pH 2\u20138"}]},{"@type":"WebSite","@id":"https:\/\/modern-fluids.com\/#website","url":"https:\/\/modern-fluids.com\/","name":"Modern Fluids","description":"","potentialAction":[{"@type":"SearchAction","target":{"@type":"EntryPoint","urlTemplate":"https:\/\/modern-fluids.com\/?s={search_term_string}"},"query-input":{"@type":"PropertyValueSpecification","valueRequired":true,"valueName":"search_term_string"}}],"inLanguage":"en-GB"}]}},"_links":{"self":[{"href":"https:\/\/modern-fluids.com\/en\/wp-json\/wp\/v2\/product\/1328","targetHints":{"allow":["GET"]}}],"collection":[{"href":"https:\/\/modern-fluids.com\/en\/wp-json\/wp\/v2\/product"}],"about":[{"href":"https:\/\/modern-fluids.com\/en\/wp-json\/wp\/v2\/types\/product"}],"replies":[{"embeddable":true,"href":"https:\/\/modern-fluids.com\/en\/wp-json\/wp\/v2\/comments?post=1328"}],"wp:featuredmedia":[{"embeddable":true,"href":"https:\/\/modern-fluids.com\/en\/wp-json\/wp\/v2\/media\/1284"}],"wp:attachment":[{"href":"https:\/\/modern-fluids.com\/en\/wp-json\/wp\/v2\/media?parent=1328"}],"wp:term":[{"taxonomy":"product_brand","embeddable":true,"href":"https:\/\/modern-fluids.com\/en\/wp-json\/wp\/v2\/product_brand?post=1328"},{"taxonomy":"product_cat","embeddable":true,"href":"https:\/\/modern-fluids.com\/en\/wp-json\/wp\/v2\/product_cat?post=1328"},{"taxonomy":"product_tag","embeddable":true,"href":"https:\/\/modern-fluids.com\/en\/wp-json\/wp\/v2\/product_tag?post=1328"}],"curies":[{"name":"wp","href":"https:\/\/api.w.org\/{rel}","templated":true}]}}