{"id":1335,"date":"2025-06-09T16:29:30","date_gmt":"2025-06-09T14:29:30","guid":{"rendered":"https:\/\/modern-fluids.com\/termek\/kabi-mobil-olajlevalaszto-50-mm-hutofolyadekhoz\/"},"modified":"2025-06-16T14:06:09","modified_gmt":"2025-06-16T12:06:09","slug":"kabi-mobil-olajlevalaszto-50-mm-hutofolyadekhoz","status":"publish","type":"product","link":"https:\/\/modern-fluids.com\/en\/product\/kabi-mobil-olajlevalaszto-50-mm-hutofolyadekhoz\/","title":{"rendered":"KABI mobile oil separator for 50 mm coolant"},"content":{"rendered":"","protected":false},"excerpt":{"rendered":"<p>Professional oiler developed by KABI A\/S in Denmark. An effective oil skimmer for removing oil, leaking oil, surface oil, etc. stuck on the surface of the cooling lubricant in CNC \/ machine tools. Surface oil should always be removed - not only to prolong the life of the cooling lubricant, but also to create optimal working conditions, longer life and minimize the risk of bacteria and fungi growth, for a better working environment in general. Stylish design in aluminium and stainless steel with strong magnetic feet for easy installation\/removal. 24V\/6W motor. Power supply 230V AC 50Hz. During use, the liquid temperature in the sump must not exceed +50\u00b0C. Spout\/scraper tube \u00d8 25 mm.<\/p>","protected":false},"featured_media":1289,"comment_status":"closed","ping_status":"open","template":"","meta":[],"product_brand":[113],"product_cat":[112],"product_tag":[],"class_list":{"0":"post-1335","1":"product","2":"type-product","3":"status-publish","4":"has-post-thumbnail","6":"product_brand-kabi","7":"product_cat-kabi","9":"first","10":"instock","11":"taxable","12":"shipping-taxable","13":"purchasable","14":"product-type-simple"},"yoast_head":"<!-- This site is optimized with the Yoast SEO Premium plugin v26.8 (Yoast SEO v26.8) - https:\/\/yoast.com\/product\/yoast-seo-premium-wordpress\/ -->\n<title>KABI mobil olajlev\u00e1laszt\u00f3 50\u202fmm h\u0171t\u0151folyad\u00e9khoz - Modern Fluids<\/title>\n<meta name=\"robots\" content=\"index, follow, max-snippet:-1, max-image-preview:large, max-video-preview:-1\" \/>\n<link rel=\"canonical\" href=\"https:\/\/modern-fluids.com\/en\/product\/kabi-mobil-olajlevalaszto-50-mm-hutofolyadekhoz\/\" \/>\n<meta property=\"og:locale\" content=\"en_GB\" \/>\n<meta property=\"og:type\" content=\"article\" \/>\n<meta property=\"og:title\" content=\"KABI mobil olajlev\u00e1laszt\u00f3 50\u202fmm h\u0171t\u0151folyad\u00e9khoz\" \/>\n<meta property=\"og:description\" content=\"A KABI A\/S \u00e1ltal D\u00e1ni\u00e1ban kifejlesztett professzion\u00e1lis olajf\u00f6l\u00f6z\u0151. Hat\u00e9kony olajszkimmer a CNC \/ szersz\u00e1mg\u00e9pekn\u00e9l a h\u0171t\u0151 ken\u0151anyag fel\u00fclet\u00e9n megrekedt olaj, sziv\u00e1rg\u00f3 olaj, fel\u00fcleti olaj stb. elt\u00e1vol\u00edt\u00e1s\u00e1ra. A fel\u00fcleti olajat mindig el kell t\u00e1vol\u00edtani - nem csak a h\u0171t\u0151 ken\u0151anyag \u00e9lettartam\u00e1nak meghosszabb\u00edt\u00e1sa \u00e9rdek\u00e9ben, hanem az optim\u00e1lis munkak\u00f6r\u00fclm\u00e9nyek megteremt\u00e9se, a hosszabb \u00e9lettartam \u00e9s a bakt\u00e9riumok \u00e9s gomb\u00e1k kialakul\u00e1s\u00e1nak kock\u00e1zat\u00e1nak minimaliz\u00e1l\u00e1sa, az \u00e1ltal\u00e1nosan jobb munkak\u00f6rnyezet \u00e9rdek\u00e9ben is. Eleg\u00e1ns kialak\u00edt\u00e1s alum\u00edniumb\u00f3l \u00e9s rozsdamentes ac\u00e9lb\u00f3l, er\u0151s m\u00e1gneses l\u00e1bbal, amely megk\u00f6nny\u00edti a felszerel\u00e9st\/lev\u00e9telt. 24V \/ 6W-os motor. T\u00e1pegys\u00e9g 230V AC 50Hz. Haszn\u00e1lat k\u00f6zben a folyad\u00e9k h\u0151m\u00e9rs\u00e9klete az olajtekn\u0151ben nem haladhatja meg a +50\u00b0C-ot. Kifoly\u00f3\/kapar\u00f3cs\u0151 \u00d8 25 mm.\" \/>\n<meta property=\"og:url\" content=\"https:\/\/modern-fluids.com\/en\/product\/kabi-mobil-olajlevalaszto-50-mm-hutofolyadekhoz\/\" \/>\n<meta property=\"og:site_name\" content=\"Modern Fluids\" \/>\n<meta property=\"article:modified_time\" content=\"2025-06-16T12:06:09+00:00\" \/>\n<meta property=\"og:image\" content=\"https:\/\/modern-fluids.com\/wp-content\/uploads\/2025\/06\/KABI-Mobile-Oil-Skimmer-50-mm.-for-cooling-lubricant.jpg\" \/>\n\t<meta property=\"og:image:width\" content=\"1928\" \/>\n\t<meta property=\"og:image:height\" content=\"1928\" \/>\n\t<meta property=\"og:image:type\" content=\"image\/jpeg\" \/>\n<meta name=\"twitter:card\" content=\"summary_large_image\" \/>\n<script type=\"application\/ld+json\" class=\"yoast-schema-graph\">{\"@context\":\"https:\/\/schema.org\",\"@graph\":[{\"@type\":\"WebPage\",\"@id\":\"https:\/\/modern-fluids.com\/termek\/kabi-mobil-olajlevalaszto-50-mm-hutofolyadekhoz\/\",\"url\":\"https:\/\/modern-fluids.com\/termek\/kabi-mobil-olajlevalaszto-50-mm-hutofolyadekhoz\/\",\"name\":\"KABI mobil olajlev\u00e1laszt\u00f3 50\u202fmm h\u0171t\u0151folyad\u00e9khoz - Modern Fluids\",\"isPartOf\":{\"@id\":\"https:\/\/modern-fluids.com\/#website\"},\"primaryImageOfPage\":{\"@id\":\"https:\/\/modern-fluids.com\/termek\/kabi-mobil-olajlevalaszto-50-mm-hutofolyadekhoz\/#primaryimage\"},\"image\":{\"@id\":\"https:\/\/modern-fluids.com\/termek\/kabi-mobil-olajlevalaszto-50-mm-hutofolyadekhoz\/#primaryimage\"},\"thumbnailUrl\":\"https:\/\/modern-fluids.com\/wp-content\/uploads\/2025\/06\/KABI-Mobile-Oil-Skimmer-50-mm.-for-cooling-lubricant.jpg\",\"datePublished\":\"2025-06-09T14:29:30+00:00\",\"dateModified\":\"2025-06-16T12:06:09+00:00\",\"breadcrumb\":{\"@id\":\"https:\/\/modern-fluids.com\/termek\/kabi-mobil-olajlevalaszto-50-mm-hutofolyadekhoz\/#breadcrumb\"},\"inLanguage\":\"en-GB\",\"potentialAction\":[{\"@type\":\"ReadAction\",\"target\":[\"https:\/\/modern-fluids.com\/termek\/kabi-mobil-olajlevalaszto-50-mm-hutofolyadekhoz\/\"]}]},{\"@type\":\"ImageObject\",\"inLanguage\":\"en-GB\",\"@id\":\"https:\/\/modern-fluids.com\/termek\/kabi-mobil-olajlevalaszto-50-mm-hutofolyadekhoz\/#primaryimage\",\"url\":\"https:\/\/modern-fluids.com\/wp-content\/uploads\/2025\/06\/KABI-Mobile-Oil-Skimmer-50-mm.-for-cooling-lubricant.jpg\",\"contentUrl\":\"https:\/\/modern-fluids.com\/wp-content\/uploads\/2025\/06\/KABI-Mobile-Oil-Skimmer-50-mm.-for-cooling-lubricant.jpg\",\"width\":1928,\"height\":1928},{\"@type\":\"BreadcrumbList\",\"@id\":\"https:\/\/modern-fluids.com\/termek\/kabi-mobil-olajlevalaszto-50-mm-hutofolyadekhoz\/#breadcrumb\",\"itemListElement\":[{\"@type\":\"ListItem\",\"position\":1,\"name\":\"Home\",\"item\":\"https:\/\/modern-fluids.com\/\"},{\"@type\":\"ListItem\",\"position\":2,\"name\":\"Shop\",\"item\":\"https:\/\/modern-fluids.com\/uzlet\/\"},{\"@type\":\"ListItem\",\"position\":3,\"name\":\"KABI mobil olajlev\u00e1laszt\u00f3 50\u202fmm h\u0171t\u0151folyad\u00e9khoz\"}]},{\"@type\":\"WebSite\",\"@id\":\"https:\/\/modern-fluids.com\/#website\",\"url\":\"https:\/\/modern-fluids.com\/\",\"name\":\"Modern Fluids\",\"description\":\"\",\"potentialAction\":[{\"@type\":\"SearchAction\",\"target\":{\"@type\":\"EntryPoint\",\"urlTemplate\":\"https:\/\/modern-fluids.com\/?s={search_term_string}\"},\"query-input\":{\"@type\":\"PropertyValueSpecification\",\"valueRequired\":true,\"valueName\":\"search_term_string\"}}],\"inLanguage\":\"en-GB\"}]}<\/script>\n<!-- \/ Yoast SEO Premium plugin. -->","yoast_head_json":{"title":"KABI mobil olajlev\u00e1laszt\u00f3 50\u202fmm h\u0171t\u0151folyad\u00e9khoz - Modern Fluids","robots":{"index":"index","follow":"follow","max-snippet":"max-snippet:-1","max-image-preview":"max-image-preview:large","max-video-preview":"max-video-preview:-1"},"canonical":"https:\/\/modern-fluids.com\/en\/product\/kabi-mobil-olajlevalaszto-50-mm-hutofolyadekhoz\/","og_locale":"en_GB","og_type":"article","og_title":"KABI mobil olajlev\u00e1laszt\u00f3 50\u202fmm h\u0171t\u0151folyad\u00e9khoz","og_description":"A KABI A\/S \u00e1ltal D\u00e1ni\u00e1ban kifejlesztett professzion\u00e1lis olajf\u00f6l\u00f6z\u0151. Hat\u00e9kony olajszkimmer a CNC \/ szersz\u00e1mg\u00e9pekn\u00e9l a h\u0171t\u0151 ken\u0151anyag fel\u00fclet\u00e9n megrekedt olaj, sziv\u00e1rg\u00f3 olaj, fel\u00fcleti olaj stb. elt\u00e1vol\u00edt\u00e1s\u00e1ra. A fel\u00fcleti olajat mindig el kell t\u00e1vol\u00edtani - nem csak a h\u0171t\u0151 ken\u0151anyag \u00e9lettartam\u00e1nak meghosszabb\u00edt\u00e1sa \u00e9rdek\u00e9ben, hanem az optim\u00e1lis munkak\u00f6r\u00fclm\u00e9nyek megteremt\u00e9se, a hosszabb \u00e9lettartam \u00e9s a bakt\u00e9riumok \u00e9s gomb\u00e1k kialakul\u00e1s\u00e1nak kock\u00e1zat\u00e1nak minimaliz\u00e1l\u00e1sa, az \u00e1ltal\u00e1nosan jobb munkak\u00f6rnyezet \u00e9rdek\u00e9ben is. Eleg\u00e1ns kialak\u00edt\u00e1s alum\u00edniumb\u00f3l \u00e9s rozsdamentes ac\u00e9lb\u00f3l, er\u0151s m\u00e1gneses l\u00e1bbal, amely megk\u00f6nny\u00edti a felszerel\u00e9st\/lev\u00e9telt. 24V \/ 6W-os motor. T\u00e1pegys\u00e9g 230V AC 50Hz. Haszn\u00e1lat k\u00f6zben a folyad\u00e9k h\u0151m\u00e9rs\u00e9klete az olajtekn\u0151ben nem haladhatja meg a +50\u00b0C-ot. Kifoly\u00f3\/kapar\u00f3cs\u0151 \u00d8 25 mm.","og_url":"https:\/\/modern-fluids.com\/en\/product\/kabi-mobil-olajlevalaszto-50-mm-hutofolyadekhoz\/","og_site_name":"Modern Fluids","article_modified_time":"2025-06-16T12:06:09+00:00","og_image":[{"width":1928,"height":1928,"url":"https:\/\/modern-fluids.com\/wp-content\/uploads\/2025\/06\/KABI-Mobile-Oil-Skimmer-50-mm.-for-cooling-lubricant.jpg","type":"image\/jpeg"}],"twitter_card":"summary_large_image","schema":{"@context":"https:\/\/schema.org","@graph":[{"@type":"WebPage","@id":"https:\/\/modern-fluids.com\/termek\/kabi-mobil-olajlevalaszto-50-mm-hutofolyadekhoz\/","url":"https:\/\/modern-fluids.com\/termek\/kabi-mobil-olajlevalaszto-50-mm-hutofolyadekhoz\/","name":"KABI mobil olajlev\u00e1laszt\u00f3 50\u202fmm h\u0171t\u0151folyad\u00e9khoz - Modern Fluids","isPartOf":{"@id":"https:\/\/modern-fluids.com\/#website"},"primaryImageOfPage":{"@id":"https:\/\/modern-fluids.com\/termek\/kabi-mobil-olajlevalaszto-50-mm-hutofolyadekhoz\/#primaryimage"},"image":{"@id":"https:\/\/modern-fluids.com\/termek\/kabi-mobil-olajlevalaszto-50-mm-hutofolyadekhoz\/#primaryimage"},"thumbnailUrl":"https:\/\/modern-fluids.com\/wp-content\/uploads\/2025\/06\/KABI-Mobile-Oil-Skimmer-50-mm.-for-cooling-lubricant.jpg","datePublished":"2025-06-09T14:29:30+00:00","dateModified":"2025-06-16T12:06:09+00:00","breadcrumb":{"@id":"https:\/\/modern-fluids.com\/termek\/kabi-mobil-olajlevalaszto-50-mm-hutofolyadekhoz\/#breadcrumb"},"inLanguage":"en-GB","potentialAction":[{"@type":"ReadAction","target":["https:\/\/modern-fluids.com\/termek\/kabi-mobil-olajlevalaszto-50-mm-hutofolyadekhoz\/"]}]},{"@type":"ImageObject","inLanguage":"en-GB","@id":"https:\/\/modern-fluids.com\/termek\/kabi-mobil-olajlevalaszto-50-mm-hutofolyadekhoz\/#primaryimage","url":"https:\/\/modern-fluids.com\/wp-content\/uploads\/2025\/06\/KABI-Mobile-Oil-Skimmer-50-mm.-for-cooling-lubricant.jpg","contentUrl":"https:\/\/modern-fluids.com\/wp-content\/uploads\/2025\/06\/KABI-Mobile-Oil-Skimmer-50-mm.-for-cooling-lubricant.jpg","width":1928,"height":1928},{"@type":"BreadcrumbList","@id":"https:\/\/modern-fluids.com\/termek\/kabi-mobil-olajlevalaszto-50-mm-hutofolyadekhoz\/#breadcrumb","itemListElement":[{"@type":"ListItem","position":1,"name":"Home","item":"https:\/\/modern-fluids.com\/"},{"@type":"ListItem","position":2,"name":"Shop","item":"https:\/\/modern-fluids.com\/uzlet\/"},{"@type":"ListItem","position":3,"name":"KABI mobil olajlev\u00e1laszt\u00f3 50\u202fmm h\u0171t\u0151folyad\u00e9khoz"}]},{"@type":"WebSite","@id":"https:\/\/modern-fluids.com\/#website","url":"https:\/\/modern-fluids.com\/","name":"Modern Fluids","description":"","potentialAction":[{"@type":"SearchAction","target":{"@type":"EntryPoint","urlTemplate":"https:\/\/modern-fluids.com\/?s={search_term_string}"},"query-input":{"@type":"PropertyValueSpecification","valueRequired":true,"valueName":"search_term_string"}}],"inLanguage":"en-GB"}]}},"_links":{"self":[{"href":"https:\/\/modern-fluids.com\/en\/wp-json\/wp\/v2\/product\/1335","targetHints":{"allow":["GET"]}}],"collection":[{"href":"https:\/\/modern-fluids.com\/en\/wp-json\/wp\/v2\/product"}],"about":[{"href":"https:\/\/modern-fluids.com\/en\/wp-json\/wp\/v2\/types\/product"}],"replies":[{"embeddable":true,"href":"https:\/\/modern-fluids.com\/en\/wp-json\/wp\/v2\/comments?post=1335"}],"wp:featuredmedia":[{"embeddable":true,"href":"https:\/\/modern-fluids.com\/en\/wp-json\/wp\/v2\/media\/1289"}],"wp:attachment":[{"href":"https:\/\/modern-fluids.com\/en\/wp-json\/wp\/v2\/media?parent=1335"}],"wp:term":[{"taxonomy":"product_brand","embeddable":true,"href":"https:\/\/modern-fluids.com\/en\/wp-json\/wp\/v2\/product_brand?post=1335"},{"taxonomy":"product_cat","embeddable":true,"href":"https:\/\/modern-fluids.com\/en\/wp-json\/wp\/v2\/product_cat?post=1335"},{"taxonomy":"product_tag","embeddable":true,"href":"https:\/\/modern-fluids.com\/en\/wp-json\/wp\/v2\/product_tag?post=1335"}],"curies":[{"name":"wp","href":"https:\/\/api.w.org\/{rel}","templated":true}]}}