{"id":1336,"date":"2025-06-09T16:29:30","date_gmt":"2025-06-09T14:29:30","guid":{"rendered":"https:\/\/modern-fluids.com\/termek\/vakuumos-folyadekelszivo\/"},"modified":"2025-06-16T14:06:02","modified_gmt":"2025-06-16T12:06:02","slug":"vakuumos-folyadekelszivo","status":"publish","type":"product","link":"https:\/\/modern-fluids.com\/en\/product\/vakuumos-folyadekelszivo\/","title":{"rendered":"Vacuum liquid extractor"},"content":{"rendered":"","protected":false},"excerpt":{"rendered":"<p>The liquid pump can be used for emptying machine tanks, empty tanks, bilge water from boats and ships, and many other tasks directly into a standard drum (except). The liquid siphon has no moving parts. The set consists of a vacuum pump (for 3\/4\" BSP hole) with overfill protection, the necessary equipment for the suction such as hose, fittings and vacuum head (for 2\" BSP hole).<\/p>","protected":false},"featured_media":1290,"comment_status":"closed","ping_status":"open","template":"","meta":[],"product_brand":[113],"product_cat":[112],"product_tag":[],"class_list":{"0":"post-1336","1":"product","2":"type-product","3":"status-publish","4":"has-post-thumbnail","6":"product_brand-kabi","7":"product_cat-kabi","9":"first","10":"instock","11":"taxable","12":"shipping-taxable","13":"purchasable","14":"product-type-simple"},"yoast_head":"<!-- This site is optimized with the Yoast SEO Premium plugin v26.8 (Yoast SEO v26.8) - https:\/\/yoast.com\/product\/yoast-seo-premium-wordpress\/ -->\n<title>V\u00e1kuumos folyad\u00e9kelsz\u00edv\u00f3 - Modern Fluids<\/title>\n<meta name=\"robots\" content=\"index, follow, max-snippet:-1, max-image-preview:large, max-video-preview:-1\" \/>\n<link rel=\"canonical\" href=\"https:\/\/modern-fluids.com\/en\/product\/vakuumos-folyadekelszivo\/\" \/>\n<meta property=\"og:locale\" content=\"en_GB\" \/>\n<meta property=\"og:type\" content=\"article\" \/>\n<meta property=\"og:title\" content=\"V\u00e1kuumos folyad\u00e9kelsz\u00edv\u00f3\" \/>\n<meta property=\"og:description\" content=\"A folyad\u00e9kszivatty\u00fa g\u00e9pi tart\u00e1lyok, \u00fcres tart\u00e1lyok, haj\u00f3k \u00e9s haj\u00f3k fen\u00e9kv\u00edz\u00e9nek \u00fcr\u00edt\u00e9s\u00e9re, valamint sok m\u00e1s feladatra k\u00f6zvetlen\u00fcl egy szabv\u00e1nyos hord\u00f3ba (kiv\u00e9ve) haszn\u00e1lhat\u00f3. A folyad\u00e9kelsz\u00edv\u00f3nak nincsenek mozg\u00f3 alkatr\u00e9szei. A k\u00e9szlet egy v\u00e1kuumszivatty\u00fab\u00f3l (3\/4 \u201eBSP-lyukhoz) \u00e1ll, t\u00falt\u00f6lt\u00e9s elleni v\u00e9delemmel, a felsz\u00edv\u00e1shoz sz\u00fcks\u00e9ges felszerel\u00e9ssel, p\u00e9ld\u00e1ul t\u00f6ml\u0151vel, szerelv\u00e9nyekkel \u00e9s v\u00e1kuumfejjel (2 \u201dBSP-lyukhoz).\" \/>\n<meta property=\"og:url\" content=\"https:\/\/modern-fluids.com\/en\/product\/vakuumos-folyadekelszivo\/\" \/>\n<meta property=\"og:site_name\" content=\"Modern Fluids\" \/>\n<meta property=\"article:modified_time\" content=\"2025-06-16T12:06:02+00:00\" \/>\n<meta property=\"og:image\" content=\"https:\/\/modern-fluids.com\/wp-content\/uploads\/2025\/06\/Vacuum-Fluid-Extractor.jpg\" \/>\n\t<meta property=\"og:image:width\" content=\"1621\" \/>\n\t<meta property=\"og:image:height\" content=\"1621\" \/>\n\t<meta property=\"og:image:type\" content=\"image\/jpeg\" \/>\n<meta name=\"twitter:card\" content=\"summary_large_image\" \/>\n<script type=\"application\/ld+json\" class=\"yoast-schema-graph\">{\"@context\":\"https:\/\/schema.org\",\"@graph\":[{\"@type\":\"WebPage\",\"@id\":\"https:\/\/modern-fluids.com\/termek\/vakuumos-folyadekelszivo\/\",\"url\":\"https:\/\/modern-fluids.com\/termek\/vakuumos-folyadekelszivo\/\",\"name\":\"V\u00e1kuumos folyad\u00e9kelsz\u00edv\u00f3 - Modern Fluids\",\"isPartOf\":{\"@id\":\"https:\/\/modern-fluids.com\/#website\"},\"primaryImageOfPage\":{\"@id\":\"https:\/\/modern-fluids.com\/termek\/vakuumos-folyadekelszivo\/#primaryimage\"},\"image\":{\"@id\":\"https:\/\/modern-fluids.com\/termek\/vakuumos-folyadekelszivo\/#primaryimage\"},\"thumbnailUrl\":\"https:\/\/modern-fluids.com\/wp-content\/uploads\/2025\/06\/Vacuum-Fluid-Extractor.jpg\",\"datePublished\":\"2025-06-09T14:29:30+00:00\",\"dateModified\":\"2025-06-16T12:06:02+00:00\",\"breadcrumb\":{\"@id\":\"https:\/\/modern-fluids.com\/termek\/vakuumos-folyadekelszivo\/#breadcrumb\"},\"inLanguage\":\"en-GB\",\"potentialAction\":[{\"@type\":\"ReadAction\",\"target\":[\"https:\/\/modern-fluids.com\/termek\/vakuumos-folyadekelszivo\/\"]}]},{\"@type\":\"ImageObject\",\"inLanguage\":\"en-GB\",\"@id\":\"https:\/\/modern-fluids.com\/termek\/vakuumos-folyadekelszivo\/#primaryimage\",\"url\":\"https:\/\/modern-fluids.com\/wp-content\/uploads\/2025\/06\/Vacuum-Fluid-Extractor.jpg\",\"contentUrl\":\"https:\/\/modern-fluids.com\/wp-content\/uploads\/2025\/06\/Vacuum-Fluid-Extractor.jpg\",\"width\":1621,\"height\":1621},{\"@type\":\"BreadcrumbList\",\"@id\":\"https:\/\/modern-fluids.com\/termek\/vakuumos-folyadekelszivo\/#breadcrumb\",\"itemListElement\":[{\"@type\":\"ListItem\",\"position\":1,\"name\":\"Home\",\"item\":\"https:\/\/modern-fluids.com\/\"},{\"@type\":\"ListItem\",\"position\":2,\"name\":\"Shop\",\"item\":\"https:\/\/modern-fluids.com\/uzlet\/\"},{\"@type\":\"ListItem\",\"position\":3,\"name\":\"V\u00e1kuumos folyad\u00e9kelsz\u00edv\u00f3\"}]},{\"@type\":\"WebSite\",\"@id\":\"https:\/\/modern-fluids.com\/#website\",\"url\":\"https:\/\/modern-fluids.com\/\",\"name\":\"Modern Fluids\",\"description\":\"\",\"potentialAction\":[{\"@type\":\"SearchAction\",\"target\":{\"@type\":\"EntryPoint\",\"urlTemplate\":\"https:\/\/modern-fluids.com\/?s={search_term_string}\"},\"query-input\":{\"@type\":\"PropertyValueSpecification\",\"valueRequired\":true,\"valueName\":\"search_term_string\"}}],\"inLanguage\":\"en-GB\"}]}<\/script>\n<!-- \/ Yoast SEO Premium plugin. -->","yoast_head_json":{"title":"V\u00e1kuumos folyad\u00e9kelsz\u00edv\u00f3 - Modern Fluids","robots":{"index":"index","follow":"follow","max-snippet":"max-snippet:-1","max-image-preview":"max-image-preview:large","max-video-preview":"max-video-preview:-1"},"canonical":"https:\/\/modern-fluids.com\/en\/product\/vakuumos-folyadekelszivo\/","og_locale":"en_GB","og_type":"article","og_title":"V\u00e1kuumos folyad\u00e9kelsz\u00edv\u00f3","og_description":"A folyad\u00e9kszivatty\u00fa g\u00e9pi tart\u00e1lyok, \u00fcres tart\u00e1lyok, haj\u00f3k \u00e9s haj\u00f3k fen\u00e9kv\u00edz\u00e9nek \u00fcr\u00edt\u00e9s\u00e9re, valamint sok m\u00e1s feladatra k\u00f6zvetlen\u00fcl egy szabv\u00e1nyos hord\u00f3ba (kiv\u00e9ve) haszn\u00e1lhat\u00f3. A folyad\u00e9kelsz\u00edv\u00f3nak nincsenek mozg\u00f3 alkatr\u00e9szei. A k\u00e9szlet egy v\u00e1kuumszivatty\u00fab\u00f3l (3\/4 \u201eBSP-lyukhoz) \u00e1ll, t\u00falt\u00f6lt\u00e9s elleni v\u00e9delemmel, a felsz\u00edv\u00e1shoz sz\u00fcks\u00e9ges felszerel\u00e9ssel, p\u00e9ld\u00e1ul t\u00f6ml\u0151vel, szerelv\u00e9nyekkel \u00e9s v\u00e1kuumfejjel (2 \u201dBSP-lyukhoz).","og_url":"https:\/\/modern-fluids.com\/en\/product\/vakuumos-folyadekelszivo\/","og_site_name":"Modern Fluids","article_modified_time":"2025-06-16T12:06:02+00:00","og_image":[{"width":1621,"height":1621,"url":"https:\/\/modern-fluids.com\/wp-content\/uploads\/2025\/06\/Vacuum-Fluid-Extractor.jpg","type":"image\/jpeg"}],"twitter_card":"summary_large_image","schema":{"@context":"https:\/\/schema.org","@graph":[{"@type":"WebPage","@id":"https:\/\/modern-fluids.com\/termek\/vakuumos-folyadekelszivo\/","url":"https:\/\/modern-fluids.com\/termek\/vakuumos-folyadekelszivo\/","name":"V\u00e1kuumos folyad\u00e9kelsz\u00edv\u00f3 - Modern Fluids","isPartOf":{"@id":"https:\/\/modern-fluids.com\/#website"},"primaryImageOfPage":{"@id":"https:\/\/modern-fluids.com\/termek\/vakuumos-folyadekelszivo\/#primaryimage"},"image":{"@id":"https:\/\/modern-fluids.com\/termek\/vakuumos-folyadekelszivo\/#primaryimage"},"thumbnailUrl":"https:\/\/modern-fluids.com\/wp-content\/uploads\/2025\/06\/Vacuum-Fluid-Extractor.jpg","datePublished":"2025-06-09T14:29:30+00:00","dateModified":"2025-06-16T12:06:02+00:00","breadcrumb":{"@id":"https:\/\/modern-fluids.com\/termek\/vakuumos-folyadekelszivo\/#breadcrumb"},"inLanguage":"en-GB","potentialAction":[{"@type":"ReadAction","target":["https:\/\/modern-fluids.com\/termek\/vakuumos-folyadekelszivo\/"]}]},{"@type":"ImageObject","inLanguage":"en-GB","@id":"https:\/\/modern-fluids.com\/termek\/vakuumos-folyadekelszivo\/#primaryimage","url":"https:\/\/modern-fluids.com\/wp-content\/uploads\/2025\/06\/Vacuum-Fluid-Extractor.jpg","contentUrl":"https:\/\/modern-fluids.com\/wp-content\/uploads\/2025\/06\/Vacuum-Fluid-Extractor.jpg","width":1621,"height":1621},{"@type":"BreadcrumbList","@id":"https:\/\/modern-fluids.com\/termek\/vakuumos-folyadekelszivo\/#breadcrumb","itemListElement":[{"@type":"ListItem","position":1,"name":"Home","item":"https:\/\/modern-fluids.com\/"},{"@type":"ListItem","position":2,"name":"Shop","item":"https:\/\/modern-fluids.com\/uzlet\/"},{"@type":"ListItem","position":3,"name":"V\u00e1kuumos folyad\u00e9kelsz\u00edv\u00f3"}]},{"@type":"WebSite","@id":"https:\/\/modern-fluids.com\/#website","url":"https:\/\/modern-fluids.com\/","name":"Modern Fluids","description":"","potentialAction":[{"@type":"SearchAction","target":{"@type":"EntryPoint","urlTemplate":"https:\/\/modern-fluids.com\/?s={search_term_string}"},"query-input":{"@type":"PropertyValueSpecification","valueRequired":true,"valueName":"search_term_string"}}],"inLanguage":"en-GB"}]}},"_links":{"self":[{"href":"https:\/\/modern-fluids.com\/en\/wp-json\/wp\/v2\/product\/1336","targetHints":{"allow":["GET"]}}],"collection":[{"href":"https:\/\/modern-fluids.com\/en\/wp-json\/wp\/v2\/product"}],"about":[{"href":"https:\/\/modern-fluids.com\/en\/wp-json\/wp\/v2\/types\/product"}],"replies":[{"embeddable":true,"href":"https:\/\/modern-fluids.com\/en\/wp-json\/wp\/v2\/comments?post=1336"}],"wp:featuredmedia":[{"embeddable":true,"href":"https:\/\/modern-fluids.com\/en\/wp-json\/wp\/v2\/media\/1290"}],"wp:attachment":[{"href":"https:\/\/modern-fluids.com\/en\/wp-json\/wp\/v2\/media?parent=1336"}],"wp:term":[{"taxonomy":"product_brand","embeddable":true,"href":"https:\/\/modern-fluids.com\/en\/wp-json\/wp\/v2\/product_brand?post=1336"},{"taxonomy":"product_cat","embeddable":true,"href":"https:\/\/modern-fluids.com\/en\/wp-json\/wp\/v2\/product_cat?post=1336"},{"taxonomy":"product_tag","embeddable":true,"href":"https:\/\/modern-fluids.com\/en\/wp-json\/wp\/v2\/product_tag?post=1336"}],"curies":[{"name":"wp","href":"https:\/\/api.w.org\/{rel}","templated":true}]}}