{"id":1343,"date":"2025-06-09T16:36:31","date_gmt":"2025-06-09T14:36:31","guid":{"rendered":"https:\/\/modern-fluids.com\/?post_type=product&#038;p=1343"},"modified":"2025-06-16T14:06:00","modified_gmt":"2025-06-16T12:06:00","slug":"kabi-olajkezelo-edeny","status":"publish","type":"product","link":"https:\/\/modern-fluids.com\/en\/product\/kabi-olajkezelo-edeny\/","title":{"rendered":"KABI oil treatment vessel"},"content":{"rendered":"","protected":false},"excerpt":{"rendered":"<p><span data-sheets-root=\"1\">KABI oil treatment tanks are available in 3 sizes. Their large filling opening makes filling and cleaning very easy. The semi-transparent tanks are equipped with a scale in litres and US quarts, which allows you to estimate the quantity of oil. The very robust Oil Handling tanks are made of HDPE plastic and can be combined with all types of Oil Handling lids.<\/span><\/p>","protected":false},"featured_media":1347,"comment_status":"open","ping_status":"closed","template":"","meta":[],"product_brand":[113],"product_cat":[112],"product_tag":[],"class_list":{"0":"post-1343","1":"product","2":"type-product","3":"status-publish","4":"has-post-thumbnail","6":"product_brand-kabi","7":"product_cat-kabi","9":"first","10":"instock","11":"taxable","12":"shipping-taxable","13":"purchasable","14":"product-type-variable"},"yoast_head":"<!-- This site is optimized with the Yoast SEO Premium plugin v26.8 (Yoast SEO v26.8) - https:\/\/yoast.com\/product\/yoast-seo-premium-wordpress\/ -->\n<title>KABI olajkezel\u0151 ed\u00e9ny - Modern Fluids<\/title>\n<meta name=\"robots\" content=\"index, follow, max-snippet:-1, max-image-preview:large, max-video-preview:-1\" \/>\n<link rel=\"canonical\" href=\"https:\/\/modern-fluids.com\/en\/product\/kabi-olajkezelo-edeny\/\" \/>\n<meta property=\"og:locale\" content=\"en_GB\" \/>\n<meta property=\"og:type\" content=\"article\" \/>\n<meta property=\"og:title\" content=\"KABI olajkezel\u0151 ed\u00e9ny\" \/>\n<meta property=\"og:description\" content=\"A KABI olajkezel\u0151 tart\u00e1lyok 3 m\u00e9retben kaphat\u00f3k. Nagy t\u00f6lt\u0151ny\u00edl\u00e1suk nagyon egyszer\u0171v\u00e9 teszi a t\u00f6lt\u00e9st \u00e9s a tiszt\u00edt\u00e1st. A f\u00e9lig \u00e1tl\u00e1tsz\u00f3 tart\u00e1lyokba literben \u00e9s amerikai kvartban is m\u00e9rhet\u0151 sk\u00e1la van be\u00e9p\u00edtve, amely lehet\u0151v\u00e9 teszi az olaj mennyis\u00e9g\u00e9nek becsl\u00e9s\u00e9t. A nagyon massz\u00edv Oil Handling tart\u00e1lyok HDPE m\u0171anyagb\u00f3l k\u00e9sz\u00fclnek, \u00e9s minden t\u00edpus\u00fa Oil Handling fed\u00e9llel \u00f6sszeilleszthet\u0151k.\" \/>\n<meta property=\"og:url\" content=\"https:\/\/modern-fluids.com\/en\/product\/kabi-olajkezelo-edeny\/\" \/>\n<meta property=\"og:site_name\" content=\"Modern Fluids\" \/>\n<meta property=\"article:modified_time\" content=\"2025-06-16T12:06:00+00:00\" \/>\n<meta property=\"og:image\" content=\"https:\/\/modern-fluids.com\/wp-content\/uploads\/2025\/06\/KABI-Oil-Handling-Container-5l-2.jpg\" \/>\n\t<meta property=\"og:image:width\" content=\"2048\" \/>\n\t<meta property=\"og:image:height\" content=\"2048\" \/>\n\t<meta property=\"og:image:type\" content=\"image\/jpeg\" \/>\n<meta name=\"twitter:card\" content=\"summary_large_image\" \/>\n<meta name=\"twitter:label1\" content=\"Estimated reading time\" \/>\n\t<meta name=\"twitter:data1\" content=\"1 minute\" \/>\n<script type=\"application\/ld+json\" class=\"yoast-schema-graph\">{\"@context\":\"https:\/\/schema.org\",\"@graph\":[{\"@type\":\"WebPage\",\"@id\":\"https:\/\/modern-fluids.com\/termek\/kabi-olajkezelo-edeny\/\",\"url\":\"https:\/\/modern-fluids.com\/termek\/kabi-olajkezelo-edeny\/\",\"name\":\"KABI olajkezel\u0151 ed\u00e9ny - Modern Fluids\",\"isPartOf\":{\"@id\":\"https:\/\/modern-fluids.com\/#website\"},\"primaryImageOfPage\":{\"@id\":\"https:\/\/modern-fluids.com\/termek\/kabi-olajkezelo-edeny\/#primaryimage\"},\"image\":{\"@id\":\"https:\/\/modern-fluids.com\/termek\/kabi-olajkezelo-edeny\/#primaryimage\"},\"thumbnailUrl\":\"https:\/\/modern-fluids.com\/wp-content\/uploads\/2025\/06\/KABI-Oil-Handling-Container-5l-2.jpg\",\"datePublished\":\"2025-06-09T14:36:31+00:00\",\"dateModified\":\"2025-06-16T12:06:00+00:00\",\"breadcrumb\":{\"@id\":\"https:\/\/modern-fluids.com\/termek\/kabi-olajkezelo-edeny\/#breadcrumb\"},\"inLanguage\":\"en-GB\",\"potentialAction\":[{\"@type\":\"ReadAction\",\"target\":[\"https:\/\/modern-fluids.com\/termek\/kabi-olajkezelo-edeny\/\"]}]},{\"@type\":\"ImageObject\",\"inLanguage\":\"en-GB\",\"@id\":\"https:\/\/modern-fluids.com\/termek\/kabi-olajkezelo-edeny\/#primaryimage\",\"url\":\"https:\/\/modern-fluids.com\/wp-content\/uploads\/2025\/06\/KABI-Oil-Handling-Container-5l-2.jpg\",\"contentUrl\":\"https:\/\/modern-fluids.com\/wp-content\/uploads\/2025\/06\/KABI-Oil-Handling-Container-5l-2.jpg\",\"width\":2048,\"height\":2048},{\"@type\":\"BreadcrumbList\",\"@id\":\"https:\/\/modern-fluids.com\/termek\/kabi-olajkezelo-edeny\/#breadcrumb\",\"itemListElement\":[{\"@type\":\"ListItem\",\"position\":1,\"name\":\"Home\",\"item\":\"https:\/\/modern-fluids.com\/\"},{\"@type\":\"ListItem\",\"position\":2,\"name\":\"Shop\",\"item\":\"https:\/\/modern-fluids.com\/uzlet\/\"},{\"@type\":\"ListItem\",\"position\":3,\"name\":\"KABI olajkezel\u0151 ed\u00e9ny\"}]},{\"@type\":\"WebSite\",\"@id\":\"https:\/\/modern-fluids.com\/#website\",\"url\":\"https:\/\/modern-fluids.com\/\",\"name\":\"Modern Fluids\",\"description\":\"\",\"potentialAction\":[{\"@type\":\"SearchAction\",\"target\":{\"@type\":\"EntryPoint\",\"urlTemplate\":\"https:\/\/modern-fluids.com\/?s={search_term_string}\"},\"query-input\":{\"@type\":\"PropertyValueSpecification\",\"valueRequired\":true,\"valueName\":\"search_term_string\"}}],\"inLanguage\":\"en-GB\"}]}<\/script>\n<!-- \/ Yoast SEO Premium plugin. -->","yoast_head_json":{"title":"KABI olajkezel\u0151 ed\u00e9ny - Modern Fluids","robots":{"index":"index","follow":"follow","max-snippet":"max-snippet:-1","max-image-preview":"max-image-preview:large","max-video-preview":"max-video-preview:-1"},"canonical":"https:\/\/modern-fluids.com\/en\/product\/kabi-olajkezelo-edeny\/","og_locale":"en_GB","og_type":"article","og_title":"KABI olajkezel\u0151 ed\u00e9ny","og_description":"A KABI olajkezel\u0151 tart\u00e1lyok 3 m\u00e9retben kaphat\u00f3k. Nagy t\u00f6lt\u0151ny\u00edl\u00e1suk nagyon egyszer\u0171v\u00e9 teszi a t\u00f6lt\u00e9st \u00e9s a tiszt\u00edt\u00e1st. A f\u00e9lig \u00e1tl\u00e1tsz\u00f3 tart\u00e1lyokba literben \u00e9s amerikai kvartban is m\u00e9rhet\u0151 sk\u00e1la van be\u00e9p\u00edtve, amely lehet\u0151v\u00e9 teszi az olaj mennyis\u00e9g\u00e9nek becsl\u00e9s\u00e9t. A nagyon massz\u00edv Oil Handling tart\u00e1lyok HDPE m\u0171anyagb\u00f3l k\u00e9sz\u00fclnek, \u00e9s minden t\u00edpus\u00fa Oil Handling fed\u00e9llel \u00f6sszeilleszthet\u0151k.","og_url":"https:\/\/modern-fluids.com\/en\/product\/kabi-olajkezelo-edeny\/","og_site_name":"Modern Fluids","article_modified_time":"2025-06-16T12:06:00+00:00","og_image":[{"width":2048,"height":2048,"url":"https:\/\/modern-fluids.com\/wp-content\/uploads\/2025\/06\/KABI-Oil-Handling-Container-5l-2.jpg","type":"image\/jpeg"}],"twitter_card":"summary_large_image","twitter_misc":{"Estimated reading time":"1 minute"},"schema":{"@context":"https:\/\/schema.org","@graph":[{"@type":"WebPage","@id":"https:\/\/modern-fluids.com\/termek\/kabi-olajkezelo-edeny\/","url":"https:\/\/modern-fluids.com\/termek\/kabi-olajkezelo-edeny\/","name":"KABI olajkezel\u0151 ed\u00e9ny - Modern Fluids","isPartOf":{"@id":"https:\/\/modern-fluids.com\/#website"},"primaryImageOfPage":{"@id":"https:\/\/modern-fluids.com\/termek\/kabi-olajkezelo-edeny\/#primaryimage"},"image":{"@id":"https:\/\/modern-fluids.com\/termek\/kabi-olajkezelo-edeny\/#primaryimage"},"thumbnailUrl":"https:\/\/modern-fluids.com\/wp-content\/uploads\/2025\/06\/KABI-Oil-Handling-Container-5l-2.jpg","datePublished":"2025-06-09T14:36:31+00:00","dateModified":"2025-06-16T12:06:00+00:00","breadcrumb":{"@id":"https:\/\/modern-fluids.com\/termek\/kabi-olajkezelo-edeny\/#breadcrumb"},"inLanguage":"en-GB","potentialAction":[{"@type":"ReadAction","target":["https:\/\/modern-fluids.com\/termek\/kabi-olajkezelo-edeny\/"]}]},{"@type":"ImageObject","inLanguage":"en-GB","@id":"https:\/\/modern-fluids.com\/termek\/kabi-olajkezelo-edeny\/#primaryimage","url":"https:\/\/modern-fluids.com\/wp-content\/uploads\/2025\/06\/KABI-Oil-Handling-Container-5l-2.jpg","contentUrl":"https:\/\/modern-fluids.com\/wp-content\/uploads\/2025\/06\/KABI-Oil-Handling-Container-5l-2.jpg","width":2048,"height":2048},{"@type":"BreadcrumbList","@id":"https:\/\/modern-fluids.com\/termek\/kabi-olajkezelo-edeny\/#breadcrumb","itemListElement":[{"@type":"ListItem","position":1,"name":"Home","item":"https:\/\/modern-fluids.com\/"},{"@type":"ListItem","position":2,"name":"Shop","item":"https:\/\/modern-fluids.com\/uzlet\/"},{"@type":"ListItem","position":3,"name":"KABI olajkezel\u0151 ed\u00e9ny"}]},{"@type":"WebSite","@id":"https:\/\/modern-fluids.com\/#website","url":"https:\/\/modern-fluids.com\/","name":"Modern Fluids","description":"","potentialAction":[{"@type":"SearchAction","target":{"@type":"EntryPoint","urlTemplate":"https:\/\/modern-fluids.com\/?s={search_term_string}"},"query-input":{"@type":"PropertyValueSpecification","valueRequired":true,"valueName":"search_term_string"}}],"inLanguage":"en-GB"}]}},"_links":{"self":[{"href":"https:\/\/modern-fluids.com\/en\/wp-json\/wp\/v2\/product\/1343","targetHints":{"allow":["GET"]}}],"collection":[{"href":"https:\/\/modern-fluids.com\/en\/wp-json\/wp\/v2\/product"}],"about":[{"href":"https:\/\/modern-fluids.com\/en\/wp-json\/wp\/v2\/types\/product"}],"replies":[{"embeddable":true,"href":"https:\/\/modern-fluids.com\/en\/wp-json\/wp\/v2\/comments?post=1343"}],"wp:featuredmedia":[{"embeddable":true,"href":"https:\/\/modern-fluids.com\/en\/wp-json\/wp\/v2\/media\/1347"}],"wp:attachment":[{"href":"https:\/\/modern-fluids.com\/en\/wp-json\/wp\/v2\/media?parent=1343"}],"wp:term":[{"taxonomy":"product_brand","embeddable":true,"href":"https:\/\/modern-fluids.com\/en\/wp-json\/wp\/v2\/product_brand?post=1343"},{"taxonomy":"product_cat","embeddable":true,"href":"https:\/\/modern-fluids.com\/en\/wp-json\/wp\/v2\/product_cat?post=1343"},{"taxonomy":"product_tag","embeddable":true,"href":"https:\/\/modern-fluids.com\/en\/wp-json\/wp\/v2\/product_tag?post=1343"}],"curies":[{"name":"wp","href":"https:\/\/api.w.org\/{rel}","templated":true}]}}