{"id":1443,"date":"2025-06-09T16:54:14","date_gmt":"2025-06-09T14:54:14","guid":{"rendered":"https:\/\/modern-fluids.com\/?post_type=product&#038;p=1443"},"modified":"2025-06-16T14:05:56","modified_gmt":"2025-06-16T12:05:56","slug":"kabi-fedeladapter","status":"publish","type":"product","link":"https:\/\/modern-fluids.com\/en\/product\/kabi-fedeladapter\/","title":{"rendered":"KABI cover adapter"},"content":{"rendered":"","protected":false},"excerpt":{"rendered":"<p><span data-sheets-root=\"1\">KABI cover adapter fem. 3\/4\u2033BSP with thread<br \/>\nAvailable in 3 different versions. DIN51-61-71, all with 3\/4\u2033BSP thread in the middle for connecting a barrel tap or e.g. a hose connector.<\/span><\/p>","protected":false},"featured_media":1444,"comment_status":"open","ping_status":"closed","template":"","meta":[],"product_brand":[113],"product_cat":[112],"product_tag":[],"class_list":{"0":"post-1443","1":"product","2":"type-product","3":"status-publish","4":"has-post-thumbnail","6":"product_brand-kabi","7":"product_cat-kabi","9":"first","10":"instock","11":"taxable","12":"shipping-taxable","13":"purchasable","14":"product-type-variable"},"yoast_head":"<!-- This site is optimized with the Yoast SEO Premium plugin v26.8 (Yoast SEO v26.8) - https:\/\/yoast.com\/product\/yoast-seo-premium-wordpress\/ -->\n<title>KABI fed\u00e9ladapter - Modern Fluids<\/title>\n<meta name=\"robots\" content=\"index, follow, max-snippet:-1, max-image-preview:large, max-video-preview:-1\" \/>\n<link rel=\"canonical\" href=\"https:\/\/modern-fluids.com\/en\/product\/kabi-fedeladapter\/\" \/>\n<meta property=\"og:locale\" content=\"en_GB\" \/>\n<meta property=\"og:type\" content=\"article\" \/>\n<meta property=\"og:title\" content=\"KABI fed\u00e9ladapter\" \/>\n<meta property=\"og:description\" content=\"KABI fed\u00e9l adapter fem. 3\/4\u2033BSP menettel 3 k\u00fcl\u00f6nb\u00f6z\u0151 v\u00e1ltozatban kaphat\u00f3. DIN51-61-71, mindenki 3\/4\u2033BSP menettel k\u00f6z\u00e9pen a hord\u00f3csap vagy pl. t\u00f6ml\u0151csatlakoz\u00f3 csatlakoztat\u00e1s\u00e1hoz.\" \/>\n<meta property=\"og:url\" content=\"https:\/\/modern-fluids.com\/en\/product\/kabi-fedeladapter\/\" \/>\n<meta property=\"og:site_name\" content=\"Modern Fluids\" \/>\n<meta property=\"article:modified_time\" content=\"2025-06-16T12:05:56+00:00\" \/>\n<meta property=\"og:image\" content=\"https:\/\/modern-fluids.com\/wp-content\/uploads\/2025\/06\/KABI-lid-adapter-DIN71.jpg\" \/>\n\t<meta property=\"og:image:width\" content=\"1897\" \/>\n\t<meta property=\"og:image:height\" content=\"1897\" \/>\n\t<meta property=\"og:image:type\" content=\"image\/jpeg\" \/>\n<meta name=\"twitter:card\" content=\"summary_large_image\" \/>\n<meta name=\"twitter:label1\" content=\"Estimated reading time\" \/>\n\t<meta name=\"twitter:data1\" content=\"1 minute\" \/>\n<script type=\"application\/ld+json\" class=\"yoast-schema-graph\">{\"@context\":\"https:\/\/schema.org\",\"@graph\":[{\"@type\":\"WebPage\",\"@id\":\"https:\/\/modern-fluids.com\/termek\/kabi-fedeladapter\/\",\"url\":\"https:\/\/modern-fluids.com\/termek\/kabi-fedeladapter\/\",\"name\":\"KABI fed\u00e9ladapter - Modern Fluids\",\"isPartOf\":{\"@id\":\"https:\/\/modern-fluids.com\/#website\"},\"primaryImageOfPage\":{\"@id\":\"https:\/\/modern-fluids.com\/termek\/kabi-fedeladapter\/#primaryimage\"},\"image\":{\"@id\":\"https:\/\/modern-fluids.com\/termek\/kabi-fedeladapter\/#primaryimage\"},\"thumbnailUrl\":\"https:\/\/modern-fluids.com\/wp-content\/uploads\/2025\/06\/KABI-lid-adapter-DIN71.jpg\",\"datePublished\":\"2025-06-09T14:54:14+00:00\",\"dateModified\":\"2025-06-16T12:05:56+00:00\",\"breadcrumb\":{\"@id\":\"https:\/\/modern-fluids.com\/termek\/kabi-fedeladapter\/#breadcrumb\"},\"inLanguage\":\"en-GB\",\"potentialAction\":[{\"@type\":\"ReadAction\",\"target\":[\"https:\/\/modern-fluids.com\/termek\/kabi-fedeladapter\/\"]}]},{\"@type\":\"ImageObject\",\"inLanguage\":\"en-GB\",\"@id\":\"https:\/\/modern-fluids.com\/termek\/kabi-fedeladapter\/#primaryimage\",\"url\":\"https:\/\/modern-fluids.com\/wp-content\/uploads\/2025\/06\/KABI-lid-adapter-DIN71.jpg\",\"contentUrl\":\"https:\/\/modern-fluids.com\/wp-content\/uploads\/2025\/06\/KABI-lid-adapter-DIN71.jpg\",\"width\":1897,\"height\":1897},{\"@type\":\"BreadcrumbList\",\"@id\":\"https:\/\/modern-fluids.com\/termek\/kabi-fedeladapter\/#breadcrumb\",\"itemListElement\":[{\"@type\":\"ListItem\",\"position\":1,\"name\":\"Home\",\"item\":\"https:\/\/modern-fluids.com\/\"},{\"@type\":\"ListItem\",\"position\":2,\"name\":\"Shop\",\"item\":\"https:\/\/modern-fluids.com\/uzlet\/\"},{\"@type\":\"ListItem\",\"position\":3,\"name\":\"KABI fed\u00e9ladapter\"}]},{\"@type\":\"WebSite\",\"@id\":\"https:\/\/modern-fluids.com\/#website\",\"url\":\"https:\/\/modern-fluids.com\/\",\"name\":\"Modern Fluids\",\"description\":\"\",\"potentialAction\":[{\"@type\":\"SearchAction\",\"target\":{\"@type\":\"EntryPoint\",\"urlTemplate\":\"https:\/\/modern-fluids.com\/?s={search_term_string}\"},\"query-input\":{\"@type\":\"PropertyValueSpecification\",\"valueRequired\":true,\"valueName\":\"search_term_string\"}}],\"inLanguage\":\"en-GB\"}]}<\/script>\n<!-- \/ Yoast SEO Premium plugin. -->","yoast_head_json":{"title":"KABI fed\u00e9ladapter - Modern Fluids","robots":{"index":"index","follow":"follow","max-snippet":"max-snippet:-1","max-image-preview":"max-image-preview:large","max-video-preview":"max-video-preview:-1"},"canonical":"https:\/\/modern-fluids.com\/en\/product\/kabi-fedeladapter\/","og_locale":"en_GB","og_type":"article","og_title":"KABI fed\u00e9ladapter","og_description":"KABI fed\u00e9l adapter fem. 3\/4\u2033BSP menettel 3 k\u00fcl\u00f6nb\u00f6z\u0151 v\u00e1ltozatban kaphat\u00f3. DIN51-61-71, mindenki 3\/4\u2033BSP menettel k\u00f6z\u00e9pen a hord\u00f3csap vagy pl. t\u00f6ml\u0151csatlakoz\u00f3 csatlakoztat\u00e1s\u00e1hoz.","og_url":"https:\/\/modern-fluids.com\/en\/product\/kabi-fedeladapter\/","og_site_name":"Modern Fluids","article_modified_time":"2025-06-16T12:05:56+00:00","og_image":[{"width":1897,"height":1897,"url":"https:\/\/modern-fluids.com\/wp-content\/uploads\/2025\/06\/KABI-lid-adapter-DIN71.jpg","type":"image\/jpeg"}],"twitter_card":"summary_large_image","twitter_misc":{"Estimated reading time":"1 minute"},"schema":{"@context":"https:\/\/schema.org","@graph":[{"@type":"WebPage","@id":"https:\/\/modern-fluids.com\/termek\/kabi-fedeladapter\/","url":"https:\/\/modern-fluids.com\/termek\/kabi-fedeladapter\/","name":"KABI fed\u00e9ladapter - Modern Fluids","isPartOf":{"@id":"https:\/\/modern-fluids.com\/#website"},"primaryImageOfPage":{"@id":"https:\/\/modern-fluids.com\/termek\/kabi-fedeladapter\/#primaryimage"},"image":{"@id":"https:\/\/modern-fluids.com\/termek\/kabi-fedeladapter\/#primaryimage"},"thumbnailUrl":"https:\/\/modern-fluids.com\/wp-content\/uploads\/2025\/06\/KABI-lid-adapter-DIN71.jpg","datePublished":"2025-06-09T14:54:14+00:00","dateModified":"2025-06-16T12:05:56+00:00","breadcrumb":{"@id":"https:\/\/modern-fluids.com\/termek\/kabi-fedeladapter\/#breadcrumb"},"inLanguage":"en-GB","potentialAction":[{"@type":"ReadAction","target":["https:\/\/modern-fluids.com\/termek\/kabi-fedeladapter\/"]}]},{"@type":"ImageObject","inLanguage":"en-GB","@id":"https:\/\/modern-fluids.com\/termek\/kabi-fedeladapter\/#primaryimage","url":"https:\/\/modern-fluids.com\/wp-content\/uploads\/2025\/06\/KABI-lid-adapter-DIN71.jpg","contentUrl":"https:\/\/modern-fluids.com\/wp-content\/uploads\/2025\/06\/KABI-lid-adapter-DIN71.jpg","width":1897,"height":1897},{"@type":"BreadcrumbList","@id":"https:\/\/modern-fluids.com\/termek\/kabi-fedeladapter\/#breadcrumb","itemListElement":[{"@type":"ListItem","position":1,"name":"Home","item":"https:\/\/modern-fluids.com\/"},{"@type":"ListItem","position":2,"name":"Shop","item":"https:\/\/modern-fluids.com\/uzlet\/"},{"@type":"ListItem","position":3,"name":"KABI fed\u00e9ladapter"}]},{"@type":"WebSite","@id":"https:\/\/modern-fluids.com\/#website","url":"https:\/\/modern-fluids.com\/","name":"Modern Fluids","description":"","potentialAction":[{"@type":"SearchAction","target":{"@type":"EntryPoint","urlTemplate":"https:\/\/modern-fluids.com\/?s={search_term_string}"},"query-input":{"@type":"PropertyValueSpecification","valueRequired":true,"valueName":"search_term_string"}}],"inLanguage":"en-GB"}]}},"_links":{"self":[{"href":"https:\/\/modern-fluids.com\/en\/wp-json\/wp\/v2\/product\/1443","targetHints":{"allow":["GET"]}}],"collection":[{"href":"https:\/\/modern-fluids.com\/en\/wp-json\/wp\/v2\/product"}],"about":[{"href":"https:\/\/modern-fluids.com\/en\/wp-json\/wp\/v2\/types\/product"}],"replies":[{"embeddable":true,"href":"https:\/\/modern-fluids.com\/en\/wp-json\/wp\/v2\/comments?post=1443"}],"wp:featuredmedia":[{"embeddable":true,"href":"https:\/\/modern-fluids.com\/en\/wp-json\/wp\/v2\/media\/1444"}],"wp:attachment":[{"href":"https:\/\/modern-fluids.com\/en\/wp-json\/wp\/v2\/media?parent=1443"}],"wp:term":[{"taxonomy":"product_brand","embeddable":true,"href":"https:\/\/modern-fluids.com\/en\/wp-json\/wp\/v2\/product_brand?post=1443"},{"taxonomy":"product_cat","embeddable":true,"href":"https:\/\/modern-fluids.com\/en\/wp-json\/wp\/v2\/product_cat?post=1443"},{"taxonomy":"product_tag","embeddable":true,"href":"https:\/\/modern-fluids.com\/en\/wp-json\/wp\/v2\/product_tag?post=1443"}],"curies":[{"name":"wp","href":"https:\/\/api.w.org\/{rel}","templated":true}]}}