{"id":1456,"date":"2025-06-20T09:36:53","date_gmt":"2025-06-20T07:36:53","guid":{"rendered":"https:\/\/modern-fluids.com\/?post_type=product&#038;p=1456"},"modified":"2025-06-20T09:41:09","modified_gmt":"2025-06-20T07:41:09","slug":"ultrasol-x911","status":"publish","type":"product","link":"https:\/\/modern-fluids.com\/en\/product\/ultrasol-x911\/","title":{"rendered":"Pennine Ultrasol X-911 Synthetic Metalworking Fluid"},"content":{"rendered":"<p>Pennine Ultrasol X-911 is a fully synthetic, boron-free, formaldehyde-free, biocide-free metalworking fluid that, when mixed with water, forms a clear solution, providing excellent visibility to the workpiece. The product is an oil-free, concentrated chemical metalworking fluid with excellent wetting properties, excellent cooling and rinsing characteristics and ensures that grinding wheels do not clog or become glassy. Ultrasol X-911 is odourless, has very low foaming, excellent anti-corrosion properties and reduces sticky residue.<\/p>","protected":false},"excerpt":{"rendered":"<p><strong>CONTACT<\/strong>:<\/p>\n<p>The Pennine Ultrasol X-911 is recommended for milling, turning and surface grinding, cylindrical grinding, centerless grinding, tool and cutter grinding on ferrous and non-ferrous materials, including brass and aluminium alloys.<\/p>\n<p><strong>FEATURES AND BENEFITS:<\/strong><\/p>\n<ul>\n<li>Transparent solution Excellent workpiece visibility<\/li>\n<li>Highly biostable Extended oil pan lifetime \/ less fluid exchange<\/li>\n<li>Excellent dirt removal Keeps the liquid clean<\/li>\n<li>Excellent corrosion protection Protects machines and workpieces<\/li>\n<li>Free of boron and formaldehyde Excellent EHS profile<\/li>\n<\/ul>","protected":false},"featured_media":857,"comment_status":"closed","ping_status":"closed","template":"","meta":[],"product_brand":[57],"product_cat":[59,58],"product_tag":[],"class_list":{"0":"post-1456","1":"product","2":"type-product","3":"status-publish","4":"has-post-thumbnail","6":"product_brand-pennine-lubrication","7":"product_cat-emulziokepzo","8":"product_cat-pennine-lubrication","9":"pa_kiszereles-25l","10":"pa_kiszereles-205l","11":"pa_kiszereles-1000l","13":"first","14":"instock","15":"taxable","16":"shipping-taxable","17":"purchasable","18":"product-type-variable"},"yoast_head":"<!-- This site is optimized with the Yoast SEO Premium plugin v26.8 (Yoast SEO v26.8) - https:\/\/yoast.com\/product\/yoast-seo-premium-wordpress\/ -->\n<title>Pennine Ultrasol X-911 Szintetikus F\u00e9mmegmunk\u00e1l\u00f3 Folyad\u00e9k - Modern Fluids<\/title>\n<meta name=\"robots\" content=\"index, follow, max-snippet:-1, max-image-preview:large, max-video-preview:-1\" \/>\n<link rel=\"canonical\" href=\"https:\/\/modern-fluids.com\/en\/product\/ultrasol-x911\/\" \/>\n<meta property=\"og:locale\" content=\"en_GB\" \/>\n<meta property=\"og:type\" content=\"article\" \/>\n<meta property=\"og:title\" content=\"Pennine Ultrasol X-911 Szintetikus F\u00e9mmegmunk\u00e1l\u00f3 Folyad\u00e9k\" \/>\n<meta property=\"og:description\" content=\"FELHASZN\u00c1L\u00c1S:  A Pennine Ultrasol X-911 mar\u00e1shoz, eszterg\u00e1l\u00e1shoz \u00e9s fel\u00fcletk\u00f6sz\u00f6r\u00fcl\u00e9shez, hengeres k\u00f6sz\u00f6r\u00fcl\u00e9shez, cs\u00facs n\u00e9lk\u00fcli k\u00f6sz\u00f6r\u00fcl\u00e9shez, valamint szersz\u00e1m- \u00e9s mar\u00f3szersz\u00e1m-k\u00f6sz\u00f6r\u00fcl\u00e9shez aj\u00e1nlott vas- \u00e9s nemvasf\u00e9m anyagokon, bele\u00e9rtve a s\u00e1rgaf\u00e9meket \u00e9s az alum\u00ednium\u00f6tv\u00f6zeteket is.  JELLEMZ\u0150K \u00c9S EL\u0150NY\u00d6K:   \u00c1tl\u00e1tsz\u00f3 oldat Kiv\u00e1l\u00f3 munkadarab-l\u00e1that\u00f3s\u00e1g  Nagyon biostabil Meghosszabb\u00edtott olajtekn\u0151-\u00e9lettartam \/ kevesebb folyad\u00e9kcsere  Kiv\u00e1l\u00f3 szennyez\u0151d\u00e9s-elt\u00e1vol\u00edt\u00e1s Meg\u0151rzi a folyad\u00e9k tisztas\u00e1g\u00e1t  Kiv\u00e1l\u00f3 korr\u00f3zi\u00f3v\u00e9delem V\u00e9di a g\u00e9peket \u00e9s a munkadarabokat  B\u00f3r- \u00e9s formaldehidmentes Kiv\u00e1l\u00f3 EHS-profil\" \/>\n<meta property=\"og:url\" content=\"https:\/\/modern-fluids.com\/en\/product\/ultrasol-x911\/\" \/>\n<meta property=\"og:site_name\" content=\"Modern Fluids\" \/>\n<meta property=\"article:modified_time\" content=\"2025-06-20T07:41:09+00:00\" \/>\n<meta property=\"og:image\" content=\"https:\/\/modern-fluids.com\/wp-content\/uploads\/2025\/04\/PENNINE-HORDO.jpg\" \/>\n\t<meta property=\"og:image:width\" content=\"1000\" \/>\n\t<meta property=\"og:image:height\" content=\"1000\" \/>\n\t<meta property=\"og:image:type\" content=\"image\/jpeg\" \/>\n<meta name=\"twitter:card\" content=\"summary_large_image\" \/>\n<meta name=\"twitter:label1\" content=\"Estimated reading time\" \/>\n\t<meta name=\"twitter:data1\" content=\"1 minute\" \/>\n<script type=\"application\/ld+json\" class=\"yoast-schema-graph\">{\"@context\":\"https:\/\/schema.org\",\"@graph\":[{\"@type\":\"WebPage\",\"@id\":\"https:\/\/modern-fluids.com\/termek\/ultrasol-x911\/\",\"url\":\"https:\/\/modern-fluids.com\/termek\/ultrasol-x911\/\",\"name\":\"Pennine Ultrasol X-911 Szintetikus F\u00e9mmegmunk\u00e1l\u00f3 Folyad\u00e9k - Modern Fluids\",\"isPartOf\":{\"@id\":\"https:\/\/modern-fluids.com\/#website\"},\"primaryImageOfPage\":{\"@id\":\"https:\/\/modern-fluids.com\/termek\/ultrasol-x911\/#primaryimage\"},\"image\":{\"@id\":\"https:\/\/modern-fluids.com\/termek\/ultrasol-x911\/#primaryimage\"},\"thumbnailUrl\":\"https:\/\/modern-fluids.com\/wp-content\/uploads\/2025\/04\/PENNINE-HORDO.jpg\",\"datePublished\":\"2025-06-20T07:36:53+00:00\",\"dateModified\":\"2025-06-20T07:41:09+00:00\",\"breadcrumb\":{\"@id\":\"https:\/\/modern-fluids.com\/termek\/ultrasol-x911\/#breadcrumb\"},\"inLanguage\":\"en-GB\",\"potentialAction\":[{\"@type\":\"ReadAction\",\"target\":[\"https:\/\/modern-fluids.com\/termek\/ultrasol-x911\/\"]}]},{\"@type\":\"ImageObject\",\"inLanguage\":\"en-GB\",\"@id\":\"https:\/\/modern-fluids.com\/termek\/ultrasol-x911\/#primaryimage\",\"url\":\"https:\/\/modern-fluids.com\/wp-content\/uploads\/2025\/04\/PENNINE-HORDO.jpg\",\"contentUrl\":\"https:\/\/modern-fluids.com\/wp-content\/uploads\/2025\/04\/PENNINE-HORDO.jpg\",\"width\":1000,\"height\":1000},{\"@type\":\"BreadcrumbList\",\"@id\":\"https:\/\/modern-fluids.com\/termek\/ultrasol-x911\/#breadcrumb\",\"itemListElement\":[{\"@type\":\"ListItem\",\"position\":1,\"name\":\"Home\",\"item\":\"https:\/\/modern-fluids.com\/\"},{\"@type\":\"ListItem\",\"position\":2,\"name\":\"Shop\",\"item\":\"https:\/\/modern-fluids.com\/uzlet\/\"},{\"@type\":\"ListItem\",\"position\":3,\"name\":\"Pennine Ultrasol X-911 Szintetikus F\u00e9mmegmunk\u00e1l\u00f3 Folyad\u00e9k\"}]},{\"@type\":\"WebSite\",\"@id\":\"https:\/\/modern-fluids.com\/#website\",\"url\":\"https:\/\/modern-fluids.com\/\",\"name\":\"Modern Fluids\",\"description\":\"\",\"potentialAction\":[{\"@type\":\"SearchAction\",\"target\":{\"@type\":\"EntryPoint\",\"urlTemplate\":\"https:\/\/modern-fluids.com\/?s={search_term_string}\"},\"query-input\":{\"@type\":\"PropertyValueSpecification\",\"valueRequired\":true,\"valueName\":\"search_term_string\"}}],\"inLanguage\":\"en-GB\"}]}<\/script>\n<!-- \/ Yoast SEO Premium plugin. -->","yoast_head_json":{"title":"Pennine Ultrasol X-911 Szintetikus F\u00e9mmegmunk\u00e1l\u00f3 Folyad\u00e9k - Modern Fluids","robots":{"index":"index","follow":"follow","max-snippet":"max-snippet:-1","max-image-preview":"max-image-preview:large","max-video-preview":"max-video-preview:-1"},"canonical":"https:\/\/modern-fluids.com\/en\/product\/ultrasol-x911\/","og_locale":"en_GB","og_type":"article","og_title":"Pennine Ultrasol X-911 Szintetikus F\u00e9mmegmunk\u00e1l\u00f3 Folyad\u00e9k","og_description":"FELHASZN\u00c1L\u00c1S:  A Pennine Ultrasol X-911 mar\u00e1shoz, eszterg\u00e1l\u00e1shoz \u00e9s fel\u00fcletk\u00f6sz\u00f6r\u00fcl\u00e9shez, hengeres k\u00f6sz\u00f6r\u00fcl\u00e9shez, cs\u00facs n\u00e9lk\u00fcli k\u00f6sz\u00f6r\u00fcl\u00e9shez, valamint szersz\u00e1m- \u00e9s mar\u00f3szersz\u00e1m-k\u00f6sz\u00f6r\u00fcl\u00e9shez aj\u00e1nlott vas- \u00e9s nemvasf\u00e9m anyagokon, bele\u00e9rtve a s\u00e1rgaf\u00e9meket \u00e9s az alum\u00ednium\u00f6tv\u00f6zeteket is.  JELLEMZ\u0150K \u00c9S EL\u0150NY\u00d6K:   \u00c1tl\u00e1tsz\u00f3 oldat Kiv\u00e1l\u00f3 munkadarab-l\u00e1that\u00f3s\u00e1g  Nagyon biostabil Meghosszabb\u00edtott olajtekn\u0151-\u00e9lettartam \/ kevesebb folyad\u00e9kcsere  Kiv\u00e1l\u00f3 szennyez\u0151d\u00e9s-elt\u00e1vol\u00edt\u00e1s Meg\u0151rzi a folyad\u00e9k tisztas\u00e1g\u00e1t  Kiv\u00e1l\u00f3 korr\u00f3zi\u00f3v\u00e9delem V\u00e9di a g\u00e9peket \u00e9s a munkadarabokat  B\u00f3r- \u00e9s formaldehidmentes Kiv\u00e1l\u00f3 EHS-profil","og_url":"https:\/\/modern-fluids.com\/en\/product\/ultrasol-x911\/","og_site_name":"Modern Fluids","article_modified_time":"2025-06-20T07:41:09+00:00","og_image":[{"width":1000,"height":1000,"url":"https:\/\/modern-fluids.com\/wp-content\/uploads\/2025\/04\/PENNINE-HORDO.jpg","type":"image\/jpeg"}],"twitter_card":"summary_large_image","twitter_misc":{"Estimated reading time":"1 minute"},"schema":{"@context":"https:\/\/schema.org","@graph":[{"@type":"WebPage","@id":"https:\/\/modern-fluids.com\/termek\/ultrasol-x911\/","url":"https:\/\/modern-fluids.com\/termek\/ultrasol-x911\/","name":"Pennine Ultrasol X-911 Szintetikus F\u00e9mmegmunk\u00e1l\u00f3 Folyad\u00e9k - Modern Fluids","isPartOf":{"@id":"https:\/\/modern-fluids.com\/#website"},"primaryImageOfPage":{"@id":"https:\/\/modern-fluids.com\/termek\/ultrasol-x911\/#primaryimage"},"image":{"@id":"https:\/\/modern-fluids.com\/termek\/ultrasol-x911\/#primaryimage"},"thumbnailUrl":"https:\/\/modern-fluids.com\/wp-content\/uploads\/2025\/04\/PENNINE-HORDO.jpg","datePublished":"2025-06-20T07:36:53+00:00","dateModified":"2025-06-20T07:41:09+00:00","breadcrumb":{"@id":"https:\/\/modern-fluids.com\/termek\/ultrasol-x911\/#breadcrumb"},"inLanguage":"en-GB","potentialAction":[{"@type":"ReadAction","target":["https:\/\/modern-fluids.com\/termek\/ultrasol-x911\/"]}]},{"@type":"ImageObject","inLanguage":"en-GB","@id":"https:\/\/modern-fluids.com\/termek\/ultrasol-x911\/#primaryimage","url":"https:\/\/modern-fluids.com\/wp-content\/uploads\/2025\/04\/PENNINE-HORDO.jpg","contentUrl":"https:\/\/modern-fluids.com\/wp-content\/uploads\/2025\/04\/PENNINE-HORDO.jpg","width":1000,"height":1000},{"@type":"BreadcrumbList","@id":"https:\/\/modern-fluids.com\/termek\/ultrasol-x911\/#breadcrumb","itemListElement":[{"@type":"ListItem","position":1,"name":"Home","item":"https:\/\/modern-fluids.com\/"},{"@type":"ListItem","position":2,"name":"Shop","item":"https:\/\/modern-fluids.com\/uzlet\/"},{"@type":"ListItem","position":3,"name":"Pennine Ultrasol X-911 Szintetikus F\u00e9mmegmunk\u00e1l\u00f3 Folyad\u00e9k"}]},{"@type":"WebSite","@id":"https:\/\/modern-fluids.com\/#website","url":"https:\/\/modern-fluids.com\/","name":"Modern Fluids","description":"","potentialAction":[{"@type":"SearchAction","target":{"@type":"EntryPoint","urlTemplate":"https:\/\/modern-fluids.com\/?s={search_term_string}"},"query-input":{"@type":"PropertyValueSpecification","valueRequired":true,"valueName":"search_term_string"}}],"inLanguage":"en-GB"}]}},"_links":{"self":[{"href":"https:\/\/modern-fluids.com\/en\/wp-json\/wp\/v2\/product\/1456","targetHints":{"allow":["GET"]}}],"collection":[{"href":"https:\/\/modern-fluids.com\/en\/wp-json\/wp\/v2\/product"}],"about":[{"href":"https:\/\/modern-fluids.com\/en\/wp-json\/wp\/v2\/types\/product"}],"replies":[{"embeddable":true,"href":"https:\/\/modern-fluids.com\/en\/wp-json\/wp\/v2\/comments?post=1456"}],"wp:featuredmedia":[{"embeddable":true,"href":"https:\/\/modern-fluids.com\/en\/wp-json\/wp\/v2\/media\/857"}],"wp:attachment":[{"href":"https:\/\/modern-fluids.com\/en\/wp-json\/wp\/v2\/media?parent=1456"}],"wp:term":[{"taxonomy":"product_brand","embeddable":true,"href":"https:\/\/modern-fluids.com\/en\/wp-json\/wp\/v2\/product_brand?post=1456"},{"taxonomy":"product_cat","embeddable":true,"href":"https:\/\/modern-fluids.com\/en\/wp-json\/wp\/v2\/product_cat?post=1456"},{"taxonomy":"product_tag","embeddable":true,"href":"https:\/\/modern-fluids.com\/en\/wp-json\/wp\/v2\/product_tag?post=1456"}],"curies":[{"name":"wp","href":"https:\/\/api.w.org\/{rel}","templated":true}]}}