{"id":643,"date":"2025-05-12T17:07:06","date_gmt":"2025-05-12T15:07:06","guid":{"rendered":"https:\/\/modern-fluids.com\/termek\/bowser-200-240v\/"},"modified":"2025-07-13T10:49:42","modified_gmt":"2025-07-13T08:49:42","slug":"bowser-200-240v","status":"publish","type":"product","link":"https:\/\/modern-fluids.com\/en\/product\/bowser-200-240v\/","title":{"rendered":"BOWSER\/200\/240V\u00a0"},"content":{"rendered":"","protected":false},"excerpt":{"rendered":"<p>Freddy Electric Oil and Coolant Tank<br \/>\nThe Freddy Electric Oil and Coolant Tank is a safe and simple solution for transporting clean fluids within the workshop and for refilling or topping up machines.<\/p>\n<p>This handy tool enables efficient and orderly fluid handling, reducing the risk of spills and contamination while ensuring smooth operation of machinery.<\/p>","protected":false},"featured_media":830,"comment_status":"closed","ping_status":"closed","template":"","meta":[],"product_brand":[64],"product_cat":[66,65],"product_tag":[],"class_list":{"0":"post-643","1":"product","2":"type-product","3":"status-publish","4":"has-post-thumbnail","6":"product_brand-freddy-products-ltd","7":"product_cat-bowser","8":"product_cat-freddy-products","10":"first","11":"instock","12":"taxable","13":"shipping-taxable","14":"purchasable","15":"product-type-simple"},"yoast_head":"<!-- This site is optimized with the Yoast SEO Premium plugin v26.8 (Yoast SEO v26.8) - https:\/\/yoast.com\/product\/yoast-seo-premium-wordpress\/ -->\n<title>BOWSER\/200\/240V\u00a0 - Modern Fluids<\/title>\n<meta name=\"robots\" content=\"index, follow, max-snippet:-1, max-image-preview:large, max-video-preview:-1\" \/>\n<link rel=\"canonical\" href=\"https:\/\/modern-fluids.com\/en\/product\/bowser-200-240v\/\" \/>\n<meta property=\"og:locale\" content=\"en_GB\" \/>\n<meta property=\"og:type\" content=\"article\" \/>\n<meta property=\"og:title\" content=\"BOWSER\/200\/240V\u00a0\" \/>\n<meta property=\"og:description\" content=\"Freddy Elektromos Olaj- \u00e9s H\u0171t\u0151folyad\u00e9k Sz\u00e1ll\u00edt\u00f3 Tart\u00e1ly A Freddy Elektromos Olaj- \u00e9s H\u0171t\u0151folyad\u00e9k Sz\u00e1ll\u00edt\u00f3 Tart\u00e1ly egy biztons\u00e1gos \u00e9s egyszer\u0171 megold\u00e1s a tiszta folyad\u00e9kok m\u0171helyen bel\u00fcli sz\u00e1ll\u00edt\u00e1s\u00e1ra, valamint a g\u00e9pek felt\u00f6lt\u00e9s\u00e9re vagy ut\u00e1nt\u00f6lt\u00e9s\u00e9re.  Ez a praktikus eszk\u00f6z lehet\u0151v\u00e9 teszi a hat\u00e9kony \u00e9s rendezett folyad\u00e9kkezel\u00e9st, cs\u00f6kkentve a ki\u00f6ml\u00e9s \u00e9s a szennyez\u0151d\u00e9s kock\u00e1zat\u00e1t, mik\u00f6zben biztos\u00edtja a g\u00e9pek zavartalan m\u0171k\u00f6d\u00e9s\u00e9t.\" \/>\n<meta property=\"og:url\" content=\"https:\/\/modern-fluids.com\/en\/product\/bowser-200-240v\/\" \/>\n<meta property=\"og:site_name\" content=\"Modern Fluids\" \/>\n<meta property=\"article:modified_time\" content=\"2025-07-13T08:49:42+00:00\" \/>\n<meta property=\"og:image\" content=\"https:\/\/modern-fluids.com\/wp-content\/uploads\/2025\/04\/bowser.jpg\" \/>\n\t<meta property=\"og:image:width\" content=\"1000\" \/>\n\t<meta property=\"og:image:height\" content=\"1000\" \/>\n\t<meta property=\"og:image:type\" content=\"image\/jpeg\" \/>\n<meta name=\"twitter:card\" content=\"summary_large_image\" \/>\n<script type=\"application\/ld+json\" class=\"yoast-schema-graph\">{\"@context\":\"https:\/\/schema.org\",\"@graph\":[{\"@type\":\"WebPage\",\"@id\":\"https:\/\/modern-fluids.com\/termek\/bowser-200-240v\/\",\"url\":\"https:\/\/modern-fluids.com\/termek\/bowser-200-240v\/\",\"name\":\"BOWSER\/200\/240V\u00a0 - Modern Fluids\",\"isPartOf\":{\"@id\":\"https:\/\/modern-fluids.com\/#website\"},\"primaryImageOfPage\":{\"@id\":\"https:\/\/modern-fluids.com\/termek\/bowser-200-240v\/#primaryimage\"},\"image\":{\"@id\":\"https:\/\/modern-fluids.com\/termek\/bowser-200-240v\/#primaryimage\"},\"thumbnailUrl\":\"https:\/\/modern-fluids.com\/wp-content\/uploads\/2025\/04\/bowser.jpg\",\"datePublished\":\"2025-05-12T15:07:06+00:00\",\"dateModified\":\"2025-07-13T08:49:42+00:00\",\"breadcrumb\":{\"@id\":\"https:\/\/modern-fluids.com\/termek\/bowser-200-240v\/#breadcrumb\"},\"inLanguage\":\"en-GB\",\"potentialAction\":[{\"@type\":\"ReadAction\",\"target\":[\"https:\/\/modern-fluids.com\/termek\/bowser-200-240v\/\"]}]},{\"@type\":\"ImageObject\",\"inLanguage\":\"en-GB\",\"@id\":\"https:\/\/modern-fluids.com\/termek\/bowser-200-240v\/#primaryimage\",\"url\":\"https:\/\/modern-fluids.com\/wp-content\/uploads\/2025\/04\/bowser.jpg\",\"contentUrl\":\"https:\/\/modern-fluids.com\/wp-content\/uploads\/2025\/04\/bowser.jpg\",\"width\":1000,\"height\":1000},{\"@type\":\"BreadcrumbList\",\"@id\":\"https:\/\/modern-fluids.com\/termek\/bowser-200-240v\/#breadcrumb\",\"itemListElement\":[{\"@type\":\"ListItem\",\"position\":1,\"name\":\"Home\",\"item\":\"https:\/\/modern-fluids.com\/\"},{\"@type\":\"ListItem\",\"position\":2,\"name\":\"Shop\",\"item\":\"https:\/\/modern-fluids.com\/uzlet\/\"},{\"@type\":\"ListItem\",\"position\":3,\"name\":\"BOWSER\/200\/240V\u00a0\"}]},{\"@type\":\"WebSite\",\"@id\":\"https:\/\/modern-fluids.com\/#website\",\"url\":\"https:\/\/modern-fluids.com\/\",\"name\":\"Modern Fluids\",\"description\":\"\",\"potentialAction\":[{\"@type\":\"SearchAction\",\"target\":{\"@type\":\"EntryPoint\",\"urlTemplate\":\"https:\/\/modern-fluids.com\/?s={search_term_string}\"},\"query-input\":{\"@type\":\"PropertyValueSpecification\",\"valueRequired\":true,\"valueName\":\"search_term_string\"}}],\"inLanguage\":\"en-GB\"}]}<\/script>\n<!-- \/ Yoast SEO Premium plugin. -->","yoast_head_json":{"title":"BOWSER\/200\/240V\u00a0 - Modern Fluids","robots":{"index":"index","follow":"follow","max-snippet":"max-snippet:-1","max-image-preview":"max-image-preview:large","max-video-preview":"max-video-preview:-1"},"canonical":"https:\/\/modern-fluids.com\/en\/product\/bowser-200-240v\/","og_locale":"en_GB","og_type":"article","og_title":"BOWSER\/200\/240V\u00a0","og_description":"Freddy Elektromos Olaj- \u00e9s H\u0171t\u0151folyad\u00e9k Sz\u00e1ll\u00edt\u00f3 Tart\u00e1ly A Freddy Elektromos Olaj- \u00e9s H\u0171t\u0151folyad\u00e9k Sz\u00e1ll\u00edt\u00f3 Tart\u00e1ly egy biztons\u00e1gos \u00e9s egyszer\u0171 megold\u00e1s a tiszta folyad\u00e9kok m\u0171helyen bel\u00fcli sz\u00e1ll\u00edt\u00e1s\u00e1ra, valamint a g\u00e9pek felt\u00f6lt\u00e9s\u00e9re vagy ut\u00e1nt\u00f6lt\u00e9s\u00e9re.  Ez a praktikus eszk\u00f6z lehet\u0151v\u00e9 teszi a hat\u00e9kony \u00e9s rendezett folyad\u00e9kkezel\u00e9st, cs\u00f6kkentve a ki\u00f6ml\u00e9s \u00e9s a szennyez\u0151d\u00e9s kock\u00e1zat\u00e1t, mik\u00f6zben biztos\u00edtja a g\u00e9pek zavartalan m\u0171k\u00f6d\u00e9s\u00e9t.","og_url":"https:\/\/modern-fluids.com\/en\/product\/bowser-200-240v\/","og_site_name":"Modern Fluids","article_modified_time":"2025-07-13T08:49:42+00:00","og_image":[{"width":1000,"height":1000,"url":"https:\/\/modern-fluids.com\/wp-content\/uploads\/2025\/04\/bowser.jpg","type":"image\/jpeg"}],"twitter_card":"summary_large_image","schema":{"@context":"https:\/\/schema.org","@graph":[{"@type":"WebPage","@id":"https:\/\/modern-fluids.com\/termek\/bowser-200-240v\/","url":"https:\/\/modern-fluids.com\/termek\/bowser-200-240v\/","name":"BOWSER\/200\/240V\u00a0 - Modern Fluids","isPartOf":{"@id":"https:\/\/modern-fluids.com\/#website"},"primaryImageOfPage":{"@id":"https:\/\/modern-fluids.com\/termek\/bowser-200-240v\/#primaryimage"},"image":{"@id":"https:\/\/modern-fluids.com\/termek\/bowser-200-240v\/#primaryimage"},"thumbnailUrl":"https:\/\/modern-fluids.com\/wp-content\/uploads\/2025\/04\/bowser.jpg","datePublished":"2025-05-12T15:07:06+00:00","dateModified":"2025-07-13T08:49:42+00:00","breadcrumb":{"@id":"https:\/\/modern-fluids.com\/termek\/bowser-200-240v\/#breadcrumb"},"inLanguage":"en-GB","potentialAction":[{"@type":"ReadAction","target":["https:\/\/modern-fluids.com\/termek\/bowser-200-240v\/"]}]},{"@type":"ImageObject","inLanguage":"en-GB","@id":"https:\/\/modern-fluids.com\/termek\/bowser-200-240v\/#primaryimage","url":"https:\/\/modern-fluids.com\/wp-content\/uploads\/2025\/04\/bowser.jpg","contentUrl":"https:\/\/modern-fluids.com\/wp-content\/uploads\/2025\/04\/bowser.jpg","width":1000,"height":1000},{"@type":"BreadcrumbList","@id":"https:\/\/modern-fluids.com\/termek\/bowser-200-240v\/#breadcrumb","itemListElement":[{"@type":"ListItem","position":1,"name":"Home","item":"https:\/\/modern-fluids.com\/"},{"@type":"ListItem","position":2,"name":"Shop","item":"https:\/\/modern-fluids.com\/uzlet\/"},{"@type":"ListItem","position":3,"name":"BOWSER\/200\/240V\u00a0"}]},{"@type":"WebSite","@id":"https:\/\/modern-fluids.com\/#website","url":"https:\/\/modern-fluids.com\/","name":"Modern Fluids","description":"","potentialAction":[{"@type":"SearchAction","target":{"@type":"EntryPoint","urlTemplate":"https:\/\/modern-fluids.com\/?s={search_term_string}"},"query-input":{"@type":"PropertyValueSpecification","valueRequired":true,"valueName":"search_term_string"}}],"inLanguage":"en-GB"}]}},"_links":{"self":[{"href":"https:\/\/modern-fluids.com\/en\/wp-json\/wp\/v2\/product\/643","targetHints":{"allow":["GET"]}}],"collection":[{"href":"https:\/\/modern-fluids.com\/en\/wp-json\/wp\/v2\/product"}],"about":[{"href":"https:\/\/modern-fluids.com\/en\/wp-json\/wp\/v2\/types\/product"}],"replies":[{"embeddable":true,"href":"https:\/\/modern-fluids.com\/en\/wp-json\/wp\/v2\/comments?post=643"}],"wp:featuredmedia":[{"embeddable":true,"href":"https:\/\/modern-fluids.com\/en\/wp-json\/wp\/v2\/media\/830"}],"wp:attachment":[{"href":"https:\/\/modern-fluids.com\/en\/wp-json\/wp\/v2\/media?parent=643"}],"wp:term":[{"taxonomy":"product_brand","embeddable":true,"href":"https:\/\/modern-fluids.com\/en\/wp-json\/wp\/v2\/product_brand?post=643"},{"taxonomy":"product_cat","embeddable":true,"href":"https:\/\/modern-fluids.com\/en\/wp-json\/wp\/v2\/product_cat?post=643"},{"taxonomy":"product_tag","embeddable":true,"href":"https:\/\/modern-fluids.com\/en\/wp-json\/wp\/v2\/product_tag?post=643"}],"curies":[{"name":"wp","href":"https:\/\/api.w.org\/{rel}","templated":true}]}}