{"id":644,"date":"2025-05-12T17:07:05","date_gmt":"2025-05-12T15:07:05","guid":{"rendered":"https:\/\/modern-fluids.com\/termek\/freddy-2nd-filter-complete\/"},"modified":"2025-07-13T10:50:06","modified_gmt":"2025-07-13T08:50:06","slug":"freddy-2nd-filter-complete","status":"publish","type":"product","link":"https:\/\/modern-fluids.com\/en\/product\/freddy-2nd-filter-complete\/","title":{"rendered":"Freddy 2nd Filter Complete\u00a0"},"content":{"rendered":"","protected":false},"excerpt":{"rendered":"<p>Freddy Secondary Filter Unit - More efficient coolant and chip recycling<br \/>\nThe Freddy Secondary Filter Unit is compatible with the full range of Freddy coolant and chip recycling vacuum cleaners.<\/p>\n<p>By connecting the filter unit to the Freddy Coolant Recycling Vacuum Cleaner, you can double the filtration area for even more efficient cleaning.<\/p>\n<p>Benefits:<\/p>\n<p>Increased filtration capacity to help remove fine contaminants and extend coolant life.<br \/>\nTime saving for users who have previously filtered the coolant twice for maximum cleanliness.<br \/>\nEasy integration with existing Freddy systems.<br \/>\nThe Freddy Secondary Filter Unit is a practical and efficient solution to optimise coolant management and reduce maintenance time.<\/p>","protected":false},"featured_media":809,"comment_status":"closed","ping_status":"closed","template":"","meta":[],"product_brand":[64],"product_cat":[67,65],"product_tag":[],"class_list":{"0":"post-644","1":"product","2":"type-product","3":"status-publish","4":"has-post-thumbnail","6":"product_brand-freddy-products-ltd","7":"product_cat-2nd-filter","8":"product_cat-freddy-products","10":"first","11":"instock","12":"taxable","13":"shipping-taxable","14":"purchasable","15":"product-type-simple"},"yoast_head":"<!-- This site is optimized with the Yoast SEO Premium plugin v26.8 (Yoast SEO v26.8) - https:\/\/yoast.com\/product\/yoast-seo-premium-wordpress\/ -->\n<title>Freddy 2nd Filter Complete\u00a0 - Modern Fluids<\/title>\n<meta name=\"robots\" content=\"index, follow, max-snippet:-1, max-image-preview:large, max-video-preview:-1\" \/>\n<link rel=\"canonical\" href=\"https:\/\/modern-fluids.com\/en\/product\/freddy-2nd-filter-complete\/\" \/>\n<meta property=\"og:locale\" content=\"en_GB\" \/>\n<meta property=\"og:type\" content=\"article\" \/>\n<meta property=\"og:title\" content=\"Freddy 2nd Filter Complete\u00a0\" \/>\n<meta property=\"og:description\" content=\"Freddy M\u00e1sodlagos Sz\u0171r\u0151egys\u00e9g \u2013 Hat\u00e9konyabb h\u0171t\u0151folyad\u00e9k- \u00e9s forg\u00e1cs\u00fajrahasznos\u00edt\u00e1s A Freddy M\u00e1sodlagos Sz\u0171r\u0151egys\u00e9g kompatibilis a Freddy h\u0171t\u0151folyad\u00e9k- \u00e9s forg\u00e1cs\u00fajrahasznos\u00edt\u00f3 porsz\u00edv\u00f3k teljes v\u00e1laszt\u00e9k\u00e1val.  A sz\u0171r\u0151egys\u00e9g csatlakoztat\u00e1s\u00e1val a Freddy H\u0171t\u0151folyad\u00e9k \u00dajrahasznos\u00edt\u00f3 porsz\u00edv\u00f3hoz megdupl\u00e1zhat\u00f3 a sz\u0171r\u00e9si fel\u00fclet, \u00edgy m\u00e9g hat\u00e9konyabb tiszt\u00edt\u00e1st \u00e9rhet el.  El\u0151ny\u00f6k:  Megn\u00f6velt sz\u0171r\u00e9si kapacit\u00e1s, amely seg\u00edt elt\u00e1vol\u00edtani a finom szennyez\u0151d\u00e9seket \u00e9s meghosszabb\u00edtja a h\u0171t\u0151folyad\u00e9k \u00e9lettartam\u00e1t. Id\u0151megtakar\u00edt\u00e1s azoknak a felhaszn\u00e1l\u00f3knak, akik eddig k\u00e9tszer sz\u0171rt\u00e9k \u00e1t a h\u0171t\u0151folyad\u00e9kot a maxim\u00e1lis tisztas\u00e1g \u00e9rdek\u00e9ben. Egyszer\u0171 integr\u00e1ci\u00f3 a megl\u00e9v\u0151 Freddy rendszerekkel. A Freddy M\u00e1sodlagos Sz\u0171r\u0151egys\u00e9g praktikus \u00e9s hat\u00e9kony megold\u00e1s a h\u0171t\u0151folyad\u00e9k-kezel\u00e9s optimaliz\u00e1l\u00e1s\u00e1ra \u00e9s a karbantart\u00e1si id\u0151 cs\u00f6kkent\u00e9s\u00e9re.\" \/>\n<meta property=\"og:url\" content=\"https:\/\/modern-fluids.com\/en\/product\/freddy-2nd-filter-complete\/\" \/>\n<meta property=\"og:site_name\" content=\"Modern Fluids\" \/>\n<meta property=\"article:modified_time\" content=\"2025-07-13T08:50:06+00:00\" \/>\n<meta property=\"og:image\" content=\"https:\/\/modern-fluids.com\/wp-content\/uploads\/2025\/04\/second-filter.jpg\" \/>\n\t<meta property=\"og:image:width\" content=\"1000\" \/>\n\t<meta property=\"og:image:height\" content=\"1000\" \/>\n\t<meta property=\"og:image:type\" content=\"image\/jpeg\" \/>\n<meta name=\"twitter:card\" content=\"summary_large_image\" \/>\n<script type=\"application\/ld+json\" class=\"yoast-schema-graph\">{\"@context\":\"https:\/\/schema.org\",\"@graph\":[{\"@type\":\"WebPage\",\"@id\":\"https:\/\/modern-fluids.com\/termek\/freddy-2nd-filter-complete\/\",\"url\":\"https:\/\/modern-fluids.com\/termek\/freddy-2nd-filter-complete\/\",\"name\":\"Freddy 2nd Filter Complete\u00a0 - Modern Fluids\",\"isPartOf\":{\"@id\":\"https:\/\/modern-fluids.com\/#website\"},\"primaryImageOfPage\":{\"@id\":\"https:\/\/modern-fluids.com\/termek\/freddy-2nd-filter-complete\/#primaryimage\"},\"image\":{\"@id\":\"https:\/\/modern-fluids.com\/termek\/freddy-2nd-filter-complete\/#primaryimage\"},\"thumbnailUrl\":\"https:\/\/modern-fluids.com\/wp-content\/uploads\/2025\/04\/second-filter.jpg\",\"datePublished\":\"2025-05-12T15:07:05+00:00\",\"dateModified\":\"2025-07-13T08:50:06+00:00\",\"breadcrumb\":{\"@id\":\"https:\/\/modern-fluids.com\/termek\/freddy-2nd-filter-complete\/#breadcrumb\"},\"inLanguage\":\"en-GB\",\"potentialAction\":[{\"@type\":\"ReadAction\",\"target\":[\"https:\/\/modern-fluids.com\/termek\/freddy-2nd-filter-complete\/\"]}]},{\"@type\":\"ImageObject\",\"inLanguage\":\"en-GB\",\"@id\":\"https:\/\/modern-fluids.com\/termek\/freddy-2nd-filter-complete\/#primaryimage\",\"url\":\"https:\/\/modern-fluids.com\/wp-content\/uploads\/2025\/04\/second-filter.jpg\",\"contentUrl\":\"https:\/\/modern-fluids.com\/wp-content\/uploads\/2025\/04\/second-filter.jpg\",\"width\":1000,\"height\":1000},{\"@type\":\"BreadcrumbList\",\"@id\":\"https:\/\/modern-fluids.com\/termek\/freddy-2nd-filter-complete\/#breadcrumb\",\"itemListElement\":[{\"@type\":\"ListItem\",\"position\":1,\"name\":\"Home\",\"item\":\"https:\/\/modern-fluids.com\/\"},{\"@type\":\"ListItem\",\"position\":2,\"name\":\"Shop\",\"item\":\"https:\/\/modern-fluids.com\/uzlet\/\"},{\"@type\":\"ListItem\",\"position\":3,\"name\":\"Freddy 2nd Filter Complete\u00a0\"}]},{\"@type\":\"WebSite\",\"@id\":\"https:\/\/modern-fluids.com\/#website\",\"url\":\"https:\/\/modern-fluids.com\/\",\"name\":\"Modern Fluids\",\"description\":\"\",\"potentialAction\":[{\"@type\":\"SearchAction\",\"target\":{\"@type\":\"EntryPoint\",\"urlTemplate\":\"https:\/\/modern-fluids.com\/?s={search_term_string}\"},\"query-input\":{\"@type\":\"PropertyValueSpecification\",\"valueRequired\":true,\"valueName\":\"search_term_string\"}}],\"inLanguage\":\"en-GB\"}]}<\/script>\n<!-- \/ Yoast SEO Premium plugin. -->","yoast_head_json":{"title":"Freddy 2nd Filter Complete\u00a0 - Modern Fluids","robots":{"index":"index","follow":"follow","max-snippet":"max-snippet:-1","max-image-preview":"max-image-preview:large","max-video-preview":"max-video-preview:-1"},"canonical":"https:\/\/modern-fluids.com\/en\/product\/freddy-2nd-filter-complete\/","og_locale":"en_GB","og_type":"article","og_title":"Freddy 2nd Filter Complete\u00a0","og_description":"Freddy M\u00e1sodlagos Sz\u0171r\u0151egys\u00e9g \u2013 Hat\u00e9konyabb h\u0171t\u0151folyad\u00e9k- \u00e9s forg\u00e1cs\u00fajrahasznos\u00edt\u00e1s A Freddy M\u00e1sodlagos Sz\u0171r\u0151egys\u00e9g kompatibilis a Freddy h\u0171t\u0151folyad\u00e9k- \u00e9s forg\u00e1cs\u00fajrahasznos\u00edt\u00f3 porsz\u00edv\u00f3k teljes v\u00e1laszt\u00e9k\u00e1val.  A sz\u0171r\u0151egys\u00e9g csatlakoztat\u00e1s\u00e1val a Freddy H\u0171t\u0151folyad\u00e9k \u00dajrahasznos\u00edt\u00f3 porsz\u00edv\u00f3hoz megdupl\u00e1zhat\u00f3 a sz\u0171r\u00e9si fel\u00fclet, \u00edgy m\u00e9g hat\u00e9konyabb tiszt\u00edt\u00e1st \u00e9rhet el.  El\u0151ny\u00f6k:  Megn\u00f6velt sz\u0171r\u00e9si kapacit\u00e1s, amely seg\u00edt elt\u00e1vol\u00edtani a finom szennyez\u0151d\u00e9seket \u00e9s meghosszabb\u00edtja a h\u0171t\u0151folyad\u00e9k \u00e9lettartam\u00e1t. Id\u0151megtakar\u00edt\u00e1s azoknak a felhaszn\u00e1l\u00f3knak, akik eddig k\u00e9tszer sz\u0171rt\u00e9k \u00e1t a h\u0171t\u0151folyad\u00e9kot a maxim\u00e1lis tisztas\u00e1g \u00e9rdek\u00e9ben. Egyszer\u0171 integr\u00e1ci\u00f3 a megl\u00e9v\u0151 Freddy rendszerekkel. A Freddy M\u00e1sodlagos Sz\u0171r\u0151egys\u00e9g praktikus \u00e9s hat\u00e9kony megold\u00e1s a h\u0171t\u0151folyad\u00e9k-kezel\u00e9s optimaliz\u00e1l\u00e1s\u00e1ra \u00e9s a karbantart\u00e1si id\u0151 cs\u00f6kkent\u00e9s\u00e9re.","og_url":"https:\/\/modern-fluids.com\/en\/product\/freddy-2nd-filter-complete\/","og_site_name":"Modern Fluids","article_modified_time":"2025-07-13T08:50:06+00:00","og_image":[{"width":1000,"height":1000,"url":"https:\/\/modern-fluids.com\/wp-content\/uploads\/2025\/04\/second-filter.jpg","type":"image\/jpeg"}],"twitter_card":"summary_large_image","schema":{"@context":"https:\/\/schema.org","@graph":[{"@type":"WebPage","@id":"https:\/\/modern-fluids.com\/termek\/freddy-2nd-filter-complete\/","url":"https:\/\/modern-fluids.com\/termek\/freddy-2nd-filter-complete\/","name":"Freddy 2nd Filter Complete\u00a0 - Modern Fluids","isPartOf":{"@id":"https:\/\/modern-fluids.com\/#website"},"primaryImageOfPage":{"@id":"https:\/\/modern-fluids.com\/termek\/freddy-2nd-filter-complete\/#primaryimage"},"image":{"@id":"https:\/\/modern-fluids.com\/termek\/freddy-2nd-filter-complete\/#primaryimage"},"thumbnailUrl":"https:\/\/modern-fluids.com\/wp-content\/uploads\/2025\/04\/second-filter.jpg","datePublished":"2025-05-12T15:07:05+00:00","dateModified":"2025-07-13T08:50:06+00:00","breadcrumb":{"@id":"https:\/\/modern-fluids.com\/termek\/freddy-2nd-filter-complete\/#breadcrumb"},"inLanguage":"en-GB","potentialAction":[{"@type":"ReadAction","target":["https:\/\/modern-fluids.com\/termek\/freddy-2nd-filter-complete\/"]}]},{"@type":"ImageObject","inLanguage":"en-GB","@id":"https:\/\/modern-fluids.com\/termek\/freddy-2nd-filter-complete\/#primaryimage","url":"https:\/\/modern-fluids.com\/wp-content\/uploads\/2025\/04\/second-filter.jpg","contentUrl":"https:\/\/modern-fluids.com\/wp-content\/uploads\/2025\/04\/second-filter.jpg","width":1000,"height":1000},{"@type":"BreadcrumbList","@id":"https:\/\/modern-fluids.com\/termek\/freddy-2nd-filter-complete\/#breadcrumb","itemListElement":[{"@type":"ListItem","position":1,"name":"Home","item":"https:\/\/modern-fluids.com\/"},{"@type":"ListItem","position":2,"name":"Shop","item":"https:\/\/modern-fluids.com\/uzlet\/"},{"@type":"ListItem","position":3,"name":"Freddy 2nd Filter Complete\u00a0"}]},{"@type":"WebSite","@id":"https:\/\/modern-fluids.com\/#website","url":"https:\/\/modern-fluids.com\/","name":"Modern Fluids","description":"","potentialAction":[{"@type":"SearchAction","target":{"@type":"EntryPoint","urlTemplate":"https:\/\/modern-fluids.com\/?s={search_term_string}"},"query-input":{"@type":"PropertyValueSpecification","valueRequired":true,"valueName":"search_term_string"}}],"inLanguage":"en-GB"}]}},"_links":{"self":[{"href":"https:\/\/modern-fluids.com\/en\/wp-json\/wp\/v2\/product\/644","targetHints":{"allow":["GET"]}}],"collection":[{"href":"https:\/\/modern-fluids.com\/en\/wp-json\/wp\/v2\/product"}],"about":[{"href":"https:\/\/modern-fluids.com\/en\/wp-json\/wp\/v2\/types\/product"}],"replies":[{"embeddable":true,"href":"https:\/\/modern-fluids.com\/en\/wp-json\/wp\/v2\/comments?post=644"}],"wp:featuredmedia":[{"embeddable":true,"href":"https:\/\/modern-fluids.com\/en\/wp-json\/wp\/v2\/media\/809"}],"wp:attachment":[{"href":"https:\/\/modern-fluids.com\/en\/wp-json\/wp\/v2\/media?parent=644"}],"wp:term":[{"taxonomy":"product_brand","embeddable":true,"href":"https:\/\/modern-fluids.com\/en\/wp-json\/wp\/v2\/product_brand?post=644"},{"taxonomy":"product_cat","embeddable":true,"href":"https:\/\/modern-fluids.com\/en\/wp-json\/wp\/v2\/product_cat?post=644"},{"taxonomy":"product_tag","embeddable":true,"href":"https:\/\/modern-fluids.com\/en\/wp-json\/wp\/v2\/product_tag?post=644"}],"curies":[{"name":"wp","href":"https:\/\/api.w.org\/{rel}","templated":true}]}}