{"id":653,"date":"2025-05-12T17:07:08","date_gmt":"2025-05-12T15:07:08","guid":{"rendered":"https:\/\/modern-fluids.com\/termek\/midi-300-3kw-240v\/"},"modified":"2025-07-13T10:48:25","modified_gmt":"2025-07-13T08:48:25","slug":"midi-300-3kw-240v","status":"publish","type":"product","link":"https:\/\/modern-fluids.com\/en\/product\/midi-300-3kw-240v\/","title":{"rendered":"Midi 300 3kw 240v\u00a0"},"content":{"rendered":"","protected":false},"excerpt":{"rendered":"<p>Freddy Midi - Compact and easy to move coolant extractor<br \/>\nThe Freddy Midi is the smallest footprint model in the Freddy Coolant Vacuum range, with a width of just 620 mm, making it easy to move and use in any workshop.<\/p>\n<p>Freddy Midi is designed to effectively remove coolant from the following areas:<\/p>\n<p>Coolant reservoirs for machine tools<br \/>\nMachinery plants and work areas<br \/>\nDrip trays<br \/>\nConveyor belts<br \/>\nWorkshop floor (with dedicated floor cleaning accessory)<br \/>\nThe Freddy Midi not only collects coolant efficiently, but also allows it to be recycled, reducing costs and waste.<\/p>","protected":false},"featured_media":824,"comment_status":"closed","ping_status":"closed","template":"","meta":[],"product_brand":[64],"product_cat":[65,71],"product_tag":[],"class_list":{"0":"post-653","1":"product","2":"type-product","3":"status-publish","4":"has-post-thumbnail","6":"product_brand-freddy-products-ltd","7":"product_cat-freddy-products","8":"product_cat-midi","10":"first","11":"instock","12":"taxable","13":"shipping-taxable","14":"purchasable","15":"product-type-simple"},"yoast_head":"<!-- This site is optimized with the Yoast SEO Premium plugin v26.8 (Yoast SEO v26.8) - https:\/\/yoast.com\/product\/yoast-seo-premium-wordpress\/ -->\n<title>Midi 300 3kw 240v\u00a0 - Modern Fluids<\/title>\n<meta name=\"robots\" content=\"index, follow, max-snippet:-1, max-image-preview:large, max-video-preview:-1\" \/>\n<link rel=\"canonical\" href=\"https:\/\/modern-fluids.com\/en\/product\/midi-300-3kw-240v\/\" \/>\n<meta property=\"og:locale\" content=\"en_GB\" \/>\n<meta property=\"og:type\" content=\"article\" \/>\n<meta property=\"og:title\" content=\"Midi 300 3kw 240v\u00a0\" \/>\n<meta property=\"og:description\" content=\"Freddy Midi \u2013 Kompakt \u00e9s k\u00f6nnyen mozgathat\u00f3 h\u0171t\u0151folyad\u00e9k-porsz\u00edv\u00f3 A Freddy Midi a legkisebb alapter\u00fclet\u0171 modell a Freddy H\u0171t\u0151folyad\u00e9k Porsz\u00edv\u00f3 k\u00edn\u00e1lat\u00e1ban, mind\u00f6ssze 620 mm sz\u00e9less\u00e9g\u00e9vel, \u00edgy minden m\u0171helyben k\u00f6nnyen mozgathat\u00f3 \u00e9s haszn\u00e1lhat\u00f3.  A Freddy Midi c\u00e9lja, hogy hat\u00e9konyan elt\u00e1vol\u00edtsa a h\u0171t\u0151folyad\u00e9kot a k\u00f6vetkez\u0151 ter\u00fcletekr\u0151l:  Szersz\u00e1mg\u00e9pek h\u0171t\u0151folyad\u00e9k-medenc\u00e9i G\u00e9pagyak \u00e9s munkater\u00fcletek Csepegtet\u0151t\u00e1lc\u00e1k Sz\u00e1ll\u00edt\u00f3szalagok M\u0171helypadl\u00f3 (a dedik\u00e1lt padl\u00f3tiszt\u00edt\u00f3 kieg\u00e9sz\u00edt\u0151vel) A Freddy Midi nemcsak hat\u00e9konyan \u00f6sszegy\u0171jti a h\u0171t\u0151folyad\u00e9kot, hanem lehet\u0151v\u00e9 teszi annak \u00fajrahasznos\u00edt\u00e1s\u00e1t, \u00edgy cs\u00f6kkentve a k\u00f6lts\u00e9geket \u00e9s a hullad\u00e9k mennyis\u00e9g\u00e9t.\" \/>\n<meta property=\"og:url\" content=\"https:\/\/modern-fluids.com\/en\/product\/midi-300-3kw-240v\/\" \/>\n<meta property=\"og:site_name\" content=\"Modern Fluids\" \/>\n<meta property=\"article:modified_time\" content=\"2025-07-13T08:48:25+00:00\" \/>\n<meta property=\"og:image\" content=\"https:\/\/modern-fluids.com\/wp-content\/uploads\/2025\/04\/midi-1.jpg\" \/>\n\t<meta property=\"og:image:width\" content=\"1000\" \/>\n\t<meta property=\"og:image:height\" content=\"1000\" \/>\n\t<meta property=\"og:image:type\" content=\"image\/jpeg\" \/>\n<meta name=\"twitter:card\" content=\"summary_large_image\" \/>\n<script type=\"application\/ld+json\" class=\"yoast-schema-graph\">{\"@context\":\"https:\/\/schema.org\",\"@graph\":[{\"@type\":\"WebPage\",\"@id\":\"https:\/\/modern-fluids.com\/termek\/midi-300-3kw-240v\/\",\"url\":\"https:\/\/modern-fluids.com\/termek\/midi-300-3kw-240v\/\",\"name\":\"Midi 300 3kw 240v\u00a0 - Modern Fluids\",\"isPartOf\":{\"@id\":\"https:\/\/modern-fluids.com\/#website\"},\"primaryImageOfPage\":{\"@id\":\"https:\/\/modern-fluids.com\/termek\/midi-300-3kw-240v\/#primaryimage\"},\"image\":{\"@id\":\"https:\/\/modern-fluids.com\/termek\/midi-300-3kw-240v\/#primaryimage\"},\"thumbnailUrl\":\"https:\/\/modern-fluids.com\/wp-content\/uploads\/2025\/04\/midi-1.jpg\",\"datePublished\":\"2025-05-12T15:07:08+00:00\",\"dateModified\":\"2025-07-13T08:48:25+00:00\",\"breadcrumb\":{\"@id\":\"https:\/\/modern-fluids.com\/termek\/midi-300-3kw-240v\/#breadcrumb\"},\"inLanguage\":\"en-GB\",\"potentialAction\":[{\"@type\":\"ReadAction\",\"target\":[\"https:\/\/modern-fluids.com\/termek\/midi-300-3kw-240v\/\"]}]},{\"@type\":\"ImageObject\",\"inLanguage\":\"en-GB\",\"@id\":\"https:\/\/modern-fluids.com\/termek\/midi-300-3kw-240v\/#primaryimage\",\"url\":\"https:\/\/modern-fluids.com\/wp-content\/uploads\/2025\/04\/midi-1.jpg\",\"contentUrl\":\"https:\/\/modern-fluids.com\/wp-content\/uploads\/2025\/04\/midi-1.jpg\",\"width\":1000,\"height\":1000},{\"@type\":\"BreadcrumbList\",\"@id\":\"https:\/\/modern-fluids.com\/termek\/midi-300-3kw-240v\/#breadcrumb\",\"itemListElement\":[{\"@type\":\"ListItem\",\"position\":1,\"name\":\"Home\",\"item\":\"https:\/\/modern-fluids.com\/\"},{\"@type\":\"ListItem\",\"position\":2,\"name\":\"Shop\",\"item\":\"https:\/\/modern-fluids.com\/uzlet\/\"},{\"@type\":\"ListItem\",\"position\":3,\"name\":\"Midi 300 3kw 240v\u00a0\"}]},{\"@type\":\"WebSite\",\"@id\":\"https:\/\/modern-fluids.com\/#website\",\"url\":\"https:\/\/modern-fluids.com\/\",\"name\":\"Modern Fluids\",\"description\":\"\",\"potentialAction\":[{\"@type\":\"SearchAction\",\"target\":{\"@type\":\"EntryPoint\",\"urlTemplate\":\"https:\/\/modern-fluids.com\/?s={search_term_string}\"},\"query-input\":{\"@type\":\"PropertyValueSpecification\",\"valueRequired\":true,\"valueName\":\"search_term_string\"}}],\"inLanguage\":\"en-GB\"}]}<\/script>\n<!-- \/ Yoast SEO Premium plugin. -->","yoast_head_json":{"title":"Midi 300 3kw 240v\u00a0 - Modern Fluids","robots":{"index":"index","follow":"follow","max-snippet":"max-snippet:-1","max-image-preview":"max-image-preview:large","max-video-preview":"max-video-preview:-1"},"canonical":"https:\/\/modern-fluids.com\/en\/product\/midi-300-3kw-240v\/","og_locale":"en_GB","og_type":"article","og_title":"Midi 300 3kw 240v\u00a0","og_description":"Freddy Midi \u2013 Kompakt \u00e9s k\u00f6nnyen mozgathat\u00f3 h\u0171t\u0151folyad\u00e9k-porsz\u00edv\u00f3 A Freddy Midi a legkisebb alapter\u00fclet\u0171 modell a Freddy H\u0171t\u0151folyad\u00e9k Porsz\u00edv\u00f3 k\u00edn\u00e1lat\u00e1ban, mind\u00f6ssze 620 mm sz\u00e9less\u00e9g\u00e9vel, \u00edgy minden m\u0171helyben k\u00f6nnyen mozgathat\u00f3 \u00e9s haszn\u00e1lhat\u00f3.  A Freddy Midi c\u00e9lja, hogy hat\u00e9konyan elt\u00e1vol\u00edtsa a h\u0171t\u0151folyad\u00e9kot a k\u00f6vetkez\u0151 ter\u00fcletekr\u0151l:  Szersz\u00e1mg\u00e9pek h\u0171t\u0151folyad\u00e9k-medenc\u00e9i G\u00e9pagyak \u00e9s munkater\u00fcletek Csepegtet\u0151t\u00e1lc\u00e1k Sz\u00e1ll\u00edt\u00f3szalagok M\u0171helypadl\u00f3 (a dedik\u00e1lt padl\u00f3tiszt\u00edt\u00f3 kieg\u00e9sz\u00edt\u0151vel) A Freddy Midi nemcsak hat\u00e9konyan \u00f6sszegy\u0171jti a h\u0171t\u0151folyad\u00e9kot, hanem lehet\u0151v\u00e9 teszi annak \u00fajrahasznos\u00edt\u00e1s\u00e1t, \u00edgy cs\u00f6kkentve a k\u00f6lts\u00e9geket \u00e9s a hullad\u00e9k mennyis\u00e9g\u00e9t.","og_url":"https:\/\/modern-fluids.com\/en\/product\/midi-300-3kw-240v\/","og_site_name":"Modern Fluids","article_modified_time":"2025-07-13T08:48:25+00:00","og_image":[{"width":1000,"height":1000,"url":"https:\/\/modern-fluids.com\/wp-content\/uploads\/2025\/04\/midi-1.jpg","type":"image\/jpeg"}],"twitter_card":"summary_large_image","schema":{"@context":"https:\/\/schema.org","@graph":[{"@type":"WebPage","@id":"https:\/\/modern-fluids.com\/termek\/midi-300-3kw-240v\/","url":"https:\/\/modern-fluids.com\/termek\/midi-300-3kw-240v\/","name":"Midi 300 3kw 240v\u00a0 - Modern Fluids","isPartOf":{"@id":"https:\/\/modern-fluids.com\/#website"},"primaryImageOfPage":{"@id":"https:\/\/modern-fluids.com\/termek\/midi-300-3kw-240v\/#primaryimage"},"image":{"@id":"https:\/\/modern-fluids.com\/termek\/midi-300-3kw-240v\/#primaryimage"},"thumbnailUrl":"https:\/\/modern-fluids.com\/wp-content\/uploads\/2025\/04\/midi-1.jpg","datePublished":"2025-05-12T15:07:08+00:00","dateModified":"2025-07-13T08:48:25+00:00","breadcrumb":{"@id":"https:\/\/modern-fluids.com\/termek\/midi-300-3kw-240v\/#breadcrumb"},"inLanguage":"en-GB","potentialAction":[{"@type":"ReadAction","target":["https:\/\/modern-fluids.com\/termek\/midi-300-3kw-240v\/"]}]},{"@type":"ImageObject","inLanguage":"en-GB","@id":"https:\/\/modern-fluids.com\/termek\/midi-300-3kw-240v\/#primaryimage","url":"https:\/\/modern-fluids.com\/wp-content\/uploads\/2025\/04\/midi-1.jpg","contentUrl":"https:\/\/modern-fluids.com\/wp-content\/uploads\/2025\/04\/midi-1.jpg","width":1000,"height":1000},{"@type":"BreadcrumbList","@id":"https:\/\/modern-fluids.com\/termek\/midi-300-3kw-240v\/#breadcrumb","itemListElement":[{"@type":"ListItem","position":1,"name":"Home","item":"https:\/\/modern-fluids.com\/"},{"@type":"ListItem","position":2,"name":"Shop","item":"https:\/\/modern-fluids.com\/uzlet\/"},{"@type":"ListItem","position":3,"name":"Midi 300 3kw 240v\u00a0"}]},{"@type":"WebSite","@id":"https:\/\/modern-fluids.com\/#website","url":"https:\/\/modern-fluids.com\/","name":"Modern Fluids","description":"","potentialAction":[{"@type":"SearchAction","target":{"@type":"EntryPoint","urlTemplate":"https:\/\/modern-fluids.com\/?s={search_term_string}"},"query-input":{"@type":"PropertyValueSpecification","valueRequired":true,"valueName":"search_term_string"}}],"inLanguage":"en-GB"}]}},"_links":{"self":[{"href":"https:\/\/modern-fluids.com\/en\/wp-json\/wp\/v2\/product\/653","targetHints":{"allow":["GET"]}}],"collection":[{"href":"https:\/\/modern-fluids.com\/en\/wp-json\/wp\/v2\/product"}],"about":[{"href":"https:\/\/modern-fluids.com\/en\/wp-json\/wp\/v2\/types\/product"}],"replies":[{"embeddable":true,"href":"https:\/\/modern-fluids.com\/en\/wp-json\/wp\/v2\/comments?post=653"}],"wp:featuredmedia":[{"embeddable":true,"href":"https:\/\/modern-fluids.com\/en\/wp-json\/wp\/v2\/media\/824"}],"wp:attachment":[{"href":"https:\/\/modern-fluids.com\/en\/wp-json\/wp\/v2\/media?parent=653"}],"wp:term":[{"taxonomy":"product_brand","embeddable":true,"href":"https:\/\/modern-fluids.com\/en\/wp-json\/wp\/v2\/product_brand?post=653"},{"taxonomy":"product_cat","embeddable":true,"href":"https:\/\/modern-fluids.com\/en\/wp-json\/wp\/v2\/product_cat?post=653"},{"taxonomy":"product_tag","embeddable":true,"href":"https:\/\/modern-fluids.com\/en\/wp-json\/wp\/v2\/product_tag?post=653"}],"curies":[{"name":"wp","href":"https:\/\/api.w.org\/{rel}","templated":true}]}}