{"id":654,"date":"2025-05-12T17:07:15","date_gmt":"2025-05-12T15:07:15","guid":{"rendered":"https:\/\/modern-fluids.com\/termek\/coolant-health-unit\/"},"modified":"2025-06-16T14:09:45","modified_gmt":"2025-06-16T12:09:45","slug":"coolant-health-unit","status":"publish","type":"product","link":"https:\/\/modern-fluids.com\/en\/product\/coolant-health-unit\/","title":{"rendered":"Coolant Health Unit"},"content":{"rendered":"","protected":false},"excerpt":{"rendered":"<p>Freddy Coolant Health Unit (CHU) - Innovation in coolant treatment<br \/>\nThe Freddy Coolant Health Unit (CHU) was developed in collaboration with the Rolls-Royce Central Manufacturing Team and tested at Rolls-Royce Derby, with the support of Rolls-Royce's official fluid management provider.<\/p>\n<p>This innovative solution is designed to monitor and optimise the condition of the coolant, contributing to more efficient operation, longer machine life and lower operating costs.<\/p>","protected":false},"featured_media":821,"comment_status":"closed","ping_status":"closed","template":"","meta":[],"product_brand":[64],"product_cat":[72,65],"product_tag":[],"class_list":{"0":"post-654","1":"product","2":"type-product","3":"status-publish","4":"has-post-thumbnail","6":"product_brand-freddy-products-ltd","7":"product_cat-chu","8":"product_cat-freddy-products","10":"first","11":"instock","12":"taxable","13":"shipping-taxable","14":"product-type-simple"},"yoast_head":"<!-- This site is optimized with the Yoast SEO Premium plugin v26.8 (Yoast SEO v26.8) - https:\/\/yoast.com\/product\/yoast-seo-premium-wordpress\/ -->\n<title>Coolant Health Unit - Modern Fluids<\/title>\n<meta name=\"robots\" content=\"index, follow, max-snippet:-1, max-image-preview:large, max-video-preview:-1\" \/>\n<link rel=\"canonical\" href=\"https:\/\/modern-fluids.com\/en\/product\/coolant-health-unit\/\" \/>\n<meta property=\"og:locale\" content=\"en_GB\" \/>\n<meta property=\"og:type\" content=\"article\" \/>\n<meta property=\"og:title\" content=\"Coolant Health Unit\" \/>\n<meta property=\"og:description\" content=\"Freddy Coolant Health Unit (CHU) \u2013 Innov\u00e1ci\u00f3 a h\u0171t\u0151folyad\u00e9k kezel\u00e9s\u00e9ben A Freddy Coolant Health Unit (CHU) a Rolls-Royce Central Manufacturing Team k\u00f6zrem\u0171k\u00f6d\u00e9s\u00e9vel ker\u00fclt kifejleszt\u00e9sre, \u00e9s a Rolls-Royce Derby \u00fczem\u00e9ben tesztelt\u00e9k, a Rolls-Royce hivatalos folyad\u00e9kmenedzsment-szolg\u00e1ltat\u00f3j\u00e1nak t\u00e1mogat\u00e1s\u00e1val.  Ez az innovat\u00edv megold\u00e1s a h\u0171t\u0151folyad\u00e9k \u00e1llapot\u00e1nak monitoroz\u00e1s\u00e1ra \u00e9s optimaliz\u00e1l\u00e1s\u00e1ra szolg\u00e1l, hozz\u00e1j\u00e1rulva a hat\u00e9konyabb m\u0171k\u00f6d\u00e9shez, a g\u00e9pek hosszabb \u00e9lettartam\u00e1hoz \u00e9s az \u00fczemeltet\u00e9si k\u00f6lts\u00e9gek cs\u00f6kkent\u00e9s\u00e9hez.\" \/>\n<meta property=\"og:url\" content=\"https:\/\/modern-fluids.com\/en\/product\/coolant-health-unit\/\" \/>\n<meta property=\"og:site_name\" content=\"Modern Fluids\" \/>\n<meta property=\"article:modified_time\" content=\"2025-06-16T12:09:45+00:00\" \/>\n<meta property=\"og:image\" content=\"https:\/\/modern-fluids.com\/wp-content\/uploads\/2025\/04\/chu-1.jpg\" \/>\n\t<meta property=\"og:image:width\" content=\"1000\" \/>\n\t<meta property=\"og:image:height\" content=\"1000\" \/>\n\t<meta property=\"og:image:type\" content=\"image\/jpeg\" \/>\n<meta name=\"twitter:card\" content=\"summary_large_image\" \/>\n<script type=\"application\/ld+json\" class=\"yoast-schema-graph\">{\"@context\":\"https:\/\/schema.org\",\"@graph\":[{\"@type\":\"WebPage\",\"@id\":\"https:\/\/modern-fluids.com\/termek\/coolant-health-unit\/\",\"url\":\"https:\/\/modern-fluids.com\/termek\/coolant-health-unit\/\",\"name\":\"Coolant Health Unit - Modern Fluids\",\"isPartOf\":{\"@id\":\"https:\/\/modern-fluids.com\/#website\"},\"primaryImageOfPage\":{\"@id\":\"https:\/\/modern-fluids.com\/termek\/coolant-health-unit\/#primaryimage\"},\"image\":{\"@id\":\"https:\/\/modern-fluids.com\/termek\/coolant-health-unit\/#primaryimage\"},\"thumbnailUrl\":\"https:\/\/modern-fluids.com\/wp-content\/uploads\/2025\/04\/chu-1.jpg\",\"datePublished\":\"2025-05-12T15:07:15+00:00\",\"dateModified\":\"2025-06-16T12:09:45+00:00\",\"breadcrumb\":{\"@id\":\"https:\/\/modern-fluids.com\/termek\/coolant-health-unit\/#breadcrumb\"},\"inLanguage\":\"en-GB\",\"potentialAction\":[{\"@type\":\"ReadAction\",\"target\":[\"https:\/\/modern-fluids.com\/termek\/coolant-health-unit\/\"]}]},{\"@type\":\"ImageObject\",\"inLanguage\":\"en-GB\",\"@id\":\"https:\/\/modern-fluids.com\/termek\/coolant-health-unit\/#primaryimage\",\"url\":\"https:\/\/modern-fluids.com\/wp-content\/uploads\/2025\/04\/chu-1.jpg\",\"contentUrl\":\"https:\/\/modern-fluids.com\/wp-content\/uploads\/2025\/04\/chu-1.jpg\",\"width\":1000,\"height\":1000},{\"@type\":\"BreadcrumbList\",\"@id\":\"https:\/\/modern-fluids.com\/termek\/coolant-health-unit\/#breadcrumb\",\"itemListElement\":[{\"@type\":\"ListItem\",\"position\":1,\"name\":\"Home\",\"item\":\"https:\/\/modern-fluids.com\/\"},{\"@type\":\"ListItem\",\"position\":2,\"name\":\"Shop\",\"item\":\"https:\/\/modern-fluids.com\/uzlet\/\"},{\"@type\":\"ListItem\",\"position\":3,\"name\":\"Coolant Health Unit\"}]},{\"@type\":\"WebSite\",\"@id\":\"https:\/\/modern-fluids.com\/#website\",\"url\":\"https:\/\/modern-fluids.com\/\",\"name\":\"Modern Fluids\",\"description\":\"\",\"potentialAction\":[{\"@type\":\"SearchAction\",\"target\":{\"@type\":\"EntryPoint\",\"urlTemplate\":\"https:\/\/modern-fluids.com\/?s={search_term_string}\"},\"query-input\":{\"@type\":\"PropertyValueSpecification\",\"valueRequired\":true,\"valueName\":\"search_term_string\"}}],\"inLanguage\":\"en-GB\"}]}<\/script>\n<!-- \/ Yoast SEO Premium plugin. -->","yoast_head_json":{"title":"Coolant Health Unit - Modern Fluids","robots":{"index":"index","follow":"follow","max-snippet":"max-snippet:-1","max-image-preview":"max-image-preview:large","max-video-preview":"max-video-preview:-1"},"canonical":"https:\/\/modern-fluids.com\/en\/product\/coolant-health-unit\/","og_locale":"en_GB","og_type":"article","og_title":"Coolant Health Unit","og_description":"Freddy Coolant Health Unit (CHU) \u2013 Innov\u00e1ci\u00f3 a h\u0171t\u0151folyad\u00e9k kezel\u00e9s\u00e9ben A Freddy Coolant Health Unit (CHU) a Rolls-Royce Central Manufacturing Team k\u00f6zrem\u0171k\u00f6d\u00e9s\u00e9vel ker\u00fclt kifejleszt\u00e9sre, \u00e9s a Rolls-Royce Derby \u00fczem\u00e9ben tesztelt\u00e9k, a Rolls-Royce hivatalos folyad\u00e9kmenedzsment-szolg\u00e1ltat\u00f3j\u00e1nak t\u00e1mogat\u00e1s\u00e1val.  Ez az innovat\u00edv megold\u00e1s a h\u0171t\u0151folyad\u00e9k \u00e1llapot\u00e1nak monitoroz\u00e1s\u00e1ra \u00e9s optimaliz\u00e1l\u00e1s\u00e1ra szolg\u00e1l, hozz\u00e1j\u00e1rulva a hat\u00e9konyabb m\u0171k\u00f6d\u00e9shez, a g\u00e9pek hosszabb \u00e9lettartam\u00e1hoz \u00e9s az \u00fczemeltet\u00e9si k\u00f6lts\u00e9gek cs\u00f6kkent\u00e9s\u00e9hez.","og_url":"https:\/\/modern-fluids.com\/en\/product\/coolant-health-unit\/","og_site_name":"Modern Fluids","article_modified_time":"2025-06-16T12:09:45+00:00","og_image":[{"width":1000,"height":1000,"url":"https:\/\/modern-fluids.com\/wp-content\/uploads\/2025\/04\/chu-1.jpg","type":"image\/jpeg"}],"twitter_card":"summary_large_image","schema":{"@context":"https:\/\/schema.org","@graph":[{"@type":"WebPage","@id":"https:\/\/modern-fluids.com\/termek\/coolant-health-unit\/","url":"https:\/\/modern-fluids.com\/termek\/coolant-health-unit\/","name":"Coolant Health Unit - Modern Fluids","isPartOf":{"@id":"https:\/\/modern-fluids.com\/#website"},"primaryImageOfPage":{"@id":"https:\/\/modern-fluids.com\/termek\/coolant-health-unit\/#primaryimage"},"image":{"@id":"https:\/\/modern-fluids.com\/termek\/coolant-health-unit\/#primaryimage"},"thumbnailUrl":"https:\/\/modern-fluids.com\/wp-content\/uploads\/2025\/04\/chu-1.jpg","datePublished":"2025-05-12T15:07:15+00:00","dateModified":"2025-06-16T12:09:45+00:00","breadcrumb":{"@id":"https:\/\/modern-fluids.com\/termek\/coolant-health-unit\/#breadcrumb"},"inLanguage":"en-GB","potentialAction":[{"@type":"ReadAction","target":["https:\/\/modern-fluids.com\/termek\/coolant-health-unit\/"]}]},{"@type":"ImageObject","inLanguage":"en-GB","@id":"https:\/\/modern-fluids.com\/termek\/coolant-health-unit\/#primaryimage","url":"https:\/\/modern-fluids.com\/wp-content\/uploads\/2025\/04\/chu-1.jpg","contentUrl":"https:\/\/modern-fluids.com\/wp-content\/uploads\/2025\/04\/chu-1.jpg","width":1000,"height":1000},{"@type":"BreadcrumbList","@id":"https:\/\/modern-fluids.com\/termek\/coolant-health-unit\/#breadcrumb","itemListElement":[{"@type":"ListItem","position":1,"name":"Home","item":"https:\/\/modern-fluids.com\/"},{"@type":"ListItem","position":2,"name":"Shop","item":"https:\/\/modern-fluids.com\/uzlet\/"},{"@type":"ListItem","position":3,"name":"Coolant Health Unit"}]},{"@type":"WebSite","@id":"https:\/\/modern-fluids.com\/#website","url":"https:\/\/modern-fluids.com\/","name":"Modern Fluids","description":"","potentialAction":[{"@type":"SearchAction","target":{"@type":"EntryPoint","urlTemplate":"https:\/\/modern-fluids.com\/?s={search_term_string}"},"query-input":{"@type":"PropertyValueSpecification","valueRequired":true,"valueName":"search_term_string"}}],"inLanguage":"en-GB"}]}},"_links":{"self":[{"href":"https:\/\/modern-fluids.com\/en\/wp-json\/wp\/v2\/product\/654","targetHints":{"allow":["GET"]}}],"collection":[{"href":"https:\/\/modern-fluids.com\/en\/wp-json\/wp\/v2\/product"}],"about":[{"href":"https:\/\/modern-fluids.com\/en\/wp-json\/wp\/v2\/types\/product"}],"replies":[{"embeddable":true,"href":"https:\/\/modern-fluids.com\/en\/wp-json\/wp\/v2\/comments?post=654"}],"wp:featuredmedia":[{"embeddable":true,"href":"https:\/\/modern-fluids.com\/en\/wp-json\/wp\/v2\/media\/821"}],"wp:attachment":[{"href":"https:\/\/modern-fluids.com\/en\/wp-json\/wp\/v2\/media?parent=654"}],"wp:term":[{"taxonomy":"product_brand","embeddable":true,"href":"https:\/\/modern-fluids.com\/en\/wp-json\/wp\/v2\/product_brand?post=654"},{"taxonomy":"product_cat","embeddable":true,"href":"https:\/\/modern-fluids.com\/en\/wp-json\/wp\/v2\/product_cat?post=654"},{"taxonomy":"product_tag","embeddable":true,"href":"https:\/\/modern-fluids.com\/en\/wp-json\/wp\/v2\/product_tag?post=654"}],"curies":[{"name":"wp","href":"https:\/\/api.w.org\/{rel}","templated":true}]}}