{"id":657,"date":"2025-05-12T17:07:16","date_gmt":"2025-05-12T15:07:16","guid":{"rendered":"https:\/\/modern-fluids.com\/termek\/ecovac-200-4kw-400v\/"},"modified":"2025-07-12T20:44:45","modified_gmt":"2025-07-12T18:44:45","slug":"ecovac-200-4kw-400v","status":"publish","type":"product","link":"https:\/\/modern-fluids.com\/en\/product\/ecovac-200-4kw-400v\/","title":{"rendered":"Ecovac 200 4kw 400v\u00a0"},"content":{"rendered":"","protected":false},"excerpt":{"rendered":"<p>Freddy Ecovac - Continuous coolant recycling with unique technology<br \/>\nThe Freddy Ecovac is unique in the Freddy family of coolant recycling vacuum cleaners as it is the only model that can continuously pump out and recycle coolant using an independent recirculation pump.<\/p>\n<p>Freddy Ecovac is designed to effectively remove and recycle coolant from:<\/p>\n<p>Coolant reservoirs for machine tools<br \/>\nMachinery plants and work areas<br \/>\nDrip trays<br \/>\nConveyor belts<br \/>\nWorkshop floor (with dedicated floor cleaning accessory)<br \/>\nContinuous filtration and recycling allows for a cleaner and more efficient use of the coolant, reducing operating costs and waste.<\/p>","protected":false},"featured_media":817,"comment_status":"closed","ping_status":"closed","template":"","meta":[],"product_brand":[64],"product_cat":[73,65],"product_tag":[],"class_list":{"0":"post-657","1":"product","2":"type-product","3":"status-publish","4":"has-post-thumbnail","6":"product_brand-freddy-products-ltd","7":"product_cat-ecovac","8":"product_cat-freddy-products","10":"first","11":"instock","12":"taxable","13":"shipping-taxable","14":"purchasable","15":"product-type-simple"},"yoast_head":"<!-- This site is optimized with the Yoast SEO Premium plugin v26.8 (Yoast SEO v26.8) - https:\/\/yoast.com\/product\/yoast-seo-premium-wordpress\/ -->\n<title>Ecovac 200 4kw 400v\u00a0 - Modern Fluids<\/title>\n<meta name=\"robots\" content=\"index, follow, max-snippet:-1, max-image-preview:large, max-video-preview:-1\" \/>\n<link rel=\"canonical\" href=\"https:\/\/modern-fluids.com\/en\/product\/ecovac-200-4kw-400v\/\" \/>\n<meta property=\"og:locale\" content=\"en_GB\" \/>\n<meta property=\"og:type\" content=\"article\" \/>\n<meta property=\"og:title\" content=\"Ecovac 200 4kw 400v\u00a0\" \/>\n<meta property=\"og:description\" content=\"Freddy Ecovac \u2013 Folyamatos h\u0171t\u0151folyad\u00e9k-\u00fajrahasznos\u00edt\u00e1s egyed\u00fcl\u00e1ll\u00f3 technol\u00f3gi\u00e1val A Freddy Ecovac k\u00fcl\u00f6nleges a Freddy h\u0171t\u0151folyad\u00e9k-\u00fajrahasznos\u00edt\u00f3 porsz\u00edv\u00f3k csal\u00e1dj\u00e1ban, mivel az egyetlen modell, amely folyamatosan k\u00e9pes a h\u0171t\u0151folyad\u00e9k kiszivatty\u00faz\u00e1s\u00e1ra \u00e9s \u00fajrahasznos\u00edt\u00e1s\u00e1ra, egy f\u00fcggetlen visszacsatol\u00f3 szivatty\u00fa seg\u00edts\u00e9g\u00e9vel.  A Freddy Ecovac c\u00e9lja, hogy hat\u00e9konyan elt\u00e1vol\u00edtsa \u00e9s \u00fajrahasznos\u00edtsa a h\u0171t\u0151folyad\u00e9kot az al\u00e1bbi helyekr\u0151l:  Szersz\u00e1mg\u00e9pek h\u0171t\u0151folyad\u00e9k-medenc\u00e9i G\u00e9pagyak \u00e9s munkater\u00fcletek Csepegtet\u0151t\u00e1lc\u00e1k Sz\u00e1ll\u00edt\u00f3szalagok M\u0171helypadl\u00f3 (a dedik\u00e1lt padl\u00f3tiszt\u00edt\u00f3 kieg\u00e9sz\u00edt\u0151vel) A folyamatos sz\u0171r\u00e9s \u00e9s \u00fajrahasznos\u00edt\u00e1s lehet\u0151v\u00e9 teszi a h\u0171t\u0151folyad\u00e9k tiszt\u00e1bb \u00e9s hat\u00e9konyabb felhaszn\u00e1l\u00e1s\u00e1t, cs\u00f6kkentve ezzel az \u00fczemeltet\u00e9si k\u00f6lts\u00e9geket \u00e9s a hullad\u00e9kmennyis\u00e9get.\" \/>\n<meta property=\"og:url\" content=\"https:\/\/modern-fluids.com\/en\/product\/ecovac-200-4kw-400v\/\" \/>\n<meta property=\"og:site_name\" content=\"Modern Fluids\" \/>\n<meta property=\"article:modified_time\" content=\"2025-07-12T18:44:45+00:00\" \/>\n<meta property=\"og:image\" content=\"https:\/\/modern-fluids.com\/wp-content\/uploads\/2025\/04\/evovac.jpg\" \/>\n\t<meta property=\"og:image:width\" content=\"1000\" \/>\n\t<meta property=\"og:image:height\" content=\"1000\" \/>\n\t<meta property=\"og:image:type\" content=\"image\/jpeg\" \/>\n<meta name=\"twitter:card\" content=\"summary_large_image\" \/>\n<script type=\"application\/ld+json\" class=\"yoast-schema-graph\">{\"@context\":\"https:\/\/schema.org\",\"@graph\":[{\"@type\":\"WebPage\",\"@id\":\"https:\/\/modern-fluids.com\/termek\/ecovac-200-4kw-400v\/\",\"url\":\"https:\/\/modern-fluids.com\/termek\/ecovac-200-4kw-400v\/\",\"name\":\"Ecovac 200 4kw 400v\u00a0 - Modern Fluids\",\"isPartOf\":{\"@id\":\"https:\/\/modern-fluids.com\/#website\"},\"primaryImageOfPage\":{\"@id\":\"https:\/\/modern-fluids.com\/termek\/ecovac-200-4kw-400v\/#primaryimage\"},\"image\":{\"@id\":\"https:\/\/modern-fluids.com\/termek\/ecovac-200-4kw-400v\/#primaryimage\"},\"thumbnailUrl\":\"https:\/\/modern-fluids.com\/wp-content\/uploads\/2025\/04\/evovac.jpg\",\"datePublished\":\"2025-05-12T15:07:16+00:00\",\"dateModified\":\"2025-07-12T18:44:45+00:00\",\"breadcrumb\":{\"@id\":\"https:\/\/modern-fluids.com\/termek\/ecovac-200-4kw-400v\/#breadcrumb\"},\"inLanguage\":\"en-GB\",\"potentialAction\":[{\"@type\":\"ReadAction\",\"target\":[\"https:\/\/modern-fluids.com\/termek\/ecovac-200-4kw-400v\/\"]}]},{\"@type\":\"ImageObject\",\"inLanguage\":\"en-GB\",\"@id\":\"https:\/\/modern-fluids.com\/termek\/ecovac-200-4kw-400v\/#primaryimage\",\"url\":\"https:\/\/modern-fluids.com\/wp-content\/uploads\/2025\/04\/evovac.jpg\",\"contentUrl\":\"https:\/\/modern-fluids.com\/wp-content\/uploads\/2025\/04\/evovac.jpg\",\"width\":1000,\"height\":1000},{\"@type\":\"BreadcrumbList\",\"@id\":\"https:\/\/modern-fluids.com\/termek\/ecovac-200-4kw-400v\/#breadcrumb\",\"itemListElement\":[{\"@type\":\"ListItem\",\"position\":1,\"name\":\"Home\",\"item\":\"https:\/\/modern-fluids.com\/\"},{\"@type\":\"ListItem\",\"position\":2,\"name\":\"Shop\",\"item\":\"https:\/\/modern-fluids.com\/uzlet\/\"},{\"@type\":\"ListItem\",\"position\":3,\"name\":\"Ecovac 200 4kw 400v\u00a0\"}]},{\"@type\":\"WebSite\",\"@id\":\"https:\/\/modern-fluids.com\/#website\",\"url\":\"https:\/\/modern-fluids.com\/\",\"name\":\"Modern Fluids\",\"description\":\"\",\"potentialAction\":[{\"@type\":\"SearchAction\",\"target\":{\"@type\":\"EntryPoint\",\"urlTemplate\":\"https:\/\/modern-fluids.com\/?s={search_term_string}\"},\"query-input\":{\"@type\":\"PropertyValueSpecification\",\"valueRequired\":true,\"valueName\":\"search_term_string\"}}],\"inLanguage\":\"en-GB\"}]}<\/script>\n<!-- \/ Yoast SEO Premium plugin. -->","yoast_head_json":{"title":"Ecovac 200 4kw 400v\u00a0 - Modern Fluids","robots":{"index":"index","follow":"follow","max-snippet":"max-snippet:-1","max-image-preview":"max-image-preview:large","max-video-preview":"max-video-preview:-1"},"canonical":"https:\/\/modern-fluids.com\/en\/product\/ecovac-200-4kw-400v\/","og_locale":"en_GB","og_type":"article","og_title":"Ecovac 200 4kw 400v\u00a0","og_description":"Freddy Ecovac \u2013 Folyamatos h\u0171t\u0151folyad\u00e9k-\u00fajrahasznos\u00edt\u00e1s egyed\u00fcl\u00e1ll\u00f3 technol\u00f3gi\u00e1val A Freddy Ecovac k\u00fcl\u00f6nleges a Freddy h\u0171t\u0151folyad\u00e9k-\u00fajrahasznos\u00edt\u00f3 porsz\u00edv\u00f3k csal\u00e1dj\u00e1ban, mivel az egyetlen modell, amely folyamatosan k\u00e9pes a h\u0171t\u0151folyad\u00e9k kiszivatty\u00faz\u00e1s\u00e1ra \u00e9s \u00fajrahasznos\u00edt\u00e1s\u00e1ra, egy f\u00fcggetlen visszacsatol\u00f3 szivatty\u00fa seg\u00edts\u00e9g\u00e9vel.  A Freddy Ecovac c\u00e9lja, hogy hat\u00e9konyan elt\u00e1vol\u00edtsa \u00e9s \u00fajrahasznos\u00edtsa a h\u0171t\u0151folyad\u00e9kot az al\u00e1bbi helyekr\u0151l:  Szersz\u00e1mg\u00e9pek h\u0171t\u0151folyad\u00e9k-medenc\u00e9i G\u00e9pagyak \u00e9s munkater\u00fcletek Csepegtet\u0151t\u00e1lc\u00e1k Sz\u00e1ll\u00edt\u00f3szalagok M\u0171helypadl\u00f3 (a dedik\u00e1lt padl\u00f3tiszt\u00edt\u00f3 kieg\u00e9sz\u00edt\u0151vel) A folyamatos sz\u0171r\u00e9s \u00e9s \u00fajrahasznos\u00edt\u00e1s lehet\u0151v\u00e9 teszi a h\u0171t\u0151folyad\u00e9k tiszt\u00e1bb \u00e9s hat\u00e9konyabb felhaszn\u00e1l\u00e1s\u00e1t, cs\u00f6kkentve ezzel az \u00fczemeltet\u00e9si k\u00f6lts\u00e9geket \u00e9s a hullad\u00e9kmennyis\u00e9get.","og_url":"https:\/\/modern-fluids.com\/en\/product\/ecovac-200-4kw-400v\/","og_site_name":"Modern Fluids","article_modified_time":"2025-07-12T18:44:45+00:00","og_image":[{"width":1000,"height":1000,"url":"https:\/\/modern-fluids.com\/wp-content\/uploads\/2025\/04\/evovac.jpg","type":"image\/jpeg"}],"twitter_card":"summary_large_image","schema":{"@context":"https:\/\/schema.org","@graph":[{"@type":"WebPage","@id":"https:\/\/modern-fluids.com\/termek\/ecovac-200-4kw-400v\/","url":"https:\/\/modern-fluids.com\/termek\/ecovac-200-4kw-400v\/","name":"Ecovac 200 4kw 400v\u00a0 - Modern Fluids","isPartOf":{"@id":"https:\/\/modern-fluids.com\/#website"},"primaryImageOfPage":{"@id":"https:\/\/modern-fluids.com\/termek\/ecovac-200-4kw-400v\/#primaryimage"},"image":{"@id":"https:\/\/modern-fluids.com\/termek\/ecovac-200-4kw-400v\/#primaryimage"},"thumbnailUrl":"https:\/\/modern-fluids.com\/wp-content\/uploads\/2025\/04\/evovac.jpg","datePublished":"2025-05-12T15:07:16+00:00","dateModified":"2025-07-12T18:44:45+00:00","breadcrumb":{"@id":"https:\/\/modern-fluids.com\/termek\/ecovac-200-4kw-400v\/#breadcrumb"},"inLanguage":"en-GB","potentialAction":[{"@type":"ReadAction","target":["https:\/\/modern-fluids.com\/termek\/ecovac-200-4kw-400v\/"]}]},{"@type":"ImageObject","inLanguage":"en-GB","@id":"https:\/\/modern-fluids.com\/termek\/ecovac-200-4kw-400v\/#primaryimage","url":"https:\/\/modern-fluids.com\/wp-content\/uploads\/2025\/04\/evovac.jpg","contentUrl":"https:\/\/modern-fluids.com\/wp-content\/uploads\/2025\/04\/evovac.jpg","width":1000,"height":1000},{"@type":"BreadcrumbList","@id":"https:\/\/modern-fluids.com\/termek\/ecovac-200-4kw-400v\/#breadcrumb","itemListElement":[{"@type":"ListItem","position":1,"name":"Home","item":"https:\/\/modern-fluids.com\/"},{"@type":"ListItem","position":2,"name":"Shop","item":"https:\/\/modern-fluids.com\/uzlet\/"},{"@type":"ListItem","position":3,"name":"Ecovac 200 4kw 400v\u00a0"}]},{"@type":"WebSite","@id":"https:\/\/modern-fluids.com\/#website","url":"https:\/\/modern-fluids.com\/","name":"Modern Fluids","description":"","potentialAction":[{"@type":"SearchAction","target":{"@type":"EntryPoint","urlTemplate":"https:\/\/modern-fluids.com\/?s={search_term_string}"},"query-input":{"@type":"PropertyValueSpecification","valueRequired":true,"valueName":"search_term_string"}}],"inLanguage":"en-GB"}]}},"_links":{"self":[{"href":"https:\/\/modern-fluids.com\/en\/wp-json\/wp\/v2\/product\/657","targetHints":{"allow":["GET"]}}],"collection":[{"href":"https:\/\/modern-fluids.com\/en\/wp-json\/wp\/v2\/product"}],"about":[{"href":"https:\/\/modern-fluids.com\/en\/wp-json\/wp\/v2\/types\/product"}],"replies":[{"embeddable":true,"href":"https:\/\/modern-fluids.com\/en\/wp-json\/wp\/v2\/comments?post=657"}],"wp:featuredmedia":[{"embeddable":true,"href":"https:\/\/modern-fluids.com\/en\/wp-json\/wp\/v2\/media\/817"}],"wp:attachment":[{"href":"https:\/\/modern-fluids.com\/en\/wp-json\/wp\/v2\/media?parent=657"}],"wp:term":[{"taxonomy":"product_brand","embeddable":true,"href":"https:\/\/modern-fluids.com\/en\/wp-json\/wp\/v2\/product_brand?post=657"},{"taxonomy":"product_cat","embeddable":true,"href":"https:\/\/modern-fluids.com\/en\/wp-json\/wp\/v2\/product_cat?post=657"},{"taxonomy":"product_tag","embeddable":true,"href":"https:\/\/modern-fluids.com\/en\/wp-json\/wp\/v2\/product_tag?post=657"}],"curies":[{"name":"wp","href":"https:\/\/api.w.org\/{rel}","templated":true}]}}