{"id":674,"date":"2025-05-12T17:06:59","date_gmt":"2025-05-12T15:06:59","guid":{"rendered":"https:\/\/modern-fluids.com\/termek\/mark-5-500l-batt-5-5kw-400v-3ph\/"},"modified":"2025-07-13T10:53:06","modified_gmt":"2025-07-13T08:53:06","slug":"mark-5-500l-batt-5-5kw-400v-3ph","status":"publish","type":"product","link":"https:\/\/modern-fluids.com\/en\/product\/mark-5-500l-batt-5-5kw-400v-3ph\/","title":{"rendered":"Mark 5 500L Batt \/ 5.5KW 400V 3ph\u00a0"},"content":{"rendered":"","protected":false},"excerpt":{"rendered":"<p>Freddy Mark V - High capacity coolant recycling vacuum cleaner<br \/>\nThe Mark V is one of the highest capacity coolant recycling vacuum cleaners in the Freddy range. Optional battery drive and\/or battery operation is available for the 500 and 1000 litre models, providing greater mobility and flexibility.<\/p>\n<p>Efficient and fast emptying<br \/>\nThe tilting filter tank allows the 60-litre basket to be emptied quickly and easily, reducing maintenance time.<br \/>\nVersatile use<br \/>\nMark V can efficiently pump and recycle coolant from the following areas:<\/p>\n<p>Coolant reservoirs for machine tools<br \/>\nMachinery plants and work areas<br \/>\nDrip trays<br \/>\nConveyor belts<br \/>\nWorkshop floor (with dedicated floor cleaning accessory)<br \/>\nLarge tank capacity and optional battery versions make the Mark V ideal for industrial workshops and larger manufacturing plants where efficient coolant handling and mobility are important.<\/p>","protected":false},"featured_media":799,"comment_status":"closed","ping_status":"closed","template":"","meta":[],"product_brand":[64],"product_cat":[65,74],"product_tag":[],"class_list":{"0":"post-674","1":"product","2":"type-product","3":"status-publish","4":"has-post-thumbnail","6":"product_brand-freddy-products-ltd","7":"product_cat-freddy-products","8":"product_cat-mark-v","10":"first","11":"instock","12":"taxable","13":"shipping-taxable","14":"purchasable","15":"product-type-simple"},"yoast_head":"<!-- This site is optimized with the Yoast SEO Premium plugin v26.8 (Yoast SEO v26.8) - https:\/\/yoast.com\/product\/yoast-seo-premium-wordpress\/ -->\n<title>Mark 5 500L Batt \/ 5.5KW 400V 3ph\u00a0 - Modern Fluids<\/title>\n<meta name=\"robots\" content=\"index, follow, max-snippet:-1, max-image-preview:large, max-video-preview:-1\" \/>\n<link rel=\"canonical\" href=\"https:\/\/modern-fluids.com\/en\/product\/mark-5-500l-batt-5-5kw-400v-3ph\/\" \/>\n<meta property=\"og:locale\" content=\"en_GB\" \/>\n<meta property=\"og:type\" content=\"article\" \/>\n<meta property=\"og:title\" content=\"Mark 5 500L Batt \/ 5.5KW 400V 3ph\u00a0\" \/>\n<meta property=\"og:description\" content=\"Freddy Mark V \u2013 Nagy kapacit\u00e1s\u00fa h\u0171t\u0151folyad\u00e9k-\u00fajrahasznos\u00edt\u00f3 porsz\u00edv\u00f3 A Mark V az egyik legnagyobb kapacit\u00e1s\u00fa h\u0171t\u0151folyad\u00e9k-\u00fajrahasznos\u00edt\u00f3 porsz\u00edv\u00f3 a Freddy term\u00e9kcsal\u00e1dban. A 500 \u00e9s 1000 literes modellekhez opcion\u00e1lisan akkumul\u00e1toros meghajt\u00e1s \u00e9s\/vagy akkumul\u00e1toros m\u0171k\u00f6d\u00e9s is el\u00e9rhet\u0151, biztos\u00edtva a nagyobb mobilit\u00e1st \u00e9s rugalmass\u00e1got.  Hat\u00e9kony \u00e9s gyors \u00fcr\u00edt\u00e9s A billenthet\u0151 sz\u0171r\u0151tart\u00e1ly lehet\u0151v\u00e9 teszi a 60 literes kos\u00e1r gyors \u00e9s egyszer\u0171 ki\u00fcr\u00edt\u00e9s\u00e9t, cs\u00f6kkentve a karbantart\u00e1si id\u0151t. Sokoldal\u00fa felhaszn\u00e1l\u00e1s A Mark V k\u00e9pes hat\u00e9konyan kiszivatty\u00fazni \u00e9s \u00fajrahasznos\u00edtani a h\u0171t\u0151folyad\u00e9kot az al\u00e1bbi ter\u00fcletekr\u0151l:  Szersz\u00e1mg\u00e9pek h\u0171t\u0151folyad\u00e9k-medenc\u00e9i G\u00e9pagyak \u00e9s munkater\u00fcletek Csepegtet\u0151t\u00e1lc\u00e1k Sz\u00e1ll\u00edt\u00f3szalagok M\u0171helypadl\u00f3 (a dedik\u00e1lt padl\u00f3tiszt\u00edt\u00f3 kieg\u00e9sz\u00edt\u0151vel) A nagy tart\u00e1lykapacit\u00e1s \u00e9s az opcion\u00e1lis akkumul\u00e1toros verzi\u00f3k miatt a Mark V ide\u00e1lis ipari m\u0171helyek \u00e9s nagyobb gy\u00e1rt\u00f3\u00fczemek sz\u00e1m\u00e1ra, ahol fontos a hat\u00e9kony h\u0171t\u0151folyad\u00e9k-kezel\u00e9s \u00e9s a mobilit\u00e1s.\" \/>\n<meta property=\"og:url\" content=\"https:\/\/modern-fluids.com\/en\/product\/mark-5-500l-batt-5-5kw-400v-3ph\/\" \/>\n<meta property=\"og:site_name\" content=\"Modern Fluids\" \/>\n<meta property=\"article:modified_time\" content=\"2025-07-13T08:53:06+00:00\" \/>\n<meta property=\"og:image\" content=\"https:\/\/modern-fluids.com\/wp-content\/uploads\/2025\/04\/mark_v_battery_1.jpg\" \/>\n\t<meta property=\"og:image:width\" content=\"1000\" \/>\n\t<meta property=\"og:image:height\" content=\"1000\" \/>\n\t<meta property=\"og:image:type\" content=\"image\/jpeg\" \/>\n<meta name=\"twitter:card\" content=\"summary_large_image\" \/>\n<script type=\"application\/ld+json\" class=\"yoast-schema-graph\">{\"@context\":\"https:\/\/schema.org\",\"@graph\":[{\"@type\":\"WebPage\",\"@id\":\"https:\/\/modern-fluids.com\/termek\/mark-5-500l-batt-5-5kw-400v-3ph\/\",\"url\":\"https:\/\/modern-fluids.com\/termek\/mark-5-500l-batt-5-5kw-400v-3ph\/\",\"name\":\"Mark 5 500L Batt \/ 5.5KW 400V 3ph\u00a0 - Modern Fluids\",\"isPartOf\":{\"@id\":\"https:\/\/modern-fluids.com\/#website\"},\"primaryImageOfPage\":{\"@id\":\"https:\/\/modern-fluids.com\/termek\/mark-5-500l-batt-5-5kw-400v-3ph\/#primaryimage\"},\"image\":{\"@id\":\"https:\/\/modern-fluids.com\/termek\/mark-5-500l-batt-5-5kw-400v-3ph\/#primaryimage\"},\"thumbnailUrl\":\"https:\/\/modern-fluids.com\/wp-content\/uploads\/2025\/04\/mark_v_battery_1.jpg\",\"datePublished\":\"2025-05-12T15:06:59+00:00\",\"dateModified\":\"2025-07-13T08:53:06+00:00\",\"breadcrumb\":{\"@id\":\"https:\/\/modern-fluids.com\/termek\/mark-5-500l-batt-5-5kw-400v-3ph\/#breadcrumb\"},\"inLanguage\":\"en-GB\",\"potentialAction\":[{\"@type\":\"ReadAction\",\"target\":[\"https:\/\/modern-fluids.com\/termek\/mark-5-500l-batt-5-5kw-400v-3ph\/\"]}]},{\"@type\":\"ImageObject\",\"inLanguage\":\"en-GB\",\"@id\":\"https:\/\/modern-fluids.com\/termek\/mark-5-500l-batt-5-5kw-400v-3ph\/#primaryimage\",\"url\":\"https:\/\/modern-fluids.com\/wp-content\/uploads\/2025\/04\/mark_v_battery_1.jpg\",\"contentUrl\":\"https:\/\/modern-fluids.com\/wp-content\/uploads\/2025\/04\/mark_v_battery_1.jpg\",\"width\":1000,\"height\":1000},{\"@type\":\"BreadcrumbList\",\"@id\":\"https:\/\/modern-fluids.com\/termek\/mark-5-500l-batt-5-5kw-400v-3ph\/#breadcrumb\",\"itemListElement\":[{\"@type\":\"ListItem\",\"position\":1,\"name\":\"Home\",\"item\":\"https:\/\/modern-fluids.com\/\"},{\"@type\":\"ListItem\",\"position\":2,\"name\":\"Shop\",\"item\":\"https:\/\/modern-fluids.com\/uzlet\/\"},{\"@type\":\"ListItem\",\"position\":3,\"name\":\"Mark 5 500L Batt \/ 5.5KW 400V 3ph\u00a0\"}]},{\"@type\":\"WebSite\",\"@id\":\"https:\/\/modern-fluids.com\/#website\",\"url\":\"https:\/\/modern-fluids.com\/\",\"name\":\"Modern Fluids\",\"description\":\"\",\"potentialAction\":[{\"@type\":\"SearchAction\",\"target\":{\"@type\":\"EntryPoint\",\"urlTemplate\":\"https:\/\/modern-fluids.com\/?s={search_term_string}\"},\"query-input\":{\"@type\":\"PropertyValueSpecification\",\"valueRequired\":true,\"valueName\":\"search_term_string\"}}],\"inLanguage\":\"en-GB\"}]}<\/script>\n<!-- \/ Yoast SEO Premium plugin. -->","yoast_head_json":{"title":"Mark 5 500L Batt \/ 5.5KW 400V 3ph\u00a0 - Modern Fluids","robots":{"index":"index","follow":"follow","max-snippet":"max-snippet:-1","max-image-preview":"max-image-preview:large","max-video-preview":"max-video-preview:-1"},"canonical":"https:\/\/modern-fluids.com\/en\/product\/mark-5-500l-batt-5-5kw-400v-3ph\/","og_locale":"en_GB","og_type":"article","og_title":"Mark 5 500L Batt \/ 5.5KW 400V 3ph\u00a0","og_description":"Freddy Mark V \u2013 Nagy kapacit\u00e1s\u00fa h\u0171t\u0151folyad\u00e9k-\u00fajrahasznos\u00edt\u00f3 porsz\u00edv\u00f3 A Mark V az egyik legnagyobb kapacit\u00e1s\u00fa h\u0171t\u0151folyad\u00e9k-\u00fajrahasznos\u00edt\u00f3 porsz\u00edv\u00f3 a Freddy term\u00e9kcsal\u00e1dban. A 500 \u00e9s 1000 literes modellekhez opcion\u00e1lisan akkumul\u00e1toros meghajt\u00e1s \u00e9s\/vagy akkumul\u00e1toros m\u0171k\u00f6d\u00e9s is el\u00e9rhet\u0151, biztos\u00edtva a nagyobb mobilit\u00e1st \u00e9s rugalmass\u00e1got.  Hat\u00e9kony \u00e9s gyors \u00fcr\u00edt\u00e9s A billenthet\u0151 sz\u0171r\u0151tart\u00e1ly lehet\u0151v\u00e9 teszi a 60 literes kos\u00e1r gyors \u00e9s egyszer\u0171 ki\u00fcr\u00edt\u00e9s\u00e9t, cs\u00f6kkentve a karbantart\u00e1si id\u0151t. Sokoldal\u00fa felhaszn\u00e1l\u00e1s A Mark V k\u00e9pes hat\u00e9konyan kiszivatty\u00fazni \u00e9s \u00fajrahasznos\u00edtani a h\u0171t\u0151folyad\u00e9kot az al\u00e1bbi ter\u00fcletekr\u0151l:  Szersz\u00e1mg\u00e9pek h\u0171t\u0151folyad\u00e9k-medenc\u00e9i G\u00e9pagyak \u00e9s munkater\u00fcletek Csepegtet\u0151t\u00e1lc\u00e1k Sz\u00e1ll\u00edt\u00f3szalagok M\u0171helypadl\u00f3 (a dedik\u00e1lt padl\u00f3tiszt\u00edt\u00f3 kieg\u00e9sz\u00edt\u0151vel) A nagy tart\u00e1lykapacit\u00e1s \u00e9s az opcion\u00e1lis akkumul\u00e1toros verzi\u00f3k miatt a Mark V ide\u00e1lis ipari m\u0171helyek \u00e9s nagyobb gy\u00e1rt\u00f3\u00fczemek sz\u00e1m\u00e1ra, ahol fontos a hat\u00e9kony h\u0171t\u0151folyad\u00e9k-kezel\u00e9s \u00e9s a mobilit\u00e1s.","og_url":"https:\/\/modern-fluids.com\/en\/product\/mark-5-500l-batt-5-5kw-400v-3ph\/","og_site_name":"Modern Fluids","article_modified_time":"2025-07-13T08:53:06+00:00","og_image":[{"width":1000,"height":1000,"url":"https:\/\/modern-fluids.com\/wp-content\/uploads\/2025\/04\/mark_v_battery_1.jpg","type":"image\/jpeg"}],"twitter_card":"summary_large_image","schema":{"@context":"https:\/\/schema.org","@graph":[{"@type":"WebPage","@id":"https:\/\/modern-fluids.com\/termek\/mark-5-500l-batt-5-5kw-400v-3ph\/","url":"https:\/\/modern-fluids.com\/termek\/mark-5-500l-batt-5-5kw-400v-3ph\/","name":"Mark 5 500L Batt \/ 5.5KW 400V 3ph\u00a0 - Modern Fluids","isPartOf":{"@id":"https:\/\/modern-fluids.com\/#website"},"primaryImageOfPage":{"@id":"https:\/\/modern-fluids.com\/termek\/mark-5-500l-batt-5-5kw-400v-3ph\/#primaryimage"},"image":{"@id":"https:\/\/modern-fluids.com\/termek\/mark-5-500l-batt-5-5kw-400v-3ph\/#primaryimage"},"thumbnailUrl":"https:\/\/modern-fluids.com\/wp-content\/uploads\/2025\/04\/mark_v_battery_1.jpg","datePublished":"2025-05-12T15:06:59+00:00","dateModified":"2025-07-13T08:53:06+00:00","breadcrumb":{"@id":"https:\/\/modern-fluids.com\/termek\/mark-5-500l-batt-5-5kw-400v-3ph\/#breadcrumb"},"inLanguage":"en-GB","potentialAction":[{"@type":"ReadAction","target":["https:\/\/modern-fluids.com\/termek\/mark-5-500l-batt-5-5kw-400v-3ph\/"]}]},{"@type":"ImageObject","inLanguage":"en-GB","@id":"https:\/\/modern-fluids.com\/termek\/mark-5-500l-batt-5-5kw-400v-3ph\/#primaryimage","url":"https:\/\/modern-fluids.com\/wp-content\/uploads\/2025\/04\/mark_v_battery_1.jpg","contentUrl":"https:\/\/modern-fluids.com\/wp-content\/uploads\/2025\/04\/mark_v_battery_1.jpg","width":1000,"height":1000},{"@type":"BreadcrumbList","@id":"https:\/\/modern-fluids.com\/termek\/mark-5-500l-batt-5-5kw-400v-3ph\/#breadcrumb","itemListElement":[{"@type":"ListItem","position":1,"name":"Home","item":"https:\/\/modern-fluids.com\/"},{"@type":"ListItem","position":2,"name":"Shop","item":"https:\/\/modern-fluids.com\/uzlet\/"},{"@type":"ListItem","position":3,"name":"Mark 5 500L Batt \/ 5.5KW 400V 3ph\u00a0"}]},{"@type":"WebSite","@id":"https:\/\/modern-fluids.com\/#website","url":"https:\/\/modern-fluids.com\/","name":"Modern Fluids","description":"","potentialAction":[{"@type":"SearchAction","target":{"@type":"EntryPoint","urlTemplate":"https:\/\/modern-fluids.com\/?s={search_term_string}"},"query-input":{"@type":"PropertyValueSpecification","valueRequired":true,"valueName":"search_term_string"}}],"inLanguage":"en-GB"}]}},"_links":{"self":[{"href":"https:\/\/modern-fluids.com\/en\/wp-json\/wp\/v2\/product\/674","targetHints":{"allow":["GET"]}}],"collection":[{"href":"https:\/\/modern-fluids.com\/en\/wp-json\/wp\/v2\/product"}],"about":[{"href":"https:\/\/modern-fluids.com\/en\/wp-json\/wp\/v2\/types\/product"}],"replies":[{"embeddable":true,"href":"https:\/\/modern-fluids.com\/en\/wp-json\/wp\/v2\/comments?post=674"}],"wp:featuredmedia":[{"embeddable":true,"href":"https:\/\/modern-fluids.com\/en\/wp-json\/wp\/v2\/media\/799"}],"wp:attachment":[{"href":"https:\/\/modern-fluids.com\/en\/wp-json\/wp\/v2\/media?parent=674"}],"wp:term":[{"taxonomy":"product_brand","embeddable":true,"href":"https:\/\/modern-fluids.com\/en\/wp-json\/wp\/v2\/product_brand?post=674"},{"taxonomy":"product_cat","embeddable":true,"href":"https:\/\/modern-fluids.com\/en\/wp-json\/wp\/v2\/product_cat?post=674"},{"taxonomy":"product_tag","embeddable":true,"href":"https:\/\/modern-fluids.com\/en\/wp-json\/wp\/v2\/product_tag?post=674"}],"curies":[{"name":"wp","href":"https:\/\/api.w.org\/{rel}","templated":true}]}}