{"id":680,"date":"2025-05-12T16:59:30","date_gmt":"2025-05-12T14:59:30","guid":{"rendered":"https:\/\/modern-fluids.com\/termek\/tos-air\/"},"modified":"2025-07-13T10:55:20","modified_gmt":"2025-07-13T08:55:20","slug":"tos-air","status":"publish","type":"product","link":"https:\/\/modern-fluids.com\/en\/product\/tos-air\/","title":{"rendered":"TOS air\u00a0"},"content":{"rendered":"","protected":false},"excerpt":{"rendered":"<p>Freddy Tramp Oil Separator - Effective solution for removing foreign oil<br \/>\nThe Freddy Tramp Oil Separator is specifically designed to reduce the level of tramp oil in the coolant systems of machine tools. Not only can tramp oil have a detrimental effect on the quality of the finished product, it can also cause problems for operators, such as bacterial growth or unpleasant odours.<\/p>\n<p>Key benefits:<br \/>\nIt is easy to move, so it can be used flexibly throughout the workshop.<br \/>\nIt operates continuously, so it does not disrupt the production process.<br \/>\nIt efficiently filters out foreign oil, which is pumped into a dedicated collection bottle, while the purified coolant is returned to the system.<br \/>\nThe Freddy Tramp Oil Separator helps increase coolant life, reduce maintenance costs and maintain production quality.<\/p>","protected":false},"featured_media":806,"comment_status":"closed","ping_status":"closed","template":"","meta":[],"product_brand":[64],"product_cat":[65,75],"product_tag":[],"class_list":{"0":"post-680","1":"product","2":"type-product","3":"status-publish","4":"has-post-thumbnail","6":"product_brand-freddy-products-ltd","7":"product_cat-freddy-products","8":"product_cat-tramp-oil-separator","10":"first","11":"instock","12":"taxable","13":"shipping-taxable","14":"purchasable","15":"product-type-simple"},"yoast_head":"<!-- This site is optimized with the Yoast SEO Premium plugin v26.8 (Yoast SEO v26.8) - https:\/\/yoast.com\/product\/yoast-seo-premium-wordpress\/ -->\n<title>TOS air\u00a0 - Modern Fluids<\/title>\n<meta name=\"robots\" content=\"index, follow, max-snippet:-1, max-image-preview:large, max-video-preview:-1\" \/>\n<link rel=\"canonical\" href=\"https:\/\/modern-fluids.com\/en\/product\/tos-air\/\" \/>\n<meta property=\"og:locale\" content=\"en_GB\" \/>\n<meta property=\"og:type\" content=\"article\" \/>\n<meta property=\"og:title\" content=\"TOS air\u00a0\" \/>\n<meta property=\"og:description\" content=\"Freddy Tramp Oil Separator \u2013 Hat\u00e9kony megold\u00e1s az idegen olaj elt\u00e1vol\u00edt\u00e1s\u00e1ra A Freddy Tramp Oil Separator kifejezetten arra lett tervezve, hogy cs\u00f6kkentse az idegen olajok (tramp oil) szintj\u00e9t a szersz\u00e1mg\u00e9pek h\u0171t\u0151folyad\u00e9k-rendszereiben. Az idegen olaj nemcsak a k\u00e9szterm\u00e9k min\u0151s\u00e9g\u00e9re lehet k\u00e1ros hat\u00e1ssal, hanem az \u00fczemeltet\u0151k sz\u00e1m\u00e1ra is probl\u00e9m\u00e1kat okozhat, p\u00e9ld\u00e1ul bakt\u00e9riumok elszaporod\u00e1s\u00e1val vagy kellemetlen szagokkal.  F\u0151bb el\u0151ny\u00f6k: Egyszer\u0171en mozgathat\u00f3, \u00edgy a teljes m\u0171helyben rugalmasan haszn\u00e1lhat\u00f3. Folyamatosan \u00fczemel, \u00edgy nem zavarja meg a gy\u00e1rt\u00e1si folyamatot. Hat\u00e9konyan kisz\u0171ri az idegen olajat, amelyet az erre szolg\u00e1l\u00f3 gy\u0171jt\u0151palackba szivatty\u00faz, mik\u00f6zben a tiszt\u00edtott h\u0171t\u0151folyad\u00e9k visszaker\u00fcl a rendszerbe. A Freddy Tramp Oil Separator seg\u00edt n\u00f6velni a h\u0171t\u0151folyad\u00e9k \u00e9lettartam\u00e1t, cs\u00f6kkenteni a karbantart\u00e1si k\u00f6lts\u00e9geket \u00e9s fenntartani a gy\u00e1rt\u00e1si min\u0151s\u00e9get.\" \/>\n<meta property=\"og:url\" content=\"https:\/\/modern-fluids.com\/en\/product\/tos-air\/\" \/>\n<meta property=\"og:site_name\" content=\"Modern Fluids\" \/>\n<meta property=\"article:modified_time\" content=\"2025-07-13T08:55:20+00:00\" \/>\n<meta property=\"og:image\" content=\"https:\/\/modern-fluids.com\/wp-content\/uploads\/2025\/04\/tos_1.jpg\" \/>\n\t<meta property=\"og:image:width\" content=\"1000\" \/>\n\t<meta property=\"og:image:height\" content=\"1000\" \/>\n\t<meta property=\"og:image:type\" content=\"image\/jpeg\" \/>\n<meta name=\"twitter:card\" content=\"summary_large_image\" \/>\n<script type=\"application\/ld+json\" class=\"yoast-schema-graph\">{\"@context\":\"https:\/\/schema.org\",\"@graph\":[{\"@type\":\"WebPage\",\"@id\":\"https:\/\/modern-fluids.com\/termek\/tos-air\/\",\"url\":\"https:\/\/modern-fluids.com\/termek\/tos-air\/\",\"name\":\"TOS air\u00a0 - Modern Fluids\",\"isPartOf\":{\"@id\":\"https:\/\/modern-fluids.com\/#website\"},\"primaryImageOfPage\":{\"@id\":\"https:\/\/modern-fluids.com\/termek\/tos-air\/#primaryimage\"},\"image\":{\"@id\":\"https:\/\/modern-fluids.com\/termek\/tos-air\/#primaryimage\"},\"thumbnailUrl\":\"https:\/\/modern-fluids.com\/wp-content\/uploads\/2025\/04\/tos_1.jpg\",\"datePublished\":\"2025-05-12T14:59:30+00:00\",\"dateModified\":\"2025-07-13T08:55:20+00:00\",\"breadcrumb\":{\"@id\":\"https:\/\/modern-fluids.com\/termek\/tos-air\/#breadcrumb\"},\"inLanguage\":\"en-GB\",\"potentialAction\":[{\"@type\":\"ReadAction\",\"target\":[\"https:\/\/modern-fluids.com\/termek\/tos-air\/\"]}]},{\"@type\":\"ImageObject\",\"inLanguage\":\"en-GB\",\"@id\":\"https:\/\/modern-fluids.com\/termek\/tos-air\/#primaryimage\",\"url\":\"https:\/\/modern-fluids.com\/wp-content\/uploads\/2025\/04\/tos_1.jpg\",\"contentUrl\":\"https:\/\/modern-fluids.com\/wp-content\/uploads\/2025\/04\/tos_1.jpg\",\"width\":1000,\"height\":1000},{\"@type\":\"BreadcrumbList\",\"@id\":\"https:\/\/modern-fluids.com\/termek\/tos-air\/#breadcrumb\",\"itemListElement\":[{\"@type\":\"ListItem\",\"position\":1,\"name\":\"Home\",\"item\":\"https:\/\/modern-fluids.com\/\"},{\"@type\":\"ListItem\",\"position\":2,\"name\":\"Shop\",\"item\":\"https:\/\/modern-fluids.com\/uzlet\/\"},{\"@type\":\"ListItem\",\"position\":3,\"name\":\"TOS air\u00a0\"}]},{\"@type\":\"WebSite\",\"@id\":\"https:\/\/modern-fluids.com\/#website\",\"url\":\"https:\/\/modern-fluids.com\/\",\"name\":\"Modern Fluids\",\"description\":\"\",\"potentialAction\":[{\"@type\":\"SearchAction\",\"target\":{\"@type\":\"EntryPoint\",\"urlTemplate\":\"https:\/\/modern-fluids.com\/?s={search_term_string}\"},\"query-input\":{\"@type\":\"PropertyValueSpecification\",\"valueRequired\":true,\"valueName\":\"search_term_string\"}}],\"inLanguage\":\"en-GB\"}]}<\/script>\n<!-- \/ Yoast SEO Premium plugin. -->","yoast_head_json":{"title":"TOS air\u00a0 - Modern Fluids","robots":{"index":"index","follow":"follow","max-snippet":"max-snippet:-1","max-image-preview":"max-image-preview:large","max-video-preview":"max-video-preview:-1"},"canonical":"https:\/\/modern-fluids.com\/en\/product\/tos-air\/","og_locale":"en_GB","og_type":"article","og_title":"TOS air\u00a0","og_description":"Freddy Tramp Oil Separator \u2013 Hat\u00e9kony megold\u00e1s az idegen olaj elt\u00e1vol\u00edt\u00e1s\u00e1ra A Freddy Tramp Oil Separator kifejezetten arra lett tervezve, hogy cs\u00f6kkentse az idegen olajok (tramp oil) szintj\u00e9t a szersz\u00e1mg\u00e9pek h\u0171t\u0151folyad\u00e9k-rendszereiben. Az idegen olaj nemcsak a k\u00e9szterm\u00e9k min\u0151s\u00e9g\u00e9re lehet k\u00e1ros hat\u00e1ssal, hanem az \u00fczemeltet\u0151k sz\u00e1m\u00e1ra is probl\u00e9m\u00e1kat okozhat, p\u00e9ld\u00e1ul bakt\u00e9riumok elszaporod\u00e1s\u00e1val vagy kellemetlen szagokkal.  F\u0151bb el\u0151ny\u00f6k: Egyszer\u0171en mozgathat\u00f3, \u00edgy a teljes m\u0171helyben rugalmasan haszn\u00e1lhat\u00f3. Folyamatosan \u00fczemel, \u00edgy nem zavarja meg a gy\u00e1rt\u00e1si folyamatot. Hat\u00e9konyan kisz\u0171ri az idegen olajat, amelyet az erre szolg\u00e1l\u00f3 gy\u0171jt\u0151palackba szivatty\u00faz, mik\u00f6zben a tiszt\u00edtott h\u0171t\u0151folyad\u00e9k visszaker\u00fcl a rendszerbe. A Freddy Tramp Oil Separator seg\u00edt n\u00f6velni a h\u0171t\u0151folyad\u00e9k \u00e9lettartam\u00e1t, cs\u00f6kkenteni a karbantart\u00e1si k\u00f6lts\u00e9geket \u00e9s fenntartani a gy\u00e1rt\u00e1si min\u0151s\u00e9get.","og_url":"https:\/\/modern-fluids.com\/en\/product\/tos-air\/","og_site_name":"Modern Fluids","article_modified_time":"2025-07-13T08:55:20+00:00","og_image":[{"width":1000,"height":1000,"url":"https:\/\/modern-fluids.com\/wp-content\/uploads\/2025\/04\/tos_1.jpg","type":"image\/jpeg"}],"twitter_card":"summary_large_image","schema":{"@context":"https:\/\/schema.org","@graph":[{"@type":"WebPage","@id":"https:\/\/modern-fluids.com\/termek\/tos-air\/","url":"https:\/\/modern-fluids.com\/termek\/tos-air\/","name":"TOS air\u00a0 - Modern Fluids","isPartOf":{"@id":"https:\/\/modern-fluids.com\/#website"},"primaryImageOfPage":{"@id":"https:\/\/modern-fluids.com\/termek\/tos-air\/#primaryimage"},"image":{"@id":"https:\/\/modern-fluids.com\/termek\/tos-air\/#primaryimage"},"thumbnailUrl":"https:\/\/modern-fluids.com\/wp-content\/uploads\/2025\/04\/tos_1.jpg","datePublished":"2025-05-12T14:59:30+00:00","dateModified":"2025-07-13T08:55:20+00:00","breadcrumb":{"@id":"https:\/\/modern-fluids.com\/termek\/tos-air\/#breadcrumb"},"inLanguage":"en-GB","potentialAction":[{"@type":"ReadAction","target":["https:\/\/modern-fluids.com\/termek\/tos-air\/"]}]},{"@type":"ImageObject","inLanguage":"en-GB","@id":"https:\/\/modern-fluids.com\/termek\/tos-air\/#primaryimage","url":"https:\/\/modern-fluids.com\/wp-content\/uploads\/2025\/04\/tos_1.jpg","contentUrl":"https:\/\/modern-fluids.com\/wp-content\/uploads\/2025\/04\/tos_1.jpg","width":1000,"height":1000},{"@type":"BreadcrumbList","@id":"https:\/\/modern-fluids.com\/termek\/tos-air\/#breadcrumb","itemListElement":[{"@type":"ListItem","position":1,"name":"Home","item":"https:\/\/modern-fluids.com\/"},{"@type":"ListItem","position":2,"name":"Shop","item":"https:\/\/modern-fluids.com\/uzlet\/"},{"@type":"ListItem","position":3,"name":"TOS air\u00a0"}]},{"@type":"WebSite","@id":"https:\/\/modern-fluids.com\/#website","url":"https:\/\/modern-fluids.com\/","name":"Modern Fluids","description":"","potentialAction":[{"@type":"SearchAction","target":{"@type":"EntryPoint","urlTemplate":"https:\/\/modern-fluids.com\/?s={search_term_string}"},"query-input":{"@type":"PropertyValueSpecification","valueRequired":true,"valueName":"search_term_string"}}],"inLanguage":"en-GB"}]}},"_links":{"self":[{"href":"https:\/\/modern-fluids.com\/en\/wp-json\/wp\/v2\/product\/680","targetHints":{"allow":["GET"]}}],"collection":[{"href":"https:\/\/modern-fluids.com\/en\/wp-json\/wp\/v2\/product"}],"about":[{"href":"https:\/\/modern-fluids.com\/en\/wp-json\/wp\/v2\/types\/product"}],"replies":[{"embeddable":true,"href":"https:\/\/modern-fluids.com\/en\/wp-json\/wp\/v2\/comments?post=680"}],"wp:featuredmedia":[{"embeddable":true,"href":"https:\/\/modern-fluids.com\/en\/wp-json\/wp\/v2\/media\/806"}],"wp:attachment":[{"href":"https:\/\/modern-fluids.com\/en\/wp-json\/wp\/v2\/media?parent=680"}],"wp:term":[{"taxonomy":"product_brand","embeddable":true,"href":"https:\/\/modern-fluids.com\/en\/wp-json\/wp\/v2\/product_brand?post=680"},{"taxonomy":"product_cat","embeddable":true,"href":"https:\/\/modern-fluids.com\/en\/wp-json\/wp\/v2\/product_cat?post=680"},{"taxonomy":"product_tag","embeddable":true,"href":"https:\/\/modern-fluids.com\/en\/wp-json\/wp\/v2\/product_tag?post=680"}],"curies":[{"name":"wp","href":"https:\/\/api.w.org\/{rel}","templated":true}]}}