{"id":685,"date":"2025-04-11T15:27:35","date_gmt":"2025-04-11T13:27:35","guid":{"rendered":"https:\/\/modern-fluids.com\/termek\/5030\/"},"modified":"2025-06-16T14:15:37","modified_gmt":"2025-06-16T12:15:37","slug":"5030","status":"publish","type":"product","link":"https:\/\/modern-fluids.com\/en\/product\/5030\/","title":{"rendered":"5030 (Plant-based microemulsion builder)"},"content":{"rendered":"","protected":false},"excerpt":{"rendered":"<p>5030 is a time-tested and proven plant-based technology developed by Hangsterfer's Laboratories. Its low hydrocarbon formulation uses special plant-derived ingredients to deliver superior results in a wide range of applications.<\/p>\n<p>The unique lubricating properties of 5030 make it particularly effective in steel and cast iron applications where these materials predominate.<\/p>\n<p>It is a chlorine-free, plant-based micro-emulsion that provides excellent cleanliness and effectively repels foreign oils. It works particularly well in high pressure refrigeration systems above 1500 psi and in plants operating in an automated, unmanned production environment (\"lights out\").<\/p>\n<p>The naturally transparent formula provides good workpiece visibility, low consumption and often reduces coolant consumption by more than 20%!<\/p>","protected":false},"featured_media":861,"comment_status":"closed","ping_status":"closed","template":"","meta":[],"product_brand":[77],"product_cat":[78,80],"product_tag":[],"class_list":{"0":"post-685","1":"product","2":"type-product","3":"status-publish","4":"has-post-thumbnail","6":"product_brand-hangsterfers-laboratories-inc","7":"product_cat-hangsterfers","8":"product_cat-novenyi-alapu-mikroemulziokepzo","9":"pa_kiszereles-19l","10":"pa_kiszereles-209l","11":"pa_kiszereles-1045l","13":"first","14":"instock","15":"taxable","16":"shipping-taxable","17":"purchasable","18":"product-type-variable"},"yoast_head":"<!-- This site is optimized with the Yoast SEO Premium plugin v26.8 (Yoast SEO v26.8) - https:\/\/yoast.com\/product\/yoast-seo-premium-wordpress\/ -->\n<title>5030 (N\u00f6v\u00e9nyi alap\u00fa mikroemulzi\u00f3k\u00e9pz\u0151) - Modern Fluids<\/title>\n<meta name=\"robots\" content=\"index, follow, max-snippet:-1, max-image-preview:large, max-video-preview:-1\" \/>\n<link rel=\"canonical\" href=\"https:\/\/modern-fluids.com\/en\/product\/5030\/\" \/>\n<meta property=\"og:locale\" content=\"en_GB\" \/>\n<meta property=\"og:type\" content=\"article\" \/>\n<meta property=\"og:title\" content=\"5030 (N\u00f6v\u00e9nyi alap\u00fa mikroemulzi\u00f3k\u00e9pz\u0151)\" \/>\n<meta property=\"og:description\" content=\"A 5030 a Hangsterfer\u2019s Laboratories \u00e1ltal kifejlesztett, id\u0151t\u00e1ll\u00f3 \u00e9s bev\u00e1lt n\u00f6v\u00e9nyi alap\u00fa technol\u00f3gia. Alacsony sz\u00e9nhidrog\u00e9n-tartalm\u00fa formul\u00e1ja speci\u00e1lis n\u00f6v\u00e9nyi eredet\u0171 \u00f6sszetev\u0151ket haszn\u00e1l, hogy kiv\u00e1l\u00f3 eredm\u00e9nyeket \u00e9rjen el sz\u00e1mos alkalmaz\u00e1si ter\u00fcleten.  A 5030 egyed\u00fcl\u00e1ll\u00f3 ken\u00e9si tulajdons\u00e1gai k\u00fcl\u00f6n\u00f6sen hat\u00e9konny\u00e1 teszik az ac\u00e9l \u00e9s \u00f6nt\u00f6ttvas megmunk\u00e1l\u00e1s\u00e1ban, ahol ezek az anyagok domin\u00e1lnak.  Ez egy kl\u00f3rmentes, n\u00f6v\u00e9nyi alap\u00fa mikroemulzi\u00f3, amely kiv\u00e1l\u00f3 tisztas\u00e1got biztos\u00edt, valamint hat\u00e9konyan tasz\u00edtja az idegen olajokat. K\u00fcl\u00f6n\u00f6sen j\u00f3l m\u0171k\u00f6dik 1500 psi feletti nagynyom\u00e1s\u00fa h\u0171t\u0151rendszerekben, valamint olyan \u00fczemekben, amelyek automatikus, emberi fel\u00fcgyelet n\u00e9lk\u00fcli gy\u00e1rt\u00e1si k\u00f6rnyezetben (&quot;lights out&quot;) m\u0171k\u00f6dnek.  A term\u00e9szetesen \u00e1tl\u00e1tsz\u00f3 formula j\u00f3 munkadarab-l\u00e1that\u00f3s\u00e1got biztos\u00edt, alacsony fogyaszt\u00e1s\u00fa, \u00e9s gyakran t\u00f6bb mint 20%-kal cs\u00f6kkenti a h\u0171t\u0151folyad\u00e9k fogyaszt\u00e1st!\" \/>\n<meta property=\"og:url\" content=\"https:\/\/modern-fluids.com\/en\/product\/5030\/\" \/>\n<meta property=\"og:site_name\" content=\"Modern Fluids\" \/>\n<meta property=\"article:modified_time\" content=\"2025-06-16T12:15:37+00:00\" \/>\n<meta property=\"og:image\" content=\"https:\/\/modern-fluids.com\/wp-content\/uploads\/2025\/04\/HANGSTERFERS-HORDO.jpg\" \/>\n\t<meta property=\"og:image:width\" content=\"1000\" \/>\n\t<meta property=\"og:image:height\" content=\"1000\" \/>\n\t<meta property=\"og:image:type\" content=\"image\/jpeg\" \/>\n<meta name=\"twitter:card\" content=\"summary_large_image\" \/>\n<meta name=\"twitter:label1\" content=\"Estimated reading time\" \/>\n\t<meta name=\"twitter:data1\" content=\"1 minute\" \/>\n<script type=\"application\/ld+json\" class=\"yoast-schema-graph\">{\"@context\":\"https:\/\/schema.org\",\"@graph\":[{\"@type\":\"WebPage\",\"@id\":\"https:\/\/modern-fluids.com\/termek\/5030\/\",\"url\":\"https:\/\/modern-fluids.com\/termek\/5030\/\",\"name\":\"5030 (N\u00f6v\u00e9nyi alap\u00fa mikroemulzi\u00f3k\u00e9pz\u0151) - Modern Fluids\",\"isPartOf\":{\"@id\":\"https:\/\/modern-fluids.com\/#website\"},\"primaryImageOfPage\":{\"@id\":\"https:\/\/modern-fluids.com\/termek\/5030\/#primaryimage\"},\"image\":{\"@id\":\"https:\/\/modern-fluids.com\/termek\/5030\/#primaryimage\"},\"thumbnailUrl\":\"https:\/\/modern-fluids.com\/wp-content\/uploads\/2025\/04\/HANGSTERFERS-HORDO.jpg\",\"datePublished\":\"2025-04-11T13:27:35+00:00\",\"dateModified\":\"2025-06-16T12:15:37+00:00\",\"breadcrumb\":{\"@id\":\"https:\/\/modern-fluids.com\/termek\/5030\/#breadcrumb\"},\"inLanguage\":\"en-GB\",\"potentialAction\":[{\"@type\":\"ReadAction\",\"target\":[\"https:\/\/modern-fluids.com\/termek\/5030\/\"]}]},{\"@type\":\"ImageObject\",\"inLanguage\":\"en-GB\",\"@id\":\"https:\/\/modern-fluids.com\/termek\/5030\/#primaryimage\",\"url\":\"https:\/\/modern-fluids.com\/wp-content\/uploads\/2025\/04\/HANGSTERFERS-HORDO.jpg\",\"contentUrl\":\"https:\/\/modern-fluids.com\/wp-content\/uploads\/2025\/04\/HANGSTERFERS-HORDO.jpg\",\"width\":1000,\"height\":1000},{\"@type\":\"BreadcrumbList\",\"@id\":\"https:\/\/modern-fluids.com\/termek\/5030\/#breadcrumb\",\"itemListElement\":[{\"@type\":\"ListItem\",\"position\":1,\"name\":\"Home\",\"item\":\"https:\/\/modern-fluids.com\/\"},{\"@type\":\"ListItem\",\"position\":2,\"name\":\"Shop\",\"item\":\"https:\/\/modern-fluids.com\/uzlet\/\"},{\"@type\":\"ListItem\",\"position\":3,\"name\":\"5030 (N\u00f6v\u00e9nyi alap\u00fa mikroemulzi\u00f3k\u00e9pz\u0151)\"}]},{\"@type\":\"WebSite\",\"@id\":\"https:\/\/modern-fluids.com\/#website\",\"url\":\"https:\/\/modern-fluids.com\/\",\"name\":\"Modern Fluids\",\"description\":\"\",\"potentialAction\":[{\"@type\":\"SearchAction\",\"target\":{\"@type\":\"EntryPoint\",\"urlTemplate\":\"https:\/\/modern-fluids.com\/?s={search_term_string}\"},\"query-input\":{\"@type\":\"PropertyValueSpecification\",\"valueRequired\":true,\"valueName\":\"search_term_string\"}}],\"inLanguage\":\"en-GB\"}]}<\/script>\n<!-- \/ Yoast SEO Premium plugin. -->","yoast_head_json":{"title":"5030 (N\u00f6v\u00e9nyi alap\u00fa mikroemulzi\u00f3k\u00e9pz\u0151) - Modern Fluids","robots":{"index":"index","follow":"follow","max-snippet":"max-snippet:-1","max-image-preview":"max-image-preview:large","max-video-preview":"max-video-preview:-1"},"canonical":"https:\/\/modern-fluids.com\/en\/product\/5030\/","og_locale":"en_GB","og_type":"article","og_title":"5030 (N\u00f6v\u00e9nyi alap\u00fa mikroemulzi\u00f3k\u00e9pz\u0151)","og_description":"A 5030 a Hangsterfer\u2019s Laboratories \u00e1ltal kifejlesztett, id\u0151t\u00e1ll\u00f3 \u00e9s bev\u00e1lt n\u00f6v\u00e9nyi alap\u00fa technol\u00f3gia. Alacsony sz\u00e9nhidrog\u00e9n-tartalm\u00fa formul\u00e1ja speci\u00e1lis n\u00f6v\u00e9nyi eredet\u0171 \u00f6sszetev\u0151ket haszn\u00e1l, hogy kiv\u00e1l\u00f3 eredm\u00e9nyeket \u00e9rjen el sz\u00e1mos alkalmaz\u00e1si ter\u00fcleten.  A 5030 egyed\u00fcl\u00e1ll\u00f3 ken\u00e9si tulajdons\u00e1gai k\u00fcl\u00f6n\u00f6sen hat\u00e9konny\u00e1 teszik az ac\u00e9l \u00e9s \u00f6nt\u00f6ttvas megmunk\u00e1l\u00e1s\u00e1ban, ahol ezek az anyagok domin\u00e1lnak.  Ez egy kl\u00f3rmentes, n\u00f6v\u00e9nyi alap\u00fa mikroemulzi\u00f3, amely kiv\u00e1l\u00f3 tisztas\u00e1got biztos\u00edt, valamint hat\u00e9konyan tasz\u00edtja az idegen olajokat. K\u00fcl\u00f6n\u00f6sen j\u00f3l m\u0171k\u00f6dik 1500 psi feletti nagynyom\u00e1s\u00fa h\u0171t\u0151rendszerekben, valamint olyan \u00fczemekben, amelyek automatikus, emberi fel\u00fcgyelet n\u00e9lk\u00fcli gy\u00e1rt\u00e1si k\u00f6rnyezetben (\"lights out\") m\u0171k\u00f6dnek.  A term\u00e9szetesen \u00e1tl\u00e1tsz\u00f3 formula j\u00f3 munkadarab-l\u00e1that\u00f3s\u00e1got biztos\u00edt, alacsony fogyaszt\u00e1s\u00fa, \u00e9s gyakran t\u00f6bb mint 20%-kal cs\u00f6kkenti a h\u0171t\u0151folyad\u00e9k fogyaszt\u00e1st!","og_url":"https:\/\/modern-fluids.com\/en\/product\/5030\/","og_site_name":"Modern Fluids","article_modified_time":"2025-06-16T12:15:37+00:00","og_image":[{"width":1000,"height":1000,"url":"https:\/\/modern-fluids.com\/wp-content\/uploads\/2025\/04\/HANGSTERFERS-HORDO.jpg","type":"image\/jpeg"}],"twitter_card":"summary_large_image","twitter_misc":{"Estimated reading time":"1 minute"},"schema":{"@context":"https:\/\/schema.org","@graph":[{"@type":"WebPage","@id":"https:\/\/modern-fluids.com\/termek\/5030\/","url":"https:\/\/modern-fluids.com\/termek\/5030\/","name":"5030 (N\u00f6v\u00e9nyi alap\u00fa mikroemulzi\u00f3k\u00e9pz\u0151) - Modern Fluids","isPartOf":{"@id":"https:\/\/modern-fluids.com\/#website"},"primaryImageOfPage":{"@id":"https:\/\/modern-fluids.com\/termek\/5030\/#primaryimage"},"image":{"@id":"https:\/\/modern-fluids.com\/termek\/5030\/#primaryimage"},"thumbnailUrl":"https:\/\/modern-fluids.com\/wp-content\/uploads\/2025\/04\/HANGSTERFERS-HORDO.jpg","datePublished":"2025-04-11T13:27:35+00:00","dateModified":"2025-06-16T12:15:37+00:00","breadcrumb":{"@id":"https:\/\/modern-fluids.com\/termek\/5030\/#breadcrumb"},"inLanguage":"en-GB","potentialAction":[{"@type":"ReadAction","target":["https:\/\/modern-fluids.com\/termek\/5030\/"]}]},{"@type":"ImageObject","inLanguage":"en-GB","@id":"https:\/\/modern-fluids.com\/termek\/5030\/#primaryimage","url":"https:\/\/modern-fluids.com\/wp-content\/uploads\/2025\/04\/HANGSTERFERS-HORDO.jpg","contentUrl":"https:\/\/modern-fluids.com\/wp-content\/uploads\/2025\/04\/HANGSTERFERS-HORDO.jpg","width":1000,"height":1000},{"@type":"BreadcrumbList","@id":"https:\/\/modern-fluids.com\/termek\/5030\/#breadcrumb","itemListElement":[{"@type":"ListItem","position":1,"name":"Home","item":"https:\/\/modern-fluids.com\/"},{"@type":"ListItem","position":2,"name":"Shop","item":"https:\/\/modern-fluids.com\/uzlet\/"},{"@type":"ListItem","position":3,"name":"5030 (N\u00f6v\u00e9nyi alap\u00fa mikroemulzi\u00f3k\u00e9pz\u0151)"}]},{"@type":"WebSite","@id":"https:\/\/modern-fluids.com\/#website","url":"https:\/\/modern-fluids.com\/","name":"Modern Fluids","description":"","potentialAction":[{"@type":"SearchAction","target":{"@type":"EntryPoint","urlTemplate":"https:\/\/modern-fluids.com\/?s={search_term_string}"},"query-input":{"@type":"PropertyValueSpecification","valueRequired":true,"valueName":"search_term_string"}}],"inLanguage":"en-GB"}]}},"_links":{"self":[{"href":"https:\/\/modern-fluids.com\/en\/wp-json\/wp\/v2\/product\/685","targetHints":{"allow":["GET"]}}],"collection":[{"href":"https:\/\/modern-fluids.com\/en\/wp-json\/wp\/v2\/product"}],"about":[{"href":"https:\/\/modern-fluids.com\/en\/wp-json\/wp\/v2\/types\/product"}],"replies":[{"embeddable":true,"href":"https:\/\/modern-fluids.com\/en\/wp-json\/wp\/v2\/comments?post=685"}],"wp:featuredmedia":[{"embeddable":true,"href":"https:\/\/modern-fluids.com\/en\/wp-json\/wp\/v2\/media\/861"}],"wp:attachment":[{"href":"https:\/\/modern-fluids.com\/en\/wp-json\/wp\/v2\/media?parent=685"}],"wp:term":[{"taxonomy":"product_brand","embeddable":true,"href":"https:\/\/modern-fluids.com\/en\/wp-json\/wp\/v2\/product_brand?post=685"},{"taxonomy":"product_cat","embeddable":true,"href":"https:\/\/modern-fluids.com\/en\/wp-json\/wp\/v2\/product_cat?post=685"},{"taxonomy":"product_tag","embeddable":true,"href":"https:\/\/modern-fluids.com\/en\/wp-json\/wp\/v2\/product_tag?post=685"}],"curies":[{"name":"wp","href":"https:\/\/api.w.org\/{rel}","templated":true}]}}