{"id":686,"date":"2025-04-11T15:27:35","date_gmt":"2025-04-11T13:27:35","guid":{"rendered":"https:\/\/modern-fluids.com\/termek\/5080\/"},"modified":"2025-06-16T14:15:37","modified_gmt":"2025-06-16T12:15:37","slug":"5080","status":"publish","type":"product","link":"https:\/\/modern-fluids.com\/en\/product\/5080\/","title":{"rendered":"5080 (Plant-based microemulsion builder)"},"content":{"rendered":"","protected":false},"excerpt":{"rendered":"<p>Hangsterfer's 5080 - Advanced plant-based microemulsion<br \/>\nHangsterfer's 5080 is an advanced, plant-based microemulsion that has been approved by leading aerospace and medical companies.<\/p>\n<p>Free of boron, chlorine, formaldehyde and other harmful substances, it is environmentally friendly and sustainable, and contains no additives that could become obsolete over time. 5080 is made with Bio-Hard technology, so it does not support bacterial and fungal growth, so there is no need for biocides, but it is biodegradable.<\/p>\n<p>Thanks to its low hydrocarbon content, 5080 reduces drag-out and significantly reduces coolant consumption. The low oil content minimises the risk of slippery work surfaces, reduces airborne oil mist and increases the recycling value of metal shavings.<\/p>\n<p>Natural transparency provides excellent workpiece visibility, results in foam-free operation and keeps machine windows clean. Excellent for use in high-pressure cooling systems, it allows filtration up to 5 microns without loss of additives.<\/p>\n<p>Superior performance in machining aluminium, nickel and titanium alloys<br \/>\nThe 5080 significantly increases tool life and improves surface quality, especially on aluminium, nickel and titanium alloys. Thanks to its surfactant components, efficient heat dissipation and chip evacuation, the metal plastic flows deformably without sticking to the tool. This allows higher cutting speeds, feed rates and depths, which increases productivity.<\/p>\n<p>Secure and user-friendly<br \/>\n5080 is non-hazardous, non-toxic and contains no harmful chemicals. It is low odour, skin-friendly, will not damage painted surfaces and is compatible with machine elastomers.<\/p>","protected":false},"featured_media":861,"comment_status":"closed","ping_status":"closed","template":"","meta":[],"product_brand":[77],"product_cat":[78,80],"product_tag":[],"class_list":{"0":"post-686","1":"product","2":"type-product","3":"status-publish","4":"has-post-thumbnail","6":"product_brand-hangsterfers-laboratories-inc","7":"product_cat-hangsterfers","8":"product_cat-novenyi-alapu-mikroemulziokepzo","9":"pa_kiszereles-19l","10":"pa_kiszereles-209l","11":"pa_kiszereles-1045l","13":"first","14":"instock","15":"taxable","16":"shipping-taxable","17":"purchasable","18":"product-type-variable"},"yoast_head":"<!-- This site is optimized with the Yoast SEO Premium plugin v26.8 (Yoast SEO v26.8) - https:\/\/yoast.com\/product\/yoast-seo-premium-wordpress\/ -->\n<title>5080 (N\u00f6v\u00e9nyi alap\u00fa mikroemulzi\u00f3k\u00e9pz\u0151) - Modern Fluids<\/title>\n<meta name=\"robots\" content=\"index, follow, max-snippet:-1, max-image-preview:large, max-video-preview:-1\" \/>\n<link rel=\"canonical\" href=\"https:\/\/modern-fluids.com\/en\/product\/5080\/\" \/>\n<meta property=\"og:locale\" content=\"en_GB\" \/>\n<meta property=\"og:type\" content=\"article\" \/>\n<meta property=\"og:title\" content=\"5080 (N\u00f6v\u00e9nyi alap\u00fa mikroemulzi\u00f3k\u00e9pz\u0151)\" \/>\n<meta property=\"og:description\" content=\"Hangsterfer\u2019s 5080 \u2013 Fejlett n\u00f6v\u00e9nyi alap\u00fa mikroemulzi\u00f3 A Hangsterfer\u2019s 5080 egy korszer\u0171, n\u00f6v\u00e9nyi alap\u00fa mikroemulzi\u00f3, amelyet vezet\u0151 rep\u00fcl\u0151g\u00e9pipari \u00e9s orvostechnikai v\u00e1llalatok is j\u00f3v\u00e1hagytak.  Boron-, kl\u00f3r-, formaldehid- \u00e9s m\u00e1s k\u00e1ros anyagokt\u00f3l mentes, \u00edgy k\u00f6rnyezetbar\u00e1t \u00e9s fenntarthat\u00f3, nem tartalmaz olyan adal\u00e9kanyagokat, amelyek id\u0151vel elavulhatn\u00e1nak. A 5080 Bio-Hard technol\u00f3gi\u00e1val k\u00e9sz\u00fcl, \u00edgy nem t\u00e1mogatja a bakt\u00e9riumok \u00e9s gomb\u00e1k elszaporod\u00e1s\u00e1t, ez\u00e9rt nincs sz\u00fcks\u00e9g biocidokra, ugyanakkor biol\u00f3giailag leboml\u00f3.  A 5080 alacsony sz\u00e9nhidrog\u00e9ntartalm\u00e1nak k\u00f6sz\u00f6nhet\u0151en cs\u00f6kkenti a sz\u00e1ll\u00edt\u00f3d\u00e1st (drag-out) \u00e9s jelent\u0151sen m\u00e9rs\u00e9kli a h\u0171t\u0151folyad\u00e9k fogyaszt\u00e1st. Az alacsony olajtartalom minimaliz\u00e1lja a cs\u00fasz\u00f3s munkafel\u00fcletek kock\u00e1zat\u00e1t, cs\u00f6kkenti a leveg\u0151ben l\u00e9v\u0151 olajk\u00f6d\u00f6t \u00e9s n\u00f6veli a f\u00e9mforg\u00e1csok \u00fajrahasznos\u00edt\u00e1si \u00e9rt\u00e9k\u00e9t.  A term\u00e9szetes \u00e1tl\u00e1tsz\u00f3s\u00e1g kiv\u00e1l\u00f3 munkadarab-l\u00e1that\u00f3s\u00e1got biztos\u00edt, habz\u00e1smentes m\u0171k\u00f6d\u00e9st eredm\u00e9nyez, \u00e9s tiszt\u00e1n tartja a g\u00e9pablakokat. Kiv\u00e1l\u00f3an alkalmazhat\u00f3 nagynyom\u00e1s\u00fa h\u0171t\u0151rendszerekben, \u00e9s ak\u00e1r 5 mikron alatti sz\u0171r\u00e9st is lehet\u0151v\u00e9 tesz adal\u00e9kveszt\u00e9s n\u00e9lk\u00fcl.  Kimagasl\u00f3 teljes\u00edtm\u00e9ny az alum\u00ednium, nikkel \u00e9s tit\u00e1n\u00f6tv\u00f6zetek megmunk\u00e1l\u00e1s\u00e1ban A 5080 jelent\u0151sen n\u00f6veli a szersz\u00e1m \u00e9lettartam\u00e1t \u00e9s jav\u00edtja a fel\u00fcleti min\u0151s\u00e9get, k\u00fcl\u00f6n\u00f6sen alum\u00ednium, nikkel \u00e9s tit\u00e1n\u00f6tv\u00f6zetek eset\u00e9ben. Fel\u00fcletakt\u00edv \u00f6sszetev\u0151inek, hat\u00e9kony h\u0151elvezet\u00e9s\u00e9nek \u00e9s forg\u00e1cski\u00fcr\u00edt\u00e9s\u00e9nek k\u00f6sz\u00f6nhet\u0151en a f\u00e9m m\u0171anyag alakv\u00e1ltoz\u00e1ssal \u00e1ramlik, nem tapad a szersz\u00e1mhoz. Ez lehet\u0151v\u00e9 teszi nagyobb v\u00e1g\u00e1si sebess\u00e9get, el\u0151tol\u00e1st \u00e9s m\u00e9lys\u00e9get, ami n\u00f6veli a termel\u00e9kenys\u00e9get.  Biztons\u00e1gos \u00e9s felhaszn\u00e1l\u00f3bar\u00e1t A 5080 nem vesz\u00e9lyes, nem m\u00e9rgez\u0151, \u00e9s nem tartalmaz k\u00e1ros vegyi anyagokat. Alacsony szag\u00fa, b\u0151rbar\u00e1t, nem k\u00e1ros\u00edtja a festett fel\u00fcleteket, \u00e9s kompatibilis a g\u00e9p elasztomereivel.\" \/>\n<meta property=\"og:url\" content=\"https:\/\/modern-fluids.com\/en\/product\/5080\/\" \/>\n<meta property=\"og:site_name\" content=\"Modern Fluids\" \/>\n<meta property=\"article:modified_time\" content=\"2025-06-16T12:15:37+00:00\" \/>\n<meta property=\"og:image\" content=\"https:\/\/modern-fluids.com\/wp-content\/uploads\/2025\/04\/HANGSTERFERS-HORDO.jpg\" \/>\n\t<meta property=\"og:image:width\" content=\"1000\" \/>\n\t<meta property=\"og:image:height\" content=\"1000\" \/>\n\t<meta property=\"og:image:type\" content=\"image\/jpeg\" \/>\n<meta name=\"twitter:card\" content=\"summary_large_image\" \/>\n<meta name=\"twitter:label1\" content=\"Estimated reading time\" \/>\n\t<meta name=\"twitter:data1\" content=\"1 minute\" \/>\n<script type=\"application\/ld+json\" class=\"yoast-schema-graph\">{\"@context\":\"https:\/\/schema.org\",\"@graph\":[{\"@type\":\"WebPage\",\"@id\":\"https:\/\/modern-fluids.com\/termek\/5080\/\",\"url\":\"https:\/\/modern-fluids.com\/termek\/5080\/\",\"name\":\"5080 (N\u00f6v\u00e9nyi alap\u00fa mikroemulzi\u00f3k\u00e9pz\u0151) - Modern Fluids\",\"isPartOf\":{\"@id\":\"https:\/\/modern-fluids.com\/#website\"},\"primaryImageOfPage\":{\"@id\":\"https:\/\/modern-fluids.com\/termek\/5080\/#primaryimage\"},\"image\":{\"@id\":\"https:\/\/modern-fluids.com\/termek\/5080\/#primaryimage\"},\"thumbnailUrl\":\"https:\/\/modern-fluids.com\/wp-content\/uploads\/2025\/04\/HANGSTERFERS-HORDO.jpg\",\"datePublished\":\"2025-04-11T13:27:35+00:00\",\"dateModified\":\"2025-06-16T12:15:37+00:00\",\"breadcrumb\":{\"@id\":\"https:\/\/modern-fluids.com\/termek\/5080\/#breadcrumb\"},\"inLanguage\":\"en-GB\",\"potentialAction\":[{\"@type\":\"ReadAction\",\"target\":[\"https:\/\/modern-fluids.com\/termek\/5080\/\"]}]},{\"@type\":\"ImageObject\",\"inLanguage\":\"en-GB\",\"@id\":\"https:\/\/modern-fluids.com\/termek\/5080\/#primaryimage\",\"url\":\"https:\/\/modern-fluids.com\/wp-content\/uploads\/2025\/04\/HANGSTERFERS-HORDO.jpg\",\"contentUrl\":\"https:\/\/modern-fluids.com\/wp-content\/uploads\/2025\/04\/HANGSTERFERS-HORDO.jpg\",\"width\":1000,\"height\":1000},{\"@type\":\"BreadcrumbList\",\"@id\":\"https:\/\/modern-fluids.com\/termek\/5080\/#breadcrumb\",\"itemListElement\":[{\"@type\":\"ListItem\",\"position\":1,\"name\":\"Home\",\"item\":\"https:\/\/modern-fluids.com\/\"},{\"@type\":\"ListItem\",\"position\":2,\"name\":\"Shop\",\"item\":\"https:\/\/modern-fluids.com\/uzlet\/\"},{\"@type\":\"ListItem\",\"position\":3,\"name\":\"5080 (N\u00f6v\u00e9nyi alap\u00fa mikroemulzi\u00f3k\u00e9pz\u0151)\"}]},{\"@type\":\"WebSite\",\"@id\":\"https:\/\/modern-fluids.com\/#website\",\"url\":\"https:\/\/modern-fluids.com\/\",\"name\":\"Modern Fluids\",\"description\":\"\",\"potentialAction\":[{\"@type\":\"SearchAction\",\"target\":{\"@type\":\"EntryPoint\",\"urlTemplate\":\"https:\/\/modern-fluids.com\/?s={search_term_string}\"},\"query-input\":{\"@type\":\"PropertyValueSpecification\",\"valueRequired\":true,\"valueName\":\"search_term_string\"}}],\"inLanguage\":\"en-GB\"}]}<\/script>\n<!-- \/ Yoast SEO Premium plugin. -->","yoast_head_json":{"title":"5080 (N\u00f6v\u00e9nyi alap\u00fa mikroemulzi\u00f3k\u00e9pz\u0151) - Modern Fluids","robots":{"index":"index","follow":"follow","max-snippet":"max-snippet:-1","max-image-preview":"max-image-preview:large","max-video-preview":"max-video-preview:-1"},"canonical":"https:\/\/modern-fluids.com\/en\/product\/5080\/","og_locale":"en_GB","og_type":"article","og_title":"5080 (N\u00f6v\u00e9nyi alap\u00fa mikroemulzi\u00f3k\u00e9pz\u0151)","og_description":"Hangsterfer\u2019s 5080 \u2013 Fejlett n\u00f6v\u00e9nyi alap\u00fa mikroemulzi\u00f3 A Hangsterfer\u2019s 5080 egy korszer\u0171, n\u00f6v\u00e9nyi alap\u00fa mikroemulzi\u00f3, amelyet vezet\u0151 rep\u00fcl\u0151g\u00e9pipari \u00e9s orvostechnikai v\u00e1llalatok is j\u00f3v\u00e1hagytak.  Boron-, kl\u00f3r-, formaldehid- \u00e9s m\u00e1s k\u00e1ros anyagokt\u00f3l mentes, \u00edgy k\u00f6rnyezetbar\u00e1t \u00e9s fenntarthat\u00f3, nem tartalmaz olyan adal\u00e9kanyagokat, amelyek id\u0151vel elavulhatn\u00e1nak. A 5080 Bio-Hard technol\u00f3gi\u00e1val k\u00e9sz\u00fcl, \u00edgy nem t\u00e1mogatja a bakt\u00e9riumok \u00e9s gomb\u00e1k elszaporod\u00e1s\u00e1t, ez\u00e9rt nincs sz\u00fcks\u00e9g biocidokra, ugyanakkor biol\u00f3giailag leboml\u00f3.  A 5080 alacsony sz\u00e9nhidrog\u00e9ntartalm\u00e1nak k\u00f6sz\u00f6nhet\u0151en cs\u00f6kkenti a sz\u00e1ll\u00edt\u00f3d\u00e1st (drag-out) \u00e9s jelent\u0151sen m\u00e9rs\u00e9kli a h\u0171t\u0151folyad\u00e9k fogyaszt\u00e1st. Az alacsony olajtartalom minimaliz\u00e1lja a cs\u00fasz\u00f3s munkafel\u00fcletek kock\u00e1zat\u00e1t, cs\u00f6kkenti a leveg\u0151ben l\u00e9v\u0151 olajk\u00f6d\u00f6t \u00e9s n\u00f6veli a f\u00e9mforg\u00e1csok \u00fajrahasznos\u00edt\u00e1si \u00e9rt\u00e9k\u00e9t.  A term\u00e9szetes \u00e1tl\u00e1tsz\u00f3s\u00e1g kiv\u00e1l\u00f3 munkadarab-l\u00e1that\u00f3s\u00e1got biztos\u00edt, habz\u00e1smentes m\u0171k\u00f6d\u00e9st eredm\u00e9nyez, \u00e9s tiszt\u00e1n tartja a g\u00e9pablakokat. Kiv\u00e1l\u00f3an alkalmazhat\u00f3 nagynyom\u00e1s\u00fa h\u0171t\u0151rendszerekben, \u00e9s ak\u00e1r 5 mikron alatti sz\u0171r\u00e9st is lehet\u0151v\u00e9 tesz adal\u00e9kveszt\u00e9s n\u00e9lk\u00fcl.  Kimagasl\u00f3 teljes\u00edtm\u00e9ny az alum\u00ednium, nikkel \u00e9s tit\u00e1n\u00f6tv\u00f6zetek megmunk\u00e1l\u00e1s\u00e1ban A 5080 jelent\u0151sen n\u00f6veli a szersz\u00e1m \u00e9lettartam\u00e1t \u00e9s jav\u00edtja a fel\u00fcleti min\u0151s\u00e9get, k\u00fcl\u00f6n\u00f6sen alum\u00ednium, nikkel \u00e9s tit\u00e1n\u00f6tv\u00f6zetek eset\u00e9ben. Fel\u00fcletakt\u00edv \u00f6sszetev\u0151inek, hat\u00e9kony h\u0151elvezet\u00e9s\u00e9nek \u00e9s forg\u00e1cski\u00fcr\u00edt\u00e9s\u00e9nek k\u00f6sz\u00f6nhet\u0151en a f\u00e9m m\u0171anyag alakv\u00e1ltoz\u00e1ssal \u00e1ramlik, nem tapad a szersz\u00e1mhoz. Ez lehet\u0151v\u00e9 teszi nagyobb v\u00e1g\u00e1si sebess\u00e9get, el\u0151tol\u00e1st \u00e9s m\u00e9lys\u00e9get, ami n\u00f6veli a termel\u00e9kenys\u00e9get.  Biztons\u00e1gos \u00e9s felhaszn\u00e1l\u00f3bar\u00e1t A 5080 nem vesz\u00e9lyes, nem m\u00e9rgez\u0151, \u00e9s nem tartalmaz k\u00e1ros vegyi anyagokat. Alacsony szag\u00fa, b\u0151rbar\u00e1t, nem k\u00e1ros\u00edtja a festett fel\u00fcleteket, \u00e9s kompatibilis a g\u00e9p elasztomereivel.","og_url":"https:\/\/modern-fluids.com\/en\/product\/5080\/","og_site_name":"Modern Fluids","article_modified_time":"2025-06-16T12:15:37+00:00","og_image":[{"width":1000,"height":1000,"url":"https:\/\/modern-fluids.com\/wp-content\/uploads\/2025\/04\/HANGSTERFERS-HORDO.jpg","type":"image\/jpeg"}],"twitter_card":"summary_large_image","twitter_misc":{"Estimated reading time":"1 minute"},"schema":{"@context":"https:\/\/schema.org","@graph":[{"@type":"WebPage","@id":"https:\/\/modern-fluids.com\/termek\/5080\/","url":"https:\/\/modern-fluids.com\/termek\/5080\/","name":"5080 (N\u00f6v\u00e9nyi alap\u00fa mikroemulzi\u00f3k\u00e9pz\u0151) - Modern Fluids","isPartOf":{"@id":"https:\/\/modern-fluids.com\/#website"},"primaryImageOfPage":{"@id":"https:\/\/modern-fluids.com\/termek\/5080\/#primaryimage"},"image":{"@id":"https:\/\/modern-fluids.com\/termek\/5080\/#primaryimage"},"thumbnailUrl":"https:\/\/modern-fluids.com\/wp-content\/uploads\/2025\/04\/HANGSTERFERS-HORDO.jpg","datePublished":"2025-04-11T13:27:35+00:00","dateModified":"2025-06-16T12:15:37+00:00","breadcrumb":{"@id":"https:\/\/modern-fluids.com\/termek\/5080\/#breadcrumb"},"inLanguage":"en-GB","potentialAction":[{"@type":"ReadAction","target":["https:\/\/modern-fluids.com\/termek\/5080\/"]}]},{"@type":"ImageObject","inLanguage":"en-GB","@id":"https:\/\/modern-fluids.com\/termek\/5080\/#primaryimage","url":"https:\/\/modern-fluids.com\/wp-content\/uploads\/2025\/04\/HANGSTERFERS-HORDO.jpg","contentUrl":"https:\/\/modern-fluids.com\/wp-content\/uploads\/2025\/04\/HANGSTERFERS-HORDO.jpg","width":1000,"height":1000},{"@type":"BreadcrumbList","@id":"https:\/\/modern-fluids.com\/termek\/5080\/#breadcrumb","itemListElement":[{"@type":"ListItem","position":1,"name":"Home","item":"https:\/\/modern-fluids.com\/"},{"@type":"ListItem","position":2,"name":"Shop","item":"https:\/\/modern-fluids.com\/uzlet\/"},{"@type":"ListItem","position":3,"name":"5080 (N\u00f6v\u00e9nyi alap\u00fa mikroemulzi\u00f3k\u00e9pz\u0151)"}]},{"@type":"WebSite","@id":"https:\/\/modern-fluids.com\/#website","url":"https:\/\/modern-fluids.com\/","name":"Modern Fluids","description":"","potentialAction":[{"@type":"SearchAction","target":{"@type":"EntryPoint","urlTemplate":"https:\/\/modern-fluids.com\/?s={search_term_string}"},"query-input":{"@type":"PropertyValueSpecification","valueRequired":true,"valueName":"search_term_string"}}],"inLanguage":"en-GB"}]}},"_links":{"self":[{"href":"https:\/\/modern-fluids.com\/en\/wp-json\/wp\/v2\/product\/686","targetHints":{"allow":["GET"]}}],"collection":[{"href":"https:\/\/modern-fluids.com\/en\/wp-json\/wp\/v2\/product"}],"about":[{"href":"https:\/\/modern-fluids.com\/en\/wp-json\/wp\/v2\/types\/product"}],"replies":[{"embeddable":true,"href":"https:\/\/modern-fluids.com\/en\/wp-json\/wp\/v2\/comments?post=686"}],"wp:featuredmedia":[{"embeddable":true,"href":"https:\/\/modern-fluids.com\/en\/wp-json\/wp\/v2\/media\/861"}],"wp:attachment":[{"href":"https:\/\/modern-fluids.com\/en\/wp-json\/wp\/v2\/media?parent=686"}],"wp:term":[{"taxonomy":"product_brand","embeddable":true,"href":"https:\/\/modern-fluids.com\/en\/wp-json\/wp\/v2\/product_brand?post=686"},{"taxonomy":"product_cat","embeddable":true,"href":"https:\/\/modern-fluids.com\/en\/wp-json\/wp\/v2\/product_cat?post=686"},{"taxonomy":"product_tag","embeddable":true,"href":"https:\/\/modern-fluids.com\/en\/wp-json\/wp\/v2\/product_tag?post=686"}],"curies":[{"name":"wp","href":"https:\/\/api.w.org\/{rel}","templated":true}]}}