{"id":688,"date":"2025-04-11T15:27:35","date_gmt":"2025-04-11T13:27:35","guid":{"rendered":"https:\/\/modern-fluids.com\/termek\/r-100\/"},"modified":"2025-06-16T14:15:37","modified_gmt":"2025-06-16T12:15:37","slug":"r-100","status":"publish","type":"product","link":"https:\/\/modern-fluids.com\/en\/product\/r-100\/","title":{"rendered":"R-100 (synthetic coolant concentrate)"},"content":{"rendered":"","protected":false},"excerpt":{"rendered":"<p>Hangsterfer's R-100 - Bio-stable, oil-free synthetic coolant<br \/>\nHangsterfer's R-100 is a bio-stable, oil-free synthetic coolant concentrate formulated to inhibit bacterial and fungal growth without additives.<\/p>\n<p>R-100 is free from boron, chlorine, formaldehyde, secondary amines and other particularly hazardous substances, making it a safe and sustainable choice.<\/p>\n<p>The R-100 provides maximum efficiency for machining ferrous and non-ferrous metals and is ideal for all types of grinding processes, including:<\/p>\n<p>Blanchard grinding<br \/>\nCenterless grinding<br \/>\nGrinding<br \/>\nCreep feed grinding<br \/>\nTool grinding<br \/>\nR-100 is the perfect choice for general machining processes where an oil-free coolant is required. It also offers outstanding performance when machining a variety of composite materials.<\/p>\n<p>In addition, R-100 can be used for drum abrasion descrubbing and as a post-water cleaner and corrosion inhibitor.<\/p>","protected":false},"featured_media":861,"comment_status":"closed","ping_status":"closed","template":"","meta":[],"product_brand":[77],"product_cat":[78,81],"product_tag":[],"class_list":{"0":"post-688","1":"product","2":"type-product","3":"status-publish","4":"has-post-thumbnail","6":"product_brand-hangsterfers-laboratories-inc","7":"product_cat-hangsterfers","8":"product_cat-szintetikus-hutofolyadek-koncentratum","9":"pa_kiszereles-19l","10":"pa_kiszereles-209l","11":"pa_kiszereles-1045l","13":"first","14":"instock","15":"taxable","16":"shipping-taxable","17":"purchasable","18":"product-type-variable"},"yoast_head":"<!-- This site is optimized with the Yoast SEO Premium plugin v26.8 (Yoast SEO v26.8) - https:\/\/yoast.com\/product\/yoast-seo-premium-wordpress\/ -->\n<title>R-100 (szintetikus h\u0171t\u0151folyad\u00e9k koncentr\u00e1tum) - Modern Fluids<\/title>\n<meta name=\"robots\" content=\"index, follow, max-snippet:-1, max-image-preview:large, max-video-preview:-1\" \/>\n<link rel=\"canonical\" href=\"https:\/\/modern-fluids.com\/en\/product\/r-100\/\" \/>\n<meta property=\"og:locale\" content=\"en_GB\" \/>\n<meta property=\"og:type\" content=\"article\" \/>\n<meta property=\"og:title\" content=\"R-100 (szintetikus h\u0171t\u0151folyad\u00e9k koncentr\u00e1tum)\" \/>\n<meta property=\"og:description\" content=\"Hangsterfer\u2019s R-100 \u2013 Bio-stabil, olajmentes szintetikus h\u0171t\u0151folyad\u00e9k A Hangsterfer\u2019s R-100 egy bio-stabil, olajmentes szintetikus h\u0171t\u0151folyad\u00e9k koncentr\u00e1tum, amelyet \u00fagy fejlesztettek ki, hogy adal\u00e9kanyagok n\u00e9lk\u00fcl is g\u00e1tolja a bakt\u00e9riumok \u00e9s gomb\u00e1k elszaporod\u00e1s\u00e1t.  Az R-100 mentes a b\u00f3rt\u00f3l, kl\u00f3rt\u00f3l, formaldehidt\u0151l, m\u00e1sodlagos aminokt\u00f3l, valamint egy\u00e9b, k\u00fcl\u00f6n\u00f6sen vesz\u00e9lyes anyagokt\u00f3l, \u00edgy biztons\u00e1gos \u00e9s fenntarthat\u00f3 v\u00e1laszt\u00e1s.  Az R-100 maxim\u00e1lis hat\u00e9konys\u00e1got biztos\u00edt a vas- \u00e9s sz\u00ednesf\u00e9mek megmunk\u00e1l\u00e1s\u00e1hoz, \u00e9s kiv\u00e1l\u00f3an alkalmazhat\u00f3 minden t\u00edpus\u00fa k\u00f6sz\u00f6r\u00fcl\u00e9si elj\u00e1r\u00e1sban, bele\u00e9rtve:  Blanchard-k\u00f6sz\u00f6r\u00fcl\u00e9s K\u00f6z\u00e9pt\u00e1masz n\u00e9lk\u00fcli (centerless) k\u00f6sz\u00f6r\u00fcl\u00e9s Hengerk\u00f6sz\u00f6r\u00fcl\u00e9s M\u00e9lyhorny\u00fa k\u00f6sz\u00f6r\u00fcl\u00e9s (creep feed grinding) Szersz\u00e1mk\u00f6sz\u00f6r\u00fcl\u00e9s Az R-100 t\u00f6k\u00e9letes v\u00e1laszt\u00e1s \u00e1ltal\u00e1nos megmunk\u00e1l\u00e1si folyamatokhoz, amikor olajmentes h\u0171t\u0151folyad\u00e9kra van sz\u00fcks\u00e9g. Kiemelked\u0151 teljes\u00edtm\u00e9nyt ny\u00fajt k\u00fcl\u00f6nf\u00e9le kompozit anyagok megmunk\u00e1l\u00e1s\u00e1n\u00e1l is.  Tov\u00e1bb\u00e1 az R-100 haszn\u00e1lhat\u00f3 dobkoptat\u00e1sos sorj\u00e1tlan\u00edt\u00e1shoz, valamint ut\u00f3lagos vizes tiszt\u00edt\u00f3szerk\u00e9nt \u00e9s korr\u00f3zi\u00f3g\u00e1tl\u00f3k\u00e9nt is.\" \/>\n<meta property=\"og:url\" content=\"https:\/\/modern-fluids.com\/en\/product\/r-100\/\" \/>\n<meta property=\"og:site_name\" content=\"Modern Fluids\" \/>\n<meta property=\"article:modified_time\" content=\"2025-06-16T12:15:37+00:00\" \/>\n<meta property=\"og:image\" content=\"https:\/\/modern-fluids.com\/wp-content\/uploads\/2025\/04\/HANGSTERFERS-HORDO.jpg\" \/>\n\t<meta property=\"og:image:width\" content=\"1000\" \/>\n\t<meta property=\"og:image:height\" content=\"1000\" \/>\n\t<meta property=\"og:image:type\" content=\"image\/jpeg\" \/>\n<meta name=\"twitter:card\" content=\"summary_large_image\" \/>\n<meta name=\"twitter:label1\" content=\"Estimated reading time\" \/>\n\t<meta name=\"twitter:data1\" content=\"1 minute\" \/>\n<script type=\"application\/ld+json\" class=\"yoast-schema-graph\">{\"@context\":\"https:\/\/schema.org\",\"@graph\":[{\"@type\":\"WebPage\",\"@id\":\"https:\/\/modern-fluids.com\/termek\/r-100\/\",\"url\":\"https:\/\/modern-fluids.com\/termek\/r-100\/\",\"name\":\"R-100 (szintetikus h\u0171t\u0151folyad\u00e9k koncentr\u00e1tum) - Modern Fluids\",\"isPartOf\":{\"@id\":\"https:\/\/modern-fluids.com\/#website\"},\"primaryImageOfPage\":{\"@id\":\"https:\/\/modern-fluids.com\/termek\/r-100\/#primaryimage\"},\"image\":{\"@id\":\"https:\/\/modern-fluids.com\/termek\/r-100\/#primaryimage\"},\"thumbnailUrl\":\"https:\/\/modern-fluids.com\/wp-content\/uploads\/2025\/04\/HANGSTERFERS-HORDO.jpg\",\"datePublished\":\"2025-04-11T13:27:35+00:00\",\"dateModified\":\"2025-06-16T12:15:37+00:00\",\"breadcrumb\":{\"@id\":\"https:\/\/modern-fluids.com\/termek\/r-100\/#breadcrumb\"},\"inLanguage\":\"en-GB\",\"potentialAction\":[{\"@type\":\"ReadAction\",\"target\":[\"https:\/\/modern-fluids.com\/termek\/r-100\/\"]}]},{\"@type\":\"ImageObject\",\"inLanguage\":\"en-GB\",\"@id\":\"https:\/\/modern-fluids.com\/termek\/r-100\/#primaryimage\",\"url\":\"https:\/\/modern-fluids.com\/wp-content\/uploads\/2025\/04\/HANGSTERFERS-HORDO.jpg\",\"contentUrl\":\"https:\/\/modern-fluids.com\/wp-content\/uploads\/2025\/04\/HANGSTERFERS-HORDO.jpg\",\"width\":1000,\"height\":1000},{\"@type\":\"BreadcrumbList\",\"@id\":\"https:\/\/modern-fluids.com\/termek\/r-100\/#breadcrumb\",\"itemListElement\":[{\"@type\":\"ListItem\",\"position\":1,\"name\":\"Home\",\"item\":\"https:\/\/modern-fluids.com\/\"},{\"@type\":\"ListItem\",\"position\":2,\"name\":\"Shop\",\"item\":\"https:\/\/modern-fluids.com\/uzlet\/\"},{\"@type\":\"ListItem\",\"position\":3,\"name\":\"R-100 (szintetikus h\u0171t\u0151folyad\u00e9k koncentr\u00e1tum)\"}]},{\"@type\":\"WebSite\",\"@id\":\"https:\/\/modern-fluids.com\/#website\",\"url\":\"https:\/\/modern-fluids.com\/\",\"name\":\"Modern Fluids\",\"description\":\"\",\"potentialAction\":[{\"@type\":\"SearchAction\",\"target\":{\"@type\":\"EntryPoint\",\"urlTemplate\":\"https:\/\/modern-fluids.com\/?s={search_term_string}\"},\"query-input\":{\"@type\":\"PropertyValueSpecification\",\"valueRequired\":true,\"valueName\":\"search_term_string\"}}],\"inLanguage\":\"en-GB\"}]}<\/script>\n<!-- \/ Yoast SEO Premium plugin. -->","yoast_head_json":{"title":"R-100 (szintetikus h\u0171t\u0151folyad\u00e9k koncentr\u00e1tum) - Modern Fluids","robots":{"index":"index","follow":"follow","max-snippet":"max-snippet:-1","max-image-preview":"max-image-preview:large","max-video-preview":"max-video-preview:-1"},"canonical":"https:\/\/modern-fluids.com\/en\/product\/r-100\/","og_locale":"en_GB","og_type":"article","og_title":"R-100 (szintetikus h\u0171t\u0151folyad\u00e9k koncentr\u00e1tum)","og_description":"Hangsterfer\u2019s R-100 \u2013 Bio-stabil, olajmentes szintetikus h\u0171t\u0151folyad\u00e9k A Hangsterfer\u2019s R-100 egy bio-stabil, olajmentes szintetikus h\u0171t\u0151folyad\u00e9k koncentr\u00e1tum, amelyet \u00fagy fejlesztettek ki, hogy adal\u00e9kanyagok n\u00e9lk\u00fcl is g\u00e1tolja a bakt\u00e9riumok \u00e9s gomb\u00e1k elszaporod\u00e1s\u00e1t.  Az R-100 mentes a b\u00f3rt\u00f3l, kl\u00f3rt\u00f3l, formaldehidt\u0151l, m\u00e1sodlagos aminokt\u00f3l, valamint egy\u00e9b, k\u00fcl\u00f6n\u00f6sen vesz\u00e9lyes anyagokt\u00f3l, \u00edgy biztons\u00e1gos \u00e9s fenntarthat\u00f3 v\u00e1laszt\u00e1s.  Az R-100 maxim\u00e1lis hat\u00e9konys\u00e1got biztos\u00edt a vas- \u00e9s sz\u00ednesf\u00e9mek megmunk\u00e1l\u00e1s\u00e1hoz, \u00e9s kiv\u00e1l\u00f3an alkalmazhat\u00f3 minden t\u00edpus\u00fa k\u00f6sz\u00f6r\u00fcl\u00e9si elj\u00e1r\u00e1sban, bele\u00e9rtve:  Blanchard-k\u00f6sz\u00f6r\u00fcl\u00e9s K\u00f6z\u00e9pt\u00e1masz n\u00e9lk\u00fcli (centerless) k\u00f6sz\u00f6r\u00fcl\u00e9s Hengerk\u00f6sz\u00f6r\u00fcl\u00e9s M\u00e9lyhorny\u00fa k\u00f6sz\u00f6r\u00fcl\u00e9s (creep feed grinding) Szersz\u00e1mk\u00f6sz\u00f6r\u00fcl\u00e9s Az R-100 t\u00f6k\u00e9letes v\u00e1laszt\u00e1s \u00e1ltal\u00e1nos megmunk\u00e1l\u00e1si folyamatokhoz, amikor olajmentes h\u0171t\u0151folyad\u00e9kra van sz\u00fcks\u00e9g. Kiemelked\u0151 teljes\u00edtm\u00e9nyt ny\u00fajt k\u00fcl\u00f6nf\u00e9le kompozit anyagok megmunk\u00e1l\u00e1s\u00e1n\u00e1l is.  Tov\u00e1bb\u00e1 az R-100 haszn\u00e1lhat\u00f3 dobkoptat\u00e1sos sorj\u00e1tlan\u00edt\u00e1shoz, valamint ut\u00f3lagos vizes tiszt\u00edt\u00f3szerk\u00e9nt \u00e9s korr\u00f3zi\u00f3g\u00e1tl\u00f3k\u00e9nt is.","og_url":"https:\/\/modern-fluids.com\/en\/product\/r-100\/","og_site_name":"Modern Fluids","article_modified_time":"2025-06-16T12:15:37+00:00","og_image":[{"width":1000,"height":1000,"url":"https:\/\/modern-fluids.com\/wp-content\/uploads\/2025\/04\/HANGSTERFERS-HORDO.jpg","type":"image\/jpeg"}],"twitter_card":"summary_large_image","twitter_misc":{"Estimated reading time":"1 minute"},"schema":{"@context":"https:\/\/schema.org","@graph":[{"@type":"WebPage","@id":"https:\/\/modern-fluids.com\/termek\/r-100\/","url":"https:\/\/modern-fluids.com\/termek\/r-100\/","name":"R-100 (szintetikus h\u0171t\u0151folyad\u00e9k koncentr\u00e1tum) - Modern Fluids","isPartOf":{"@id":"https:\/\/modern-fluids.com\/#website"},"primaryImageOfPage":{"@id":"https:\/\/modern-fluids.com\/termek\/r-100\/#primaryimage"},"image":{"@id":"https:\/\/modern-fluids.com\/termek\/r-100\/#primaryimage"},"thumbnailUrl":"https:\/\/modern-fluids.com\/wp-content\/uploads\/2025\/04\/HANGSTERFERS-HORDO.jpg","datePublished":"2025-04-11T13:27:35+00:00","dateModified":"2025-06-16T12:15:37+00:00","breadcrumb":{"@id":"https:\/\/modern-fluids.com\/termek\/r-100\/#breadcrumb"},"inLanguage":"en-GB","potentialAction":[{"@type":"ReadAction","target":["https:\/\/modern-fluids.com\/termek\/r-100\/"]}]},{"@type":"ImageObject","inLanguage":"en-GB","@id":"https:\/\/modern-fluids.com\/termek\/r-100\/#primaryimage","url":"https:\/\/modern-fluids.com\/wp-content\/uploads\/2025\/04\/HANGSTERFERS-HORDO.jpg","contentUrl":"https:\/\/modern-fluids.com\/wp-content\/uploads\/2025\/04\/HANGSTERFERS-HORDO.jpg","width":1000,"height":1000},{"@type":"BreadcrumbList","@id":"https:\/\/modern-fluids.com\/termek\/r-100\/#breadcrumb","itemListElement":[{"@type":"ListItem","position":1,"name":"Home","item":"https:\/\/modern-fluids.com\/"},{"@type":"ListItem","position":2,"name":"Shop","item":"https:\/\/modern-fluids.com\/uzlet\/"},{"@type":"ListItem","position":3,"name":"R-100 (szintetikus h\u0171t\u0151folyad\u00e9k koncentr\u00e1tum)"}]},{"@type":"WebSite","@id":"https:\/\/modern-fluids.com\/#website","url":"https:\/\/modern-fluids.com\/","name":"Modern Fluids","description":"","potentialAction":[{"@type":"SearchAction","target":{"@type":"EntryPoint","urlTemplate":"https:\/\/modern-fluids.com\/?s={search_term_string}"},"query-input":{"@type":"PropertyValueSpecification","valueRequired":true,"valueName":"search_term_string"}}],"inLanguage":"en-GB"}]}},"_links":{"self":[{"href":"https:\/\/modern-fluids.com\/en\/wp-json\/wp\/v2\/product\/688","targetHints":{"allow":["GET"]}}],"collection":[{"href":"https:\/\/modern-fluids.com\/en\/wp-json\/wp\/v2\/product"}],"about":[{"href":"https:\/\/modern-fluids.com\/en\/wp-json\/wp\/v2\/types\/product"}],"replies":[{"embeddable":true,"href":"https:\/\/modern-fluids.com\/en\/wp-json\/wp\/v2\/comments?post=688"}],"wp:featuredmedia":[{"embeddable":true,"href":"https:\/\/modern-fluids.com\/en\/wp-json\/wp\/v2\/media\/861"}],"wp:attachment":[{"href":"https:\/\/modern-fluids.com\/en\/wp-json\/wp\/v2\/media?parent=688"}],"wp:term":[{"taxonomy":"product_brand","embeddable":true,"href":"https:\/\/modern-fluids.com\/en\/wp-json\/wp\/v2\/product_brand?post=688"},{"taxonomy":"product_cat","embeddable":true,"href":"https:\/\/modern-fluids.com\/en\/wp-json\/wp\/v2\/product_cat?post=688"},{"taxonomy":"product_tag","embeddable":true,"href":"https:\/\/modern-fluids.com\/en\/wp-json\/wp\/v2\/product_tag?post=688"}],"curies":[{"name":"wp","href":"https:\/\/api.w.org\/{rel}","templated":true}]}}