{"id":690,"date":"2025-04-11T15:27:35","date_gmt":"2025-04-11T13:27:35","guid":{"rendered":"https:\/\/modern-fluids.com\/termek\/cc22\/"},"modified":"2025-06-16T14:15:36","modified_gmt":"2025-06-16T12:15:36","slug":"cc22","status":"publish","type":"product","link":"https:\/\/modern-fluids.com\/en\/product\/cc22\/","title":{"rendered":"CC22 (cutting oil)"},"content":{"rendered":"","protected":false},"excerpt":{"rendered":"<p>Hangsterfer's CC Series - Efficiency, machine protection and environmentally friendly solution<br \/>\nHangsterfer's CC Series increases productivity, extends equipment life and meets environmental standards.<\/p>\n<p>Purity without compromise<br \/>\nBy using the CC Series, less oil mist is generated, reducing operator exposure while keeping the machine cleaner due to less deposits.<\/p>\n<p>These cost-effective, chlorine-free cutting oils are designed for a wide range of metalworking operations, providing excellent lubrication for both machine tools and workpiece.<\/p>\n<p>High-purity raw materials allow efficient filtration, which extends oil life and reduces maintenance costs.<\/p>","protected":false},"featured_media":861,"comment_status":"closed","ping_status":"closed","template":"","meta":[],"product_brand":[77],"product_cat":[78,82],"product_tag":[],"class_list":{"0":"post-690","1":"product","2":"type-product","3":"status-publish","4":"has-post-thumbnail","6":"product_brand-hangsterfers-laboratories-inc","7":"product_cat-hangsterfers","8":"product_cat-vagoolaj","9":"pa_kiszereles-19l","10":"pa_kiszereles-209l","11":"pa_kiszereles-1045l","13":"first","14":"instock","15":"taxable","16":"shipping-taxable","17":"purchasable","18":"product-type-variable"},"yoast_head":"<!-- This site is optimized with the Yoast SEO Premium plugin v26.8 (Yoast SEO v26.8) - https:\/\/yoast.com\/product\/yoast-seo-premium-wordpress\/ -->\n<title>CC22 (v\u00e1g\u00f3olaj) - Modern Fluids<\/title>\n<meta name=\"robots\" content=\"index, follow, max-snippet:-1, max-image-preview:large, max-video-preview:-1\" \/>\n<link rel=\"canonical\" href=\"https:\/\/modern-fluids.com\/en\/product\/cc22\/\" \/>\n<meta property=\"og:locale\" content=\"en_GB\" \/>\n<meta property=\"og:type\" content=\"article\" \/>\n<meta property=\"og:title\" content=\"CC22 (v\u00e1g\u00f3olaj)\" \/>\n<meta property=\"og:description\" content=\"Hangsterfer\u2019s CC sorozat \u2013 Hat\u00e9konys\u00e1g, g\u00e9pv\u00e9delem \u00e9s k\u00f6rnyezetbar\u00e1t megold\u00e1s A Hangsterfer\u2019s CC sorozat n\u00f6veli a termel\u00e9kenys\u00e9get, meghosszabb\u00edtja a berendez\u00e9sek \u00e9lettartam\u00e1t, \u00e9s megfelel a k\u00f6rnyezetv\u00e9delmi el\u0151\u00edr\u00e1soknak.  Tisztas\u00e1g kompromisszumok n\u00e9lk\u00fcl A CC sorozat haszn\u00e1lat\u00e1val kevesebb olajk\u00f6d keletkezik, cs\u00f6kkentve a kezel\u0151 expoz\u00edci\u00f3j\u00e1t, mik\u00f6zben a g\u00e9p tiszt\u00e1bb marad, mivel kevesebb lerak\u00f3d\u00e1s k\u00e9pz\u0151dik.  Ezek az k\u00f6lts\u00e9ghat\u00e9kony, kl\u00f3rmentes v\u00e1g\u00f3olajok sz\u00e9lesk\u00f6r\u0171 f\u00e9mmegmunk\u00e1l\u00e1si m\u0171veletekhez lettek kifejlesztve, kiv\u00e1l\u00f3 ken\u00e9st biztos\u00edtva mind a szersz\u00e1mg\u00e9pek, mind a munkadarab sz\u00e1m\u00e1ra.  A magas tisztas\u00e1g\u00fa alapanyagok lehet\u0151v\u00e9 teszik a hat\u00e9kony sz\u0171r\u00e9st, amely meghosszabb\u00edtja az olaj \u00e9lettartam\u00e1t \u00e9s cs\u00f6kkenti a karbantart\u00e1si k\u00f6lts\u00e9geket.\" \/>\n<meta property=\"og:url\" content=\"https:\/\/modern-fluids.com\/en\/product\/cc22\/\" \/>\n<meta property=\"og:site_name\" content=\"Modern Fluids\" \/>\n<meta property=\"article:modified_time\" content=\"2025-06-16T12:15:36+00:00\" \/>\n<meta property=\"og:image\" content=\"https:\/\/modern-fluids.com\/wp-content\/uploads\/2025\/04\/HANGSTERFERS-HORDO.jpg\" \/>\n\t<meta property=\"og:image:width\" content=\"1000\" \/>\n\t<meta property=\"og:image:height\" content=\"1000\" \/>\n\t<meta property=\"og:image:type\" content=\"image\/jpeg\" \/>\n<meta name=\"twitter:card\" content=\"summary_large_image\" \/>\n<meta name=\"twitter:label1\" content=\"Estimated reading time\" \/>\n\t<meta name=\"twitter:data1\" content=\"1 minute\" \/>\n<script type=\"application\/ld+json\" class=\"yoast-schema-graph\">{\"@context\":\"https:\/\/schema.org\",\"@graph\":[{\"@type\":\"WebPage\",\"@id\":\"https:\/\/modern-fluids.com\/termek\/cc22\/\",\"url\":\"https:\/\/modern-fluids.com\/termek\/cc22\/\",\"name\":\"CC22 (v\u00e1g\u00f3olaj) - Modern Fluids\",\"isPartOf\":{\"@id\":\"https:\/\/modern-fluids.com\/#website\"},\"primaryImageOfPage\":{\"@id\":\"https:\/\/modern-fluids.com\/termek\/cc22\/#primaryimage\"},\"image\":{\"@id\":\"https:\/\/modern-fluids.com\/termek\/cc22\/#primaryimage\"},\"thumbnailUrl\":\"https:\/\/modern-fluids.com\/wp-content\/uploads\/2025\/04\/HANGSTERFERS-HORDO.jpg\",\"datePublished\":\"2025-04-11T13:27:35+00:00\",\"dateModified\":\"2025-06-16T12:15:36+00:00\",\"breadcrumb\":{\"@id\":\"https:\/\/modern-fluids.com\/termek\/cc22\/#breadcrumb\"},\"inLanguage\":\"en-GB\",\"potentialAction\":[{\"@type\":\"ReadAction\",\"target\":[\"https:\/\/modern-fluids.com\/termek\/cc22\/\"]}]},{\"@type\":\"ImageObject\",\"inLanguage\":\"en-GB\",\"@id\":\"https:\/\/modern-fluids.com\/termek\/cc22\/#primaryimage\",\"url\":\"https:\/\/modern-fluids.com\/wp-content\/uploads\/2025\/04\/HANGSTERFERS-HORDO.jpg\",\"contentUrl\":\"https:\/\/modern-fluids.com\/wp-content\/uploads\/2025\/04\/HANGSTERFERS-HORDO.jpg\",\"width\":1000,\"height\":1000},{\"@type\":\"BreadcrumbList\",\"@id\":\"https:\/\/modern-fluids.com\/termek\/cc22\/#breadcrumb\",\"itemListElement\":[{\"@type\":\"ListItem\",\"position\":1,\"name\":\"Home\",\"item\":\"https:\/\/modern-fluids.com\/\"},{\"@type\":\"ListItem\",\"position\":2,\"name\":\"Shop\",\"item\":\"https:\/\/modern-fluids.com\/uzlet\/\"},{\"@type\":\"ListItem\",\"position\":3,\"name\":\"CC22 (v\u00e1g\u00f3olaj)\"}]},{\"@type\":\"WebSite\",\"@id\":\"https:\/\/modern-fluids.com\/#website\",\"url\":\"https:\/\/modern-fluids.com\/\",\"name\":\"Modern Fluids\",\"description\":\"\",\"potentialAction\":[{\"@type\":\"SearchAction\",\"target\":{\"@type\":\"EntryPoint\",\"urlTemplate\":\"https:\/\/modern-fluids.com\/?s={search_term_string}\"},\"query-input\":{\"@type\":\"PropertyValueSpecification\",\"valueRequired\":true,\"valueName\":\"search_term_string\"}}],\"inLanguage\":\"en-GB\"}]}<\/script>\n<!-- \/ Yoast SEO Premium plugin. -->","yoast_head_json":{"title":"CC22 (v\u00e1g\u00f3olaj) - Modern Fluids","robots":{"index":"index","follow":"follow","max-snippet":"max-snippet:-1","max-image-preview":"max-image-preview:large","max-video-preview":"max-video-preview:-1"},"canonical":"https:\/\/modern-fluids.com\/en\/product\/cc22\/","og_locale":"en_GB","og_type":"article","og_title":"CC22 (v\u00e1g\u00f3olaj)","og_description":"Hangsterfer\u2019s CC sorozat \u2013 Hat\u00e9konys\u00e1g, g\u00e9pv\u00e9delem \u00e9s k\u00f6rnyezetbar\u00e1t megold\u00e1s A Hangsterfer\u2019s CC sorozat n\u00f6veli a termel\u00e9kenys\u00e9get, meghosszabb\u00edtja a berendez\u00e9sek \u00e9lettartam\u00e1t, \u00e9s megfelel a k\u00f6rnyezetv\u00e9delmi el\u0151\u00edr\u00e1soknak.  Tisztas\u00e1g kompromisszumok n\u00e9lk\u00fcl A CC sorozat haszn\u00e1lat\u00e1val kevesebb olajk\u00f6d keletkezik, cs\u00f6kkentve a kezel\u0151 expoz\u00edci\u00f3j\u00e1t, mik\u00f6zben a g\u00e9p tiszt\u00e1bb marad, mivel kevesebb lerak\u00f3d\u00e1s k\u00e9pz\u0151dik.  Ezek az k\u00f6lts\u00e9ghat\u00e9kony, kl\u00f3rmentes v\u00e1g\u00f3olajok sz\u00e9lesk\u00f6r\u0171 f\u00e9mmegmunk\u00e1l\u00e1si m\u0171veletekhez lettek kifejlesztve, kiv\u00e1l\u00f3 ken\u00e9st biztos\u00edtva mind a szersz\u00e1mg\u00e9pek, mind a munkadarab sz\u00e1m\u00e1ra.  A magas tisztas\u00e1g\u00fa alapanyagok lehet\u0151v\u00e9 teszik a hat\u00e9kony sz\u0171r\u00e9st, amely meghosszabb\u00edtja az olaj \u00e9lettartam\u00e1t \u00e9s cs\u00f6kkenti a karbantart\u00e1si k\u00f6lts\u00e9geket.","og_url":"https:\/\/modern-fluids.com\/en\/product\/cc22\/","og_site_name":"Modern Fluids","article_modified_time":"2025-06-16T12:15:36+00:00","og_image":[{"width":1000,"height":1000,"url":"https:\/\/modern-fluids.com\/wp-content\/uploads\/2025\/04\/HANGSTERFERS-HORDO.jpg","type":"image\/jpeg"}],"twitter_card":"summary_large_image","twitter_misc":{"Estimated reading time":"1 minute"},"schema":{"@context":"https:\/\/schema.org","@graph":[{"@type":"WebPage","@id":"https:\/\/modern-fluids.com\/termek\/cc22\/","url":"https:\/\/modern-fluids.com\/termek\/cc22\/","name":"CC22 (v\u00e1g\u00f3olaj) - Modern Fluids","isPartOf":{"@id":"https:\/\/modern-fluids.com\/#website"},"primaryImageOfPage":{"@id":"https:\/\/modern-fluids.com\/termek\/cc22\/#primaryimage"},"image":{"@id":"https:\/\/modern-fluids.com\/termek\/cc22\/#primaryimage"},"thumbnailUrl":"https:\/\/modern-fluids.com\/wp-content\/uploads\/2025\/04\/HANGSTERFERS-HORDO.jpg","datePublished":"2025-04-11T13:27:35+00:00","dateModified":"2025-06-16T12:15:36+00:00","breadcrumb":{"@id":"https:\/\/modern-fluids.com\/termek\/cc22\/#breadcrumb"},"inLanguage":"en-GB","potentialAction":[{"@type":"ReadAction","target":["https:\/\/modern-fluids.com\/termek\/cc22\/"]}]},{"@type":"ImageObject","inLanguage":"en-GB","@id":"https:\/\/modern-fluids.com\/termek\/cc22\/#primaryimage","url":"https:\/\/modern-fluids.com\/wp-content\/uploads\/2025\/04\/HANGSTERFERS-HORDO.jpg","contentUrl":"https:\/\/modern-fluids.com\/wp-content\/uploads\/2025\/04\/HANGSTERFERS-HORDO.jpg","width":1000,"height":1000},{"@type":"BreadcrumbList","@id":"https:\/\/modern-fluids.com\/termek\/cc22\/#breadcrumb","itemListElement":[{"@type":"ListItem","position":1,"name":"Home","item":"https:\/\/modern-fluids.com\/"},{"@type":"ListItem","position":2,"name":"Shop","item":"https:\/\/modern-fluids.com\/uzlet\/"},{"@type":"ListItem","position":3,"name":"CC22 (v\u00e1g\u00f3olaj)"}]},{"@type":"WebSite","@id":"https:\/\/modern-fluids.com\/#website","url":"https:\/\/modern-fluids.com\/","name":"Modern Fluids","description":"","potentialAction":[{"@type":"SearchAction","target":{"@type":"EntryPoint","urlTemplate":"https:\/\/modern-fluids.com\/?s={search_term_string}"},"query-input":{"@type":"PropertyValueSpecification","valueRequired":true,"valueName":"search_term_string"}}],"inLanguage":"en-GB"}]}},"_links":{"self":[{"href":"https:\/\/modern-fluids.com\/en\/wp-json\/wp\/v2\/product\/690","targetHints":{"allow":["GET"]}}],"collection":[{"href":"https:\/\/modern-fluids.com\/en\/wp-json\/wp\/v2\/product"}],"about":[{"href":"https:\/\/modern-fluids.com\/en\/wp-json\/wp\/v2\/types\/product"}],"replies":[{"embeddable":true,"href":"https:\/\/modern-fluids.com\/en\/wp-json\/wp\/v2\/comments?post=690"}],"wp:featuredmedia":[{"embeddable":true,"href":"https:\/\/modern-fluids.com\/en\/wp-json\/wp\/v2\/media\/861"}],"wp:attachment":[{"href":"https:\/\/modern-fluids.com\/en\/wp-json\/wp\/v2\/media?parent=690"}],"wp:term":[{"taxonomy":"product_brand","embeddable":true,"href":"https:\/\/modern-fluids.com\/en\/wp-json\/wp\/v2\/product_brand?post=690"},{"taxonomy":"product_cat","embeddable":true,"href":"https:\/\/modern-fluids.com\/en\/wp-json\/wp\/v2\/product_cat?post=690"},{"taxonomy":"product_tag","embeddable":true,"href":"https:\/\/modern-fluids.com\/en\/wp-json\/wp\/v2\/product_tag?post=690"}],"curies":[{"name":"wp","href":"https:\/\/api.w.org\/{rel}","templated":true}]}}