{"id":691,"date":"2025-04-11T15:27:35","date_gmt":"2025-04-11T13:27:35","guid":{"rendered":"https:\/\/modern-fluids.com\/termek\/hard-cut-541\/"},"modified":"2025-06-16T14:15:37","modified_gmt":"2025-06-16T12:15:37","slug":"hard-cut-541","status":"publish","type":"product","link":"https:\/\/modern-fluids.com\/en\/product\/hard-cut-541\/","title":{"rendered":"Hard Cut 541 (cutting oil)"},"content":{"rendered":"","protected":false},"excerpt":{"rendered":"<p>Hard-Cut series - The highest quality cutting oils<br \/>\nThe Hard-Cut range is among the highest quality cutting oils and is recommended by industry leaders in Swiss-type lathes.<\/p>\n<p>This series is designed for outstanding performance in high precision machining, safe to use on all materials, especially:<\/p>\n<p>For aluminium<br \/>\nFor stainless steel<br \/>\nFor hardened steel<br \/>\nFor alloys with high nickel content<br \/>\nTitan<br \/>\nMaximum lubrication performance and machine protection<br \/>\nHard-Cut oils provide excellent lubrication for both the machine tool and the cutting process, helping to increase productivity and equipment life.<\/p>\n<p>These oils are available in different viscosities and with different extreme pressure (EP) additive levels, so they can be tailored to the needs of the application.<\/p>\n<p>User-friendly features<br \/>\nPremium materials ensure that the Hard-Cut range is a low smoke, mild smelling and non-irritating product, improving the working environment and operator comfort.<\/p>","protected":false},"featured_media":859,"comment_status":"closed","ping_status":"closed","template":"","meta":[],"product_brand":[77],"product_cat":[78,82],"product_tag":[],"class_list":{"0":"post-691","1":"product","2":"type-product","3":"status-publish","4":"has-post-thumbnail","6":"product_brand-hangsterfers-laboratories-inc","7":"product_cat-hangsterfers","8":"product_cat-vagoolaj","9":"pa_kiszereles-19l","10":"pa_kiszereles-209l","11":"pa_kiszereles-1045l","13":"first","14":"instock","15":"taxable","16":"shipping-taxable","17":"purchasable","18":"product-type-variable"},"yoast_head":"<!-- This site is optimized with the Yoast SEO Premium plugin v26.8 (Yoast SEO v26.8) - https:\/\/yoast.com\/product\/yoast-seo-premium-wordpress\/ -->\n<title>Hard Cut 541 (v\u00e1g\u00f3olaj) - Modern Fluids<\/title>\n<meta name=\"robots\" content=\"index, follow, max-snippet:-1, max-image-preview:large, max-video-preview:-1\" \/>\n<link rel=\"canonical\" href=\"https:\/\/modern-fluids.com\/en\/product\/hard-cut-541\/\" \/>\n<meta property=\"og:locale\" content=\"en_GB\" \/>\n<meta property=\"og:type\" content=\"article\" \/>\n<meta property=\"og:title\" content=\"Hard Cut 541 (v\u00e1g\u00f3olaj)\" \/>\n<meta property=\"og:description\" content=\"Hard-Cut sorozat \u2013 A legmagasabb min\u0151s\u00e9g\u0171 v\u00e1g\u00f3olajok A Hard-Cut sorozat a legmagasabb min\u0151s\u00e9g\u0171 v\u00e1g\u00f3olajok k\u00f6z\u00e9 tartozik, \u00e9s a sv\u00e1jci t\u00edpus\u00fa esztergag\u00e9pek ipar\u00e1gi vezet\u0151i is aj\u00e1nlj\u00e1k.  Ez a sorozat kimagasl\u00f3 teljes\u00edtm\u00e9nyre lett kifejlesztve nagy pontoss\u00e1g\u00fa megmunk\u00e1l\u00e1sokhoz, minden anyagon biztons\u00e1gosan alkalmazhat\u00f3, k\u00fcl\u00f6n\u00f6sen:  Alum\u00edniumhoz Rozsdamentes ac\u00e9lhoz Edzett ac\u00e9lhoz Magas nikkeltartalm\u00fa \u00f6tv\u00f6zetekhez Tit\u00e1nhoz Maxim\u00e1lis ken\u00e9si teljes\u00edtm\u00e9ny \u00e9s g\u00e9pv\u00e9delem A Hard-Cut olajok kiv\u00e1l\u00f3 ken\u00e9st biztos\u00edtanak mind a szersz\u00e1mg\u00e9p, mind a v\u00e1g\u00e1si folyamat sz\u00e1m\u00e1ra, el\u0151seg\u00edtve a nagyobb termel\u00e9kenys\u00e9get \u00e9s a berendez\u00e9sek hosszabb \u00e9lettartam\u00e1t.  Ezek az olajok k\u00fcl\u00f6nb\u00f6z\u0151 viszkozit\u00e1sokban \u00e9s k\u00fcl\u00f6nb\u00f6z\u0151 extr\u00e9m nyom\u00e1s\u00e1ll\u00f3 (EP) adal\u00e9kszintekkel \u00e9rhet\u0151k el, \u00edgy az alkalmaz\u00e1s ig\u00e9nyeihez igaz\u00edthat\u00f3k.  Felhaszn\u00e1l\u00f3bar\u00e1t tulajdons\u00e1gok A pr\u00e9mium alapanyagok biztos\u00edtj\u00e1k, hogy a Hard-Cut sorozat alacsony f\u00fcstkibocs\u00e1t\u00e1s\u00fa, enyhe szag\u00fa \u00e9s b\u0151rirrit\u00e1ci\u00f3t nem okoz\u00f3 term\u00e9k legyen, \u00edgy jav\u00edtva a munkak\u00f6rnyezetet \u00e9s a kezel\u0151 komfort\u00e9rzet\u00e9t.\" \/>\n<meta property=\"og:url\" content=\"https:\/\/modern-fluids.com\/en\/product\/hard-cut-541\/\" \/>\n<meta property=\"og:site_name\" content=\"Modern Fluids\" \/>\n<meta property=\"article:modified_time\" content=\"2025-06-16T12:15:37+00:00\" \/>\n<meta property=\"og:image\" content=\"https:\/\/modern-fluids.com\/wp-content\/uploads\/2025\/04\/HANGSTERFERS-HARD-CUT-525-FURO-VAGO-OLAJ.jpg\" \/>\n\t<meta property=\"og:image:width\" content=\"1000\" \/>\n\t<meta property=\"og:image:height\" content=\"1000\" \/>\n\t<meta property=\"og:image:type\" content=\"image\/jpeg\" \/>\n<meta name=\"twitter:card\" content=\"summary_large_image\" \/>\n<meta name=\"twitter:label1\" content=\"Estimated reading time\" \/>\n\t<meta name=\"twitter:data1\" content=\"1 minute\" \/>\n<script type=\"application\/ld+json\" class=\"yoast-schema-graph\">{\"@context\":\"https:\/\/schema.org\",\"@graph\":[{\"@type\":\"WebPage\",\"@id\":\"https:\/\/modern-fluids.com\/termek\/hard-cut-541\/\",\"url\":\"https:\/\/modern-fluids.com\/termek\/hard-cut-541\/\",\"name\":\"Hard Cut 541 (v\u00e1g\u00f3olaj) - Modern Fluids\",\"isPartOf\":{\"@id\":\"https:\/\/modern-fluids.com\/#website\"},\"primaryImageOfPage\":{\"@id\":\"https:\/\/modern-fluids.com\/termek\/hard-cut-541\/#primaryimage\"},\"image\":{\"@id\":\"https:\/\/modern-fluids.com\/termek\/hard-cut-541\/#primaryimage\"},\"thumbnailUrl\":\"https:\/\/modern-fluids.com\/wp-content\/uploads\/2025\/04\/HANGSTERFERS-HARD-CUT-525-FURO-VAGO-OLAJ.jpg\",\"datePublished\":\"2025-04-11T13:27:35+00:00\",\"dateModified\":\"2025-06-16T12:15:37+00:00\",\"breadcrumb\":{\"@id\":\"https:\/\/modern-fluids.com\/termek\/hard-cut-541\/#breadcrumb\"},\"inLanguage\":\"en-GB\",\"potentialAction\":[{\"@type\":\"ReadAction\",\"target\":[\"https:\/\/modern-fluids.com\/termek\/hard-cut-541\/\"]}]},{\"@type\":\"ImageObject\",\"inLanguage\":\"en-GB\",\"@id\":\"https:\/\/modern-fluids.com\/termek\/hard-cut-541\/#primaryimage\",\"url\":\"https:\/\/modern-fluids.com\/wp-content\/uploads\/2025\/04\/HANGSTERFERS-HARD-CUT-525-FURO-VAGO-OLAJ.jpg\",\"contentUrl\":\"https:\/\/modern-fluids.com\/wp-content\/uploads\/2025\/04\/HANGSTERFERS-HARD-CUT-525-FURO-VAGO-OLAJ.jpg\",\"width\":1000,\"height\":1000},{\"@type\":\"BreadcrumbList\",\"@id\":\"https:\/\/modern-fluids.com\/termek\/hard-cut-541\/#breadcrumb\",\"itemListElement\":[{\"@type\":\"ListItem\",\"position\":1,\"name\":\"Home\",\"item\":\"https:\/\/modern-fluids.com\/\"},{\"@type\":\"ListItem\",\"position\":2,\"name\":\"Shop\",\"item\":\"https:\/\/modern-fluids.com\/uzlet\/\"},{\"@type\":\"ListItem\",\"position\":3,\"name\":\"Hard Cut 541 (v\u00e1g\u00f3olaj)\"}]},{\"@type\":\"WebSite\",\"@id\":\"https:\/\/modern-fluids.com\/#website\",\"url\":\"https:\/\/modern-fluids.com\/\",\"name\":\"Modern Fluids\",\"description\":\"\",\"potentialAction\":[{\"@type\":\"SearchAction\",\"target\":{\"@type\":\"EntryPoint\",\"urlTemplate\":\"https:\/\/modern-fluids.com\/?s={search_term_string}\"},\"query-input\":{\"@type\":\"PropertyValueSpecification\",\"valueRequired\":true,\"valueName\":\"search_term_string\"}}],\"inLanguage\":\"en-GB\"}]}<\/script>\n<!-- \/ Yoast SEO Premium plugin. -->","yoast_head_json":{"title":"Hard Cut 541 (v\u00e1g\u00f3olaj) - Modern Fluids","robots":{"index":"index","follow":"follow","max-snippet":"max-snippet:-1","max-image-preview":"max-image-preview:large","max-video-preview":"max-video-preview:-1"},"canonical":"https:\/\/modern-fluids.com\/en\/product\/hard-cut-541\/","og_locale":"en_GB","og_type":"article","og_title":"Hard Cut 541 (v\u00e1g\u00f3olaj)","og_description":"Hard-Cut sorozat \u2013 A legmagasabb min\u0151s\u00e9g\u0171 v\u00e1g\u00f3olajok A Hard-Cut sorozat a legmagasabb min\u0151s\u00e9g\u0171 v\u00e1g\u00f3olajok k\u00f6z\u00e9 tartozik, \u00e9s a sv\u00e1jci t\u00edpus\u00fa esztergag\u00e9pek ipar\u00e1gi vezet\u0151i is aj\u00e1nlj\u00e1k.  Ez a sorozat kimagasl\u00f3 teljes\u00edtm\u00e9nyre lett kifejlesztve nagy pontoss\u00e1g\u00fa megmunk\u00e1l\u00e1sokhoz, minden anyagon biztons\u00e1gosan alkalmazhat\u00f3, k\u00fcl\u00f6n\u00f6sen:  Alum\u00edniumhoz Rozsdamentes ac\u00e9lhoz Edzett ac\u00e9lhoz Magas nikkeltartalm\u00fa \u00f6tv\u00f6zetekhez Tit\u00e1nhoz Maxim\u00e1lis ken\u00e9si teljes\u00edtm\u00e9ny \u00e9s g\u00e9pv\u00e9delem A Hard-Cut olajok kiv\u00e1l\u00f3 ken\u00e9st biztos\u00edtanak mind a szersz\u00e1mg\u00e9p, mind a v\u00e1g\u00e1si folyamat sz\u00e1m\u00e1ra, el\u0151seg\u00edtve a nagyobb termel\u00e9kenys\u00e9get \u00e9s a berendez\u00e9sek hosszabb \u00e9lettartam\u00e1t.  Ezek az olajok k\u00fcl\u00f6nb\u00f6z\u0151 viszkozit\u00e1sokban \u00e9s k\u00fcl\u00f6nb\u00f6z\u0151 extr\u00e9m nyom\u00e1s\u00e1ll\u00f3 (EP) adal\u00e9kszintekkel \u00e9rhet\u0151k el, \u00edgy az alkalmaz\u00e1s ig\u00e9nyeihez igaz\u00edthat\u00f3k.  Felhaszn\u00e1l\u00f3bar\u00e1t tulajdons\u00e1gok A pr\u00e9mium alapanyagok biztos\u00edtj\u00e1k, hogy a Hard-Cut sorozat alacsony f\u00fcstkibocs\u00e1t\u00e1s\u00fa, enyhe szag\u00fa \u00e9s b\u0151rirrit\u00e1ci\u00f3t nem okoz\u00f3 term\u00e9k legyen, \u00edgy jav\u00edtva a munkak\u00f6rnyezetet \u00e9s a kezel\u0151 komfort\u00e9rzet\u00e9t.","og_url":"https:\/\/modern-fluids.com\/en\/product\/hard-cut-541\/","og_site_name":"Modern Fluids","article_modified_time":"2025-06-16T12:15:37+00:00","og_image":[{"width":1000,"height":1000,"url":"https:\/\/modern-fluids.com\/wp-content\/uploads\/2025\/04\/HANGSTERFERS-HARD-CUT-525-FURO-VAGO-OLAJ.jpg","type":"image\/jpeg"}],"twitter_card":"summary_large_image","twitter_misc":{"Estimated reading time":"1 minute"},"schema":{"@context":"https:\/\/schema.org","@graph":[{"@type":"WebPage","@id":"https:\/\/modern-fluids.com\/termek\/hard-cut-541\/","url":"https:\/\/modern-fluids.com\/termek\/hard-cut-541\/","name":"Hard Cut 541 (v\u00e1g\u00f3olaj) - Modern Fluids","isPartOf":{"@id":"https:\/\/modern-fluids.com\/#website"},"primaryImageOfPage":{"@id":"https:\/\/modern-fluids.com\/termek\/hard-cut-541\/#primaryimage"},"image":{"@id":"https:\/\/modern-fluids.com\/termek\/hard-cut-541\/#primaryimage"},"thumbnailUrl":"https:\/\/modern-fluids.com\/wp-content\/uploads\/2025\/04\/HANGSTERFERS-HARD-CUT-525-FURO-VAGO-OLAJ.jpg","datePublished":"2025-04-11T13:27:35+00:00","dateModified":"2025-06-16T12:15:37+00:00","breadcrumb":{"@id":"https:\/\/modern-fluids.com\/termek\/hard-cut-541\/#breadcrumb"},"inLanguage":"en-GB","potentialAction":[{"@type":"ReadAction","target":["https:\/\/modern-fluids.com\/termek\/hard-cut-541\/"]}]},{"@type":"ImageObject","inLanguage":"en-GB","@id":"https:\/\/modern-fluids.com\/termek\/hard-cut-541\/#primaryimage","url":"https:\/\/modern-fluids.com\/wp-content\/uploads\/2025\/04\/HANGSTERFERS-HARD-CUT-525-FURO-VAGO-OLAJ.jpg","contentUrl":"https:\/\/modern-fluids.com\/wp-content\/uploads\/2025\/04\/HANGSTERFERS-HARD-CUT-525-FURO-VAGO-OLAJ.jpg","width":1000,"height":1000},{"@type":"BreadcrumbList","@id":"https:\/\/modern-fluids.com\/termek\/hard-cut-541\/#breadcrumb","itemListElement":[{"@type":"ListItem","position":1,"name":"Home","item":"https:\/\/modern-fluids.com\/"},{"@type":"ListItem","position":2,"name":"Shop","item":"https:\/\/modern-fluids.com\/uzlet\/"},{"@type":"ListItem","position":3,"name":"Hard Cut 541 (v\u00e1g\u00f3olaj)"}]},{"@type":"WebSite","@id":"https:\/\/modern-fluids.com\/#website","url":"https:\/\/modern-fluids.com\/","name":"Modern Fluids","description":"","potentialAction":[{"@type":"SearchAction","target":{"@type":"EntryPoint","urlTemplate":"https:\/\/modern-fluids.com\/?s={search_term_string}"},"query-input":{"@type":"PropertyValueSpecification","valueRequired":true,"valueName":"search_term_string"}}],"inLanguage":"en-GB"}]}},"_links":{"self":[{"href":"https:\/\/modern-fluids.com\/en\/wp-json\/wp\/v2\/product\/691","targetHints":{"allow":["GET"]}}],"collection":[{"href":"https:\/\/modern-fluids.com\/en\/wp-json\/wp\/v2\/product"}],"about":[{"href":"https:\/\/modern-fluids.com\/en\/wp-json\/wp\/v2\/types\/product"}],"replies":[{"embeddable":true,"href":"https:\/\/modern-fluids.com\/en\/wp-json\/wp\/v2\/comments?post=691"}],"wp:featuredmedia":[{"embeddable":true,"href":"https:\/\/modern-fluids.com\/en\/wp-json\/wp\/v2\/media\/859"}],"wp:attachment":[{"href":"https:\/\/modern-fluids.com\/en\/wp-json\/wp\/v2\/media?parent=691"}],"wp:term":[{"taxonomy":"product_brand","embeddable":true,"href":"https:\/\/modern-fluids.com\/en\/wp-json\/wp\/v2\/product_brand?post=691"},{"taxonomy":"product_cat","embeddable":true,"href":"https:\/\/modern-fluids.com\/en\/wp-json\/wp\/v2\/product_cat?post=691"},{"taxonomy":"product_tag","embeddable":true,"href":"https:\/\/modern-fluids.com\/en\/wp-json\/wp\/v2\/product_tag?post=691"}],"curies":[{"name":"wp","href":"https:\/\/api.w.org\/{rel}","templated":true}]}}