{"id":692,"date":"2025-04-11T15:27:35","date_gmt":"2025-04-11T13:27:35","guid":{"rendered":"https:\/\/modern-fluids.com\/termek\/pc10\/"},"modified":"2025-06-16T14:15:37","modified_gmt":"2025-06-16T12:15:37","slug":"pc10","status":"publish","type":"product","link":"https:\/\/modern-fluids.com\/en\/product\/pc10\/","title":{"rendered":"PC10 (vegetable cutting oil)"},"content":{"rendered":"","protected":false},"excerpt":{"rendered":"<p>Hangsterfer's PC Series - Advanced VHF and PC technology for maximum performance<br \/>\nThe Hangsterfer's PC series is based on the latest Very High Flash Point (VHF) chemistry and Polar Cutting (PC) technology.<\/p>\n<p>The combination of VHF chemistry and PC technology takes metalworking to a new level. Increasing cutting speeds and feed rates mean that the temperature in the workpiece environment will become increasingly high. As a result, VHF features are particularly advantageous as they have a higher flash point compared to conventional technologies.<\/p>\n<p>The PC series not only lubricates the tool, but also the metal being machined, creating metal flow conditions previously unattainable with conventional technologies.<\/p>\n<p>Outstanding cutting performance and wide range of applications<br \/>\nThe unique lubrication properties of the PC series are ideal for a wide range of machining processes, including:<\/p>\n<p>In high pressure cooling systems<br \/>\nFor through-the-drill cooling<br \/>\nIn precision grinding operations where plant-based products can be beneficial<br \/>\nThe PC series allows maximum speed and feed rate to be achieved, while effectively reducing thermal stress and increasing machining accuracy.<\/p>","protected":false},"featured_media":861,"comment_status":"closed","ping_status":"closed","template":"","meta":[],"product_brand":[77],"product_cat":[78,83],"product_tag":[],"class_list":{"0":"post-692","1":"product","2":"type-product","3":"status-publish","4":"has-post-thumbnail","6":"product_brand-hangsterfers-laboratories-inc","7":"product_cat-hangsterfers","8":"product_cat-magas-minosegu-novenyi-alapu-olajok","9":"pa_kiszereles-19l","10":"pa_kiszereles-209l","11":"pa_kiszereles-1045l","13":"first","14":"instock","15":"taxable","16":"shipping-taxable","17":"purchasable","18":"product-type-variable"},"yoast_head":"<!-- This site is optimized with the Yoast SEO Premium plugin v26.8 (Yoast SEO v26.8) - https:\/\/yoast.com\/product\/yoast-seo-premium-wordpress\/ -->\n<title>PC10 (n\u00f6v\u00e9nyi v\u00e1g\u00f3olaj) - Modern Fluids<\/title>\n<meta name=\"robots\" content=\"index, follow, max-snippet:-1, max-image-preview:large, max-video-preview:-1\" \/>\n<link rel=\"canonical\" href=\"https:\/\/modern-fluids.com\/en\/product\/pc10\/\" \/>\n<meta property=\"og:locale\" content=\"en_GB\" \/>\n<meta property=\"og:type\" content=\"article\" \/>\n<meta property=\"og:title\" content=\"PC10 (n\u00f6v\u00e9nyi v\u00e1g\u00f3olaj)\" \/>\n<meta property=\"og:description\" content=\"Hangsterfer\u2019s PC sorozat \u2013 Fejlett VHF \u00e9s PC technol\u00f3gia a maxim\u00e1lis teljes\u00edtm\u00e9ny\u00e9rt A Hangsterfer\u2019s PC sorozat a leg\u00fajabb nagyon magas lobban\u00e1spont\u00fa (VHF) k\u00e9miai \u00f6sszet\u00e9telen \u00e9s a Polar Cutting (PC) technol\u00f3gi\u00e1n alapul.  A VHF k\u00e9mia \u00e9s PC technol\u00f3gia kombin\u00e1ci\u00f3ja \u00faj szintre emeli a f\u00e9mmegmunk\u00e1l\u00e1si folyamatokat. A n\u00f6vekv\u0151 v\u00e1g\u00e1si sebess\u00e9g \u00e9s el\u0151tol\u00e1s miatt a munkadarab k\u00f6rnyezet\u00e9ben a h\u0151m\u00e9rs\u00e9klet egyre magasabb lesz. Ennek eredm\u00e9nyek\u00e9nt a VHF jellemz\u0151k k\u00fcl\u00f6n\u00f6sen el\u0151ny\u00f6sek, mivel a hagyom\u00e1nyos technol\u00f3gi\u00e1khoz k\u00e9pest magasabb lobban\u00e1sponttal rendelkeznek.  A PC sorozat nemcsak a szersz\u00e1mot keni, hanem a megmunk\u00e1lt f\u00e9met is, megteremtve olyan f\u00e9m\u00e1raml\u00e1si felt\u00e9teleket, amelyek kor\u00e1bban a hagyom\u00e1nyos technol\u00f3gi\u00e1kkal el\u00e9rhetetlenek voltak.  Kiemelked\u0151 v\u00e1g\u00e1si teljes\u00edtm\u00e9ny \u00e9s sz\u00e9lesk\u00f6r\u0171 alkalmazhat\u00f3s\u00e1g A PC sorozat egyedi ken\u00e9si tulajdons\u00e1gai kiv\u00e1l\u00f3an alkalmazhat\u00f3k sz\u00e1mos megmunk\u00e1l\u00e1si folyamatban, bele\u00e9rtve:  Nagy nyom\u00e1s\u00fa h\u0171t\u00e9si rendszerekben F\u00far\u00e1son kereszt\u00fcli (through-the-drill) h\u0171t\u00e9s eset\u00e9n Prec\u00edzi\u00f3s k\u00f6sz\u00f6r\u00fcl\u00e9si m\u0171veletekben, ahol n\u00f6v\u00e9nyi alap\u00fa term\u00e9kek el\u0151ny\u00f6sek lehetnek A PC sorozat lehet\u0151v\u00e9 teszi a maxim\u00e1lis sebess\u00e9g \u00e9s el\u0151tol\u00e1s el\u00e9r\u00e9s\u00e9t, mik\u00f6zben hat\u00e9konyan cs\u00f6kkenti a h\u0151terhel\u00e9st \u00e9s n\u00f6veli a megmunk\u00e1l\u00e1s pontoss\u00e1g\u00e1t.\" \/>\n<meta property=\"og:url\" content=\"https:\/\/modern-fluids.com\/en\/product\/pc10\/\" \/>\n<meta property=\"og:site_name\" content=\"Modern Fluids\" \/>\n<meta property=\"article:modified_time\" content=\"2025-06-16T12:15:37+00:00\" \/>\n<meta property=\"og:image\" content=\"https:\/\/modern-fluids.com\/wp-content\/uploads\/2025\/04\/HANGSTERFERS-HORDO.jpg\" \/>\n\t<meta property=\"og:image:width\" content=\"1000\" \/>\n\t<meta property=\"og:image:height\" content=\"1000\" \/>\n\t<meta property=\"og:image:type\" content=\"image\/jpeg\" \/>\n<meta name=\"twitter:card\" content=\"summary_large_image\" \/>\n<meta name=\"twitter:label1\" content=\"Estimated reading time\" \/>\n\t<meta name=\"twitter:data1\" content=\"1 minute\" \/>\n<script type=\"application\/ld+json\" class=\"yoast-schema-graph\">{\"@context\":\"https:\/\/schema.org\",\"@graph\":[{\"@type\":\"WebPage\",\"@id\":\"https:\/\/modern-fluids.com\/termek\/pc10\/\",\"url\":\"https:\/\/modern-fluids.com\/termek\/pc10\/\",\"name\":\"PC10 (n\u00f6v\u00e9nyi v\u00e1g\u00f3olaj) - Modern Fluids\",\"isPartOf\":{\"@id\":\"https:\/\/modern-fluids.com\/#website\"},\"primaryImageOfPage\":{\"@id\":\"https:\/\/modern-fluids.com\/termek\/pc10\/#primaryimage\"},\"image\":{\"@id\":\"https:\/\/modern-fluids.com\/termek\/pc10\/#primaryimage\"},\"thumbnailUrl\":\"https:\/\/modern-fluids.com\/wp-content\/uploads\/2025\/04\/HANGSTERFERS-HORDO.jpg\",\"datePublished\":\"2025-04-11T13:27:35+00:00\",\"dateModified\":\"2025-06-16T12:15:37+00:00\",\"breadcrumb\":{\"@id\":\"https:\/\/modern-fluids.com\/termek\/pc10\/#breadcrumb\"},\"inLanguage\":\"en-GB\",\"potentialAction\":[{\"@type\":\"ReadAction\",\"target\":[\"https:\/\/modern-fluids.com\/termek\/pc10\/\"]}]},{\"@type\":\"ImageObject\",\"inLanguage\":\"en-GB\",\"@id\":\"https:\/\/modern-fluids.com\/termek\/pc10\/#primaryimage\",\"url\":\"https:\/\/modern-fluids.com\/wp-content\/uploads\/2025\/04\/HANGSTERFERS-HORDO.jpg\",\"contentUrl\":\"https:\/\/modern-fluids.com\/wp-content\/uploads\/2025\/04\/HANGSTERFERS-HORDO.jpg\",\"width\":1000,\"height\":1000},{\"@type\":\"BreadcrumbList\",\"@id\":\"https:\/\/modern-fluids.com\/termek\/pc10\/#breadcrumb\",\"itemListElement\":[{\"@type\":\"ListItem\",\"position\":1,\"name\":\"Home\",\"item\":\"https:\/\/modern-fluids.com\/\"},{\"@type\":\"ListItem\",\"position\":2,\"name\":\"Shop\",\"item\":\"https:\/\/modern-fluids.com\/uzlet\/\"},{\"@type\":\"ListItem\",\"position\":3,\"name\":\"PC10 (n\u00f6v\u00e9nyi v\u00e1g\u00f3olaj)\"}]},{\"@type\":\"WebSite\",\"@id\":\"https:\/\/modern-fluids.com\/#website\",\"url\":\"https:\/\/modern-fluids.com\/\",\"name\":\"Modern Fluids\",\"description\":\"\",\"potentialAction\":[{\"@type\":\"SearchAction\",\"target\":{\"@type\":\"EntryPoint\",\"urlTemplate\":\"https:\/\/modern-fluids.com\/?s={search_term_string}\"},\"query-input\":{\"@type\":\"PropertyValueSpecification\",\"valueRequired\":true,\"valueName\":\"search_term_string\"}}],\"inLanguage\":\"en-GB\"}]}<\/script>\n<!-- \/ Yoast SEO Premium plugin. -->","yoast_head_json":{"title":"PC10 (n\u00f6v\u00e9nyi v\u00e1g\u00f3olaj) - Modern Fluids","robots":{"index":"index","follow":"follow","max-snippet":"max-snippet:-1","max-image-preview":"max-image-preview:large","max-video-preview":"max-video-preview:-1"},"canonical":"https:\/\/modern-fluids.com\/en\/product\/pc10\/","og_locale":"en_GB","og_type":"article","og_title":"PC10 (n\u00f6v\u00e9nyi v\u00e1g\u00f3olaj)","og_description":"Hangsterfer\u2019s PC sorozat \u2013 Fejlett VHF \u00e9s PC technol\u00f3gia a maxim\u00e1lis teljes\u00edtm\u00e9ny\u00e9rt A Hangsterfer\u2019s PC sorozat a leg\u00fajabb nagyon magas lobban\u00e1spont\u00fa (VHF) k\u00e9miai \u00f6sszet\u00e9telen \u00e9s a Polar Cutting (PC) technol\u00f3gi\u00e1n alapul.  A VHF k\u00e9mia \u00e9s PC technol\u00f3gia kombin\u00e1ci\u00f3ja \u00faj szintre emeli a f\u00e9mmegmunk\u00e1l\u00e1si folyamatokat. A n\u00f6vekv\u0151 v\u00e1g\u00e1si sebess\u00e9g \u00e9s el\u0151tol\u00e1s miatt a munkadarab k\u00f6rnyezet\u00e9ben a h\u0151m\u00e9rs\u00e9klet egyre magasabb lesz. Ennek eredm\u00e9nyek\u00e9nt a VHF jellemz\u0151k k\u00fcl\u00f6n\u00f6sen el\u0151ny\u00f6sek, mivel a hagyom\u00e1nyos technol\u00f3gi\u00e1khoz k\u00e9pest magasabb lobban\u00e1sponttal rendelkeznek.  A PC sorozat nemcsak a szersz\u00e1mot keni, hanem a megmunk\u00e1lt f\u00e9met is, megteremtve olyan f\u00e9m\u00e1raml\u00e1si felt\u00e9teleket, amelyek kor\u00e1bban a hagyom\u00e1nyos technol\u00f3gi\u00e1kkal el\u00e9rhetetlenek voltak.  Kiemelked\u0151 v\u00e1g\u00e1si teljes\u00edtm\u00e9ny \u00e9s sz\u00e9lesk\u00f6r\u0171 alkalmazhat\u00f3s\u00e1g A PC sorozat egyedi ken\u00e9si tulajdons\u00e1gai kiv\u00e1l\u00f3an alkalmazhat\u00f3k sz\u00e1mos megmunk\u00e1l\u00e1si folyamatban, bele\u00e9rtve:  Nagy nyom\u00e1s\u00fa h\u0171t\u00e9si rendszerekben F\u00far\u00e1son kereszt\u00fcli (through-the-drill) h\u0171t\u00e9s eset\u00e9n Prec\u00edzi\u00f3s k\u00f6sz\u00f6r\u00fcl\u00e9si m\u0171veletekben, ahol n\u00f6v\u00e9nyi alap\u00fa term\u00e9kek el\u0151ny\u00f6sek lehetnek A PC sorozat lehet\u0151v\u00e9 teszi a maxim\u00e1lis sebess\u00e9g \u00e9s el\u0151tol\u00e1s el\u00e9r\u00e9s\u00e9t, mik\u00f6zben hat\u00e9konyan cs\u00f6kkenti a h\u0151terhel\u00e9st \u00e9s n\u00f6veli a megmunk\u00e1l\u00e1s pontoss\u00e1g\u00e1t.","og_url":"https:\/\/modern-fluids.com\/en\/product\/pc10\/","og_site_name":"Modern Fluids","article_modified_time":"2025-06-16T12:15:37+00:00","og_image":[{"width":1000,"height":1000,"url":"https:\/\/modern-fluids.com\/wp-content\/uploads\/2025\/04\/HANGSTERFERS-HORDO.jpg","type":"image\/jpeg"}],"twitter_card":"summary_large_image","twitter_misc":{"Estimated reading time":"1 minute"},"schema":{"@context":"https:\/\/schema.org","@graph":[{"@type":"WebPage","@id":"https:\/\/modern-fluids.com\/termek\/pc10\/","url":"https:\/\/modern-fluids.com\/termek\/pc10\/","name":"PC10 (n\u00f6v\u00e9nyi v\u00e1g\u00f3olaj) - Modern Fluids","isPartOf":{"@id":"https:\/\/modern-fluids.com\/#website"},"primaryImageOfPage":{"@id":"https:\/\/modern-fluids.com\/termek\/pc10\/#primaryimage"},"image":{"@id":"https:\/\/modern-fluids.com\/termek\/pc10\/#primaryimage"},"thumbnailUrl":"https:\/\/modern-fluids.com\/wp-content\/uploads\/2025\/04\/HANGSTERFERS-HORDO.jpg","datePublished":"2025-04-11T13:27:35+00:00","dateModified":"2025-06-16T12:15:37+00:00","breadcrumb":{"@id":"https:\/\/modern-fluids.com\/termek\/pc10\/#breadcrumb"},"inLanguage":"en-GB","potentialAction":[{"@type":"ReadAction","target":["https:\/\/modern-fluids.com\/termek\/pc10\/"]}]},{"@type":"ImageObject","inLanguage":"en-GB","@id":"https:\/\/modern-fluids.com\/termek\/pc10\/#primaryimage","url":"https:\/\/modern-fluids.com\/wp-content\/uploads\/2025\/04\/HANGSTERFERS-HORDO.jpg","contentUrl":"https:\/\/modern-fluids.com\/wp-content\/uploads\/2025\/04\/HANGSTERFERS-HORDO.jpg","width":1000,"height":1000},{"@type":"BreadcrumbList","@id":"https:\/\/modern-fluids.com\/termek\/pc10\/#breadcrumb","itemListElement":[{"@type":"ListItem","position":1,"name":"Home","item":"https:\/\/modern-fluids.com\/"},{"@type":"ListItem","position":2,"name":"Shop","item":"https:\/\/modern-fluids.com\/uzlet\/"},{"@type":"ListItem","position":3,"name":"PC10 (n\u00f6v\u00e9nyi v\u00e1g\u00f3olaj)"}]},{"@type":"WebSite","@id":"https:\/\/modern-fluids.com\/#website","url":"https:\/\/modern-fluids.com\/","name":"Modern Fluids","description":"","potentialAction":[{"@type":"SearchAction","target":{"@type":"EntryPoint","urlTemplate":"https:\/\/modern-fluids.com\/?s={search_term_string}"},"query-input":{"@type":"PropertyValueSpecification","valueRequired":true,"valueName":"search_term_string"}}],"inLanguage":"en-GB"}]}},"_links":{"self":[{"href":"https:\/\/modern-fluids.com\/en\/wp-json\/wp\/v2\/product\/692","targetHints":{"allow":["GET"]}}],"collection":[{"href":"https:\/\/modern-fluids.com\/en\/wp-json\/wp\/v2\/product"}],"about":[{"href":"https:\/\/modern-fluids.com\/en\/wp-json\/wp\/v2\/types\/product"}],"replies":[{"embeddable":true,"href":"https:\/\/modern-fluids.com\/en\/wp-json\/wp\/v2\/comments?post=692"}],"wp:featuredmedia":[{"embeddable":true,"href":"https:\/\/modern-fluids.com\/en\/wp-json\/wp\/v2\/media\/861"}],"wp:attachment":[{"href":"https:\/\/modern-fluids.com\/en\/wp-json\/wp\/v2\/media?parent=692"}],"wp:term":[{"taxonomy":"product_brand","embeddable":true,"href":"https:\/\/modern-fluids.com\/en\/wp-json\/wp\/v2\/product_brand?post=692"},{"taxonomy":"product_cat","embeddable":true,"href":"https:\/\/modern-fluids.com\/en\/wp-json\/wp\/v2\/product_cat?post=692"},{"taxonomy":"product_tag","embeddable":true,"href":"https:\/\/modern-fluids.com\/en\/wp-json\/wp\/v2\/product_tag?post=692"}],"curies":[{"name":"wp","href":"https:\/\/api.w.org\/{rel}","templated":true}]}}