{"id":694,"date":"2025-04-11T15:27:35","date_gmt":"2025-04-11T13:27:35","guid":{"rendered":"https:\/\/modern-fluids.com\/termek\/ozonic-203\/"},"modified":"2025-06-16T14:15:37","modified_gmt":"2025-06-16T12:15:37","slug":"ozonic-203","status":"publish","type":"product","link":"https:\/\/modern-fluids.com\/en\/product\/ozonic-203\/","title":{"rendered":"Ozonic 203 (Stamping oil\/Cleaning oil\/MQL cutting oil)"},"content":{"rendered":"","protected":false},"excerpt":{"rendered":"<p>Ozonic 203 - Effective, chlorine-free cleaner<br \/>\nOzonic 203 is developed as an alternative to chlorinated solvents such as trichloroethylene and trichloroethane 1,1,1. Ozonic 203 is free of chlorine and ozone depleting chemicals, making it an environmentally friendly solution.<\/p>\n<p>Outstanding cleaning performance<br \/>\nOzonic 203 is an excellent choice when maximum cleaning efficiency is required. It is an excellent alternative to aqueous or semi-aqueous cleaning solutions as it is chemically designed to effectively dissolve greases, oils and lubricants used in metalworking and metal forming.<\/p>\n<p>User-friendly and safe<br \/>\nSkin-friendly - Does not dry out the skin like most solvents.<br \/>\nLow odour - Provides a more pleasant working environment.<br \/>\nMinimal toxicity - Guarantees safer use.<br \/>\nOzonic 203 is the perfect solution for industrial cleaning needs without compromise.<\/p>","protected":false},"featured_media":861,"comment_status":"closed","ping_status":"closed","template":"","meta":[],"product_brand":[77],"product_cat":[78,84],"product_tag":[],"class_list":{"0":"post-694","1":"product","2":"type-product","3":"status-publish","4":"has-post-thumbnail","6":"product_brand-hangsterfers-laboratories-inc","7":"product_cat-hangsterfers","8":"product_cat-permetezheto-tisztito-olaj","9":"pa_kiszereles-19l","10":"pa_kiszereles-209l","11":"pa_kiszereles-1045l","13":"first","14":"instock","15":"taxable","16":"shipping-taxable","17":"purchasable","18":"product-type-variable"},"yoast_head":"<!-- This site is optimized with the Yoast SEO Premium plugin v26.8 (Yoast SEO v26.8) - https:\/\/yoast.com\/product\/yoast-seo-premium-wordpress\/ -->\n<title>Ozonic 203 (Stancol\u00f3 olaj\/Tiszt\u00edt\u00f3 olaj\/MQL v\u00e1g\u00f3olaj) - Modern Fluids<\/title>\n<meta name=\"robots\" content=\"index, follow, max-snippet:-1, max-image-preview:large, max-video-preview:-1\" \/>\n<link rel=\"canonical\" href=\"https:\/\/modern-fluids.com\/en\/product\/ozonic-203\/\" \/>\n<meta property=\"og:locale\" content=\"en_GB\" \/>\n<meta property=\"og:type\" content=\"article\" \/>\n<meta property=\"og:title\" content=\"Ozonic 203 (Stancol\u00f3 olaj\/Tiszt\u00edt\u00f3 olaj\/MQL v\u00e1g\u00f3olaj)\" \/>\n<meta property=\"og:description\" content=\"Ozonic 203 \u2013 Hat\u00e9kony, kl\u00f3rmentes tiszt\u00edt\u00f3szer Az Ozonic 203 tiszt\u00edt\u00f3szert olyan kl\u00f3rozott old\u00f3szerek (p\u00e9ld\u00e1ul trikl\u00f3retil\u00e9n \u00e9s trikl\u00f3ret\u00e1n 1,1,1) alternat\u00edv\u00e1jak\u00e9nt fejlesztett\u00e9k ki. Az Ozonic 203 mentes a kl\u00f3rt\u00f3l \u00e9s az \u00f3zonr\u00e9teget k\u00e1ros\u00edt\u00f3 vegyi anyagokt\u00f3l, \u00edgy k\u00f6rnyezetbar\u00e1t megold\u00e1st k\u00edn\u00e1l.  Kiemelked\u0151 tiszt\u00edt\u00e1si teljes\u00edtm\u00e9ny Az Ozonic 203 kiv\u00e1l\u00f3 v\u00e1laszt\u00e1s, ha maxim\u00e1lis tiszt\u00edt\u00e1si hat\u00e9konys\u00e1gra van sz\u00fcks\u00e9g. Kiv\u00e1l\u00f3 alternat\u00edv\u00e1t jelent a vizes vagy f\u00e9lig vizes tiszt\u00edt\u00f3oldatokkal szemben, mivel k\u00e9miailag \u00fagy lett tervezve, hogy hat\u00e9konyan oldja a f\u00e9mmegmunk\u00e1l\u00e1sban \u00e9s f\u00e9mform\u00e1z\u00e1sban haszn\u00e1lt zs\u00edrokat, olajokat \u00e9s ken\u0151anyagokat.  Felhaszn\u00e1l\u00f3bar\u00e1t \u00e9s biztons\u00e1gos B\u0151rbar\u00e1t \u2013 Nem sz\u00e1r\u00edtja ki a b\u0151rt, mint a legt\u00f6bb old\u00f3szer. Alacsony szag\u00fa \u2013 Kellemesebb munkak\u00f6rnyezetet biztos\u00edt. Minim\u00e1lis toxicit\u00e1s \u2013 Biztons\u00e1gosabb haszn\u00e1latot garant\u00e1l. Az Ozonic 203 t\u00f6k\u00e9letes megold\u00e1s az ipari tiszt\u00edt\u00e1si ig\u00e9nyekre, kompromisszumok n\u00e9lk\u00fcl.\" \/>\n<meta property=\"og:url\" content=\"https:\/\/modern-fluids.com\/en\/product\/ozonic-203\/\" \/>\n<meta property=\"og:site_name\" content=\"Modern Fluids\" \/>\n<meta property=\"article:modified_time\" content=\"2025-06-16T12:15:37+00:00\" \/>\n<meta property=\"og:image\" content=\"https:\/\/modern-fluids.com\/wp-content\/uploads\/2025\/04\/HANGSTERFERS-HORDO.jpg\" \/>\n\t<meta property=\"og:image:width\" content=\"1000\" \/>\n\t<meta property=\"og:image:height\" content=\"1000\" \/>\n\t<meta property=\"og:image:type\" content=\"image\/jpeg\" \/>\n<meta name=\"twitter:card\" content=\"summary_large_image\" \/>\n<meta name=\"twitter:label1\" content=\"Estimated reading time\" \/>\n\t<meta name=\"twitter:data1\" content=\"1 minute\" \/>\n<script type=\"application\/ld+json\" class=\"yoast-schema-graph\">{\"@context\":\"https:\/\/schema.org\",\"@graph\":[{\"@type\":\"WebPage\",\"@id\":\"https:\/\/modern-fluids.com\/termek\/ozonic-203\/\",\"url\":\"https:\/\/modern-fluids.com\/termek\/ozonic-203\/\",\"name\":\"Ozonic 203 (Stancol\u00f3 olaj\/Tiszt\u00edt\u00f3 olaj\/MQL v\u00e1g\u00f3olaj) - Modern Fluids\",\"isPartOf\":{\"@id\":\"https:\/\/modern-fluids.com\/#website\"},\"primaryImageOfPage\":{\"@id\":\"https:\/\/modern-fluids.com\/termek\/ozonic-203\/#primaryimage\"},\"image\":{\"@id\":\"https:\/\/modern-fluids.com\/termek\/ozonic-203\/#primaryimage\"},\"thumbnailUrl\":\"https:\/\/modern-fluids.com\/wp-content\/uploads\/2025\/04\/HANGSTERFERS-HORDO.jpg\",\"datePublished\":\"2025-04-11T13:27:35+00:00\",\"dateModified\":\"2025-06-16T12:15:37+00:00\",\"breadcrumb\":{\"@id\":\"https:\/\/modern-fluids.com\/termek\/ozonic-203\/#breadcrumb\"},\"inLanguage\":\"en-GB\",\"potentialAction\":[{\"@type\":\"ReadAction\",\"target\":[\"https:\/\/modern-fluids.com\/termek\/ozonic-203\/\"]}]},{\"@type\":\"ImageObject\",\"inLanguage\":\"en-GB\",\"@id\":\"https:\/\/modern-fluids.com\/termek\/ozonic-203\/#primaryimage\",\"url\":\"https:\/\/modern-fluids.com\/wp-content\/uploads\/2025\/04\/HANGSTERFERS-HORDO.jpg\",\"contentUrl\":\"https:\/\/modern-fluids.com\/wp-content\/uploads\/2025\/04\/HANGSTERFERS-HORDO.jpg\",\"width\":1000,\"height\":1000},{\"@type\":\"BreadcrumbList\",\"@id\":\"https:\/\/modern-fluids.com\/termek\/ozonic-203\/#breadcrumb\",\"itemListElement\":[{\"@type\":\"ListItem\",\"position\":1,\"name\":\"Home\",\"item\":\"https:\/\/modern-fluids.com\/\"},{\"@type\":\"ListItem\",\"position\":2,\"name\":\"Shop\",\"item\":\"https:\/\/modern-fluids.com\/uzlet\/\"},{\"@type\":\"ListItem\",\"position\":3,\"name\":\"Ozonic 203 (Stancol\u00f3 olaj\/Tiszt\u00edt\u00f3 olaj\/MQL v\u00e1g\u00f3olaj)\"}]},{\"@type\":\"WebSite\",\"@id\":\"https:\/\/modern-fluids.com\/#website\",\"url\":\"https:\/\/modern-fluids.com\/\",\"name\":\"Modern Fluids\",\"description\":\"\",\"potentialAction\":[{\"@type\":\"SearchAction\",\"target\":{\"@type\":\"EntryPoint\",\"urlTemplate\":\"https:\/\/modern-fluids.com\/?s={search_term_string}\"},\"query-input\":{\"@type\":\"PropertyValueSpecification\",\"valueRequired\":true,\"valueName\":\"search_term_string\"}}],\"inLanguage\":\"en-GB\"}]}<\/script>\n<!-- \/ Yoast SEO Premium plugin. -->","yoast_head_json":{"title":"Ozonic 203 (Stancol\u00f3 olaj\/Tiszt\u00edt\u00f3 olaj\/MQL v\u00e1g\u00f3olaj) - Modern Fluids","robots":{"index":"index","follow":"follow","max-snippet":"max-snippet:-1","max-image-preview":"max-image-preview:large","max-video-preview":"max-video-preview:-1"},"canonical":"https:\/\/modern-fluids.com\/en\/product\/ozonic-203\/","og_locale":"en_GB","og_type":"article","og_title":"Ozonic 203 (Stancol\u00f3 olaj\/Tiszt\u00edt\u00f3 olaj\/MQL v\u00e1g\u00f3olaj)","og_description":"Ozonic 203 \u2013 Hat\u00e9kony, kl\u00f3rmentes tiszt\u00edt\u00f3szer Az Ozonic 203 tiszt\u00edt\u00f3szert olyan kl\u00f3rozott old\u00f3szerek (p\u00e9ld\u00e1ul trikl\u00f3retil\u00e9n \u00e9s trikl\u00f3ret\u00e1n 1,1,1) alternat\u00edv\u00e1jak\u00e9nt fejlesztett\u00e9k ki. Az Ozonic 203 mentes a kl\u00f3rt\u00f3l \u00e9s az \u00f3zonr\u00e9teget k\u00e1ros\u00edt\u00f3 vegyi anyagokt\u00f3l, \u00edgy k\u00f6rnyezetbar\u00e1t megold\u00e1st k\u00edn\u00e1l.  Kiemelked\u0151 tiszt\u00edt\u00e1si teljes\u00edtm\u00e9ny Az Ozonic 203 kiv\u00e1l\u00f3 v\u00e1laszt\u00e1s, ha maxim\u00e1lis tiszt\u00edt\u00e1si hat\u00e9konys\u00e1gra van sz\u00fcks\u00e9g. Kiv\u00e1l\u00f3 alternat\u00edv\u00e1t jelent a vizes vagy f\u00e9lig vizes tiszt\u00edt\u00f3oldatokkal szemben, mivel k\u00e9miailag \u00fagy lett tervezve, hogy hat\u00e9konyan oldja a f\u00e9mmegmunk\u00e1l\u00e1sban \u00e9s f\u00e9mform\u00e1z\u00e1sban haszn\u00e1lt zs\u00edrokat, olajokat \u00e9s ken\u0151anyagokat.  Felhaszn\u00e1l\u00f3bar\u00e1t \u00e9s biztons\u00e1gos B\u0151rbar\u00e1t \u2013 Nem sz\u00e1r\u00edtja ki a b\u0151rt, mint a legt\u00f6bb old\u00f3szer. Alacsony szag\u00fa \u2013 Kellemesebb munkak\u00f6rnyezetet biztos\u00edt. Minim\u00e1lis toxicit\u00e1s \u2013 Biztons\u00e1gosabb haszn\u00e1latot garant\u00e1l. Az Ozonic 203 t\u00f6k\u00e9letes megold\u00e1s az ipari tiszt\u00edt\u00e1si ig\u00e9nyekre, kompromisszumok n\u00e9lk\u00fcl.","og_url":"https:\/\/modern-fluids.com\/en\/product\/ozonic-203\/","og_site_name":"Modern Fluids","article_modified_time":"2025-06-16T12:15:37+00:00","og_image":[{"width":1000,"height":1000,"url":"https:\/\/modern-fluids.com\/wp-content\/uploads\/2025\/04\/HANGSTERFERS-HORDO.jpg","type":"image\/jpeg"}],"twitter_card":"summary_large_image","twitter_misc":{"Estimated reading time":"1 minute"},"schema":{"@context":"https:\/\/schema.org","@graph":[{"@type":"WebPage","@id":"https:\/\/modern-fluids.com\/termek\/ozonic-203\/","url":"https:\/\/modern-fluids.com\/termek\/ozonic-203\/","name":"Ozonic 203 (Stancol\u00f3 olaj\/Tiszt\u00edt\u00f3 olaj\/MQL v\u00e1g\u00f3olaj) - Modern Fluids","isPartOf":{"@id":"https:\/\/modern-fluids.com\/#website"},"primaryImageOfPage":{"@id":"https:\/\/modern-fluids.com\/termek\/ozonic-203\/#primaryimage"},"image":{"@id":"https:\/\/modern-fluids.com\/termek\/ozonic-203\/#primaryimage"},"thumbnailUrl":"https:\/\/modern-fluids.com\/wp-content\/uploads\/2025\/04\/HANGSTERFERS-HORDO.jpg","datePublished":"2025-04-11T13:27:35+00:00","dateModified":"2025-06-16T12:15:37+00:00","breadcrumb":{"@id":"https:\/\/modern-fluids.com\/termek\/ozonic-203\/#breadcrumb"},"inLanguage":"en-GB","potentialAction":[{"@type":"ReadAction","target":["https:\/\/modern-fluids.com\/termek\/ozonic-203\/"]}]},{"@type":"ImageObject","inLanguage":"en-GB","@id":"https:\/\/modern-fluids.com\/termek\/ozonic-203\/#primaryimage","url":"https:\/\/modern-fluids.com\/wp-content\/uploads\/2025\/04\/HANGSTERFERS-HORDO.jpg","contentUrl":"https:\/\/modern-fluids.com\/wp-content\/uploads\/2025\/04\/HANGSTERFERS-HORDO.jpg","width":1000,"height":1000},{"@type":"BreadcrumbList","@id":"https:\/\/modern-fluids.com\/termek\/ozonic-203\/#breadcrumb","itemListElement":[{"@type":"ListItem","position":1,"name":"Home","item":"https:\/\/modern-fluids.com\/"},{"@type":"ListItem","position":2,"name":"Shop","item":"https:\/\/modern-fluids.com\/uzlet\/"},{"@type":"ListItem","position":3,"name":"Ozonic 203 (Stancol\u00f3 olaj\/Tiszt\u00edt\u00f3 olaj\/MQL v\u00e1g\u00f3olaj)"}]},{"@type":"WebSite","@id":"https:\/\/modern-fluids.com\/#website","url":"https:\/\/modern-fluids.com\/","name":"Modern Fluids","description":"","potentialAction":[{"@type":"SearchAction","target":{"@type":"EntryPoint","urlTemplate":"https:\/\/modern-fluids.com\/?s={search_term_string}"},"query-input":{"@type":"PropertyValueSpecification","valueRequired":true,"valueName":"search_term_string"}}],"inLanguage":"en-GB"}]}},"_links":{"self":[{"href":"https:\/\/modern-fluids.com\/en\/wp-json\/wp\/v2\/product\/694","targetHints":{"allow":["GET"]}}],"collection":[{"href":"https:\/\/modern-fluids.com\/en\/wp-json\/wp\/v2\/product"}],"about":[{"href":"https:\/\/modern-fluids.com\/en\/wp-json\/wp\/v2\/types\/product"}],"replies":[{"embeddable":true,"href":"https:\/\/modern-fluids.com\/en\/wp-json\/wp\/v2\/comments?post=694"}],"wp:featuredmedia":[{"embeddable":true,"href":"https:\/\/modern-fluids.com\/en\/wp-json\/wp\/v2\/media\/861"}],"wp:attachment":[{"href":"https:\/\/modern-fluids.com\/en\/wp-json\/wp\/v2\/media?parent=694"}],"wp:term":[{"taxonomy":"product_brand","embeddable":true,"href":"https:\/\/modern-fluids.com\/en\/wp-json\/wp\/v2\/product_brand?post=694"},{"taxonomy":"product_cat","embeddable":true,"href":"https:\/\/modern-fluids.com\/en\/wp-json\/wp\/v2\/product_cat?post=694"},{"taxonomy":"product_tag","embeddable":true,"href":"https:\/\/modern-fluids.com\/en\/wp-json\/wp\/v2\/product_tag?post=694"}],"curies":[{"name":"wp","href":"https:\/\/api.w.org\/{rel}","templated":true}]}}