{"id":697,"date":"2025-04-11T15:27:35","date_gmt":"2025-04-11T13:27:35","guid":{"rendered":"https:\/\/modern-fluids.com\/termek\/hard-cut-525-light\/"},"modified":"2025-06-18T16:50:26","modified_gmt":"2025-06-18T14:50:26","slug":"hard-cut-525-light","status":"publish","type":"product","link":"https:\/\/modern-fluids.com\/en\/product\/hard-cut-525-light\/","title":{"rendered":"Hard Cut 525 Light (drill cutter hollowing cutting oil)"},"content":{"rendered":"","protected":false},"excerpt":{"rendered":"<p>Hard-Cut series - The highest quality cutting oils<br \/>\nThe Hard-Cut range is among the highest quality cutting oils recommended by industry leaders in Swiss-type lathes.<\/p>\n<p>Hangsterfer's Hard-Cut 525 Light is a heavy-duty compound designed for extreme metal cutting and metal forming operations, providing superior lubrication for both the machine tool and the cutting process.<\/p>\n<p>Maximum productivity and longer machine life<br \/>\nHard-Cut oils increase productivity and machine life while being easy to handle and dispose of thanks to their safe, non-hazardous formulation.<\/p>\n<p>Preferred choice for high-tech industries<br \/>\nThe Hard-Cut range is the choice of aerospace, electronics and medical component manufacturers where precision and reliability are essential.<\/p>","protected":false},"featured_media":859,"comment_status":"closed","ping_status":"closed","template":"","meta":[],"product_brand":[77],"product_cat":[87,78],"product_tag":[],"class_list":{"0":"post-697","1":"product","2":"type-product","3":"status-publish","4":"has-post-thumbnail","6":"product_brand-hangsterfers-laboratories-inc","7":"product_cat-altalanos-celu-menetvago-folyadek","8":"product_cat-hangsterfers","9":"pa_kiszereles-3-8l","10":"pa_kiszereles-19l","11":"pa_kiszereles-209l","12":"pa_kiszereles-1045l","14":"first","15":"instock","16":"taxable","17":"shipping-taxable","18":"purchasable","19":"product-type-variable"},"yoast_head":"<!-- This site is optimized with the Yoast SEO Premium plugin v26.8 (Yoast SEO v26.8) - https:\/\/yoast.com\/product\/yoast-seo-premium-wordpress\/ -->\n<title>Hard Cut 525 Light (f\u00far\u00f3 v\u00e1g\u00f3 \u00fcregel\u0151 v\u00e1g\u00f3olaj) - Modern Fluids<\/title>\n<meta name=\"robots\" content=\"index, follow, max-snippet:-1, max-image-preview:large, max-video-preview:-1\" \/>\n<link rel=\"canonical\" href=\"https:\/\/modern-fluids.com\/en\/product\/hard-cut-525-light\/\" \/>\n<meta property=\"og:locale\" content=\"en_GB\" \/>\n<meta property=\"og:type\" content=\"article\" \/>\n<meta property=\"og:title\" content=\"Hard Cut 525 Light (f\u00far\u00f3 v\u00e1g\u00f3 \u00fcregel\u0151 v\u00e1g\u00f3olaj)\" \/>\n<meta property=\"og:description\" content=\"Hard-Cut sorozat \u2013 A legmagasabb min\u0151s\u00e9g\u0171 v\u00e1g\u00f3olajok A Hard-Cut sorozat a legkiv\u00e1l\u00f3bb min\u0151s\u00e9g\u0171 v\u00e1g\u00f3olajok k\u00f6z\u00e9 tartozik, amelyeket a sv\u00e1jci t\u00edpus\u00fa esztergag\u00e9pek ipar\u00e1gi vezet\u0151i is aj\u00e1nlanak.  A Hangsterfer\u2019s Hard-Cut 525 Light egy nagy ig\u00e9nybev\u00e9telre tervezett vegy\u00fclet, amely kiv\u00e1l\u00f3an alkalmazhat\u00f3 extr\u00e9m f\u00e9mv\u00e1g\u00e1si \u00e9s f\u00e9mform\u00e1z\u00e1si m\u0171veletekhez, biztos\u00edtva kiemelked\u0151 ken\u00e9st mind a szersz\u00e1mg\u00e9p, mind a v\u00e1g\u00e1si folyamat sz\u00e1m\u00e1ra.  Maxim\u00e1lis termel\u00e9kenys\u00e9g \u00e9s hosszabb g\u00e9p\u00e9lettartam A Hard-Cut olajok n\u00f6velik a termel\u00e9kenys\u00e9get \u00e9s a g\u00e9pek \u00e9lettartam\u00e1t, mik\u00f6zben biztons\u00e1gos, nem vesz\u00e9lyes formul\u00e1juknak k\u00f6sz\u00f6nhet\u0151en k\u00f6nnyen kezelhet\u0151k \u00e9s \u00e1rtalmatlan\u00edthat\u00f3k.  El\u0151ny\u00f6s v\u00e1laszt\u00e1s a cs\u00facstechnol\u00f3giai ipar\u00e1gak sz\u00e1m\u00e1ra A Hard-Cut sorozat az \u0171rtechnol\u00f3gia, az elektronikai \u00e9s az orvosi alkatr\u00e9szgy\u00e1rt\u00e1s egyik legjobb v\u00e1laszt\u00e1sa, ahol a prec\u00edzi\u00f3 \u00e9s a megb\u00edzhat\u00f3s\u00e1g alapk\u00f6vetelm\u00e9ny.\" \/>\n<meta property=\"og:url\" content=\"https:\/\/modern-fluids.com\/en\/product\/hard-cut-525-light\/\" \/>\n<meta property=\"og:site_name\" content=\"Modern Fluids\" \/>\n<meta property=\"article:modified_time\" content=\"2025-06-18T14:50:26+00:00\" \/>\n<meta property=\"og:image\" content=\"https:\/\/modern-fluids.com\/wp-content\/uploads\/2025\/04\/HANGSTERFERS-HARD-CUT-525-FURO-VAGO-OLAJ.jpg\" \/>\n\t<meta property=\"og:image:width\" content=\"1000\" \/>\n\t<meta property=\"og:image:height\" content=\"1000\" \/>\n\t<meta property=\"og:image:type\" content=\"image\/jpeg\" \/>\n<meta name=\"twitter:card\" content=\"summary_large_image\" \/>\n<meta name=\"twitter:label1\" content=\"Estimated reading time\" \/>\n\t<meta name=\"twitter:data1\" content=\"1 minute\" \/>\n<script type=\"application\/ld+json\" class=\"yoast-schema-graph\">{\"@context\":\"https:\/\/schema.org\",\"@graph\":[{\"@type\":\"WebPage\",\"@id\":\"https:\/\/modern-fluids.com\/termek\/hard-cut-525-light\/\",\"url\":\"https:\/\/modern-fluids.com\/termek\/hard-cut-525-light\/\",\"name\":\"Hard Cut 525 Light (f\u00far\u00f3 v\u00e1g\u00f3 \u00fcregel\u0151 v\u00e1g\u00f3olaj) - Modern Fluids\",\"isPartOf\":{\"@id\":\"https:\/\/modern-fluids.com\/#website\"},\"primaryImageOfPage\":{\"@id\":\"https:\/\/modern-fluids.com\/termek\/hard-cut-525-light\/#primaryimage\"},\"image\":{\"@id\":\"https:\/\/modern-fluids.com\/termek\/hard-cut-525-light\/#primaryimage\"},\"thumbnailUrl\":\"https:\/\/modern-fluids.com\/wp-content\/uploads\/2025\/04\/HANGSTERFERS-HARD-CUT-525-FURO-VAGO-OLAJ.jpg\",\"datePublished\":\"2025-04-11T13:27:35+00:00\",\"dateModified\":\"2025-06-18T14:50:26+00:00\",\"breadcrumb\":{\"@id\":\"https:\/\/modern-fluids.com\/termek\/hard-cut-525-light\/#breadcrumb\"},\"inLanguage\":\"en-GB\",\"potentialAction\":[{\"@type\":\"ReadAction\",\"target\":[\"https:\/\/modern-fluids.com\/termek\/hard-cut-525-light\/\"]}]},{\"@type\":\"ImageObject\",\"inLanguage\":\"en-GB\",\"@id\":\"https:\/\/modern-fluids.com\/termek\/hard-cut-525-light\/#primaryimage\",\"url\":\"https:\/\/modern-fluids.com\/wp-content\/uploads\/2025\/04\/HANGSTERFERS-HARD-CUT-525-FURO-VAGO-OLAJ.jpg\",\"contentUrl\":\"https:\/\/modern-fluids.com\/wp-content\/uploads\/2025\/04\/HANGSTERFERS-HARD-CUT-525-FURO-VAGO-OLAJ.jpg\",\"width\":1000,\"height\":1000},{\"@type\":\"BreadcrumbList\",\"@id\":\"https:\/\/modern-fluids.com\/termek\/hard-cut-525-light\/#breadcrumb\",\"itemListElement\":[{\"@type\":\"ListItem\",\"position\":1,\"name\":\"Home\",\"item\":\"https:\/\/modern-fluids.com\/\"},{\"@type\":\"ListItem\",\"position\":2,\"name\":\"Shop\",\"item\":\"https:\/\/modern-fluids.com\/uzlet\/\"},{\"@type\":\"ListItem\",\"position\":3,\"name\":\"Hard Cut 525 Light (f\u00far\u00f3 v\u00e1g\u00f3 \u00fcregel\u0151 v\u00e1g\u00f3olaj)\"}]},{\"@type\":\"WebSite\",\"@id\":\"https:\/\/modern-fluids.com\/#website\",\"url\":\"https:\/\/modern-fluids.com\/\",\"name\":\"Modern Fluids\",\"description\":\"\",\"potentialAction\":[{\"@type\":\"SearchAction\",\"target\":{\"@type\":\"EntryPoint\",\"urlTemplate\":\"https:\/\/modern-fluids.com\/?s={search_term_string}\"},\"query-input\":{\"@type\":\"PropertyValueSpecification\",\"valueRequired\":true,\"valueName\":\"search_term_string\"}}],\"inLanguage\":\"en-GB\"}]}<\/script>\n<!-- \/ Yoast SEO Premium plugin. -->","yoast_head_json":{"title":"Hard Cut 525 Light (f\u00far\u00f3 v\u00e1g\u00f3 \u00fcregel\u0151 v\u00e1g\u00f3olaj) - Modern Fluids","robots":{"index":"index","follow":"follow","max-snippet":"max-snippet:-1","max-image-preview":"max-image-preview:large","max-video-preview":"max-video-preview:-1"},"canonical":"https:\/\/modern-fluids.com\/en\/product\/hard-cut-525-light\/","og_locale":"en_GB","og_type":"article","og_title":"Hard Cut 525 Light (f\u00far\u00f3 v\u00e1g\u00f3 \u00fcregel\u0151 v\u00e1g\u00f3olaj)","og_description":"Hard-Cut sorozat \u2013 A legmagasabb min\u0151s\u00e9g\u0171 v\u00e1g\u00f3olajok A Hard-Cut sorozat a legkiv\u00e1l\u00f3bb min\u0151s\u00e9g\u0171 v\u00e1g\u00f3olajok k\u00f6z\u00e9 tartozik, amelyeket a sv\u00e1jci t\u00edpus\u00fa esztergag\u00e9pek ipar\u00e1gi vezet\u0151i is aj\u00e1nlanak.  A Hangsterfer\u2019s Hard-Cut 525 Light egy nagy ig\u00e9nybev\u00e9telre tervezett vegy\u00fclet, amely kiv\u00e1l\u00f3an alkalmazhat\u00f3 extr\u00e9m f\u00e9mv\u00e1g\u00e1si \u00e9s f\u00e9mform\u00e1z\u00e1si m\u0171veletekhez, biztos\u00edtva kiemelked\u0151 ken\u00e9st mind a szersz\u00e1mg\u00e9p, mind a v\u00e1g\u00e1si folyamat sz\u00e1m\u00e1ra.  Maxim\u00e1lis termel\u00e9kenys\u00e9g \u00e9s hosszabb g\u00e9p\u00e9lettartam A Hard-Cut olajok n\u00f6velik a termel\u00e9kenys\u00e9get \u00e9s a g\u00e9pek \u00e9lettartam\u00e1t, mik\u00f6zben biztons\u00e1gos, nem vesz\u00e9lyes formul\u00e1juknak k\u00f6sz\u00f6nhet\u0151en k\u00f6nnyen kezelhet\u0151k \u00e9s \u00e1rtalmatlan\u00edthat\u00f3k.  El\u0151ny\u00f6s v\u00e1laszt\u00e1s a cs\u00facstechnol\u00f3giai ipar\u00e1gak sz\u00e1m\u00e1ra A Hard-Cut sorozat az \u0171rtechnol\u00f3gia, az elektronikai \u00e9s az orvosi alkatr\u00e9szgy\u00e1rt\u00e1s egyik legjobb v\u00e1laszt\u00e1sa, ahol a prec\u00edzi\u00f3 \u00e9s a megb\u00edzhat\u00f3s\u00e1g alapk\u00f6vetelm\u00e9ny.","og_url":"https:\/\/modern-fluids.com\/en\/product\/hard-cut-525-light\/","og_site_name":"Modern Fluids","article_modified_time":"2025-06-18T14:50:26+00:00","og_image":[{"width":1000,"height":1000,"url":"https:\/\/modern-fluids.com\/wp-content\/uploads\/2025\/04\/HANGSTERFERS-HARD-CUT-525-FURO-VAGO-OLAJ.jpg","type":"image\/jpeg"}],"twitter_card":"summary_large_image","twitter_misc":{"Estimated reading time":"1 minute"},"schema":{"@context":"https:\/\/schema.org","@graph":[{"@type":"WebPage","@id":"https:\/\/modern-fluids.com\/termek\/hard-cut-525-light\/","url":"https:\/\/modern-fluids.com\/termek\/hard-cut-525-light\/","name":"Hard Cut 525 Light (f\u00far\u00f3 v\u00e1g\u00f3 \u00fcregel\u0151 v\u00e1g\u00f3olaj) - Modern Fluids","isPartOf":{"@id":"https:\/\/modern-fluids.com\/#website"},"primaryImageOfPage":{"@id":"https:\/\/modern-fluids.com\/termek\/hard-cut-525-light\/#primaryimage"},"image":{"@id":"https:\/\/modern-fluids.com\/termek\/hard-cut-525-light\/#primaryimage"},"thumbnailUrl":"https:\/\/modern-fluids.com\/wp-content\/uploads\/2025\/04\/HANGSTERFERS-HARD-CUT-525-FURO-VAGO-OLAJ.jpg","datePublished":"2025-04-11T13:27:35+00:00","dateModified":"2025-06-18T14:50:26+00:00","breadcrumb":{"@id":"https:\/\/modern-fluids.com\/termek\/hard-cut-525-light\/#breadcrumb"},"inLanguage":"en-GB","potentialAction":[{"@type":"ReadAction","target":["https:\/\/modern-fluids.com\/termek\/hard-cut-525-light\/"]}]},{"@type":"ImageObject","inLanguage":"en-GB","@id":"https:\/\/modern-fluids.com\/termek\/hard-cut-525-light\/#primaryimage","url":"https:\/\/modern-fluids.com\/wp-content\/uploads\/2025\/04\/HANGSTERFERS-HARD-CUT-525-FURO-VAGO-OLAJ.jpg","contentUrl":"https:\/\/modern-fluids.com\/wp-content\/uploads\/2025\/04\/HANGSTERFERS-HARD-CUT-525-FURO-VAGO-OLAJ.jpg","width":1000,"height":1000},{"@type":"BreadcrumbList","@id":"https:\/\/modern-fluids.com\/termek\/hard-cut-525-light\/#breadcrumb","itemListElement":[{"@type":"ListItem","position":1,"name":"Home","item":"https:\/\/modern-fluids.com\/"},{"@type":"ListItem","position":2,"name":"Shop","item":"https:\/\/modern-fluids.com\/uzlet\/"},{"@type":"ListItem","position":3,"name":"Hard Cut 525 Light (f\u00far\u00f3 v\u00e1g\u00f3 \u00fcregel\u0151 v\u00e1g\u00f3olaj)"}]},{"@type":"WebSite","@id":"https:\/\/modern-fluids.com\/#website","url":"https:\/\/modern-fluids.com\/","name":"Modern Fluids","description":"","potentialAction":[{"@type":"SearchAction","target":{"@type":"EntryPoint","urlTemplate":"https:\/\/modern-fluids.com\/?s={search_term_string}"},"query-input":{"@type":"PropertyValueSpecification","valueRequired":true,"valueName":"search_term_string"}}],"inLanguage":"en-GB"}]}},"_links":{"self":[{"href":"https:\/\/modern-fluids.com\/en\/wp-json\/wp\/v2\/product\/697","targetHints":{"allow":["GET"]}}],"collection":[{"href":"https:\/\/modern-fluids.com\/en\/wp-json\/wp\/v2\/product"}],"about":[{"href":"https:\/\/modern-fluids.com\/en\/wp-json\/wp\/v2\/types\/product"}],"replies":[{"embeddable":true,"href":"https:\/\/modern-fluids.com\/en\/wp-json\/wp\/v2\/comments?post=697"}],"wp:featuredmedia":[{"embeddable":true,"href":"https:\/\/modern-fluids.com\/en\/wp-json\/wp\/v2\/media\/859"}],"wp:attachment":[{"href":"https:\/\/modern-fluids.com\/en\/wp-json\/wp\/v2\/media?parent=697"}],"wp:term":[{"taxonomy":"product_brand","embeddable":true,"href":"https:\/\/modern-fluids.com\/en\/wp-json\/wp\/v2\/product_brand?post=697"},{"taxonomy":"product_cat","embeddable":true,"href":"https:\/\/modern-fluids.com\/en\/wp-json\/wp\/v2\/product_cat?post=697"},{"taxonomy":"product_tag","embeddable":true,"href":"https:\/\/modern-fluids.com\/en\/wp-json\/wp\/v2\/product_tag?post=697"}],"curies":[{"name":"wp","href":"https:\/\/api.w.org\/{rel}","templated":true}]}}