{"id":700,"date":"2025-04-11T15:27:35","date_gmt":"2025-04-11T13:27:35","guid":{"rendered":"https:\/\/modern-fluids.com\/termek\/antiwear-2-10-32-46-68-100-150-220\/"},"modified":"2025-06-16T14:15:37","modified_gmt":"2025-06-16T12:15:37","slug":"antiwear-2","status":"publish","type":"product","link":"https:\/\/modern-fluids.com\/en\/product\/antiwear-2\/","title":{"rendered":"Antiwear 2, 10, 32, 46, 68, 100, 150, 220 (Hydraulic\/Red oil)"},"content":{"rendered":"","protected":false},"excerpt":{"rendered":"<p>Hangsterfer's Antiwear Oils - Dual Function Machine Lubricants<br \/>\nHangsterfer's Antiwear Oils are dual-use lubricants that can be used for both hydraulic and spindle lubrication, eliminating the need to stock separate hydraulic and spindle oils.<\/p>\n<p>Superior performance and faster coolant cleaning<br \/>\nThey are not emulsifiable in water, so they will leach out of the coolant faster than lower quality products.<br \/>\nRapid precipitation facilitates the removal of foreign oils from the coolant by various methods, such as decantation, oil separation, coalescing filtration or centrifugation.<br \/>\nPremium quality and compliance with international standards<br \/>\nIt is made with high quality additives under strict quality control.<br \/>\nMeets or exceeds international standards for hydraulic and spindle oils.<br \/>\nAvailable in nine different viscosities that meet the lubricant viscosity requirements of ISO standards.<br \/>\nAll Hangsterfer's Antiwear oils meet or exceed Cincinnati Milacron P-68, P-69 and P-70 specifications.<br \/>\nHangsterfer's Antiwear oils provide long life, reliable lubrication and effective machine protection while reducing maintenance and operating costs.<\/p>","protected":false},"featured_media":861,"comment_status":"closed","ping_status":"closed","template":"","meta":[],"product_brand":[77],"product_cat":[78,90],"product_tag":[],"class_list":{"0":"post-700","1":"product","2":"type-product","3":"status-publish","4":"has-post-thumbnail","6":"product_brand-hangsterfers-laboratories-inc","7":"product_cat-hangsterfers","8":"product_cat-hidraulika-es-orsokenes","9":"pa_kiszereles-19l","10":"pa_kiszereles-209l","11":"pa_kiszereles-1045l","13":"first","14":"instock","15":"taxable","16":"shipping-taxable","17":"purchasable","18":"product-type-variable"},"yoast_head":"<!-- This site is optimized with the Yoast SEO Premium plugin v26.8 (Yoast SEO v26.8) - https:\/\/yoast.com\/product\/yoast-seo-premium-wordpress\/ -->\n<title>Antiwear 2, 10, 32, 46, 68, 100, 150, 220 (Hidraulika\/Ors\u00f3 olaj) - Modern Fluids<\/title>\n<meta name=\"robots\" content=\"index, follow, max-snippet:-1, max-image-preview:large, max-video-preview:-1\" \/>\n<link rel=\"canonical\" href=\"https:\/\/modern-fluids.com\/en\/product\/antiwear-2\/\" \/>\n<meta property=\"og:locale\" content=\"en_GB\" \/>\n<meta property=\"og:type\" content=\"article\" \/>\n<meta property=\"og:title\" content=\"Antiwear 2, 10, 32, 46, 68, 100, 150, 220 (Hidraulika\/Ors\u00f3 olaj)\" \/>\n<meta property=\"og:description\" content=\"Hangsterfer\u2019s Antiwear olajok \u2013 Kett\u0151s funkci\u00f3j\u00fa g\u00e9pken\u0151anyagok A Hangsterfer\u2019s Antiwear olajok olyan kett\u0151s felhaszn\u00e1l\u00e1s\u00fa g\u00e9pken\u0151anyagok, amelyek hidraulikus \u00e9s ors\u00f3ken\u00e9si c\u00e9lokra egyar\u00e1nt alkalmazhat\u00f3k, \u00edgy nincs sz\u00fcks\u00e9g k\u00fcl\u00f6n hidraulika- \u00e9s ors\u00f3olaj k\u00e9szletez\u00e9s\u00e9re.  Kiemelked\u0151 teljes\u00edtm\u00e9ny \u00e9s gyorsabb h\u0171t\u0151folyad\u00e9k-tiszt\u00edt\u00e1s Nem emulge\u00e1l\u00f3dnak v\u00edzben, \u00edgy gyorsabban kiv\u00e1lnak a h\u0171t\u0151folyad\u00e9kb\u00f3l, mint az alacsonyabb min\u0151s\u00e9g\u0171 term\u00e9kek. A gyors kiv\u00e1l\u00e1s megk\u00f6nny\u00edti az idegen olajok elt\u00e1vol\u00edt\u00e1s\u00e1t a h\u0171t\u0151folyad\u00e9kb\u00f3l k\u00fcl\u00f6nb\u00f6z\u0151 m\u00f3dszerekkel, p\u00e9ld\u00e1ul dekant\u00e1l\u00e1ssal, olajleszed\u00e9ssel, koaleszcens sz\u0171r\u00e9ssel vagy centrifug\u00e1l\u00e1ssal. Pr\u00e9mium min\u0151s\u00e9g \u00e9s nemzetk\u00f6zi szabv\u00e1nyoknak val\u00f3 megfelel\u00e9s Kiv\u00e1l\u00f3 min\u0151s\u00e9g\u0171 adal\u00e9kanyagokkal k\u00e9sz\u00fcl, szigor\u00fa min\u0151s\u00e9gellen\u0151rz\u00e9s mellett. Megfelel vagy t\u00falteljes\u00edti a hidraulika- \u00e9s ors\u00f3olajokra vonatkoz\u00f3 nemzetk\u00f6zi el\u0151\u00edr\u00e1sokat. Kilenc k\u00fcl\u00f6nb\u00f6z\u0151 viszkozit\u00e1sban \u00e9rhet\u0151 el, amelyek teljes\u00edtik az ISO szabv\u00e1nyok szerinti ken\u0151anyag-viszkozit\u00e1si k\u00f6vetelm\u00e9nyeket. Minden Hangsterfer\u2019s Antiwear olaj megfelel vagy meghaladja a Cincinnati Milacron P-68, P-69 \u00e9s P-70 specifik\u00e1ci\u00f3kat. A Hangsterfer\u2019s Antiwear olajok hossz\u00fa \u00e9lettartamot, megb\u00edzhat\u00f3 ken\u00e9st \u00e9s hat\u00e9kony g\u00e9pv\u00e9delmet biztos\u00edtanak, mik\u00f6zben cs\u00f6kkentik a karbantart\u00e1si \u00e9s \u00fczemeltet\u00e9si k\u00f6lts\u00e9geket.\" \/>\n<meta property=\"og:url\" content=\"https:\/\/modern-fluids.com\/en\/product\/antiwear-2\/\" \/>\n<meta property=\"og:site_name\" content=\"Modern Fluids\" \/>\n<meta property=\"article:modified_time\" content=\"2025-06-16T12:15:37+00:00\" \/>\n<meta property=\"og:image\" content=\"https:\/\/modern-fluids.com\/wp-content\/uploads\/2025\/04\/HANGSTERFERS-HORDO.jpg\" \/>\n\t<meta property=\"og:image:width\" content=\"1000\" \/>\n\t<meta property=\"og:image:height\" content=\"1000\" \/>\n\t<meta property=\"og:image:type\" content=\"image\/jpeg\" \/>\n<meta name=\"twitter:card\" content=\"summary_large_image\" \/>\n<meta name=\"twitter:label1\" content=\"Estimated reading time\" \/>\n\t<meta name=\"twitter:data1\" content=\"1 minute\" \/>\n<script type=\"application\/ld+json\" class=\"yoast-schema-graph\">{\"@context\":\"https:\/\/schema.org\",\"@graph\":[{\"@type\":\"WebPage\",\"@id\":\"https:\/\/modern-fluids.com\/termek\/antiwear-2\/\",\"url\":\"https:\/\/modern-fluids.com\/termek\/antiwear-2\/\",\"name\":\"Antiwear 2, 10, 32, 46, 68, 100, 150, 220 (Hidraulika\/Ors\u00f3 olaj) - Modern Fluids\",\"isPartOf\":{\"@id\":\"https:\/\/modern-fluids.com\/#website\"},\"primaryImageOfPage\":{\"@id\":\"https:\/\/modern-fluids.com\/termek\/antiwear-2\/#primaryimage\"},\"image\":{\"@id\":\"https:\/\/modern-fluids.com\/termek\/antiwear-2\/#primaryimage\"},\"thumbnailUrl\":\"https:\/\/modern-fluids.com\/wp-content\/uploads\/2025\/04\/HANGSTERFERS-HORDO.jpg\",\"datePublished\":\"2025-04-11T13:27:35+00:00\",\"dateModified\":\"2025-06-16T12:15:37+00:00\",\"breadcrumb\":{\"@id\":\"https:\/\/modern-fluids.com\/termek\/antiwear-2\/#breadcrumb\"},\"inLanguage\":\"en-GB\",\"potentialAction\":[{\"@type\":\"ReadAction\",\"target\":[\"https:\/\/modern-fluids.com\/termek\/antiwear-2\/\"]}]},{\"@type\":\"ImageObject\",\"inLanguage\":\"en-GB\",\"@id\":\"https:\/\/modern-fluids.com\/termek\/antiwear-2\/#primaryimage\",\"url\":\"https:\/\/modern-fluids.com\/wp-content\/uploads\/2025\/04\/HANGSTERFERS-HORDO.jpg\",\"contentUrl\":\"https:\/\/modern-fluids.com\/wp-content\/uploads\/2025\/04\/HANGSTERFERS-HORDO.jpg\",\"width\":1000,\"height\":1000},{\"@type\":\"BreadcrumbList\",\"@id\":\"https:\/\/modern-fluids.com\/termek\/antiwear-2\/#breadcrumb\",\"itemListElement\":[{\"@type\":\"ListItem\",\"position\":1,\"name\":\"Home\",\"item\":\"https:\/\/modern-fluids.com\/\"},{\"@type\":\"ListItem\",\"position\":2,\"name\":\"Shop\",\"item\":\"https:\/\/modern-fluids.com\/uzlet\/\"},{\"@type\":\"ListItem\",\"position\":3,\"name\":\"Antiwear 2, 10, 32, 46, 68, 100, 150, 220 (Hidraulika\/Ors\u00f3 olaj)\"}]},{\"@type\":\"WebSite\",\"@id\":\"https:\/\/modern-fluids.com\/#website\",\"url\":\"https:\/\/modern-fluids.com\/\",\"name\":\"Modern Fluids\",\"description\":\"\",\"potentialAction\":[{\"@type\":\"SearchAction\",\"target\":{\"@type\":\"EntryPoint\",\"urlTemplate\":\"https:\/\/modern-fluids.com\/?s={search_term_string}\"},\"query-input\":{\"@type\":\"PropertyValueSpecification\",\"valueRequired\":true,\"valueName\":\"search_term_string\"}}],\"inLanguage\":\"en-GB\"}]}<\/script>\n<!-- \/ Yoast SEO Premium plugin. -->","yoast_head_json":{"title":"Antiwear 2, 10, 32, 46, 68, 100, 150, 220 (Hidraulika\/Ors\u00f3 olaj) - Modern Fluids","robots":{"index":"index","follow":"follow","max-snippet":"max-snippet:-1","max-image-preview":"max-image-preview:large","max-video-preview":"max-video-preview:-1"},"canonical":"https:\/\/modern-fluids.com\/en\/product\/antiwear-2\/","og_locale":"en_GB","og_type":"article","og_title":"Antiwear 2, 10, 32, 46, 68, 100, 150, 220 (Hidraulika\/Ors\u00f3 olaj)","og_description":"Hangsterfer\u2019s Antiwear olajok \u2013 Kett\u0151s funkci\u00f3j\u00fa g\u00e9pken\u0151anyagok A Hangsterfer\u2019s Antiwear olajok olyan kett\u0151s felhaszn\u00e1l\u00e1s\u00fa g\u00e9pken\u0151anyagok, amelyek hidraulikus \u00e9s ors\u00f3ken\u00e9si c\u00e9lokra egyar\u00e1nt alkalmazhat\u00f3k, \u00edgy nincs sz\u00fcks\u00e9g k\u00fcl\u00f6n hidraulika- \u00e9s ors\u00f3olaj k\u00e9szletez\u00e9s\u00e9re.  Kiemelked\u0151 teljes\u00edtm\u00e9ny \u00e9s gyorsabb h\u0171t\u0151folyad\u00e9k-tiszt\u00edt\u00e1s Nem emulge\u00e1l\u00f3dnak v\u00edzben, \u00edgy gyorsabban kiv\u00e1lnak a h\u0171t\u0151folyad\u00e9kb\u00f3l, mint az alacsonyabb min\u0151s\u00e9g\u0171 term\u00e9kek. A gyors kiv\u00e1l\u00e1s megk\u00f6nny\u00edti az idegen olajok elt\u00e1vol\u00edt\u00e1s\u00e1t a h\u0171t\u0151folyad\u00e9kb\u00f3l k\u00fcl\u00f6nb\u00f6z\u0151 m\u00f3dszerekkel, p\u00e9ld\u00e1ul dekant\u00e1l\u00e1ssal, olajleszed\u00e9ssel, koaleszcens sz\u0171r\u00e9ssel vagy centrifug\u00e1l\u00e1ssal. Pr\u00e9mium min\u0151s\u00e9g \u00e9s nemzetk\u00f6zi szabv\u00e1nyoknak val\u00f3 megfelel\u00e9s Kiv\u00e1l\u00f3 min\u0151s\u00e9g\u0171 adal\u00e9kanyagokkal k\u00e9sz\u00fcl, szigor\u00fa min\u0151s\u00e9gellen\u0151rz\u00e9s mellett. Megfelel vagy t\u00falteljes\u00edti a hidraulika- \u00e9s ors\u00f3olajokra vonatkoz\u00f3 nemzetk\u00f6zi el\u0151\u00edr\u00e1sokat. Kilenc k\u00fcl\u00f6nb\u00f6z\u0151 viszkozit\u00e1sban \u00e9rhet\u0151 el, amelyek teljes\u00edtik az ISO szabv\u00e1nyok szerinti ken\u0151anyag-viszkozit\u00e1si k\u00f6vetelm\u00e9nyeket. Minden Hangsterfer\u2019s Antiwear olaj megfelel vagy meghaladja a Cincinnati Milacron P-68, P-69 \u00e9s P-70 specifik\u00e1ci\u00f3kat. A Hangsterfer\u2019s Antiwear olajok hossz\u00fa \u00e9lettartamot, megb\u00edzhat\u00f3 ken\u00e9st \u00e9s hat\u00e9kony g\u00e9pv\u00e9delmet biztos\u00edtanak, mik\u00f6zben cs\u00f6kkentik a karbantart\u00e1si \u00e9s \u00fczemeltet\u00e9si k\u00f6lts\u00e9geket.","og_url":"https:\/\/modern-fluids.com\/en\/product\/antiwear-2\/","og_site_name":"Modern Fluids","article_modified_time":"2025-06-16T12:15:37+00:00","og_image":[{"width":1000,"height":1000,"url":"https:\/\/modern-fluids.com\/wp-content\/uploads\/2025\/04\/HANGSTERFERS-HORDO.jpg","type":"image\/jpeg"}],"twitter_card":"summary_large_image","twitter_misc":{"Estimated reading time":"1 minute"},"schema":{"@context":"https:\/\/schema.org","@graph":[{"@type":"WebPage","@id":"https:\/\/modern-fluids.com\/termek\/antiwear-2\/","url":"https:\/\/modern-fluids.com\/termek\/antiwear-2\/","name":"Antiwear 2, 10, 32, 46, 68, 100, 150, 220 (Hidraulika\/Ors\u00f3 olaj) - Modern Fluids","isPartOf":{"@id":"https:\/\/modern-fluids.com\/#website"},"primaryImageOfPage":{"@id":"https:\/\/modern-fluids.com\/termek\/antiwear-2\/#primaryimage"},"image":{"@id":"https:\/\/modern-fluids.com\/termek\/antiwear-2\/#primaryimage"},"thumbnailUrl":"https:\/\/modern-fluids.com\/wp-content\/uploads\/2025\/04\/HANGSTERFERS-HORDO.jpg","datePublished":"2025-04-11T13:27:35+00:00","dateModified":"2025-06-16T12:15:37+00:00","breadcrumb":{"@id":"https:\/\/modern-fluids.com\/termek\/antiwear-2\/#breadcrumb"},"inLanguage":"en-GB","potentialAction":[{"@type":"ReadAction","target":["https:\/\/modern-fluids.com\/termek\/antiwear-2\/"]}]},{"@type":"ImageObject","inLanguage":"en-GB","@id":"https:\/\/modern-fluids.com\/termek\/antiwear-2\/#primaryimage","url":"https:\/\/modern-fluids.com\/wp-content\/uploads\/2025\/04\/HANGSTERFERS-HORDO.jpg","contentUrl":"https:\/\/modern-fluids.com\/wp-content\/uploads\/2025\/04\/HANGSTERFERS-HORDO.jpg","width":1000,"height":1000},{"@type":"BreadcrumbList","@id":"https:\/\/modern-fluids.com\/termek\/antiwear-2\/#breadcrumb","itemListElement":[{"@type":"ListItem","position":1,"name":"Home","item":"https:\/\/modern-fluids.com\/"},{"@type":"ListItem","position":2,"name":"Shop","item":"https:\/\/modern-fluids.com\/uzlet\/"},{"@type":"ListItem","position":3,"name":"Antiwear 2, 10, 32, 46, 68, 100, 150, 220 (Hidraulika\/Ors\u00f3 olaj)"}]},{"@type":"WebSite","@id":"https:\/\/modern-fluids.com\/#website","url":"https:\/\/modern-fluids.com\/","name":"Modern Fluids","description":"","potentialAction":[{"@type":"SearchAction","target":{"@type":"EntryPoint","urlTemplate":"https:\/\/modern-fluids.com\/?s={search_term_string}"},"query-input":{"@type":"PropertyValueSpecification","valueRequired":true,"valueName":"search_term_string"}}],"inLanguage":"en-GB"}]}},"_links":{"self":[{"href":"https:\/\/modern-fluids.com\/en\/wp-json\/wp\/v2\/product\/700","targetHints":{"allow":["GET"]}}],"collection":[{"href":"https:\/\/modern-fluids.com\/en\/wp-json\/wp\/v2\/product"}],"about":[{"href":"https:\/\/modern-fluids.com\/en\/wp-json\/wp\/v2\/types\/product"}],"replies":[{"embeddable":true,"href":"https:\/\/modern-fluids.com\/en\/wp-json\/wp\/v2\/comments?post=700"}],"wp:featuredmedia":[{"embeddable":true,"href":"https:\/\/modern-fluids.com\/en\/wp-json\/wp\/v2\/media\/861"}],"wp:attachment":[{"href":"https:\/\/modern-fluids.com\/en\/wp-json\/wp\/v2\/media?parent=700"}],"wp:term":[{"taxonomy":"product_brand","embeddable":true,"href":"https:\/\/modern-fluids.com\/en\/wp-json\/wp\/v2\/product_brand?post=700"},{"taxonomy":"product_cat","embeddable":true,"href":"https:\/\/modern-fluids.com\/en\/wp-json\/wp\/v2\/product_cat?post=700"},{"taxonomy":"product_tag","embeddable":true,"href":"https:\/\/modern-fluids.com\/en\/wp-json\/wp\/v2\/product_tag?post=700"}],"curies":[{"name":"wp","href":"https:\/\/api.w.org\/{rel}","templated":true}]}}