{"id":702,"date":"2025-04-11T15:27:35","date_gmt":"2025-04-11T13:27:35","guid":{"rendered":"https:\/\/modern-fluids.com\/termek\/clean-all\/"},"modified":"2025-06-16T14:15:37","modified_gmt":"2025-06-16T12:15:37","slug":"clean-all","status":"publish","type":"product","link":"https:\/\/modern-fluids.com\/en\/product\/clean-all\/","title":{"rendered":"Clean All (Aqueous base cleaner concentrate)"},"content":{"rendered":"","protected":false},"excerpt":{"rendered":"<p>Hangsterfer's Clean All - Versatile, water-dilutable cleaner<br \/>\nHangsterfer's Clean All is a water-dilutable cleaner designed for a wide range of cleaning applications.<\/p>\n<p>Clean All uses a unique three-component cleaning technology that includes:<\/p>\n<p>Oil-soluble detergents<br \/>\nWater soluble detergents<br \/>\nEmulsifiers<br \/>\nThese ingredients quickly remove dirt, oil, grease and other deposits while providing effective cleaning.<\/p>\n<p>Outstanding performance and protection<br \/>\nIts neutral pH value minimises the risk of staining or discolouration of surfaces.<br \/>\nIt contains anti-corrosion and anti-rust additives to provide maximum protection for metal surfaces.<br \/>\nA low foaming formula that is effective even in high temperature applications where other cleaning products can no longer be used.<br \/>\nMeets the most demanding technical cleaning requirements<br \/>\nClean All's chemical composition allows it to handle even the most complex cleaning tasks. Due to its strong solvent action, a preliminary test on sensitive materials is recommended before application to the entire surface.<\/p>\n<p>Clean All is an excellent choice for industrial and technical cleaning tasks, ensuring effective and safe cleaning in all applications.<\/p>","protected":false},"featured_media":861,"comment_status":"closed","ping_status":"closed","template":"","meta":[],"product_brand":[77],"product_cat":[78,92],"product_tag":[],"class_list":{"0":"post-702","1":"product","2":"type-product","3":"status-publish","4":"has-post-thumbnail","6":"product_brand-hangsterfers-laboratories-inc","7":"product_cat-hangsterfers","8":"product_cat-vizes-alapu-tisztitoszer-koncentratum","9":"pa_kiszereles-19l","10":"pa_kiszereles-209l","11":"pa_kiszereles-1045l","13":"first","14":"instock","15":"taxable","16":"shipping-taxable","17":"purchasable","18":"product-type-variable"},"yoast_head":"<!-- This site is optimized with the Yoast SEO Premium plugin v26.8 (Yoast SEO v26.8) - https:\/\/yoast.com\/product\/yoast-seo-premium-wordpress\/ -->\n<title>Clean All (Vizes alap tiszt\u00edt\u00f3szer koncentr\u00e1tum) - Modern Fluids<\/title>\n<meta name=\"robots\" content=\"index, follow, max-snippet:-1, max-image-preview:large, max-video-preview:-1\" \/>\n<link rel=\"canonical\" href=\"https:\/\/modern-fluids.com\/en\/product\/clean-all\/\" \/>\n<meta property=\"og:locale\" content=\"en_GB\" \/>\n<meta property=\"og:type\" content=\"article\" \/>\n<meta property=\"og:title\" content=\"Clean All (Vizes alap tiszt\u00edt\u00f3szer koncentr\u00e1tum)\" \/>\n<meta property=\"og:description\" content=\"Hangsterfer\u2019s Clean All \u2013 Sokoldal\u00fa, v\u00edzzel h\u00edg\u00edthat\u00f3 tiszt\u00edt\u00f3szer A Hangsterfer\u2019s Clean All egy v\u00edzzel h\u00edg\u00edthat\u00f3 tiszt\u00edt\u00f3szer, amely sz\u00e1mos tiszt\u00edt\u00e1si alkalmaz\u00e1sra lett kifejlesztve.  A Clean All egyedi, h\u00e1romkomponens\u0171 tiszt\u00edt\u00e1si technol\u00f3gi\u00e1t alkalmaz, amely mag\u00e1ban foglalja:  Olajban old\u00f3d\u00f3 detergenseket V\u00edzben old\u00f3d\u00f3 detergenseket Emulge\u00e1l\u00f3szereket Ezek az \u00f6sszetev\u0151k gyorsan elt\u00e1vol\u00edtj\u00e1k a szennyez\u0151d\u00e9seket, olajat, zs\u00edrt \u00e9s egy\u00e9b lerak\u00f3d\u00e1sokat, mik\u00f6zben hat\u00e9kony tiszt\u00edt\u00e1st biztos\u00edtanak.  Kiemelked\u0151 teljes\u00edtm\u00e9ny \u00e9s v\u00e9delem Semleges pH-\u00e9rt\u00e9ke minimaliz\u00e1lja a fel\u00fcletek foltosod\u00e1s\u00e1nak vagy elsz\u00ednez\u0151d\u00e9s\u00e9nek kock\u00e1zat\u00e1t. Korr\u00f3zi\u00f3- \u00e9s rozsdav\u00e9d\u0151 adal\u00e9kokat tartalmaz, \u00edgy maxim\u00e1lis v\u00e9delmet ny\u00fajt a f\u00e9mfel\u00fcletek sz\u00e1m\u00e1ra. Alacsony habz\u00e1s\u00fa formula, amely m\u00e9g magas h\u0151m\u00e9rs\u00e9klet\u0171 alkalmaz\u00e1sokban is hat\u00e9kony, ahol m\u00e1s tiszt\u00edt\u00f3szerek m\u00e1r nem haszn\u00e1lhat\u00f3k. Megfelel a legnehezebb technikai tiszt\u00edt\u00e1si k\u00f6vetelm\u00e9nyeknek A Clean All k\u00e9miai \u00f6sszet\u00e9tele lehet\u0151v\u00e9 teszi a leg\u00f6sszetettebb tiszt\u00edt\u00e1si feladatok elv\u00e9gz\u00e9s\u00e9t is. Er\u0151s old\u00f3szerhat\u00e1sa miatt aj\u00e1nlott el\u0151zetes pr\u00f3bateszt v\u00e9gz\u00e9se az \u00e9rz\u00e9keny anyagokon, miel\u0151tt teljes fel\u00fcleten alkalmazn\u00e1k.  A Clean All kiv\u00e1l\u00f3 v\u00e1laszt\u00e1s ipari \u00e9s technikai tiszt\u00edt\u00e1si feladatokhoz, biztos\u00edtva a hat\u00e9kony \u00e9s biztons\u00e1gos tiszt\u00edt\u00e1st minden alkalmaz\u00e1sban.\" \/>\n<meta property=\"og:url\" content=\"https:\/\/modern-fluids.com\/en\/product\/clean-all\/\" \/>\n<meta property=\"og:site_name\" content=\"Modern Fluids\" \/>\n<meta property=\"article:modified_time\" content=\"2025-06-16T12:15:37+00:00\" \/>\n<meta property=\"og:image\" content=\"https:\/\/modern-fluids.com\/wp-content\/uploads\/2025\/04\/HANGSTERFERS-HORDO.jpg\" \/>\n\t<meta property=\"og:image:width\" content=\"1000\" \/>\n\t<meta property=\"og:image:height\" content=\"1000\" \/>\n\t<meta property=\"og:image:type\" content=\"image\/jpeg\" \/>\n<meta name=\"twitter:card\" content=\"summary_large_image\" \/>\n<meta name=\"twitter:label1\" content=\"Estimated reading time\" \/>\n\t<meta name=\"twitter:data1\" content=\"1 minute\" \/>\n<script type=\"application\/ld+json\" class=\"yoast-schema-graph\">{\"@context\":\"https:\/\/schema.org\",\"@graph\":[{\"@type\":\"WebPage\",\"@id\":\"https:\/\/modern-fluids.com\/termek\/clean-all\/\",\"url\":\"https:\/\/modern-fluids.com\/termek\/clean-all\/\",\"name\":\"Clean All (Vizes alap tiszt\u00edt\u00f3szer koncentr\u00e1tum) - Modern Fluids\",\"isPartOf\":{\"@id\":\"https:\/\/modern-fluids.com\/#website\"},\"primaryImageOfPage\":{\"@id\":\"https:\/\/modern-fluids.com\/termek\/clean-all\/#primaryimage\"},\"image\":{\"@id\":\"https:\/\/modern-fluids.com\/termek\/clean-all\/#primaryimage\"},\"thumbnailUrl\":\"https:\/\/modern-fluids.com\/wp-content\/uploads\/2025\/04\/HANGSTERFERS-HORDO.jpg\",\"datePublished\":\"2025-04-11T13:27:35+00:00\",\"dateModified\":\"2025-06-16T12:15:37+00:00\",\"breadcrumb\":{\"@id\":\"https:\/\/modern-fluids.com\/termek\/clean-all\/#breadcrumb\"},\"inLanguage\":\"en-GB\",\"potentialAction\":[{\"@type\":\"ReadAction\",\"target\":[\"https:\/\/modern-fluids.com\/termek\/clean-all\/\"]}]},{\"@type\":\"ImageObject\",\"inLanguage\":\"en-GB\",\"@id\":\"https:\/\/modern-fluids.com\/termek\/clean-all\/#primaryimage\",\"url\":\"https:\/\/modern-fluids.com\/wp-content\/uploads\/2025\/04\/HANGSTERFERS-HORDO.jpg\",\"contentUrl\":\"https:\/\/modern-fluids.com\/wp-content\/uploads\/2025\/04\/HANGSTERFERS-HORDO.jpg\",\"width\":1000,\"height\":1000},{\"@type\":\"BreadcrumbList\",\"@id\":\"https:\/\/modern-fluids.com\/termek\/clean-all\/#breadcrumb\",\"itemListElement\":[{\"@type\":\"ListItem\",\"position\":1,\"name\":\"Home\",\"item\":\"https:\/\/modern-fluids.com\/\"},{\"@type\":\"ListItem\",\"position\":2,\"name\":\"Shop\",\"item\":\"https:\/\/modern-fluids.com\/uzlet\/\"},{\"@type\":\"ListItem\",\"position\":3,\"name\":\"Clean All (Vizes alap tiszt\u00edt\u00f3szer koncentr\u00e1tum)\"}]},{\"@type\":\"WebSite\",\"@id\":\"https:\/\/modern-fluids.com\/#website\",\"url\":\"https:\/\/modern-fluids.com\/\",\"name\":\"Modern Fluids\",\"description\":\"\",\"potentialAction\":[{\"@type\":\"SearchAction\",\"target\":{\"@type\":\"EntryPoint\",\"urlTemplate\":\"https:\/\/modern-fluids.com\/?s={search_term_string}\"},\"query-input\":{\"@type\":\"PropertyValueSpecification\",\"valueRequired\":true,\"valueName\":\"search_term_string\"}}],\"inLanguage\":\"en-GB\"}]}<\/script>\n<!-- \/ Yoast SEO Premium plugin. -->","yoast_head_json":{"title":"Clean All (Vizes alap tiszt\u00edt\u00f3szer koncentr\u00e1tum) - Modern Fluids","robots":{"index":"index","follow":"follow","max-snippet":"max-snippet:-1","max-image-preview":"max-image-preview:large","max-video-preview":"max-video-preview:-1"},"canonical":"https:\/\/modern-fluids.com\/en\/product\/clean-all\/","og_locale":"en_GB","og_type":"article","og_title":"Clean All (Vizes alap tiszt\u00edt\u00f3szer koncentr\u00e1tum)","og_description":"Hangsterfer\u2019s Clean All \u2013 Sokoldal\u00fa, v\u00edzzel h\u00edg\u00edthat\u00f3 tiszt\u00edt\u00f3szer A Hangsterfer\u2019s Clean All egy v\u00edzzel h\u00edg\u00edthat\u00f3 tiszt\u00edt\u00f3szer, amely sz\u00e1mos tiszt\u00edt\u00e1si alkalmaz\u00e1sra lett kifejlesztve.  A Clean All egyedi, h\u00e1romkomponens\u0171 tiszt\u00edt\u00e1si technol\u00f3gi\u00e1t alkalmaz, amely mag\u00e1ban foglalja:  Olajban old\u00f3d\u00f3 detergenseket V\u00edzben old\u00f3d\u00f3 detergenseket Emulge\u00e1l\u00f3szereket Ezek az \u00f6sszetev\u0151k gyorsan elt\u00e1vol\u00edtj\u00e1k a szennyez\u0151d\u00e9seket, olajat, zs\u00edrt \u00e9s egy\u00e9b lerak\u00f3d\u00e1sokat, mik\u00f6zben hat\u00e9kony tiszt\u00edt\u00e1st biztos\u00edtanak.  Kiemelked\u0151 teljes\u00edtm\u00e9ny \u00e9s v\u00e9delem Semleges pH-\u00e9rt\u00e9ke minimaliz\u00e1lja a fel\u00fcletek foltosod\u00e1s\u00e1nak vagy elsz\u00ednez\u0151d\u00e9s\u00e9nek kock\u00e1zat\u00e1t. Korr\u00f3zi\u00f3- \u00e9s rozsdav\u00e9d\u0151 adal\u00e9kokat tartalmaz, \u00edgy maxim\u00e1lis v\u00e9delmet ny\u00fajt a f\u00e9mfel\u00fcletek sz\u00e1m\u00e1ra. Alacsony habz\u00e1s\u00fa formula, amely m\u00e9g magas h\u0151m\u00e9rs\u00e9klet\u0171 alkalmaz\u00e1sokban is hat\u00e9kony, ahol m\u00e1s tiszt\u00edt\u00f3szerek m\u00e1r nem haszn\u00e1lhat\u00f3k. Megfelel a legnehezebb technikai tiszt\u00edt\u00e1si k\u00f6vetelm\u00e9nyeknek A Clean All k\u00e9miai \u00f6sszet\u00e9tele lehet\u0151v\u00e9 teszi a leg\u00f6sszetettebb tiszt\u00edt\u00e1si feladatok elv\u00e9gz\u00e9s\u00e9t is. Er\u0151s old\u00f3szerhat\u00e1sa miatt aj\u00e1nlott el\u0151zetes pr\u00f3bateszt v\u00e9gz\u00e9se az \u00e9rz\u00e9keny anyagokon, miel\u0151tt teljes fel\u00fcleten alkalmazn\u00e1k.  A Clean All kiv\u00e1l\u00f3 v\u00e1laszt\u00e1s ipari \u00e9s technikai tiszt\u00edt\u00e1si feladatokhoz, biztos\u00edtva a hat\u00e9kony \u00e9s biztons\u00e1gos tiszt\u00edt\u00e1st minden alkalmaz\u00e1sban.","og_url":"https:\/\/modern-fluids.com\/en\/product\/clean-all\/","og_site_name":"Modern Fluids","article_modified_time":"2025-06-16T12:15:37+00:00","og_image":[{"width":1000,"height":1000,"url":"https:\/\/modern-fluids.com\/wp-content\/uploads\/2025\/04\/HANGSTERFERS-HORDO.jpg","type":"image\/jpeg"}],"twitter_card":"summary_large_image","twitter_misc":{"Estimated reading time":"1 minute"},"schema":{"@context":"https:\/\/schema.org","@graph":[{"@type":"WebPage","@id":"https:\/\/modern-fluids.com\/termek\/clean-all\/","url":"https:\/\/modern-fluids.com\/termek\/clean-all\/","name":"Clean All (Vizes alap tiszt\u00edt\u00f3szer koncentr\u00e1tum) - Modern Fluids","isPartOf":{"@id":"https:\/\/modern-fluids.com\/#website"},"primaryImageOfPage":{"@id":"https:\/\/modern-fluids.com\/termek\/clean-all\/#primaryimage"},"image":{"@id":"https:\/\/modern-fluids.com\/termek\/clean-all\/#primaryimage"},"thumbnailUrl":"https:\/\/modern-fluids.com\/wp-content\/uploads\/2025\/04\/HANGSTERFERS-HORDO.jpg","datePublished":"2025-04-11T13:27:35+00:00","dateModified":"2025-06-16T12:15:37+00:00","breadcrumb":{"@id":"https:\/\/modern-fluids.com\/termek\/clean-all\/#breadcrumb"},"inLanguage":"en-GB","potentialAction":[{"@type":"ReadAction","target":["https:\/\/modern-fluids.com\/termek\/clean-all\/"]}]},{"@type":"ImageObject","inLanguage":"en-GB","@id":"https:\/\/modern-fluids.com\/termek\/clean-all\/#primaryimage","url":"https:\/\/modern-fluids.com\/wp-content\/uploads\/2025\/04\/HANGSTERFERS-HORDO.jpg","contentUrl":"https:\/\/modern-fluids.com\/wp-content\/uploads\/2025\/04\/HANGSTERFERS-HORDO.jpg","width":1000,"height":1000},{"@type":"BreadcrumbList","@id":"https:\/\/modern-fluids.com\/termek\/clean-all\/#breadcrumb","itemListElement":[{"@type":"ListItem","position":1,"name":"Home","item":"https:\/\/modern-fluids.com\/"},{"@type":"ListItem","position":2,"name":"Shop","item":"https:\/\/modern-fluids.com\/uzlet\/"},{"@type":"ListItem","position":3,"name":"Clean All (Vizes alap tiszt\u00edt\u00f3szer koncentr\u00e1tum)"}]},{"@type":"WebSite","@id":"https:\/\/modern-fluids.com\/#website","url":"https:\/\/modern-fluids.com\/","name":"Modern Fluids","description":"","potentialAction":[{"@type":"SearchAction","target":{"@type":"EntryPoint","urlTemplate":"https:\/\/modern-fluids.com\/?s={search_term_string}"},"query-input":{"@type":"PropertyValueSpecification","valueRequired":true,"valueName":"search_term_string"}}],"inLanguage":"en-GB"}]}},"_links":{"self":[{"href":"https:\/\/modern-fluids.com\/en\/wp-json\/wp\/v2\/product\/702","targetHints":{"allow":["GET"]}}],"collection":[{"href":"https:\/\/modern-fluids.com\/en\/wp-json\/wp\/v2\/product"}],"about":[{"href":"https:\/\/modern-fluids.com\/en\/wp-json\/wp\/v2\/types\/product"}],"replies":[{"embeddable":true,"href":"https:\/\/modern-fluids.com\/en\/wp-json\/wp\/v2\/comments?post=702"}],"wp:featuredmedia":[{"embeddable":true,"href":"https:\/\/modern-fluids.com\/en\/wp-json\/wp\/v2\/media\/861"}],"wp:attachment":[{"href":"https:\/\/modern-fluids.com\/en\/wp-json\/wp\/v2\/media?parent=702"}],"wp:term":[{"taxonomy":"product_brand","embeddable":true,"href":"https:\/\/modern-fluids.com\/en\/wp-json\/wp\/v2\/product_brand?post=702"},{"taxonomy":"product_cat","embeddable":true,"href":"https:\/\/modern-fluids.com\/en\/wp-json\/wp\/v2\/product_cat?post=702"},{"taxonomy":"product_tag","embeddable":true,"href":"https:\/\/modern-fluids.com\/en\/wp-json\/wp\/v2\/product_tag?post=702"}],"curies":[{"name":"wp","href":"https:\/\/api.w.org\/{rel}","templated":true}]}}