{"id":705,"date":"2025-04-11T15:27:38","date_gmt":"2025-04-11T13:27:38","guid":{"rendered":"https:\/\/modern-fluids.com\/termek\/h-710\/"},"modified":"2025-06-16T14:15:36","modified_gmt":"2025-06-16T12:15:36","slug":"h-710","status":"publish","type":"product","link":"https:\/\/modern-fluids.com\/en\/product\/h-710\/","title":{"rendered":"H-710 (Emulsion antifoaming additive)"},"content":{"rendered":"","protected":false},"excerpt":{"rendered":"<p>Antifoam H-710 - General antifoaming additive for Hangsterfer's water soluble oils<br \/>\nAntifoam H-710 is a general purpose antifoam additive specifically developed for Hangsterfer's water soluble oils.<\/p>\n<p>Outstanding features:<br \/>\nExcellent resistance to shear forces and degradation, so it remains effective over the long term.<br \/>\nAn extremely stable and resistant formula that prevents foaming even under heavy use.<br \/>\nUse only in minimum doses, as excessive dosing may lead to foam deposits.<br \/>\nAntifoam H-710 is an effective solution to prevent foam formation, ensuring the smooth operation of coolants.<\/p>","protected":false},"featured_media":861,"comment_status":"closed","ping_status":"closed","template":"","meta":[],"product_brand":[77],"product_cat":[96,78],"product_tag":[],"class_list":{"0":"post-705","1":"product","2":"type-product","3":"status-publish","4":"has-post-thumbnail","6":"product_brand-hangsterfers-laboratories-inc","7":"product_cat-habzasgatlo-adalek","8":"product_cat-hangsterfers","9":"pa_kiszereles-19l","10":"pa_kiszereles-209l","12":"first","13":"instock","14":"taxable","15":"shipping-taxable","16":"purchasable","17":"product-type-variable"},"yoast_head":"<!-- This site is optimized with the Yoast SEO Premium plugin v26.8 (Yoast SEO v26.8) - https:\/\/yoast.com\/product\/yoast-seo-premium-wordpress\/ -->\n<title>H-710 (Emulzi\u00f3 habz\u00e1sg\u00e1tl\u00f3 adal\u00e9k) - Modern Fluids<\/title>\n<meta name=\"robots\" content=\"index, follow, max-snippet:-1, max-image-preview:large, max-video-preview:-1\" \/>\n<link rel=\"canonical\" href=\"https:\/\/modern-fluids.com\/en\/product\/h-710\/\" \/>\n<meta property=\"og:locale\" content=\"en_GB\" \/>\n<meta property=\"og:type\" content=\"article\" \/>\n<meta property=\"og:title\" content=\"H-710 (Emulzi\u00f3 habz\u00e1sg\u00e1tl\u00f3 adal\u00e9k)\" \/>\n<meta property=\"og:description\" content=\"Antifoam H-710 \u2013 \u00c1ltal\u00e1nos habz\u00e1sg\u00e1tl\u00f3 adal\u00e9k Hangsterfer\u2019s v\u00edzben old\u00f3d\u00f3 olajokhoz Az Antifoam H-710 egy \u00e1ltal\u00e1nos c\u00e9l\u00fa habz\u00e1sg\u00e1tl\u00f3 adal\u00e9k, amelyet kifejezetten a Hangsterfer\u2019s v\u00edzben old\u00f3d\u00f3 olajaihoz fejlesztettek ki.  Kiemelked\u0151 tulajdons\u00e1gok: Kiv\u00e1l\u00f3 ellen\u00e1ll\u00e1s ny\u00edr\u00e1si er\u0151kkel \u00e9s leboml\u00e1ssal szemben, \u00edgy hossz\u00fa t\u00e1von hat\u00e9kony marad. Rendk\u00edv\u00fcl stabil \u00e9s ellen\u00e1ll\u00f3 formula, amely megakad\u00e1lyozza a habz\u00e1s kialakul\u00e1s\u00e1t m\u00e9g nagy ig\u00e9nybev\u00e9tel eset\u00e9n is. Csak minim\u00e1lis d\u00f3zisban sz\u00fcks\u00e9ges alkalmazni, mivel a t\u00falzott adagol\u00e1s habz\u00e1sg\u00e1tl\u00f3 lerak\u00f3d\u00e1sokhoz vezethet. Az Antifoam H-710 hat\u00e9kony megold\u00e1s a habk\u00e9pz\u0151d\u00e9s megel\u0151z\u00e9s\u00e9re, biztos\u00edtva a h\u0171t\u0151folyad\u00e9kok zavartalan m\u0171k\u00f6d\u00e9s\u00e9t.\" \/>\n<meta property=\"og:url\" content=\"https:\/\/modern-fluids.com\/en\/product\/h-710\/\" \/>\n<meta property=\"og:site_name\" content=\"Modern Fluids\" \/>\n<meta property=\"article:modified_time\" content=\"2025-06-16T12:15:36+00:00\" \/>\n<meta property=\"og:image\" content=\"https:\/\/modern-fluids.com\/wp-content\/uploads\/2025\/04\/HANGSTERFERS-HORDO.jpg\" \/>\n\t<meta property=\"og:image:width\" content=\"1000\" \/>\n\t<meta property=\"og:image:height\" content=\"1000\" \/>\n\t<meta property=\"og:image:type\" content=\"image\/jpeg\" \/>\n<meta name=\"twitter:card\" content=\"summary_large_image\" \/>\n<meta name=\"twitter:label1\" content=\"Estimated reading time\" \/>\n\t<meta name=\"twitter:data1\" content=\"1 minute\" \/>\n<script type=\"application\/ld+json\" class=\"yoast-schema-graph\">{\"@context\":\"https:\/\/schema.org\",\"@graph\":[{\"@type\":\"WebPage\",\"@id\":\"https:\/\/modern-fluids.com\/termek\/h-710\/\",\"url\":\"https:\/\/modern-fluids.com\/termek\/h-710\/\",\"name\":\"H-710 (Emulzi\u00f3 habz\u00e1sg\u00e1tl\u00f3 adal\u00e9k) - Modern Fluids\",\"isPartOf\":{\"@id\":\"https:\/\/modern-fluids.com\/#website\"},\"primaryImageOfPage\":{\"@id\":\"https:\/\/modern-fluids.com\/termek\/h-710\/#primaryimage\"},\"image\":{\"@id\":\"https:\/\/modern-fluids.com\/termek\/h-710\/#primaryimage\"},\"thumbnailUrl\":\"https:\/\/modern-fluids.com\/wp-content\/uploads\/2025\/04\/HANGSTERFERS-HORDO.jpg\",\"datePublished\":\"2025-04-11T13:27:38+00:00\",\"dateModified\":\"2025-06-16T12:15:36+00:00\",\"breadcrumb\":{\"@id\":\"https:\/\/modern-fluids.com\/termek\/h-710\/#breadcrumb\"},\"inLanguage\":\"en-GB\",\"potentialAction\":[{\"@type\":\"ReadAction\",\"target\":[\"https:\/\/modern-fluids.com\/termek\/h-710\/\"]}]},{\"@type\":\"ImageObject\",\"inLanguage\":\"en-GB\",\"@id\":\"https:\/\/modern-fluids.com\/termek\/h-710\/#primaryimage\",\"url\":\"https:\/\/modern-fluids.com\/wp-content\/uploads\/2025\/04\/HANGSTERFERS-HORDO.jpg\",\"contentUrl\":\"https:\/\/modern-fluids.com\/wp-content\/uploads\/2025\/04\/HANGSTERFERS-HORDO.jpg\",\"width\":1000,\"height\":1000},{\"@type\":\"BreadcrumbList\",\"@id\":\"https:\/\/modern-fluids.com\/termek\/h-710\/#breadcrumb\",\"itemListElement\":[{\"@type\":\"ListItem\",\"position\":1,\"name\":\"Home\",\"item\":\"https:\/\/modern-fluids.com\/\"},{\"@type\":\"ListItem\",\"position\":2,\"name\":\"Shop\",\"item\":\"https:\/\/modern-fluids.com\/uzlet\/\"},{\"@type\":\"ListItem\",\"position\":3,\"name\":\"H-710 (Emulzi\u00f3 habz\u00e1sg\u00e1tl\u00f3 adal\u00e9k)\"}]},{\"@type\":\"WebSite\",\"@id\":\"https:\/\/modern-fluids.com\/#website\",\"url\":\"https:\/\/modern-fluids.com\/\",\"name\":\"Modern Fluids\",\"description\":\"\",\"potentialAction\":[{\"@type\":\"SearchAction\",\"target\":{\"@type\":\"EntryPoint\",\"urlTemplate\":\"https:\/\/modern-fluids.com\/?s={search_term_string}\"},\"query-input\":{\"@type\":\"PropertyValueSpecification\",\"valueRequired\":true,\"valueName\":\"search_term_string\"}}],\"inLanguage\":\"en-GB\"}]}<\/script>\n<!-- \/ Yoast SEO Premium plugin. -->","yoast_head_json":{"title":"H-710 (Emulzi\u00f3 habz\u00e1sg\u00e1tl\u00f3 adal\u00e9k) - Modern Fluids","robots":{"index":"index","follow":"follow","max-snippet":"max-snippet:-1","max-image-preview":"max-image-preview:large","max-video-preview":"max-video-preview:-1"},"canonical":"https:\/\/modern-fluids.com\/en\/product\/h-710\/","og_locale":"en_GB","og_type":"article","og_title":"H-710 (Emulzi\u00f3 habz\u00e1sg\u00e1tl\u00f3 adal\u00e9k)","og_description":"Antifoam H-710 \u2013 \u00c1ltal\u00e1nos habz\u00e1sg\u00e1tl\u00f3 adal\u00e9k Hangsterfer\u2019s v\u00edzben old\u00f3d\u00f3 olajokhoz Az Antifoam H-710 egy \u00e1ltal\u00e1nos c\u00e9l\u00fa habz\u00e1sg\u00e1tl\u00f3 adal\u00e9k, amelyet kifejezetten a Hangsterfer\u2019s v\u00edzben old\u00f3d\u00f3 olajaihoz fejlesztettek ki.  Kiemelked\u0151 tulajdons\u00e1gok: Kiv\u00e1l\u00f3 ellen\u00e1ll\u00e1s ny\u00edr\u00e1si er\u0151kkel \u00e9s leboml\u00e1ssal szemben, \u00edgy hossz\u00fa t\u00e1von hat\u00e9kony marad. Rendk\u00edv\u00fcl stabil \u00e9s ellen\u00e1ll\u00f3 formula, amely megakad\u00e1lyozza a habz\u00e1s kialakul\u00e1s\u00e1t m\u00e9g nagy ig\u00e9nybev\u00e9tel eset\u00e9n is. Csak minim\u00e1lis d\u00f3zisban sz\u00fcks\u00e9ges alkalmazni, mivel a t\u00falzott adagol\u00e1s habz\u00e1sg\u00e1tl\u00f3 lerak\u00f3d\u00e1sokhoz vezethet. Az Antifoam H-710 hat\u00e9kony megold\u00e1s a habk\u00e9pz\u0151d\u00e9s megel\u0151z\u00e9s\u00e9re, biztos\u00edtva a h\u0171t\u0151folyad\u00e9kok zavartalan m\u0171k\u00f6d\u00e9s\u00e9t.","og_url":"https:\/\/modern-fluids.com\/en\/product\/h-710\/","og_site_name":"Modern Fluids","article_modified_time":"2025-06-16T12:15:36+00:00","og_image":[{"width":1000,"height":1000,"url":"https:\/\/modern-fluids.com\/wp-content\/uploads\/2025\/04\/HANGSTERFERS-HORDO.jpg","type":"image\/jpeg"}],"twitter_card":"summary_large_image","twitter_misc":{"Estimated reading time":"1 minute"},"schema":{"@context":"https:\/\/schema.org","@graph":[{"@type":"WebPage","@id":"https:\/\/modern-fluids.com\/termek\/h-710\/","url":"https:\/\/modern-fluids.com\/termek\/h-710\/","name":"H-710 (Emulzi\u00f3 habz\u00e1sg\u00e1tl\u00f3 adal\u00e9k) - Modern Fluids","isPartOf":{"@id":"https:\/\/modern-fluids.com\/#website"},"primaryImageOfPage":{"@id":"https:\/\/modern-fluids.com\/termek\/h-710\/#primaryimage"},"image":{"@id":"https:\/\/modern-fluids.com\/termek\/h-710\/#primaryimage"},"thumbnailUrl":"https:\/\/modern-fluids.com\/wp-content\/uploads\/2025\/04\/HANGSTERFERS-HORDO.jpg","datePublished":"2025-04-11T13:27:38+00:00","dateModified":"2025-06-16T12:15:36+00:00","breadcrumb":{"@id":"https:\/\/modern-fluids.com\/termek\/h-710\/#breadcrumb"},"inLanguage":"en-GB","potentialAction":[{"@type":"ReadAction","target":["https:\/\/modern-fluids.com\/termek\/h-710\/"]}]},{"@type":"ImageObject","inLanguage":"en-GB","@id":"https:\/\/modern-fluids.com\/termek\/h-710\/#primaryimage","url":"https:\/\/modern-fluids.com\/wp-content\/uploads\/2025\/04\/HANGSTERFERS-HORDO.jpg","contentUrl":"https:\/\/modern-fluids.com\/wp-content\/uploads\/2025\/04\/HANGSTERFERS-HORDO.jpg","width":1000,"height":1000},{"@type":"BreadcrumbList","@id":"https:\/\/modern-fluids.com\/termek\/h-710\/#breadcrumb","itemListElement":[{"@type":"ListItem","position":1,"name":"Home","item":"https:\/\/modern-fluids.com\/"},{"@type":"ListItem","position":2,"name":"Shop","item":"https:\/\/modern-fluids.com\/uzlet\/"},{"@type":"ListItem","position":3,"name":"H-710 (Emulzi\u00f3 habz\u00e1sg\u00e1tl\u00f3 adal\u00e9k)"}]},{"@type":"WebSite","@id":"https:\/\/modern-fluids.com\/#website","url":"https:\/\/modern-fluids.com\/","name":"Modern Fluids","description":"","potentialAction":[{"@type":"SearchAction","target":{"@type":"EntryPoint","urlTemplate":"https:\/\/modern-fluids.com\/?s={search_term_string}"},"query-input":{"@type":"PropertyValueSpecification","valueRequired":true,"valueName":"search_term_string"}}],"inLanguage":"en-GB"}]}},"_links":{"self":[{"href":"https:\/\/modern-fluids.com\/en\/wp-json\/wp\/v2\/product\/705","targetHints":{"allow":["GET"]}}],"collection":[{"href":"https:\/\/modern-fluids.com\/en\/wp-json\/wp\/v2\/product"}],"about":[{"href":"https:\/\/modern-fluids.com\/en\/wp-json\/wp\/v2\/types\/product"}],"replies":[{"embeddable":true,"href":"https:\/\/modern-fluids.com\/en\/wp-json\/wp\/v2\/comments?post=705"}],"wp:featuredmedia":[{"embeddable":true,"href":"https:\/\/modern-fluids.com\/en\/wp-json\/wp\/v2\/media\/861"}],"wp:attachment":[{"href":"https:\/\/modern-fluids.com\/en\/wp-json\/wp\/v2\/media?parent=705"}],"wp:term":[{"taxonomy":"product_brand","embeddable":true,"href":"https:\/\/modern-fluids.com\/en\/wp-json\/wp\/v2\/product_brand?post=705"},{"taxonomy":"product_cat","embeddable":true,"href":"https:\/\/modern-fluids.com\/en\/wp-json\/wp\/v2\/product_cat?post=705"},{"taxonomy":"product_tag","embeddable":true,"href":"https:\/\/modern-fluids.com\/en\/wp-json\/wp\/v2\/product_tag?post=705"}],"curies":[{"name":"wp","href":"https:\/\/api.w.org\/{rel}","templated":true}]}}