{"id":710,"date":"2025-04-11T15:27:38","date_gmt":"2025-04-11T13:27:38","guid":{"rendered":"https:\/\/modern-fluids.com\/termek\/aldraw-j-50\/"},"modified":"2025-06-16T14:15:36","modified_gmt":"2025-06-16T12:15:36","slug":"aldraw-j-50","status":"publish","type":"product","link":"https:\/\/modern-fluids.com\/en\/product\/aldraw-j-50\/","title":{"rendered":"Aldraw J-50 (traction oil)"},"content":{"rendered":"","protected":false},"excerpt":{"rendered":"<p>Hangsterfer's Aldraw series - High performance lubricants for metal forming and machining<br \/>\nHangsterfer's Aldraw range offers high quality lubricants for a wide range of metal forming and fabrication applications, from carbon steel stamping and cutting to high nickel pipe drawing.<\/p>\n<p>Key benefits:<br \/>\nIt extends the life of the tool, reducing wear and maintenance costs.<br \/>\nImproves surface quality, resulting in a smoother and more even workpiece.<br \/>\nIt reduces the amount of waste material, making the production process more economical.<br \/>\nSafe and easy to use formula<br \/>\nA non-hazardous formulation that provides a safer working environment.<br \/>\nEasy to dispose of, complies with environmental regulations.<br \/>\nHangsterfer's Aldraw series is the ideal choice for all metal forming operations where superior lubrication performance, longer tool life and better workpiece quality are required.<\/p>","protected":false},"featured_media":861,"comment_status":"closed","ping_status":"closed","template":"","meta":[],"product_brand":[77],"product_cat":[99,78],"product_tag":[],"class_list":{"0":"post-710","1":"product","2":"type-product","3":"status-publish","4":"has-post-thumbnail","6":"product_brand-hangsterfers-laboratories-inc","7":"product_cat-femalakito-vegyuletek","8":"product_cat-hangsterfers","9":"pa_kiszereles-19l","10":"pa_kiszereles-209l","11":"pa_kiszereles-1045l","13":"first","14":"instock","15":"taxable","16":"shipping-taxable","17":"purchasable","18":"product-type-variable"},"yoast_head":"<!-- This site is optimized with the Yoast SEO Premium plugin v26.8 (Yoast SEO v26.8) - https:\/\/yoast.com\/product\/yoast-seo-premium-wordpress\/ -->\n<title>Aldraw J-50 (H\u00faz\u00f3olaj) - Modern Fluids<\/title>\n<meta name=\"robots\" content=\"index, follow, max-snippet:-1, max-image-preview:large, max-video-preview:-1\" \/>\n<link rel=\"canonical\" href=\"https:\/\/modern-fluids.com\/en\/product\/aldraw-j-50\/\" \/>\n<meta property=\"og:locale\" content=\"en_GB\" \/>\n<meta property=\"og:type\" content=\"article\" \/>\n<meta property=\"og:title\" content=\"Aldraw J-50 (H\u00faz\u00f3olaj)\" \/>\n<meta property=\"og:description\" content=\"Hangsterfer\u2019s Aldraw sorozat \u2013 Nagy teljes\u00edtm\u00e9ny\u0171 ken\u0151anyagok f\u00e9mform\u00e1z\u00e1shoz \u00e9s megmunk\u00e1l\u00e1shoz A Hangsterfer\u2019s Aldraw sorozat kiv\u00e1l\u00f3 min\u0151s\u00e9g\u0171 ken\u0151anyagokat k\u00edn\u00e1l sz\u00e9lesk\u00f6r\u0171 f\u00e9mform\u00e1z\u00e1si \u00e9s gy\u00e1rt\u00e1si alkalmaz\u00e1sokhoz, a sz\u00e9nac\u00e9l sajtol\u00e1s\u00e1t\u00f3l \u00e9s kiv\u00e1g\u00e1s\u00e1t\u00f3l kezdve a magas nikkeltartalm\u00fa cs\u00f6vek h\u00faz\u00e1s\u00e1ig.  F\u0151bb el\u0151ny\u00f6k: Meghosszabb\u00edtja a szersz\u00e1m \u00e9lettartam\u00e1t, cs\u00f6kkentve a kop\u00e1st \u00e9s a karbantart\u00e1si k\u00f6lts\u00e9geket. Jav\u00edtja a fel\u00fcleti min\u0151s\u00e9get, sim\u00e1bb \u00e9s egyenletesebb munkadarabot eredm\u00e9nyezve. Cs\u00f6kkenti a hullad\u00e9kanyag mennyis\u00e9g\u00e9t, \u00edgy gazdas\u00e1gosabb\u00e1 teszi a gy\u00e1rt\u00e1si folyamatot. Biztons\u00e1gos \u00e9s k\u00f6nnyen kezelhet\u0151 formula Nem vesz\u00e9lyes \u00f6sszet\u00e9tel, amely biztons\u00e1gosabb munkak\u00f6rnyezetet biztos\u00edt. K\u00f6nnyen \u00e1rtalmatlan\u00edthat\u00f3, megfelel a k\u00f6rnyezetv\u00e9delmi el\u0151\u00edr\u00e1soknak. A Hangsterfer\u2019s Aldraw sorozat ide\u00e1lis v\u00e1laszt\u00e1s minden olyan f\u00e9mform\u00e1z\u00e1si m\u0171velethez, ahol kiemelked\u0151 ken\u00e9si teljes\u00edtm\u00e9nyre, hosszabb szersz\u00e1m\u00e9lettartamra \u00e9s jobb munkadarab-min\u0151s\u00e9gre van sz\u00fcks\u00e9g.\" \/>\n<meta property=\"og:url\" content=\"https:\/\/modern-fluids.com\/en\/product\/aldraw-j-50\/\" \/>\n<meta property=\"og:site_name\" content=\"Modern Fluids\" \/>\n<meta property=\"article:modified_time\" content=\"2025-06-16T12:15:36+00:00\" \/>\n<meta property=\"og:image\" content=\"https:\/\/modern-fluids.com\/wp-content\/uploads\/2025\/04\/HANGSTERFERS-HORDO.jpg\" \/>\n\t<meta property=\"og:image:width\" content=\"1000\" \/>\n\t<meta property=\"og:image:height\" content=\"1000\" \/>\n\t<meta property=\"og:image:type\" content=\"image\/jpeg\" \/>\n<meta name=\"twitter:card\" content=\"summary_large_image\" \/>\n<meta name=\"twitter:label1\" content=\"Estimated reading time\" \/>\n\t<meta name=\"twitter:data1\" content=\"1 minute\" \/>\n<script type=\"application\/ld+json\" class=\"yoast-schema-graph\">{\"@context\":\"https:\/\/schema.org\",\"@graph\":[{\"@type\":\"WebPage\",\"@id\":\"https:\/\/modern-fluids.com\/termek\/aldraw-j-50\/\",\"url\":\"https:\/\/modern-fluids.com\/termek\/aldraw-j-50\/\",\"name\":\"Aldraw J-50 (H\u00faz\u00f3olaj) - Modern Fluids\",\"isPartOf\":{\"@id\":\"https:\/\/modern-fluids.com\/#website\"},\"primaryImageOfPage\":{\"@id\":\"https:\/\/modern-fluids.com\/termek\/aldraw-j-50\/#primaryimage\"},\"image\":{\"@id\":\"https:\/\/modern-fluids.com\/termek\/aldraw-j-50\/#primaryimage\"},\"thumbnailUrl\":\"https:\/\/modern-fluids.com\/wp-content\/uploads\/2025\/04\/HANGSTERFERS-HORDO.jpg\",\"datePublished\":\"2025-04-11T13:27:38+00:00\",\"dateModified\":\"2025-06-16T12:15:36+00:00\",\"breadcrumb\":{\"@id\":\"https:\/\/modern-fluids.com\/termek\/aldraw-j-50\/#breadcrumb\"},\"inLanguage\":\"en-GB\",\"potentialAction\":[{\"@type\":\"ReadAction\",\"target\":[\"https:\/\/modern-fluids.com\/termek\/aldraw-j-50\/\"]}]},{\"@type\":\"ImageObject\",\"inLanguage\":\"en-GB\",\"@id\":\"https:\/\/modern-fluids.com\/termek\/aldraw-j-50\/#primaryimage\",\"url\":\"https:\/\/modern-fluids.com\/wp-content\/uploads\/2025\/04\/HANGSTERFERS-HORDO.jpg\",\"contentUrl\":\"https:\/\/modern-fluids.com\/wp-content\/uploads\/2025\/04\/HANGSTERFERS-HORDO.jpg\",\"width\":1000,\"height\":1000},{\"@type\":\"BreadcrumbList\",\"@id\":\"https:\/\/modern-fluids.com\/termek\/aldraw-j-50\/#breadcrumb\",\"itemListElement\":[{\"@type\":\"ListItem\",\"position\":1,\"name\":\"Home\",\"item\":\"https:\/\/modern-fluids.com\/\"},{\"@type\":\"ListItem\",\"position\":2,\"name\":\"Shop\",\"item\":\"https:\/\/modern-fluids.com\/uzlet\/\"},{\"@type\":\"ListItem\",\"position\":3,\"name\":\"Aldraw J-50 (H\u00faz\u00f3olaj)\"}]},{\"@type\":\"WebSite\",\"@id\":\"https:\/\/modern-fluids.com\/#website\",\"url\":\"https:\/\/modern-fluids.com\/\",\"name\":\"Modern Fluids\",\"description\":\"\",\"potentialAction\":[{\"@type\":\"SearchAction\",\"target\":{\"@type\":\"EntryPoint\",\"urlTemplate\":\"https:\/\/modern-fluids.com\/?s={search_term_string}\"},\"query-input\":{\"@type\":\"PropertyValueSpecification\",\"valueRequired\":true,\"valueName\":\"search_term_string\"}}],\"inLanguage\":\"en-GB\"}]}<\/script>\n<!-- \/ Yoast SEO Premium plugin. -->","yoast_head_json":{"title":"Aldraw J-50 (H\u00faz\u00f3olaj) - Modern Fluids","robots":{"index":"index","follow":"follow","max-snippet":"max-snippet:-1","max-image-preview":"max-image-preview:large","max-video-preview":"max-video-preview:-1"},"canonical":"https:\/\/modern-fluids.com\/en\/product\/aldraw-j-50\/","og_locale":"en_GB","og_type":"article","og_title":"Aldraw J-50 (H\u00faz\u00f3olaj)","og_description":"Hangsterfer\u2019s Aldraw sorozat \u2013 Nagy teljes\u00edtm\u00e9ny\u0171 ken\u0151anyagok f\u00e9mform\u00e1z\u00e1shoz \u00e9s megmunk\u00e1l\u00e1shoz A Hangsterfer\u2019s Aldraw sorozat kiv\u00e1l\u00f3 min\u0151s\u00e9g\u0171 ken\u0151anyagokat k\u00edn\u00e1l sz\u00e9lesk\u00f6r\u0171 f\u00e9mform\u00e1z\u00e1si \u00e9s gy\u00e1rt\u00e1si alkalmaz\u00e1sokhoz, a sz\u00e9nac\u00e9l sajtol\u00e1s\u00e1t\u00f3l \u00e9s kiv\u00e1g\u00e1s\u00e1t\u00f3l kezdve a magas nikkeltartalm\u00fa cs\u00f6vek h\u00faz\u00e1s\u00e1ig.  F\u0151bb el\u0151ny\u00f6k: Meghosszabb\u00edtja a szersz\u00e1m \u00e9lettartam\u00e1t, cs\u00f6kkentve a kop\u00e1st \u00e9s a karbantart\u00e1si k\u00f6lts\u00e9geket. Jav\u00edtja a fel\u00fcleti min\u0151s\u00e9get, sim\u00e1bb \u00e9s egyenletesebb munkadarabot eredm\u00e9nyezve. Cs\u00f6kkenti a hullad\u00e9kanyag mennyis\u00e9g\u00e9t, \u00edgy gazdas\u00e1gosabb\u00e1 teszi a gy\u00e1rt\u00e1si folyamatot. Biztons\u00e1gos \u00e9s k\u00f6nnyen kezelhet\u0151 formula Nem vesz\u00e9lyes \u00f6sszet\u00e9tel, amely biztons\u00e1gosabb munkak\u00f6rnyezetet biztos\u00edt. K\u00f6nnyen \u00e1rtalmatlan\u00edthat\u00f3, megfelel a k\u00f6rnyezetv\u00e9delmi el\u0151\u00edr\u00e1soknak. A Hangsterfer\u2019s Aldraw sorozat ide\u00e1lis v\u00e1laszt\u00e1s minden olyan f\u00e9mform\u00e1z\u00e1si m\u0171velethez, ahol kiemelked\u0151 ken\u00e9si teljes\u00edtm\u00e9nyre, hosszabb szersz\u00e1m\u00e9lettartamra \u00e9s jobb munkadarab-min\u0151s\u00e9gre van sz\u00fcks\u00e9g.","og_url":"https:\/\/modern-fluids.com\/en\/product\/aldraw-j-50\/","og_site_name":"Modern Fluids","article_modified_time":"2025-06-16T12:15:36+00:00","og_image":[{"width":1000,"height":1000,"url":"https:\/\/modern-fluids.com\/wp-content\/uploads\/2025\/04\/HANGSTERFERS-HORDO.jpg","type":"image\/jpeg"}],"twitter_card":"summary_large_image","twitter_misc":{"Estimated reading time":"1 minute"},"schema":{"@context":"https:\/\/schema.org","@graph":[{"@type":"WebPage","@id":"https:\/\/modern-fluids.com\/termek\/aldraw-j-50\/","url":"https:\/\/modern-fluids.com\/termek\/aldraw-j-50\/","name":"Aldraw J-50 (H\u00faz\u00f3olaj) - Modern Fluids","isPartOf":{"@id":"https:\/\/modern-fluids.com\/#website"},"primaryImageOfPage":{"@id":"https:\/\/modern-fluids.com\/termek\/aldraw-j-50\/#primaryimage"},"image":{"@id":"https:\/\/modern-fluids.com\/termek\/aldraw-j-50\/#primaryimage"},"thumbnailUrl":"https:\/\/modern-fluids.com\/wp-content\/uploads\/2025\/04\/HANGSTERFERS-HORDO.jpg","datePublished":"2025-04-11T13:27:38+00:00","dateModified":"2025-06-16T12:15:36+00:00","breadcrumb":{"@id":"https:\/\/modern-fluids.com\/termek\/aldraw-j-50\/#breadcrumb"},"inLanguage":"en-GB","potentialAction":[{"@type":"ReadAction","target":["https:\/\/modern-fluids.com\/termek\/aldraw-j-50\/"]}]},{"@type":"ImageObject","inLanguage":"en-GB","@id":"https:\/\/modern-fluids.com\/termek\/aldraw-j-50\/#primaryimage","url":"https:\/\/modern-fluids.com\/wp-content\/uploads\/2025\/04\/HANGSTERFERS-HORDO.jpg","contentUrl":"https:\/\/modern-fluids.com\/wp-content\/uploads\/2025\/04\/HANGSTERFERS-HORDO.jpg","width":1000,"height":1000},{"@type":"BreadcrumbList","@id":"https:\/\/modern-fluids.com\/termek\/aldraw-j-50\/#breadcrumb","itemListElement":[{"@type":"ListItem","position":1,"name":"Home","item":"https:\/\/modern-fluids.com\/"},{"@type":"ListItem","position":2,"name":"Shop","item":"https:\/\/modern-fluids.com\/uzlet\/"},{"@type":"ListItem","position":3,"name":"Aldraw J-50 (H\u00faz\u00f3olaj)"}]},{"@type":"WebSite","@id":"https:\/\/modern-fluids.com\/#website","url":"https:\/\/modern-fluids.com\/","name":"Modern Fluids","description":"","potentialAction":[{"@type":"SearchAction","target":{"@type":"EntryPoint","urlTemplate":"https:\/\/modern-fluids.com\/?s={search_term_string}"},"query-input":{"@type":"PropertyValueSpecification","valueRequired":true,"valueName":"search_term_string"}}],"inLanguage":"en-GB"}]}},"_links":{"self":[{"href":"https:\/\/modern-fluids.com\/en\/wp-json\/wp\/v2\/product\/710","targetHints":{"allow":["GET"]}}],"collection":[{"href":"https:\/\/modern-fluids.com\/en\/wp-json\/wp\/v2\/product"}],"about":[{"href":"https:\/\/modern-fluids.com\/en\/wp-json\/wp\/v2\/types\/product"}],"replies":[{"embeddable":true,"href":"https:\/\/modern-fluids.com\/en\/wp-json\/wp\/v2\/comments?post=710"}],"wp:featuredmedia":[{"embeddable":true,"href":"https:\/\/modern-fluids.com\/en\/wp-json\/wp\/v2\/media\/861"}],"wp:attachment":[{"href":"https:\/\/modern-fluids.com\/en\/wp-json\/wp\/v2\/media?parent=710"}],"wp:term":[{"taxonomy":"product_brand","embeddable":true,"href":"https:\/\/modern-fluids.com\/en\/wp-json\/wp\/v2\/product_brand?post=710"},{"taxonomy":"product_cat","embeddable":true,"href":"https:\/\/modern-fluids.com\/en\/wp-json\/wp\/v2\/product_cat?post=710"},{"taxonomy":"product_tag","embeddable":true,"href":"https:\/\/modern-fluids.com\/en\/wp-json\/wp\/v2\/product_tag?post=710"}],"curies":[{"name":"wp","href":"https:\/\/api.w.org\/{rel}","templated":true}]}}