{"id":711,"date":"2025-04-11T15:27:38","date_gmt":"2025-04-11T13:27:38","guid":{"rendered":"https:\/\/modern-fluids.com\/termek\/supreme-coat-plus\/"},"modified":"2025-06-16T14:15:36","modified_gmt":"2025-06-16T12:15:36","slug":"supreme-coat-plus","status":"publish","type":"product","link":"https:\/\/modern-fluids.com\/en\/product\/supreme-coat-plus\/","title":{"rendered":"Supreme Coat Plus (corrosion inhibitor)"},"content":{"rendered":"","protected":false},"excerpt":{"rendered":"<p>Hangsterfer's Supreme Coat Plus - Long-term corrosion protection<br \/>\nHangsterfer's Supreme Coat Plus provides excellent long-term corrosion protection for parts between machining operations and prior to assembly.<\/p>\n<p>Outstanding features and benefits:<br \/>\nLow viscosity and cleaning action, making it ideal for protecting machine tools against rapid rusting after cleaning.<br \/>\nOutstanding corrosion resistance, outperforming all leading brands in the following tests:<br \/>\nASTM B117 salt spray test<br \/>\nASTM D1384 multi-metal vapour phase and immersion corrosion test<br \/>\nSafe and easy to use formula<br \/>\nA non-hazardous formulation that provides a safe working environment.<br \/>\nSimple waste management, environmentally friendly solution.<br \/>\nSupreme Coat Plus is the ideal choice for those looking for effective and long-lasting corrosion protection for metal parts and machinery.<\/p>","protected":false},"featured_media":852,"comment_status":"closed","ping_status":"closed","template":"","meta":[],"product_brand":[77],"product_cat":[78,101],"product_tag":[],"class_list":{"0":"post-711","1":"product","2":"type-product","3":"status-publish","4":"has-post-thumbnail","6":"product_brand-hangsterfers-laboratories-inc","7":"product_cat-hangsterfers","8":"product_cat-korroziogatlo-adalek","9":"pa_kiszereles-19l","10":"pa_kiszereles-207ml-spray","11":"pa_kiszereles-209l","13":"first","14":"instock","15":"taxable","16":"shipping-taxable","17":"purchasable","18":"product-type-variable"},"yoast_head":"<!-- This site is optimized with the Yoast SEO Premium plugin v26.8 (Yoast SEO v26.8) - https:\/\/yoast.com\/product\/yoast-seo-premium-wordpress\/ -->\n<title>Supreme Coat Plus (korrozi\u00f3g\u00e1tl\u00f3) - Modern Fluids<\/title>\n<meta name=\"robots\" content=\"index, follow, max-snippet:-1, max-image-preview:large, max-video-preview:-1\" \/>\n<link rel=\"canonical\" href=\"https:\/\/modern-fluids.com\/en\/product\/supreme-coat-plus\/\" \/>\n<meta property=\"og:locale\" content=\"en_GB\" \/>\n<meta property=\"og:type\" content=\"article\" \/>\n<meta property=\"og:title\" content=\"Supreme Coat Plus (korrozi\u00f3g\u00e1tl\u00f3)\" \/>\n<meta property=\"og:description\" content=\"Hangsterfer\u2019s Supreme Coat Plus \u2013 Hossz\u00fa t\u00e1v\u00fa korr\u00f3zi\u00f3v\u00e9delem A Hangsterfer\u2019s Supreme Coat Plus kiv\u00e1l\u00f3 hossz\u00fa t\u00e1v\u00fa korr\u00f3zi\u00f3v\u00e9delmet biztos\u00edt az alkatr\u00e9szek sz\u00e1m\u00e1ra megmunk\u00e1l\u00e1si m\u0171veletek k\u00f6z\u00f6tt \u00e9s az \u00f6sszeszerel\u00e9s el\u0151tt.  Kiemelked\u0151 tulajdons\u00e1gok \u00e9s el\u0151ny\u00f6k: Alacsony viszkozit\u00e1s \u00e9s tiszt\u00edt\u00f3 hat\u00e1s, amely ide\u00e1liss\u00e1 teszi a g\u00e9pszersz\u00e1mok v\u00e9delm\u00e9re a gyors rozsd\u00e1sod\u00e1s ellen tiszt\u00edt\u00e1s ut\u00e1n. Kiemelked\u0151 korr\u00f3zi\u00f3\u00e1ll\u00f3s\u00e1g, amely fel\u00fclm\u00falta az \u00f6sszes vezet\u0151 m\u00e1rk\u00e1t az al\u00e1bbi tesztekben: ASTM B117 s\u00f3permetteszt ASTM D1384 t\u00f6bbf\u00e9mes g\u0151zf\u00e1zis\u00fa \u00e9s mer\u00edt\u00e9ses korr\u00f3zi\u00f3teszt Biztons\u00e1gos \u00e9s k\u00f6nnyen kezelhet\u0151 formula Nem vesz\u00e9lyes \u00f6sszet\u00e9tel, amely biztons\u00e1gos munkak\u00f6rnyezetet biztos\u00edt. Egyszer\u0171 hullad\u00e9kkezel\u00e9s, k\u00f6rnyezetbar\u00e1t megold\u00e1s. A Supreme Coat Plus ide\u00e1lis v\u00e1laszt\u00e1s azok sz\u00e1m\u00e1ra, akik hat\u00e9kony \u00e9s hossz\u00fa t\u00e1v\u00fa korr\u00f3zi\u00f3v\u00e9delmet keresnek f\u00e9malkatr\u00e9szek \u00e9s g\u00e9pek sz\u00e1m\u00e1ra.\" \/>\n<meta property=\"og:url\" content=\"https:\/\/modern-fluids.com\/en\/product\/supreme-coat-plus\/\" \/>\n<meta property=\"og:site_name\" content=\"Modern Fluids\" \/>\n<meta property=\"article:modified_time\" content=\"2025-06-16T12:15:36+00:00\" \/>\n<meta property=\"og:image\" content=\"https:\/\/modern-fluids.com\/wp-content\/uploads\/2025\/04\/HANGSTERFERS-SUPREME-COAT-PLUS-SPRAY-MULTIFUNKIOS-KORROZIOGATLO.jpg\" \/>\n\t<meta property=\"og:image:width\" content=\"1000\" \/>\n\t<meta property=\"og:image:height\" content=\"1000\" \/>\n\t<meta property=\"og:image:type\" content=\"image\/jpeg\" \/>\n<meta name=\"twitter:card\" content=\"summary_large_image\" \/>\n<meta name=\"twitter:label1\" content=\"Estimated reading time\" \/>\n\t<meta name=\"twitter:data1\" content=\"1 minute\" \/>\n<script type=\"application\/ld+json\" class=\"yoast-schema-graph\">{\"@context\":\"https:\/\/schema.org\",\"@graph\":[{\"@type\":\"WebPage\",\"@id\":\"https:\/\/modern-fluids.com\/termek\/supreme-coat-plus\/\",\"url\":\"https:\/\/modern-fluids.com\/termek\/supreme-coat-plus\/\",\"name\":\"Supreme Coat Plus (korrozi\u00f3g\u00e1tl\u00f3) - Modern Fluids\",\"isPartOf\":{\"@id\":\"https:\/\/modern-fluids.com\/#website\"},\"primaryImageOfPage\":{\"@id\":\"https:\/\/modern-fluids.com\/termek\/supreme-coat-plus\/#primaryimage\"},\"image\":{\"@id\":\"https:\/\/modern-fluids.com\/termek\/supreme-coat-plus\/#primaryimage\"},\"thumbnailUrl\":\"https:\/\/modern-fluids.com\/wp-content\/uploads\/2025\/04\/HANGSTERFERS-SUPREME-COAT-PLUS-SPRAY-MULTIFUNKIOS-KORROZIOGATLO.jpg\",\"datePublished\":\"2025-04-11T13:27:38+00:00\",\"dateModified\":\"2025-06-16T12:15:36+00:00\",\"breadcrumb\":{\"@id\":\"https:\/\/modern-fluids.com\/termek\/supreme-coat-plus\/#breadcrumb\"},\"inLanguage\":\"en-GB\",\"potentialAction\":[{\"@type\":\"ReadAction\",\"target\":[\"https:\/\/modern-fluids.com\/termek\/supreme-coat-plus\/\"]}]},{\"@type\":\"ImageObject\",\"inLanguage\":\"en-GB\",\"@id\":\"https:\/\/modern-fluids.com\/termek\/supreme-coat-plus\/#primaryimage\",\"url\":\"https:\/\/modern-fluids.com\/wp-content\/uploads\/2025\/04\/HANGSTERFERS-SUPREME-COAT-PLUS-SPRAY-MULTIFUNKIOS-KORROZIOGATLO.jpg\",\"contentUrl\":\"https:\/\/modern-fluids.com\/wp-content\/uploads\/2025\/04\/HANGSTERFERS-SUPREME-COAT-PLUS-SPRAY-MULTIFUNKIOS-KORROZIOGATLO.jpg\",\"width\":1000,\"height\":1000},{\"@type\":\"BreadcrumbList\",\"@id\":\"https:\/\/modern-fluids.com\/termek\/supreme-coat-plus\/#breadcrumb\",\"itemListElement\":[{\"@type\":\"ListItem\",\"position\":1,\"name\":\"Home\",\"item\":\"https:\/\/modern-fluids.com\/\"},{\"@type\":\"ListItem\",\"position\":2,\"name\":\"Shop\",\"item\":\"https:\/\/modern-fluids.com\/uzlet\/\"},{\"@type\":\"ListItem\",\"position\":3,\"name\":\"Supreme Coat Plus (korrozi\u00f3g\u00e1tl\u00f3)\"}]},{\"@type\":\"WebSite\",\"@id\":\"https:\/\/modern-fluids.com\/#website\",\"url\":\"https:\/\/modern-fluids.com\/\",\"name\":\"Modern Fluids\",\"description\":\"\",\"potentialAction\":[{\"@type\":\"SearchAction\",\"target\":{\"@type\":\"EntryPoint\",\"urlTemplate\":\"https:\/\/modern-fluids.com\/?s={search_term_string}\"},\"query-input\":{\"@type\":\"PropertyValueSpecification\",\"valueRequired\":true,\"valueName\":\"search_term_string\"}}],\"inLanguage\":\"en-GB\"}]}<\/script>\n<!-- \/ Yoast SEO Premium plugin. -->","yoast_head_json":{"title":"Supreme Coat Plus (korrozi\u00f3g\u00e1tl\u00f3) - Modern Fluids","robots":{"index":"index","follow":"follow","max-snippet":"max-snippet:-1","max-image-preview":"max-image-preview:large","max-video-preview":"max-video-preview:-1"},"canonical":"https:\/\/modern-fluids.com\/en\/product\/supreme-coat-plus\/","og_locale":"en_GB","og_type":"article","og_title":"Supreme Coat Plus (korrozi\u00f3g\u00e1tl\u00f3)","og_description":"Hangsterfer\u2019s Supreme Coat Plus \u2013 Hossz\u00fa t\u00e1v\u00fa korr\u00f3zi\u00f3v\u00e9delem A Hangsterfer\u2019s Supreme Coat Plus kiv\u00e1l\u00f3 hossz\u00fa t\u00e1v\u00fa korr\u00f3zi\u00f3v\u00e9delmet biztos\u00edt az alkatr\u00e9szek sz\u00e1m\u00e1ra megmunk\u00e1l\u00e1si m\u0171veletek k\u00f6z\u00f6tt \u00e9s az \u00f6sszeszerel\u00e9s el\u0151tt.  Kiemelked\u0151 tulajdons\u00e1gok \u00e9s el\u0151ny\u00f6k: Alacsony viszkozit\u00e1s \u00e9s tiszt\u00edt\u00f3 hat\u00e1s, amely ide\u00e1liss\u00e1 teszi a g\u00e9pszersz\u00e1mok v\u00e9delm\u00e9re a gyors rozsd\u00e1sod\u00e1s ellen tiszt\u00edt\u00e1s ut\u00e1n. Kiemelked\u0151 korr\u00f3zi\u00f3\u00e1ll\u00f3s\u00e1g, amely fel\u00fclm\u00falta az \u00f6sszes vezet\u0151 m\u00e1rk\u00e1t az al\u00e1bbi tesztekben: ASTM B117 s\u00f3permetteszt ASTM D1384 t\u00f6bbf\u00e9mes g\u0151zf\u00e1zis\u00fa \u00e9s mer\u00edt\u00e9ses korr\u00f3zi\u00f3teszt Biztons\u00e1gos \u00e9s k\u00f6nnyen kezelhet\u0151 formula Nem vesz\u00e9lyes \u00f6sszet\u00e9tel, amely biztons\u00e1gos munkak\u00f6rnyezetet biztos\u00edt. Egyszer\u0171 hullad\u00e9kkezel\u00e9s, k\u00f6rnyezetbar\u00e1t megold\u00e1s. A Supreme Coat Plus ide\u00e1lis v\u00e1laszt\u00e1s azok sz\u00e1m\u00e1ra, akik hat\u00e9kony \u00e9s hossz\u00fa t\u00e1v\u00fa korr\u00f3zi\u00f3v\u00e9delmet keresnek f\u00e9malkatr\u00e9szek \u00e9s g\u00e9pek sz\u00e1m\u00e1ra.","og_url":"https:\/\/modern-fluids.com\/en\/product\/supreme-coat-plus\/","og_site_name":"Modern Fluids","article_modified_time":"2025-06-16T12:15:36+00:00","og_image":[{"width":1000,"height":1000,"url":"https:\/\/modern-fluids.com\/wp-content\/uploads\/2025\/04\/HANGSTERFERS-SUPREME-COAT-PLUS-SPRAY-MULTIFUNKIOS-KORROZIOGATLO.jpg","type":"image\/jpeg"}],"twitter_card":"summary_large_image","twitter_misc":{"Estimated reading time":"1 minute"},"schema":{"@context":"https:\/\/schema.org","@graph":[{"@type":"WebPage","@id":"https:\/\/modern-fluids.com\/termek\/supreme-coat-plus\/","url":"https:\/\/modern-fluids.com\/termek\/supreme-coat-plus\/","name":"Supreme Coat Plus (korrozi\u00f3g\u00e1tl\u00f3) - Modern Fluids","isPartOf":{"@id":"https:\/\/modern-fluids.com\/#website"},"primaryImageOfPage":{"@id":"https:\/\/modern-fluids.com\/termek\/supreme-coat-plus\/#primaryimage"},"image":{"@id":"https:\/\/modern-fluids.com\/termek\/supreme-coat-plus\/#primaryimage"},"thumbnailUrl":"https:\/\/modern-fluids.com\/wp-content\/uploads\/2025\/04\/HANGSTERFERS-SUPREME-COAT-PLUS-SPRAY-MULTIFUNKIOS-KORROZIOGATLO.jpg","datePublished":"2025-04-11T13:27:38+00:00","dateModified":"2025-06-16T12:15:36+00:00","breadcrumb":{"@id":"https:\/\/modern-fluids.com\/termek\/supreme-coat-plus\/#breadcrumb"},"inLanguage":"en-GB","potentialAction":[{"@type":"ReadAction","target":["https:\/\/modern-fluids.com\/termek\/supreme-coat-plus\/"]}]},{"@type":"ImageObject","inLanguage":"en-GB","@id":"https:\/\/modern-fluids.com\/termek\/supreme-coat-plus\/#primaryimage","url":"https:\/\/modern-fluids.com\/wp-content\/uploads\/2025\/04\/HANGSTERFERS-SUPREME-COAT-PLUS-SPRAY-MULTIFUNKIOS-KORROZIOGATLO.jpg","contentUrl":"https:\/\/modern-fluids.com\/wp-content\/uploads\/2025\/04\/HANGSTERFERS-SUPREME-COAT-PLUS-SPRAY-MULTIFUNKIOS-KORROZIOGATLO.jpg","width":1000,"height":1000},{"@type":"BreadcrumbList","@id":"https:\/\/modern-fluids.com\/termek\/supreme-coat-plus\/#breadcrumb","itemListElement":[{"@type":"ListItem","position":1,"name":"Home","item":"https:\/\/modern-fluids.com\/"},{"@type":"ListItem","position":2,"name":"Shop","item":"https:\/\/modern-fluids.com\/uzlet\/"},{"@type":"ListItem","position":3,"name":"Supreme Coat Plus (korrozi\u00f3g\u00e1tl\u00f3)"}]},{"@type":"WebSite","@id":"https:\/\/modern-fluids.com\/#website","url":"https:\/\/modern-fluids.com\/","name":"Modern Fluids","description":"","potentialAction":[{"@type":"SearchAction","target":{"@type":"EntryPoint","urlTemplate":"https:\/\/modern-fluids.com\/?s={search_term_string}"},"query-input":{"@type":"PropertyValueSpecification","valueRequired":true,"valueName":"search_term_string"}}],"inLanguage":"en-GB"}]}},"_links":{"self":[{"href":"https:\/\/modern-fluids.com\/en\/wp-json\/wp\/v2\/product\/711","targetHints":{"allow":["GET"]}}],"collection":[{"href":"https:\/\/modern-fluids.com\/en\/wp-json\/wp\/v2\/product"}],"about":[{"href":"https:\/\/modern-fluids.com\/en\/wp-json\/wp\/v2\/types\/product"}],"replies":[{"embeddable":true,"href":"https:\/\/modern-fluids.com\/en\/wp-json\/wp\/v2\/comments?post=711"}],"wp:featuredmedia":[{"embeddable":true,"href":"https:\/\/modern-fluids.com\/en\/wp-json\/wp\/v2\/media\/852"}],"wp:attachment":[{"href":"https:\/\/modern-fluids.com\/en\/wp-json\/wp\/v2\/media?parent=711"}],"wp:term":[{"taxonomy":"product_brand","embeddable":true,"href":"https:\/\/modern-fluids.com\/en\/wp-json\/wp\/v2\/product_brand?post=711"},{"taxonomy":"product_cat","embeddable":true,"href":"https:\/\/modern-fluids.com\/en\/wp-json\/wp\/v2\/product_cat?post=711"},{"taxonomy":"product_tag","embeddable":true,"href":"https:\/\/modern-fluids.com\/en\/wp-json\/wp\/v2\/product_tag?post=711"}],"curies":[{"name":"wp","href":"https:\/\/api.w.org\/{rel}","templated":true}]}}